{"id":252132,"date":"2026-04-08T13:12:25","date_gmt":"2026-04-08T12:12:25","guid":{"rendered":"https:\/\/www.gwynt.eu\/acquisitions-et-integration-dentreprises\/"},"modified":"2026-04-08T13:18:20","modified_gmt":"2026-04-08T12:18:20","slug":"acquisitions-et-integration-dentreprises","status":"publish","type":"page","link":"https:\/\/www.gwynt.eu\/fr\/acquisitions-et-integration-dentreprises\/","title":{"rendered":"Acquisitions et int\u00e9gration d&rsquo;entreprises"},"content":{"rendered":"\t\t<div data-elementor-type=\"wp-page\" data-elementor-id=\"252132\" class=\"elementor elementor-252132 elementor-252123\" data-elementor-post-type=\"page\">\n\t\t\t\t<div class=\"elementor-element elementor-element-657682be e-flex e-con-boxed e-con e-parent\" data-id=\"657682be\" data-element_type=\"container\" data-settings=\"{&quot;background_background&quot;:&quot;classic&quot;}\">\n\t\t\t\t\t<div class=\"e-con-inner\">\n\t\t<div class=\"elementor-element elementor-element-69fb5da6 e-con-full elementor-hidden-mobile e-flex elementor-invisible e-con e-child\" data-id=\"69fb5da6\" data-element_type=\"container\" data-settings=\"{&quot;background_background&quot;:&quot;gradient&quot;,&quot;animation&quot;:&quot;bounceInLeft&quot;}\">\n\t\t\t\t<div class=\"elementor-element elementor-element-5e0147a elementor-widget elementor-widget-heading\" data-id=\"5e0147a\" data-element_type=\"widget\" data-widget_type=\"heading.default\">\n\t\t\t\t\t<h2 class=\"elementor-heading-title elementor-size-default\">ACQUISITION ET INT\u00c9GRATION D'ENTREPRISES<\/h2>\t\t\t\t<\/div>\n\t\t\t\t<\/div>\n\t\t<div class=\"elementor-element elementor-element-5b119d38 e-con-full elementor-hidden-mobile e-flex elementor-invisible e-con e-child\" data-id=\"5b119d38\" data-element_type=\"container\" data-settings=\"{&quot;background_background&quot;:&quot;gradient&quot;,&quot;animation&quot;:&quot;bounceInLeft&quot;}\">\n\t\t\t\t<div class=\"elementor-element elementor-element-2f471c6c elementor-widget elementor-widget-text-editor\" data-id=\"2f471c6c\" data-element_type=\"widget\" data-widget_type=\"text-editor.default\">\n\t\t\t\t\t\t\t\t\t<p>Entretien n\u00e9cessaire pour une synergie maximale et des r\u00e9sultats durables.<\/p>\t\t\t\t\t\t\t\t<\/div>\n\t\t\t\t<\/div>\n\t\t\t\t\t<\/div>\n\t\t\t\t<\/div>\n\t\t<div class=\"elementor-element elementor-element-50553c12 e-flex e-con-boxed e-con e-parent\" data-id=\"50553c12\" data-element_type=\"container\">\n\t\t\t\t\t<div class=\"e-con-inner\">\n\t\t<div class=\"elementor-element elementor-element-537dea28 e-con-full e-flex e-con e-child\" data-id=\"537dea28\" data-element_type=\"container\">\n\t\t\t\t<div class=\"elementor-element elementor-element-632b1606 elementor-widget elementor-widget-heading\" data-id=\"632b1606\" data-element_type=\"widget\" data-widget_type=\"heading.default\">\n\t\t\t\t\t<h2 class=\"elementor-heading-title elementor-size-default\">Le v\u00e9ritable d\u00e9fi se pose lors de l'int\u00e9gration<\/h2>\t\t\t\t<\/div>\n\t\t\t\t<div class=\"elementor-element elementor-element-32cbc3f4 elementor-widget elementor-widget-text-editor\" data-id=\"32cbc3f4\" data-element_type=\"widget\" data-widget_type=\"text-editor.default\">\n\t\t\t\t\t\t\t\t\t<p>Reprendre une entreprise peut \u00eatre un choix logique pour plusieurs raisons. L&rsquo;augmentation de la part de march\u00e9 et le renforcement de la comp\u00e9titivit\u00e9 sont souvent cit\u00e9s comme les principales motivations. <\/p><p>L&rsquo;avantage de la synergie peut concerner les \u00e9conomies d&rsquo;\u00e9chelle, mais bien plus souvent, d&rsquo;autres \u00e9l\u00e9ments tels que l&rsquo;acc\u00e8s \u00e0 de nouveaux clients, march\u00e9s, technologies, brevets ou expertise sp\u00e9cifique sont \u00e9galement d\u00e9cisifs.<\/p><p>Une bonne \u00e9valuation pr\u00e9alable est donc essentielle en ce qui concerne l&rsquo;\u00e9valuation et les facteurs de valeur non financiers. Non seulement le potentiel, mais aussi la complexit\u00e9 et les risques qui apparaissent lors de l&rsquo;int\u00e9gration. <\/p>\t\t\t\t\t\t\t\t<\/div>\n\t\t\t\t<\/div>\n\t\t<div class=\"elementor-element elementor-element-6dfacb32 e-con-full e-flex e-con e-child\" data-id=\"6dfacb32\" data-element_type=\"container\" data-settings=\"{&quot;background_background&quot;:&quot;classic&quot;}\">\n\t\t\t\t<\/div>\n\t\t\t\t\t<\/div>\n\t\t\t\t<\/div>\n\t\t<div class=\"elementor-element elementor-element-2df233f8 e-flex e-con-boxed e-con e-parent\" data-id=\"2df233f8\" data-element_type=\"container\">\n\t\t\t\t\t<div class=\"e-con-inner\">\n\t\t\t\t<div class=\"elementor-element elementor-element-6685c041 elementor-widget elementor-widget-heading\" data-id=\"6685c041\" data-element_type=\"widget\" data-widget_type=\"heading.default\">\n\t\t\t\t\t<h2 class=\"elementor-heading-title elementor-size-default\">Que pouvons-nous faire pour vous aider, entre autres choses ?<\/h2>\t\t\t\t<\/div>\n\t\t\t\t<div class=\"elementor-element elementor-element-64a65666 elementor-widget elementor-widget-text-editor\" data-id=\"64a65666\" data-element_type=\"widget\" data-widget_type=\"text-editor.default\">\n\t\t\t\t\t\t\t\t\t<ul><li> <\/li><li>Formuler une strat\u00e9gie de fusion et d&rsquo;acquisition<\/li><li>Exploration d&rsquo;une acquisition potentielle<\/li><li>Due diligence (vendeur, commerciale et op\u00e9rationnelle)<\/li><li>Analyse de rentabilit\u00e9 comprenant les avantages valid\u00e9s de la synergie<\/li><li>R\u00e9daction et orientation du plan d&rsquo;int\u00e9gration (jour 1, 100 premiers jours)<\/li><li>Gestion du programme et du changement<\/li><li>Gestion int\u00e9rimaire<\/li><li> <\/li><\/ul>\t\t\t\t\t\t\t\t<\/div>\n\t\t\t\t\t<\/div>\n\t\t\t\t<\/div>\n\t\t<div class=\"elementor-element elementor-element-73580e1a e-flex e-con-boxed e-con e-parent\" data-id=\"73580e1a\" data-element_type=\"container\">\n\t\t\t\t\t<div class=\"e-con-inner\">\n\t\t<div class=\"elementor-element elementor-element-6e5b4d70 e-con-full e-flex e-con e-child\" data-id=\"6e5b4d70\" data-element_type=\"container\">\n\t\t\t\t<div class=\"elementor-element elementor-element-b5db16c elementor-widget elementor-widget-heading\" data-id=\"b5db16c\" data-element_type=\"widget\" data-widget_type=\"heading.default\">\n\t\t\t\t\t<h2 class=\"elementor-heading-title elementor-size-default\">Comment nous faisons la diff\u00e9rence<\/h2>\t\t\t\t<\/div>\n\t\t\t\t<div class=\"elementor-element elementor-element-4de2fba4 elementor-widget elementor-widget-text-editor\" data-id=\"4de2fba4\" data-element_type=\"widget\" data-widget_type=\"text-editor.default\">\n\t\t\t\t\t\t\t\t\t<p>Nous savons que l&rsquo;acquisition et l&rsquo;int\u00e9gration d&rsquo;une entreprise sont des processus complexes qui n\u00e9cessitent une vision strat\u00e9gique et une ex\u00e9cution pr\u00e9cise. Notre \u00e9quipe exp\u00e9riment\u00e9e fournit des conseils professionnels \u00e0 chaque \u00e9tape du processus d&rsquo;acquisition. Depuis l&rsquo;exploration initiale et la due diligence jusqu&rsquo;\u00e0 une int\u00e9gration r\u00e9ussie. Forts de 20 ans d&rsquo;exp\u00e9rience, nous savons o\u00f9 se trouvent les opportunit\u00e9s, mais aussi les pi\u00e8ges, et pourquoi chaque acquisition doit \u00eatre personnalis\u00e9e.   <\/p><p>Notre \u00e9quipe est tr\u00e8s attentive \u00e0 l&rsquo;aspect substantiel et au processus d&rsquo;une acquisition et sait donc comment aller rapidement et syst\u00e9matiquement au c\u0153ur du probl\u00e8me et suivre les progr\u00e8s r\u00e9alis\u00e9s. En outre, nous travaillons main dans la main, de la salle du conseil d&rsquo;administration \u00e0 l&rsquo;atelier, sachant que le succ\u00e8s commence toujours par l&rsquo;aspect humain du changement. C&rsquo;est fascinant, mais c&rsquo;est aussi un d\u00e9fi imm\u00e9diat lorsque deux cultures d&rsquo;entreprise se rencontrent au cours des processus d&rsquo;int\u00e9gration. Rien de tel alors que de pouvoir s&rsquo;appuyer sur la solide exp\u00e9rience de nos professionnels.   <\/p>\t\t\t\t\t\t\t\t<\/div>\n\t\t\t\t<\/div>\n\t\t<div class=\"elementor-element elementor-element-7c740eda e-con-full e-flex e-con e-child\" data-id=\"7c740eda\" data-element_type=\"container\" data-settings=\"{&quot;background_background&quot;:&quot;classic&quot;}\">\n\t\t\t\t<\/div>\n\t\t\t\t\t<\/div>\n\t\t\t\t<\/div>\n\t\t<div class=\"elementor-element elementor-element-10922f61 e-con-full e-flex e-con e-parent\" data-id=\"10922f61\" data-element_type=\"container\">\n\t\t\t\t<div class=\"elementor-element elementor-element-6b359627 elementor-cta--layout-image-left elementor-widget__width-inherit elementor-cta--skin-classic elementor-animated-content elementor-bg-transform elementor-bg-transform-zoom-in elementor-widget elementor-widget-call-to-action\" data-id=\"6b359627\" data-element_type=\"widget\" data-widget_type=\"call-to-action.default\">\n\t\t\t\t\t\t\t<div class=\"elementor-cta\">\n\t\t\t\t\t<div class=\"elementor-cta__bg-wrapper\">\n\t\t\t\t<div class=\"elementor-cta__bg elementor-bg\" style=\"background-image: url(https:\/\/www.gwynt.eu\/wp-content\/uploads\/Dennis-Heijstraten-3.jpg);\" role=\"img\" aria-label=\"Dennis-Heijstraten-3\"><\/div>\n\t\t\t\t<div class=\"elementor-cta__bg-overlay\"><\/div>\n\t\t\t<\/div>\n\t\t\t\t\t\t\t<div class=\"elementor-cta__content\">\n\t\t\t\t\n\t\t\t\t\t\t\t\t\t<h2 class=\"elementor-cta__title elementor-cta__content-item elementor-content-item\">\n\t\t\t\t\t\tVous voulez en savoir plus ?\t\t\t\t\t<\/h2>\n\t\t\t\t\n\t\t\t\t\t\t\t\t\t<div class=\"elementor-cta__description elementor-cta__content-item elementor-content-item\">\n\t\t\t\t\t\tContactez Dennis Heijstraten, directeur commercial de Gwynt.  \n\nd.heijstraten@gwynt.eu\t\t\t\t\t<\/div>\n\t\t\t\t\n\t\t\t\t\t\t\t\t\t<div class=\"elementor-cta__button-wrapper elementor-cta__content-item elementor-content-item \">\n\t\t\t\t\t<a class=\"elementor-cta__button elementor-button elementor-size-\" href=\"https:\/\/meetings.hubspot.com\/dennis-heijstraten?uuid=f9a06885-7033-4fed-96b5-990246985c74\">\n\t\t\t\t\t\tPRENEZ RENDEZ-VOUS IMM\u00c9DIATEMENT\t\t\t\t\t<\/a>\n\t\t\t\t\t<\/div>\n\t\t\t\t\t\t\t<\/div>\n\t\t\t\t\t\t<\/div>\n\t\t\t\t\t\t<\/div>\n\t\t\t\t<\/div>\n\t\t\t\t<\/div>\n\t\t","protected":false},"excerpt":{"rendered":"<p>ACQUISITION ET INT\u00c9GRATION D&rsquo;ENTREPRISES Entretien n\u00e9cessaire pour une synergie maximale et des r\u00e9sultats durables. Le v\u00e9ritable d\u00e9fi se pose lors de l&rsquo;int\u00e9gration Reprendre une entreprise peut \u00eatre un choix logique pour plusieurs raisons. L&rsquo;augmentation de la part de march\u00e9 et le renforcement de la comp\u00e9titivit\u00e9 sont souvent cit\u00e9s comme les principales motivations. L&rsquo;avantage de la [&hellip;]<\/p>\n","protected":false},"author":15,"featured_media":0,"parent":0,"menu_order":0,"comment_status":"closed","ping_status":"closed","template":"elementor_header_footer","meta":{"_et_pb_use_builder":"","_et_pb_old_content":"","_et_gb_content_width":"","content-type":"","inline_featured_image":false,"footnotes":""},"class_list":["post-252132","page","type-page","status-publish","hentry"],"yoast_head":"<!-- This site is optimized with the Yoast SEO plugin v26.7 - https:\/\/yoast.com\/wordpress\/plugins\/seo\/ -->\n<title>Acquisitions et int\u00e9gration d&#039;entreprises - Gwynt<\/title>\n<meta name=\"robots\" content=\"index, follow, max-snippet:-1, max-image-preview:large, max-video-preview:-1\" \/>\n<link rel=\"canonical\" href=\"https:\/\/www.gwynt.eu\/fr\/acquisitions-et-integration-dentreprises\/\" \/>\n<meta property=\"og:locale\" content=\"fr_FR\" \/>\n<meta property=\"og:type\" content=\"article\" \/>\n<meta property=\"og:title\" content=\"Acquisitions et int\u00e9gration d&#039;entreprises - Gwynt\" \/>\n<meta property=\"og:description\" content=\"ACQUISITION ET INT\u00c9GRATION D&rsquo;ENTREPRISES Entretien n\u00e9cessaire pour une synergie maximale et des r\u00e9sultats durables. Le v\u00e9ritable d\u00e9fi se pose lors de l&rsquo;int\u00e9gration Reprendre une entreprise peut \u00eatre un choix logique pour plusieurs raisons. L&rsquo;augmentation de la part de march\u00e9 et le renforcement de la comp\u00e9titivit\u00e9 sont souvent cit\u00e9s comme les principales motivations. L&rsquo;avantage de la [&hellip;]\" \/>\n<meta property=\"og:url\" content=\"https:\/\/www.gwynt.eu\/fr\/acquisitions-et-integration-dentreprises\/\" \/>\n<meta property=\"og:site_name\" content=\"Gwynt\" \/>\n<meta property=\"article:modified_time\" content=\"2026-04-08T12:18:20+00:00\" \/>\n<meta name=\"twitter:card\" content=\"summary_large_image\" \/>\n<meta name=\"twitter:label1\" content=\"Dur\u00e9e de lecture estim\u00e9e\" \/>\n\t<meta name=\"twitter:data1\" content=\"2 minutes\" \/>\n<script type=\"application\/ld+json\" class=\"yoast-schema-graph\">{\"@context\":\"https:\/\/schema.org\",\"@graph\":[{\"@type\":\"WebPage\",\"@id\":\"https:\/\/www.gwynt.eu\/fr\/acquisitions-et-integration-dentreprises\/\",\"url\":\"https:\/\/www.gwynt.eu\/fr\/acquisitions-et-integration-dentreprises\/\",\"name\":\"Acquisitions et int\u00e9gration d'entreprises - Gwynt\",\"isPartOf\":{\"@id\":\"https:\/\/www.gwynt.eu\/fr\/#website\"},\"datePublished\":\"2026-04-08T12:12:25+00:00\",\"dateModified\":\"2026-04-08T12:18:20+00:00\",\"breadcrumb\":{\"@id\":\"https:\/\/www.gwynt.eu\/fr\/acquisitions-et-integration-dentreprises\/#breadcrumb\"},\"inLanguage\":\"fr-FR\",\"potentialAction\":[{\"@type\":\"ReadAction\",\"target\":[\"https:\/\/www.gwynt.eu\/fr\/acquisitions-et-integration-dentreprises\/\"]}]},{\"@type\":\"BreadcrumbList\",\"@id\":\"https:\/\/www.gwynt.eu\/fr\/acquisitions-et-integration-dentreprises\/#breadcrumb\",\"itemListElement\":[{\"@type\":\"ListItem\",\"position\":1,\"name\":\"Accueil\",\"item\":\"https:\/\/www.gwynt.eu\/fr\/page-daccueil-propre\/\"},{\"@type\":\"ListItem\",\"position\":2,\"name\":\"Acquisitions et int\u00e9gration d&rsquo;entreprises\"}]},{\"@type\":\"WebSite\",\"@id\":\"https:\/\/www.gwynt.eu\/fr\/#website\",\"url\":\"https:\/\/www.gwynt.eu\/fr\/\",\"name\":\"Gwynt\",\"description\":\"Echte doorbraken bereik je samen\",\"publisher\":{\"@id\":\"https:\/\/www.gwynt.eu\/fr\/#organization\"},\"potentialAction\":[{\"@type\":\"SearchAction\",\"target\":{\"@type\":\"EntryPoint\",\"urlTemplate\":\"https:\/\/www.gwynt.eu\/fr\/?s={search_term_string}\"},\"query-input\":{\"@type\":\"PropertyValueSpecification\",\"valueRequired\":true,\"valueName\":\"search_term_string\"}}],\"inLanguage\":\"fr-FR\"},{\"@type\":\"Organization\",\"@id\":\"https:\/\/www.gwynt.eu\/fr\/#organization\",\"name\":\"Gwynt\",\"url\":\"https:\/\/www.gwynt.eu\/fr\/\",\"logo\":{\"@type\":\"ImageObject\",\"inLanguage\":\"fr-FR\",\"@id\":\"https:\/\/www.gwynt.eu\/fr\/#\/schema\/logo\/image\/\",\"url\":\"https:\/\/www.gwynt.eu\/wp-content\/uploads\/GWYNT_LOGO_RGB.png\",\"contentUrl\":\"https:\/\/www.gwynt.eu\/wp-content\/uploads\/GWYNT_LOGO_RGB.png\",\"width\":363,\"height\":431,\"caption\":\"Gwynt\"},\"image\":{\"@id\":\"https:\/\/www.gwynt.eu\/fr\/#\/schema\/logo\/image\/\"},\"sameAs\":[\"https:\/\/www.linkedin.com\/company\/gwynt\/mycompany\/\"]}]}<\/script>\n<!-- \/ Yoast SEO plugin. -->","yoast_head_json":{"title":"Acquisitions et int\u00e9gration d'entreprises - Gwynt","robots":{"index":"index","follow":"follow","max-snippet":"max-snippet:-1","max-image-preview":"max-image-preview:large","max-video-preview":"max-video-preview:-1"},"canonical":"https:\/\/www.gwynt.eu\/fr\/acquisitions-et-integration-dentreprises\/","og_locale":"fr_FR","og_type":"article","og_title":"Acquisitions et int\u00e9gration d'entreprises - Gwynt","og_description":"ACQUISITION ET INT\u00c9GRATION D&rsquo;ENTREPRISES Entretien n\u00e9cessaire pour une synergie maximale et des r\u00e9sultats durables. Le v\u00e9ritable d\u00e9fi se pose lors de l&rsquo;int\u00e9gration Reprendre une entreprise peut \u00eatre un choix logique pour plusieurs raisons. L&rsquo;augmentation de la part de march\u00e9 et le renforcement de la comp\u00e9titivit\u00e9 sont souvent cit\u00e9s comme les principales motivations. L&rsquo;avantage de la [&hellip;]","og_url":"https:\/\/www.gwynt.eu\/fr\/acquisitions-et-integration-dentreprises\/","og_site_name":"Gwynt","article_modified_time":"2026-04-08T12:18:20+00:00","twitter_card":"summary_large_image","twitter_misc":{"Dur\u00e9e de lecture estim\u00e9e":"2 minutes"},"schema":{"@context":"https:\/\/schema.org","@graph":[{"@type":"WebPage","@id":"https:\/\/www.gwynt.eu\/fr\/acquisitions-et-integration-dentreprises\/","url":"https:\/\/www.gwynt.eu\/fr\/acquisitions-et-integration-dentreprises\/","name":"Acquisitions et int\u00e9gration d'entreprises - Gwynt","isPartOf":{"@id":"https:\/\/www.gwynt.eu\/fr\/#website"},"datePublished":"2026-04-08T12:12:25+00:00","dateModified":"2026-04-08T12:18:20+00:00","breadcrumb":{"@id":"https:\/\/www.gwynt.eu\/fr\/acquisitions-et-integration-dentreprises\/#breadcrumb"},"inLanguage":"fr-FR","potentialAction":[{"@type":"ReadAction","target":["https:\/\/www.gwynt.eu\/fr\/acquisitions-et-integration-dentreprises\/"]}]},{"@type":"BreadcrumbList","@id":"https:\/\/www.gwynt.eu\/fr\/acquisitions-et-integration-dentreprises\/#breadcrumb","itemListElement":[{"@type":"ListItem","position":1,"name":"Accueil","item":"https:\/\/www.gwynt.eu\/fr\/page-daccueil-propre\/"},{"@type":"ListItem","position":2,"name":"Acquisitions et int\u00e9gration d&rsquo;entreprises"}]},{"@type":"WebSite","@id":"https:\/\/www.gwynt.eu\/fr\/#website","url":"https:\/\/www.gwynt.eu\/fr\/","name":"Gwynt","description":"Echte doorbraken bereik je samen","publisher":{"@id":"https:\/\/www.gwynt.eu\/fr\/#organization"},"potentialAction":[{"@type":"SearchAction","target":{"@type":"EntryPoint","urlTemplate":"https:\/\/www.gwynt.eu\/fr\/?s={search_term_string}"},"query-input":{"@type":"PropertyValueSpecification","valueRequired":true,"valueName":"search_term_string"}}],"inLanguage":"fr-FR"},{"@type":"Organization","@id":"https:\/\/www.gwynt.eu\/fr\/#organization","name":"Gwynt","url":"https:\/\/www.gwynt.eu\/fr\/","logo":{"@type":"ImageObject","inLanguage":"fr-FR","@id":"https:\/\/www.gwynt.eu\/fr\/#\/schema\/logo\/image\/","url":"https:\/\/www.gwynt.eu\/wp-content\/uploads\/GWYNT_LOGO_RGB.png","contentUrl":"https:\/\/www.gwynt.eu\/wp-content\/uploads\/GWYNT_LOGO_RGB.png","width":363,"height":431,"caption":"Gwynt"},"image":{"@id":"https:\/\/www.gwynt.eu\/fr\/#\/schema\/logo\/image\/"},"sameAs":["https:\/\/www.linkedin.com\/company\/gwynt\/mycompany\/"]}]}},"_links":{"self":[{"href":"https:\/\/www.gwynt.eu\/fr\/wp-json\/wp\/v2\/pages\/252132","targetHints":{"allow":["GET"]}}],"collection":[{"href":"https:\/\/www.gwynt.eu\/fr\/wp-json\/wp\/v2\/pages"}],"about":[{"href":"https:\/\/www.gwynt.eu\/fr\/wp-json\/wp\/v2\/types\/page"}],"author":[{"embeddable":true,"href":"https:\/\/www.gwynt.eu\/fr\/wp-json\/wp\/v2\/users\/15"}],"replies":[{"embeddable":true,"href":"https:\/\/www.gwynt.eu\/fr\/wp-json\/wp\/v2\/comments?post=252132"}],"version-history":[{"count":1,"href":"https:\/\/www.gwynt.eu\/fr\/wp-json\/wp\/v2\/pages\/252132\/revisions"}],"predecessor-version":[{"id":252133,"href":"https:\/\/www.gwynt.eu\/fr\/wp-json\/wp\/v2\/pages\/252132\/revisions\/252133"}],"wp:attachment":[{"href":"https:\/\/www.gwynt.eu\/fr\/wp-json\/wp\/v2\/media?parent=252132"}],"curies":[{"name":"wp","href":"https:\/\/api.w.org\/{rel}","templated":true}]}}