{"id":252094,"date":"2026-04-07T14:57:03","date_gmt":"2026-04-07T13:57:03","guid":{"rendered":"https:\/\/www.gwynt.eu\/gestion-de-la-chaine-dapprovisionnement\/"},"modified":"2026-04-08T12:27:34","modified_gmt":"2026-04-08T11:27:34","slug":"gestion-de-la-chaine-dapprovisionnement","status":"publish","type":"page","link":"https:\/\/www.gwynt.eu\/fr\/gestion-de-la-chaine-dapprovisionnement\/","title":{"rendered":"Gestion de la cha\u00eene d&rsquo;approvisionnement"},"content":{"rendered":"\t\t<div data-elementor-type=\"wp-page\" data-elementor-id=\"252094\" class=\"elementor elementor-252094 elementor-252086\" data-elementor-post-type=\"page\">\n\t\t\t\t<div class=\"elementor-element elementor-element-1d0803f5 e-flex e-con-boxed e-con e-parent\" data-id=\"1d0803f5\" data-element_type=\"container\" data-settings=\"{&quot;background_background&quot;:&quot;classic&quot;}\">\n\t\t\t\t\t<div class=\"e-con-inner\">\n\t\t<div class=\"elementor-element elementor-element-2871e6ff e-con-full elementor-hidden-mobile e-flex elementor-invisible e-con e-child\" data-id=\"2871e6ff\" data-element_type=\"container\" data-settings=\"{&quot;background_background&quot;:&quot;gradient&quot;,&quot;animation&quot;:&quot;bounceInLeft&quot;}\">\n\t\t\t\t<div class=\"elementor-element elementor-element-39b56073 elementor-widget elementor-widget-heading\" data-id=\"39b56073\" data-element_type=\"widget\" data-widget_type=\"heading.default\">\n\t\t\t\t\t<h2 class=\"elementor-heading-title elementor-size-default\">GESTION DE LA CHA\u00ceNE D'APPROVISIONNEMENT<\/h2>\t\t\t\t<\/div>\n\t\t\t\t<\/div>\n\t\t<div class=\"elementor-element elementor-element-6875b4d8 e-con-full elementor-hidden-mobile e-flex elementor-invisible e-con e-child\" data-id=\"6875b4d8\" data-element_type=\"container\" data-settings=\"{&quot;background_background&quot;:&quot;gradient&quot;,&quot;animation&quot;:&quot;bounceInLeft&quot;}\">\n\t\t\t\t<div class=\"elementor-element elementor-element-35ec9afb elementor-widget elementor-widget-text-editor\" data-id=\"35ec9afb\" data-element_type=\"widget\" data-widget_type=\"text-editor.default\">\n\t\t\t\t\t\t\t\t\t<p>Construire une cha\u00eene d&rsquo;approvisionnement \u00e0 l&rsquo;\u00e9preuve du temps<\/p>\t\t\t\t\t\t\t\t<\/div>\n\t\t\t\t<\/div>\n\t\t\t\t\t<\/div>\n\t\t\t\t<\/div>\n\t\t<div class=\"elementor-element elementor-element-3c608957 e-flex e-con-boxed e-con e-parent\" data-id=\"3c608957\" data-element_type=\"container\">\n\t\t\t\t\t<div class=\"e-con-inner\">\n\t\t<div class=\"elementor-element elementor-element-4c54e3e7 e-con-full e-flex e-con e-child\" data-id=\"4c54e3e7\" data-element_type=\"container\">\n\t\t\t\t<div class=\"elementor-element elementor-element-376cff86 elementor-widget elementor-widget-heading\" data-id=\"376cff86\" data-element_type=\"widget\" data-widget_type=\"heading.default\">\n\t\t\t\t\t<h2 class=\"elementor-heading-title elementor-size-default\">Votre cha\u00eene d'approvisionnement est-elle \u00e0 l'\u00e9preuve du temps ?  <\/h2>\t\t\t\t<\/div>\n\t\t\t\t<div class=\"elementor-element elementor-element-64424d0b elementor-widget elementor-widget-text-editor\" data-id=\"64424d0b\" data-element_type=\"widget\" data-widget_type=\"text-editor.default\">\n\t\t\t\t\t\t\t\t\t<p>Votre entreprise veut-elle \u00eatre pr\u00eate pour l&rsquo;avenir ? Dans ce cas, il est essentiel de disposer d&rsquo;une cha\u00eene d&rsquo;approvisionnement r\u00e9siliente et durable. Car le monde change \u00e0 une vitesse fulgurante.   Des tendances et des d\u00e9veloppements importants qu&rsquo;il est difficile d&rsquo;ignorer :<\/p><ul><li>Rar\u00e9faction et augmentation des co\u00fbts<\/li><li>Incertitudes croissantes dans la cha\u00eene<\/li><li>De la mondialisation \u00e0 la r\u00e9gionalisation<\/li><li>Durabilit\u00e9 et nouvelle l\u00e9gislation<\/li><li>Technologie et intelligence artificielle<\/li><\/ul><p> <\/p><p>Des raisons suffisantes pour travailler en permanence sur la cha\u00eene d&rsquo;approvisionnement de demain et \u00eatre critique en r\u00e9pondant, par exemple, aux questions suivantes :<\/p><ul><li>Notre cha\u00eene d&rsquo;approvisionnement r\u00e9pond-elle toujours aux besoins des clients ?<\/li><li>Comment r\u00e9duire les niveaux de stocks tout en augmentant les niveaux de service ?<\/li><li>Comment anticiper les risques sans stocks extr\u00eames et sans co\u00fbts suppl\u00e9mentaires ?<\/li><li>Comment parvenir \u00e0 la coop\u00e9ration et \u00e0 la transparence dans la cha\u00eene ?<\/li><li>Notre entreprise a-t-elle d\u00e9pass\u00e9 les capacit\u00e9s de son r\u00e9seau ?<\/li><li>Comment optimiser notre structure de distribution ?<\/li><\/ul>\t\t\t\t\t\t\t\t<\/div>\n\t\t\t\t<\/div>\n\t\t<div class=\"elementor-element elementor-element-295baa07 e-con-full e-flex e-con e-child\" data-id=\"295baa07\" data-element_type=\"container\" data-settings=\"{&quot;background_background&quot;:&quot;classic&quot;}\">\n\t\t\t\t<\/div>\n\t\t\t\t\t<\/div>\n\t\t\t\t<\/div>\n\t\t<div class=\"elementor-element elementor-element-1b74013 e-flex e-con-boxed e-con e-parent\" data-id=\"1b74013\" data-element_type=\"container\">\n\t\t\t\t\t<div class=\"e-con-inner\">\n\t\t<div class=\"elementor-element elementor-element-8e99b68 e-con-full e-flex e-con e-child\" data-id=\"8e99b68\" data-element_type=\"container\">\n\t\t\t\t<div class=\"elementor-element elementor-element-52b18be elementor-widget elementor-widget-heading\" data-id=\"52b18be\" data-element_type=\"widget\" data-widget_type=\"heading.default\">\n\t\t\t\t\t<h2 class=\"elementor-heading-title elementor-size-default\">Gestion de la cha\u00eene d'approvisionnement : notre approche<\/h2>\t\t\t\t<\/div>\n\t\t\t\t<div class=\"elementor-element elementor-element-fd87a92 elementor-widget elementor-widget-text-editor\" data-id=\"fd87a92\" data-element_type=\"widget\" data-widget_type=\"text-editor.default\">\n\t\t\t\t\t\t\t\t\t<p>La gestion de la cha\u00eene d&rsquo;approvisionnement touche tous les secteurs de l&rsquo;entreprise. Il en va de m\u00eame pour notre approche. Si n\u00e9cessaire, nous r\u00e9alisons des perc\u00e9es \u00e0 tous les niveaux.  <\/p><p>Il peut s&rsquo;agir d&rsquo;une transformation compl\u00e8te de la cha\u00eene d&rsquo;approvisionnement, bas\u00e9e sur une nouvelle strat\u00e9gie commerciale. Ou d&rsquo;un projet d&rsquo;am\u00e9lioration cibl\u00e9 dans un domaine sp\u00e9cifique, tel que le processus de planification ou le flux physique des marchandises. <\/p><p>Nous nous mettons au travail, \u00e9paule contre \u00e9paule. Non seulement avec la strat\u00e9gie, mais aussi avec l&rsquo;ex\u00e9cution. <\/p>\t\t\t\t\t\t\t\t<\/div>\n\t\t\t\t<\/div>\n\t\t<div class=\"elementor-element elementor-element-3fd55f9 e-con-full e-flex e-con e-child\" data-id=\"3fd55f9\" data-element_type=\"container\">\n\t\t\t\t<div class=\"elementor-element elementor-element-4f347ca elementor-widget elementor-widget-heading\" data-id=\"4f347ca\" data-element_type=\"widget\" data-widget_type=\"heading.default\">\n\t\t\t\t\t<h2 class=\"elementor-heading-title elementor-size-default\">De la strat\u00e9gie de la cha\u00eene d'approvisionnement \u00e0 la mise en \u0153uvre<\/h2>\t\t\t\t<\/div>\n\t\t\t\t<div class=\"elementor-element elementor-element-060ec90 elementor-widget elementor-widget-text-editor\" data-id=\"060ec90\" data-element_type=\"widget\" data-widget_type=\"text-editor.default\">\n\t\t\t\t\t\t\t\t\t<p>La transformation d&rsquo;une cha\u00eene d&rsquo;approvisionnement et la mise en place de nouveaux processus constituent un processus de changement complexe. Gwynt sait ce que cela exige et est heureux de prendre la direction de la mise en \u0153uvre. <\/p><p>Notre grande expertise en mati\u00e8re de gestion du changement fait ici toute la diff\u00e9rence. Nous utilisons la m\u00e9thodologie ADKDAR de Prosci. Une approche bas\u00e9e sur la recherche qui est la norme en mati\u00e8re de gestion du changement dans le monde entier.  <\/p><p>Gr\u00e2ce \u00e0 notre exp\u00e9rience et \u00e0 notre approche pragmatique, nous avan\u00e7ons rapidement et vous obtenez des r\u00e9sultats rapides.<\/p>\t\t\t\t\t\t\t\t<\/div>\n\t\t\t\t<\/div>\n\t\t\t\t\t<\/div>\n\t\t\t\t<\/div>\n\t\t<div class=\"elementor-element elementor-element-1882c954 e-con-full e-flex e-con e-parent\" data-id=\"1882c954\" data-element_type=\"container\">\n\t\t\t\t<div class=\"elementor-element elementor-element-74df9ee0 elementor-cta--layout-image-left elementor-widget__width-inherit elementor-cta--skin-classic elementor-animated-content elementor-bg-transform elementor-bg-transform-zoom-in elementor-widget elementor-widget-call-to-action\" data-id=\"74df9ee0\" data-element_type=\"widget\" data-widget_type=\"call-to-action.default\">\n\t\t\t\t\t\t\t<div class=\"elementor-cta\">\n\t\t\t\t\t<div class=\"elementor-cta__bg-wrapper\">\n\t\t\t\t<div class=\"elementor-cta__bg elementor-bg\" style=\"background-image: url(https:\/\/www.gwynt.eu\/wp-content\/uploads\/QwyntPortretten-16-scaled.jpg);\" role=\"img\" aria-label=\"QwyntPortraits-16\"><\/div>\n\t\t\t\t<div class=\"elementor-cta__bg-overlay\"><\/div>\n\t\t\t<\/div>\n\t\t\t\t\t\t\t<div class=\"elementor-cta__content\">\n\t\t\t\t\n\t\t\t\t\t\t\t\t\t<h2 class=\"elementor-cta__title elementor-cta__content-item elementor-content-item\">\n\t\t\t\t\t\tVous voulez en savoir plus ?\t\t\t\t\t<\/h2>\n\t\t\t\t\n\t\t\t\t\t\t\t\t\t<div class=\"elementor-cta__description elementor-cta__content-item elementor-content-item\">\n\t\t\t\t\t\tContactez Joris van den Hurk, partenaire de Gwynt.  \n\nj.vandenhurk@gwynt.eu\t\t\t\t\t<\/div>\n\t\t\t\t\n\t\t\t\t\t\t\t\t\t<div class=\"elementor-cta__button-wrapper elementor-cta__content-item elementor-content-item \">\n\t\t\t\t\t<a class=\"elementor-cta__button elementor-button elementor-size-\" href=\"https:\/\/meetings.hubspot.com\/joris-van-den-hurk\">\n\t\t\t\t\t\tPRENEZ RENDEZ-VOUS IMM\u00c9DIATEMENT\t\t\t\t\t<\/a>\n\t\t\t\t\t<\/div>\n\t\t\t\t\t\t\t<\/div>\n\t\t\t\t\t\t<\/div>\n\t\t\t\t\t\t<\/div>\n\t\t\t\t<\/div>\n\t\t\t\t<\/div>\n\t\t","protected":false},"excerpt":{"rendered":"<p>GESTION DE LA CHA\u00ceNE D&rsquo;APPROVISIONNEMENT Construire une cha\u00eene d&rsquo;approvisionnement \u00e0 l&rsquo;\u00e9preuve du temps Votre cha\u00eene d&rsquo;approvisionnement est-elle \u00e0 l&rsquo;\u00e9preuve du temps ? Votre entreprise veut-elle \u00eatre pr\u00eate pour l&rsquo;avenir ? Dans ce cas, il est essentiel de disposer d&rsquo;une cha\u00eene d&rsquo;approvisionnement r\u00e9siliente et durable. Car le monde change \u00e0 une vitesse fulgurante. Des tendances et [&hellip;]<\/p>\n","protected":false},"author":15,"featured_media":0,"parent":0,"menu_order":0,"comment_status":"closed","ping_status":"closed","template":"elementor_header_footer","meta":{"_et_pb_use_builder":"","_et_pb_old_content":"","_et_gb_content_width":"","content-type":"","inline_featured_image":false,"footnotes":""},"class_list":["post-252094","page","type-page","status-publish","hentry"],"yoast_head":"<!-- This site is optimized with the Yoast SEO plugin v26.7 - https:\/\/yoast.com\/wordpress\/plugins\/seo\/ -->\n<title>Gestion de la cha\u00eene d&#039;approvisionnement - Gwynt<\/title>\n<meta name=\"robots\" content=\"index, follow, max-snippet:-1, max-image-preview:large, max-video-preview:-1\" \/>\n<link rel=\"canonical\" href=\"https:\/\/www.gwynt.eu\/fr\/gestion-de-la-chaine-dapprovisionnement\/\" \/>\n<meta property=\"og:locale\" content=\"fr_FR\" \/>\n<meta property=\"og:type\" content=\"article\" \/>\n<meta property=\"og:title\" content=\"Gestion de la cha\u00eene d&#039;approvisionnement - Gwynt\" \/>\n<meta property=\"og:description\" content=\"GESTION DE LA CHA\u00ceNE D&rsquo;APPROVISIONNEMENT Construire une cha\u00eene d&rsquo;approvisionnement \u00e0 l&rsquo;\u00e9preuve du temps Votre cha\u00eene d&rsquo;approvisionnement est-elle \u00e0 l&rsquo;\u00e9preuve du temps ? Votre entreprise veut-elle \u00eatre pr\u00eate pour l&rsquo;avenir ? Dans ce cas, il est essentiel de disposer d&rsquo;une cha\u00eene d&rsquo;approvisionnement r\u00e9siliente et durable. Car le monde change \u00e0 une vitesse fulgurante. Des tendances et [&hellip;]\" \/>\n<meta property=\"og:url\" content=\"https:\/\/www.gwynt.eu\/fr\/gestion-de-la-chaine-dapprovisionnement\/\" \/>\n<meta property=\"og:site_name\" content=\"Gwynt\" \/>\n<meta property=\"article:modified_time\" content=\"2026-04-08T11:27:34+00:00\" \/>\n<meta name=\"twitter:card\" content=\"summary_large_image\" \/>\n<meta name=\"twitter:label1\" content=\"Dur\u00e9e de lecture estim\u00e9e\" \/>\n\t<meta name=\"twitter:data1\" content=\"2 minutes\" \/>\n<script type=\"application\/ld+json\" class=\"yoast-schema-graph\">{\"@context\":\"https:\/\/schema.org\",\"@graph\":[{\"@type\":\"WebPage\",\"@id\":\"https:\/\/www.gwynt.eu\/fr\/gestion-de-la-chaine-dapprovisionnement\/\",\"url\":\"https:\/\/www.gwynt.eu\/fr\/gestion-de-la-chaine-dapprovisionnement\/\",\"name\":\"Gestion de la cha\u00eene d'approvisionnement - Gwynt\",\"isPartOf\":{\"@id\":\"https:\/\/www.gwynt.eu\/fr\/#website\"},\"datePublished\":\"2026-04-07T13:57:03+00:00\",\"dateModified\":\"2026-04-08T11:27:34+00:00\",\"breadcrumb\":{\"@id\":\"https:\/\/www.gwynt.eu\/fr\/gestion-de-la-chaine-dapprovisionnement\/#breadcrumb\"},\"inLanguage\":\"fr-FR\",\"potentialAction\":[{\"@type\":\"ReadAction\",\"target\":[\"https:\/\/www.gwynt.eu\/fr\/gestion-de-la-chaine-dapprovisionnement\/\"]}]},{\"@type\":\"BreadcrumbList\",\"@id\":\"https:\/\/www.gwynt.eu\/fr\/gestion-de-la-chaine-dapprovisionnement\/#breadcrumb\",\"itemListElement\":[{\"@type\":\"ListItem\",\"position\":1,\"name\":\"Accueil\",\"item\":\"https:\/\/www.gwynt.eu\/fr\/page-daccueil-propre\/\"},{\"@type\":\"ListItem\",\"position\":2,\"name\":\"Gestion de la cha\u00eene d&#8217;approvisionnement\"}]},{\"@type\":\"WebSite\",\"@id\":\"https:\/\/www.gwynt.eu\/fr\/#website\",\"url\":\"https:\/\/www.gwynt.eu\/fr\/\",\"name\":\"Gwynt\",\"description\":\"Echte doorbraken bereik je samen\",\"publisher\":{\"@id\":\"https:\/\/www.gwynt.eu\/fr\/#organization\"},\"potentialAction\":[{\"@type\":\"SearchAction\",\"target\":{\"@type\":\"EntryPoint\",\"urlTemplate\":\"https:\/\/www.gwynt.eu\/fr\/?s={search_term_string}\"},\"query-input\":{\"@type\":\"PropertyValueSpecification\",\"valueRequired\":true,\"valueName\":\"search_term_string\"}}],\"inLanguage\":\"fr-FR\"},{\"@type\":\"Organization\",\"@id\":\"https:\/\/www.gwynt.eu\/fr\/#organization\",\"name\":\"Gwynt\",\"url\":\"https:\/\/www.gwynt.eu\/fr\/\",\"logo\":{\"@type\":\"ImageObject\",\"inLanguage\":\"fr-FR\",\"@id\":\"https:\/\/www.gwynt.eu\/fr\/#\/schema\/logo\/image\/\",\"url\":\"https:\/\/www.gwynt.eu\/wp-content\/uploads\/GWYNT_LOGO_RGB.png\",\"contentUrl\":\"https:\/\/www.gwynt.eu\/wp-content\/uploads\/GWYNT_LOGO_RGB.png\",\"width\":363,\"height\":431,\"caption\":\"Gwynt\"},\"image\":{\"@id\":\"https:\/\/www.gwynt.eu\/fr\/#\/schema\/logo\/image\/\"},\"sameAs\":[\"https:\/\/www.linkedin.com\/company\/gwynt\/mycompany\/\"]}]}<\/script>\n<!-- \/ Yoast SEO plugin. -->","yoast_head_json":{"title":"Gestion de la cha\u00eene d'approvisionnement - Gwynt","robots":{"index":"index","follow":"follow","max-snippet":"max-snippet:-1","max-image-preview":"max-image-preview:large","max-video-preview":"max-video-preview:-1"},"canonical":"https:\/\/www.gwynt.eu\/fr\/gestion-de-la-chaine-dapprovisionnement\/","og_locale":"fr_FR","og_type":"article","og_title":"Gestion de la cha\u00eene d'approvisionnement - Gwynt","og_description":"GESTION DE LA CHA\u00ceNE D&rsquo;APPROVISIONNEMENT Construire une cha\u00eene d&rsquo;approvisionnement \u00e0 l&rsquo;\u00e9preuve du temps Votre cha\u00eene d&rsquo;approvisionnement est-elle \u00e0 l&rsquo;\u00e9preuve du temps ? Votre entreprise veut-elle \u00eatre pr\u00eate pour l&rsquo;avenir ? Dans ce cas, il est essentiel de disposer d&rsquo;une cha\u00eene d&rsquo;approvisionnement r\u00e9siliente et durable. Car le monde change \u00e0 une vitesse fulgurante. Des tendances et [&hellip;]","og_url":"https:\/\/www.gwynt.eu\/fr\/gestion-de-la-chaine-dapprovisionnement\/","og_site_name":"Gwynt","article_modified_time":"2026-04-08T11:27:34+00:00","twitter_card":"summary_large_image","twitter_misc":{"Dur\u00e9e de lecture estim\u00e9e":"2 minutes"},"schema":{"@context":"https:\/\/schema.org","@graph":[{"@type":"WebPage","@id":"https:\/\/www.gwynt.eu\/fr\/gestion-de-la-chaine-dapprovisionnement\/","url":"https:\/\/www.gwynt.eu\/fr\/gestion-de-la-chaine-dapprovisionnement\/","name":"Gestion de la cha\u00eene d'approvisionnement - Gwynt","isPartOf":{"@id":"https:\/\/www.gwynt.eu\/fr\/#website"},"datePublished":"2026-04-07T13:57:03+00:00","dateModified":"2026-04-08T11:27:34+00:00","breadcrumb":{"@id":"https:\/\/www.gwynt.eu\/fr\/gestion-de-la-chaine-dapprovisionnement\/#breadcrumb"},"inLanguage":"fr-FR","potentialAction":[{"@type":"ReadAction","target":["https:\/\/www.gwynt.eu\/fr\/gestion-de-la-chaine-dapprovisionnement\/"]}]},{"@type":"BreadcrumbList","@id":"https:\/\/www.gwynt.eu\/fr\/gestion-de-la-chaine-dapprovisionnement\/#breadcrumb","itemListElement":[{"@type":"ListItem","position":1,"name":"Accueil","item":"https:\/\/www.gwynt.eu\/fr\/page-daccueil-propre\/"},{"@type":"ListItem","position":2,"name":"Gestion de la cha\u00eene d&#8217;approvisionnement"}]},{"@type":"WebSite","@id":"https:\/\/www.gwynt.eu\/fr\/#website","url":"https:\/\/www.gwynt.eu\/fr\/","name":"Gwynt","description":"Echte doorbraken bereik je samen","publisher":{"@id":"https:\/\/www.gwynt.eu\/fr\/#organization"},"potentialAction":[{"@type":"SearchAction","target":{"@type":"EntryPoint","urlTemplate":"https:\/\/www.gwynt.eu\/fr\/?s={search_term_string}"},"query-input":{"@type":"PropertyValueSpecification","valueRequired":true,"valueName":"search_term_string"}}],"inLanguage":"fr-FR"},{"@type":"Organization","@id":"https:\/\/www.gwynt.eu\/fr\/#organization","name":"Gwynt","url":"https:\/\/www.gwynt.eu\/fr\/","logo":{"@type":"ImageObject","inLanguage":"fr-FR","@id":"https:\/\/www.gwynt.eu\/fr\/#\/schema\/logo\/image\/","url":"https:\/\/www.gwynt.eu\/wp-content\/uploads\/GWYNT_LOGO_RGB.png","contentUrl":"https:\/\/www.gwynt.eu\/wp-content\/uploads\/GWYNT_LOGO_RGB.png","width":363,"height":431,"caption":"Gwynt"},"image":{"@id":"https:\/\/www.gwynt.eu\/fr\/#\/schema\/logo\/image\/"},"sameAs":["https:\/\/www.linkedin.com\/company\/gwynt\/mycompany\/"]}]}},"_links":{"self":[{"href":"https:\/\/www.gwynt.eu\/fr\/wp-json\/wp\/v2\/pages\/252094","targetHints":{"allow":["GET"]}}],"collection":[{"href":"https:\/\/www.gwynt.eu\/fr\/wp-json\/wp\/v2\/pages"}],"about":[{"href":"https:\/\/www.gwynt.eu\/fr\/wp-json\/wp\/v2\/types\/page"}],"author":[{"embeddable":true,"href":"https:\/\/www.gwynt.eu\/fr\/wp-json\/wp\/v2\/users\/15"}],"replies":[{"embeddable":true,"href":"https:\/\/www.gwynt.eu\/fr\/wp-json\/wp\/v2\/comments?post=252094"}],"version-history":[{"count":2,"href":"https:\/\/www.gwynt.eu\/fr\/wp-json\/wp\/v2\/pages\/252094\/revisions"}],"predecessor-version":[{"id":252121,"href":"https:\/\/www.gwynt.eu\/fr\/wp-json\/wp\/v2\/pages\/252094\/revisions\/252121"}],"wp:attachment":[{"href":"https:\/\/www.gwynt.eu\/fr\/wp-json\/wp\/v2\/media?parent=252094"}],"curies":[{"name":"wp","href":"https:\/\/api.w.org\/{rel}","templated":true}]}}