{"id":251991,"date":"2026-04-06T19:42:10","date_gmt":"2026-04-06T18:42:10","guid":{"rendered":"https:\/\/www.gwynt.eu\/numerisation-et-ia\/"},"modified":"2026-04-06T19:51:55","modified_gmt":"2026-04-06T18:51:55","slug":"numerisation-et-ia","status":"publish","type":"page","link":"https:\/\/www.gwynt.eu\/fr\/numerisation-et-ia\/","title":{"rendered":"Num\u00e9risation et IA"},"content":{"rendered":"\t\t<div data-elementor-type=\"wp-page\" data-elementor-id=\"251991\" class=\"elementor elementor-251991 elementor-251426\" data-elementor-post-type=\"page\">\n\t\t\t\t<div class=\"elementor-element elementor-element-2579e985 e-flex e-con-boxed e-con e-parent\" data-id=\"2579e985\" data-element_type=\"container\" data-settings=\"{&quot;background_background&quot;:&quot;classic&quot;}\">\n\t\t\t\t\t<div class=\"e-con-inner\">\n\t\t<div class=\"elementor-element elementor-element-619a756d e-con-full elementor-hidden-mobile e-flex elementor-invisible e-con e-child\" data-id=\"619a756d\" data-element_type=\"container\" data-settings=\"{&quot;background_background&quot;:&quot;gradient&quot;,&quot;animation&quot;:&quot;bounceInLeft&quot;}\">\n\t\t\t\t<div class=\"elementor-element elementor-element-6c304fcd elementor-widget elementor-widget-heading\" data-id=\"6c304fcd\" data-element_type=\"widget\" data-widget_type=\"heading.default\">\n\t\t\t\t\t<h2 class=\"elementor-heading-title elementor-size-default\">Num\u00e9risation et IA<\/h2>\t\t\t\t<\/div>\n\t\t\t\t<\/div>\n\t\t<div class=\"elementor-element elementor-element-6231dc25 e-con-full elementor-hidden-mobile e-flex elementor-invisible e-con e-child\" data-id=\"6231dc25\" data-element_type=\"container\" data-settings=\"{&quot;background_background&quot;:&quot;gradient&quot;,&quot;animation&quot;:&quot;bounceInLeft&quot;}\">\n\t\t\t\t<div class=\"elementor-element elementor-element-59eee05d elementor-widget elementor-widget-text-editor\" data-id=\"59eee05d\" data-element_type=\"widget\" data-widget_type=\"text-editor.default\">\n\t\t\t\t\t\t\t\t\t<p>Le moteur de la p\u00e9rennit\u00e9<\/p>\t\t\t\t\t\t\t\t<\/div>\n\t\t\t\t<\/div>\n\t\t\t\t\t<\/div>\n\t\t\t\t<\/div>\n\t\t<div class=\"elementor-element elementor-element-35e3474e e-flex e-con-boxed e-con e-parent\" data-id=\"35e3474e\" data-element_type=\"container\">\n\t\t\t\t\t<div class=\"e-con-inner\">\n\t\t<div class=\"elementor-element elementor-element-486977c1 e-con-full e-flex e-con e-child\" data-id=\"486977c1\" data-element_type=\"container\">\n\t\t\t\t<div class=\"elementor-element elementor-element-3479e715 elementor-widget elementor-widget-heading\" data-id=\"3479e715\" data-element_type=\"widget\" data-widget_type=\"heading.default\">\n\t\t\t\t\t<h2 class=\"elementor-heading-title elementor-size-default\">Faire de la num\u00e9risation une partie de votre ADN<\/h2>\t\t\t\t<\/div>\n\t\t\t\t<div class=\"elementor-element elementor-element-312687c4 elementor-widget elementor-widget-text-editor\" data-id=\"312687c4\" data-element_type=\"widget\" data-widget_type=\"text-editor.default\">\n\t\t\t\t\t\t\t\t\t<p>La num\u00e9risation n&rsquo;est plus une option mais une n\u00e9cessit\u00e9. Les mod\u00e8les d&rsquo;entreprise traditionnels et les marges sont sous pression.  D&rsquo;une part, en raison de l&rsquo;\u00e9volution du comportement des clients. D&rsquo;autre part, en raison de l&rsquo;intensification de la concurrence et de l&rsquo;augmentation des co\u00fbts. <\/p><p>Vous devez donc anticiper. R\u00e9pondre rapidement aux changements. Offrir une exp\u00e9rience client transparente et personnalis\u00e9e. Mais aussi travailler plus efficacement. L&rsquo;int\u00e9gration de la num\u00e9risation dans votre ADN est la cl\u00e9, tout comme la d\u00e9couverte de nouvelles opportunit\u00e9s de croissance.    <\/p><p>Dans la pratique, cependant, vous vous heurtez rapidement \u00e0 la complexit\u00e9 des possibilit\u00e9s et des applications qui ne cessent de cro\u00eetre. Gwynt a une grande exp\u00e9rience des projets de num\u00e9risation et conna\u00eet les pi\u00e8ges. Ensemble, nous prenons les bonnes mesures au bon rythme.  <\/p><p> <\/p><h4><strong>Les questions pour lesquelles nous vous aidons sont les suivantes<\/strong><\/h4><ul><li>Comment int\u00e9grer la num\u00e9risation dans la strat\u00e9gie globale ?<\/li><li>\u00c0 quel endroit de la cha\u00eene la num\u00e9risation apporte-t-elle le plus de valeur ?<\/li><li>Quel phasage devons-nous suivre pour notre strat\u00e9gie num\u00e9rique ?<\/li><li>O\u00f9 et quand devons-nous r\u00e9ellement d\u00e9ployer l&rsquo;IA, la genAI ou la robotisation ?<\/li><li>Comment la num\u00e9risation peut-elle rendre notre organisation et nos employ\u00e9s plus efficaces ?<\/li><li>Que devons-nous changer dans notre organisation pour num\u00e9riser ?<\/li><\/ul>\t\t\t\t\t\t\t\t<\/div>\n\t\t\t\t<\/div>\n\t\t<div class=\"elementor-element elementor-element-4bd07ed7 e-con-full e-flex e-con e-child\" data-id=\"4bd07ed7\" data-element_type=\"container\" data-settings=\"{&quot;background_background&quot;:&quot;classic&quot;}\">\n\t\t\t\t<\/div>\n\t\t\t\t\t<\/div>\n\t\t\t\t<\/div>\n\t\t<div class=\"elementor-element elementor-element-1a11bc43 e-flex e-con-boxed e-con e-parent\" data-id=\"1a11bc43\" data-element_type=\"container\">\n\t\t\t\t\t<div class=\"e-con-inner\">\n\t\t\t\t<div class=\"elementor-element elementor-element-21235f56 elementor-widget-divider--view-line elementor-widget elementor-widget-divider\" data-id=\"21235f56\" data-element_type=\"widget\" data-widget_type=\"divider.default\">\n\t\t\t\t\t\t\t<div class=\"elementor-divider\">\n\t\t\t<span class=\"elementor-divider-separator\">\n\t\t\t\t\t\t<\/span>\n\t\t<\/div>\n\t\t\t\t\t\t<\/div>\n\t\t\t\t\t<\/div>\n\t\t\t\t<\/div>\n\t\t<div class=\"elementor-element elementor-element-1a371622 e-con-full e-flex e-con e-parent\" data-id=\"1a371622\" data-element_type=\"container\">\n\t\t<div class=\"elementor-element elementor-element-362ee5d0 e-con-full e-flex e-con e-child\" data-id=\"362ee5d0\" data-element_type=\"container\">\n\t\t\t\t<div class=\"elementor-element elementor-element-44633fe4 elementor-widget__width-initial elementor-widget elementor-widget-heading\" data-id=\"44633fe4\" data-element_type=\"widget\" data-widget_type=\"heading.default\">\n\t\t\t\t\t<h2 class=\"elementor-heading-title elementor-size-default\">Feuille de route pour la num\u00e9risation : de la strat\u00e9gie \u00e0 l'ex\u00e9cution<\/h2>\t\t\t\t<\/div>\n\t\t\t\t<div class=\"elementor-element elementor-element-300428bd elementor-widget__width-inherit elementor-widget elementor-widget-text-editor\" data-id=\"300428bd\" data-element_type=\"widget\" data-widget_type=\"text-editor.default\">\n\t\t\t\t\t\t\t\t\t<p>L&rsquo;\u00e9laboration et le d\u00e9ploiement d&rsquo;une feuille de route \u00e0 l&rsquo;\u00e9preuve du temps pour la num\u00e9risation est un processus qui n\u00e9cessite une approche prudente. Avec Gwynt, vous \u00eates entre de bonnes mains. Gr\u00e2ce \u00e0 notre approche progressive, nous ne n\u00e9gligeons rien.  <\/p>\t\t\t\t\t\t\t\t<\/div>\n\t\t\t\t<div class=\"elementor-element elementor-element-44c9aab4 elementor-widget__width-inherit elementor-widget elementor-widget-be-timeline\" data-id=\"44c9aab4\" data-element_type=\"widget\" data-widget_type=\"be-timeline.default\">\n\t\t\t\t<div class=\"elementor-widget-container\">\n\t\t\t\t\t<ul class=\"be-pack timeline \"><li class=\"timeline-inverted\"> \n\t\t\t<div class=\"tl-circ\"><\/div>\n\t\t <div class=\"timeline-panel\">\n\t\t   <div class=\"tl-heading\">\n\t\t\t <div class=\"tl-content\">\n\n\t\t\t    \n\t\t\t\t\t\t\n\t\t\t\t\t\t<div class=\"be-desc\">\n\t\t\t\t\t\t\t<h2 class=\"be-title\">Stap 1 - Horizonplanning<\/h2>\t\t\t\t\t\t\t<div class=\"be-content\"><ul><li>Horizonplanning workshops met focus op het combineren van de (huidige) strategie en businessplannen met digitale transformatiekansen<\/li><li>Faciliteren van digitale transformatie inspiratiesessies met zowel interne als externe leveranciers<\/li><\/ul><\/div>\t\t\t\t\t\t<\/div>\n\n\t\t\t\t\t\n\t\t\t\t<\/div>\n\n\t\t\t<\/div>\n\t\t<\/div>\n\t\t\t<\/li>\n\t\t\t<li class=\"timeline-right\"> \n\t\t\t<div class=\"tl-circ\"><\/div>\n\t\t <div class=\"timeline-panel\">\n\t\t   <div class=\"tl-heading\">\n\t\t\t <div class=\"tl-content\">\n\n\t\t\t    \n\t\t\t\t\t\t\n\t\t\t\t\t\t<div class=\"be-desc\">\n\t\t\t\t\t\t\t<h2 class=\"be-title\">Stap 2 - Lopende projecten prioriteren<\/h2>\t\t\t\t\t\t\t<div class=\"be-content\"><ul><li>Lopende projecten gerangschikt op relevante variabelen: urgentie, complexiteit, kostenbesparing, productiviteit of rendementsverbetering, strategisch belang en investering.<\/li><li>Beoordeling van lopende projecten<\/li><li>Combineren en categoriseren van bouwblokken uit de horizonplanning<\/li><li>Analyseren en bepalen van variabelen die impact hebben<\/li><\/ul><\/div>\t\t\t\t\t\t<\/div>\n\n\t\t\t\t\t\n\t\t\t\t<\/div>\n\n\t\t\t<\/div>\n\t\t<\/div>\n\t\t\t<\/li>\n\t\t\t<li class=\"timeline-inverted\"> \n\t\t\t<div class=\"tl-circ\"><\/div>\n\t\t <div class=\"timeline-panel\">\n\t\t   <div class=\"tl-heading\">\n\t\t\t <div class=\"tl-content\">\n\n\t\t\t    \n\t\t\t\t\t\t\n\t\t\t\t\t\t<div class=\"be-desc\">\n\t\t\t\t\t\t\t<h2 class=\"be-title\">Stap 3 - People &amp; Way of working<\/h2>\t\t\t\t\t\t\t<div class=\"be-content\"><ul><li>Randvoorwaarden voor succes: employer branding, talentontwikkeling, recruitment, retentie, manier van werken.<\/li><li>Analyse huidige manier van werken<\/li><li>Analyse huidige capabilities organisatie<\/li><li>Inzicht in fit\/gap op het gebied van capabilities inclusief verbeterplan<\/li><\/ul><\/div>\t\t\t\t\t\t<\/div>\n\n\t\t\t\t\t\n\t\t\t\t<\/div>\n\n\t\t\t<\/div>\n\t\t<\/div>\n\t\t\t<\/li>\n\t\t\t<li class=\"timeline-right\"> \n\t\t\t<div class=\"tl-circ\"><\/div>\n\t\t <div class=\"timeline-panel\">\n\t\t   <div class=\"tl-heading\">\n\t\t\t <div class=\"tl-content\">\n\n\t\t\t    \n\t\t\t\t\t\t\n\t\t\t\t\t\t<div class=\"be-desc\">\n\t\t\t\t\t\t\t<h2 class=\"be-title\">Stap 4 - Technology &amp; Suppliers<\/h2>\t\t\t\t\t\t\t<div class=\"be-content\"><ul><li>Toekomstbestendigheid IT-architectuur en -leveranciers.<\/li><li>Analyse van de huidige architectuur<\/li><li>Inzicht in fit\/gap huidige architectuur versus horizonplanning<\/li><li>Inzicht in fit\/gap capabilities externe leveranciers inclusief verbeteradvies<\/li><\/ul><\/div>\t\t\t\t\t\t<\/div>\n\n\t\t\t\t\t\n\t\t\t\t<\/div>\n\n\t\t\t<\/div>\n\t\t<\/div>\n\t\t\t<\/li>\n\t\t\t \n      <\/ul>\n\n\t\t\t\t\t<\/div>\n\t\t\t\t<\/div>\n\t\t\t\t<\/div>\n\t\t\t\t<\/div>\n\t\t<div class=\"elementor-element elementor-element-42a5d7da e-con-full e-flex e-con e-parent\" data-id=\"42a5d7da\" data-element_type=\"container\">\n\t\t\t\t<div class=\"elementor-element elementor-element-6a4d640f elementor-cta--layout-image-left elementor-widget__width-inherit elementor-cta--skin-classic elementor-animated-content elementor-bg-transform elementor-bg-transform-zoom-in elementor-widget elementor-widget-call-to-action\" data-id=\"6a4d640f\" data-element_type=\"widget\" data-widget_type=\"call-to-action.default\">\n\t\t\t\t\t\t\t<div class=\"elementor-cta\">\n\t\t\t\t\t<div class=\"elementor-cta__bg-wrapper\">\n\t\t\t\t<div class=\"elementor-cta__bg elementor-bg\" style=\"background-image: url(https:\/\/www.gwynt.eu\/wp-content\/uploads\/Gwynt_Kantoor-32-Nick-Vieberink-1024x683.jpg);\" role=\"img\" aria-label=\"Gwynt_Office-32 Nick Vieberink\"><\/div>\n\t\t\t\t<div class=\"elementor-cta__bg-overlay\"><\/div>\n\t\t\t<\/div>\n\t\t\t\t\t\t\t<div class=\"elementor-cta__content\">\n\t\t\t\t\n\t\t\t\t\t\t\t\t\t<h2 class=\"elementor-cta__title elementor-cta__content-item elementor-content-item\">\n\t\t\t\t\t\tVous voulez en savoir plus ?\t\t\t\t\t<\/h2>\n\t\t\t\t\n\t\t\t\t\t\t\t\t\t<div class=\"elementor-cta__description elementor-cta__content-item elementor-content-item\">\n\t\t\t\t\t\tContactez Nick Vieberink, Senior Business Associate chez Gwynt.  \n\nn.vieberink@gwynt.eu\t\t\t\t\t<\/div>\n\t\t\t\t\n\t\t\t\t\t\t\t\t\t<div class=\"elementor-cta__button-wrapper elementor-cta__content-item elementor-content-item \">\n\t\t\t\t\t<a class=\"elementor-cta__button elementor-button elementor-size-\" href=\"https:\/\/meetings.hubspot.com\/nick-vieberink?uuid=71dad62b-aaf9-450b-9772-c0fc2f935adb\">\n\t\t\t\t\t\tPRENEZ RENDEZ-VOUS IMM\u00c9DIATEMENT\t\t\t\t\t<\/a>\n\t\t\t\t\t<\/div>\n\t\t\t\t\t\t\t<\/div>\n\t\t\t\t\t\t<\/div>\n\t\t\t\t\t\t<\/div>\n\t\t\t\t<\/div>\n\t\t\t\t<\/div>\n\t\t","protected":false},"excerpt":{"rendered":"<p>Num\u00e9risation et IA Le moteur de la p\u00e9rennit\u00e9 Faire de la num\u00e9risation une partie de votre ADN La num\u00e9risation n&rsquo;est plus une option mais une n\u00e9cessit\u00e9. Les mod\u00e8les d&rsquo;entreprise traditionnels et les marges sont sous pression. D&rsquo;une part, en raison de l&rsquo;\u00e9volution du comportement des clients. D&rsquo;autre part, en raison de l&rsquo;intensification de la concurrence [&hellip;]<\/p>\n","protected":false},"author":15,"featured_media":0,"parent":0,"menu_order":0,"comment_status":"closed","ping_status":"closed","template":"elementor_header_footer","meta":{"_et_pb_use_builder":"","_et_pb_old_content":"","_et_gb_content_width":"","content-type":"","inline_featured_image":false,"footnotes":""},"class_list":["post-251991","page","type-page","status-publish","hentry"],"yoast_head":"<!-- This site is optimized with the Yoast SEO plugin v26.7 - https:\/\/yoast.com\/wordpress\/plugins\/seo\/ -->\n<title>Num\u00e9risation et IA - Gwynt<\/title>\n<meta name=\"robots\" content=\"index, follow, max-snippet:-1, max-image-preview:large, max-video-preview:-1\" \/>\n<link rel=\"canonical\" href=\"https:\/\/www.gwynt.eu\/fr\/numerisation-et-ia\/\" \/>\n<meta property=\"og:locale\" content=\"fr_FR\" \/>\n<meta property=\"og:type\" content=\"article\" \/>\n<meta property=\"og:title\" content=\"Num\u00e9risation et IA - Gwynt\" \/>\n<meta property=\"og:description\" content=\"Num\u00e9risation et IA Le moteur de la p\u00e9rennit\u00e9 Faire de la num\u00e9risation une partie de votre ADN La num\u00e9risation n&rsquo;est plus une option mais une n\u00e9cessit\u00e9. Les mod\u00e8les d&rsquo;entreprise traditionnels et les marges sont sous pression. D&rsquo;une part, en raison de l&rsquo;\u00e9volution du comportement des clients. D&rsquo;autre part, en raison de l&rsquo;intensification de la concurrence [&hellip;]\" \/>\n<meta property=\"og:url\" content=\"https:\/\/www.gwynt.eu\/fr\/numerisation-et-ia\/\" \/>\n<meta property=\"og:site_name\" content=\"Gwynt\" \/>\n<meta property=\"article:modified_time\" content=\"2026-04-06T18:51:55+00:00\" \/>\n<meta name=\"twitter:card\" content=\"summary_large_image\" \/>\n<meta name=\"twitter:label1\" content=\"Dur\u00e9e de lecture estim\u00e9e\" \/>\n\t<meta name=\"twitter:data1\" content=\"2 minutes\" \/>\n<script type=\"application\/ld+json\" class=\"yoast-schema-graph\">{\"@context\":\"https:\/\/schema.org\",\"@graph\":[{\"@type\":\"WebPage\",\"@id\":\"https:\/\/www.gwynt.eu\/fr\/numerisation-et-ia\/\",\"url\":\"https:\/\/www.gwynt.eu\/fr\/numerisation-et-ia\/\",\"name\":\"Num\u00e9risation et IA - Gwynt\",\"isPartOf\":{\"@id\":\"https:\/\/www.gwynt.eu\/fr\/#website\"},\"datePublished\":\"2026-04-06T18:42:10+00:00\",\"dateModified\":\"2026-04-06T18:51:55+00:00\",\"breadcrumb\":{\"@id\":\"https:\/\/www.gwynt.eu\/fr\/numerisation-et-ia\/#breadcrumb\"},\"inLanguage\":\"fr-FR\",\"potentialAction\":[{\"@type\":\"ReadAction\",\"target\":[\"https:\/\/www.gwynt.eu\/fr\/numerisation-et-ia\/\"]}]},{\"@type\":\"BreadcrumbList\",\"@id\":\"https:\/\/www.gwynt.eu\/fr\/numerisation-et-ia\/#breadcrumb\",\"itemListElement\":[{\"@type\":\"ListItem\",\"position\":1,\"name\":\"Accueil\",\"item\":\"https:\/\/www.gwynt.eu\/fr\/page-daccueil-propre\/\"},{\"@type\":\"ListItem\",\"position\":2,\"name\":\"Num\u00e9risation et IA\"}]},{\"@type\":\"WebSite\",\"@id\":\"https:\/\/www.gwynt.eu\/fr\/#website\",\"url\":\"https:\/\/www.gwynt.eu\/fr\/\",\"name\":\"Gwynt\",\"description\":\"Echte doorbraken bereik je samen\",\"publisher\":{\"@id\":\"https:\/\/www.gwynt.eu\/fr\/#organization\"},\"potentialAction\":[{\"@type\":\"SearchAction\",\"target\":{\"@type\":\"EntryPoint\",\"urlTemplate\":\"https:\/\/www.gwynt.eu\/fr\/?s={search_term_string}\"},\"query-input\":{\"@type\":\"PropertyValueSpecification\",\"valueRequired\":true,\"valueName\":\"search_term_string\"}}],\"inLanguage\":\"fr-FR\"},{\"@type\":\"Organization\",\"@id\":\"https:\/\/www.gwynt.eu\/fr\/#organization\",\"name\":\"Gwynt\",\"url\":\"https:\/\/www.gwynt.eu\/fr\/\",\"logo\":{\"@type\":\"ImageObject\",\"inLanguage\":\"fr-FR\",\"@id\":\"https:\/\/www.gwynt.eu\/fr\/#\/schema\/logo\/image\/\",\"url\":\"https:\/\/www.gwynt.eu\/wp-content\/uploads\/GWYNT_LOGO_RGB.png\",\"contentUrl\":\"https:\/\/www.gwynt.eu\/wp-content\/uploads\/GWYNT_LOGO_RGB.png\",\"width\":363,\"height\":431,\"caption\":\"Gwynt\"},\"image\":{\"@id\":\"https:\/\/www.gwynt.eu\/fr\/#\/schema\/logo\/image\/\"},\"sameAs\":[\"https:\/\/www.linkedin.com\/company\/gwynt\/mycompany\/\"]}]}<\/script>\n<!-- \/ Yoast SEO plugin. -->","yoast_head_json":{"title":"Num\u00e9risation et IA - Gwynt","robots":{"index":"index","follow":"follow","max-snippet":"max-snippet:-1","max-image-preview":"max-image-preview:large","max-video-preview":"max-video-preview:-1"},"canonical":"https:\/\/www.gwynt.eu\/fr\/numerisation-et-ia\/","og_locale":"fr_FR","og_type":"article","og_title":"Num\u00e9risation et IA - Gwynt","og_description":"Num\u00e9risation et IA Le moteur de la p\u00e9rennit\u00e9 Faire de la num\u00e9risation une partie de votre ADN La num\u00e9risation n&rsquo;est plus une option mais une n\u00e9cessit\u00e9. Les mod\u00e8les d&rsquo;entreprise traditionnels et les marges sont sous pression. D&rsquo;une part, en raison de l&rsquo;\u00e9volution du comportement des clients. D&rsquo;autre part, en raison de l&rsquo;intensification de la concurrence [&hellip;]","og_url":"https:\/\/www.gwynt.eu\/fr\/numerisation-et-ia\/","og_site_name":"Gwynt","article_modified_time":"2026-04-06T18:51:55+00:00","twitter_card":"summary_large_image","twitter_misc":{"Dur\u00e9e de lecture estim\u00e9e":"2 minutes"},"schema":{"@context":"https:\/\/schema.org","@graph":[{"@type":"WebPage","@id":"https:\/\/www.gwynt.eu\/fr\/numerisation-et-ia\/","url":"https:\/\/www.gwynt.eu\/fr\/numerisation-et-ia\/","name":"Num\u00e9risation et IA - Gwynt","isPartOf":{"@id":"https:\/\/www.gwynt.eu\/fr\/#website"},"datePublished":"2026-04-06T18:42:10+00:00","dateModified":"2026-04-06T18:51:55+00:00","breadcrumb":{"@id":"https:\/\/www.gwynt.eu\/fr\/numerisation-et-ia\/#breadcrumb"},"inLanguage":"fr-FR","potentialAction":[{"@type":"ReadAction","target":["https:\/\/www.gwynt.eu\/fr\/numerisation-et-ia\/"]}]},{"@type":"BreadcrumbList","@id":"https:\/\/www.gwynt.eu\/fr\/numerisation-et-ia\/#breadcrumb","itemListElement":[{"@type":"ListItem","position":1,"name":"Accueil","item":"https:\/\/www.gwynt.eu\/fr\/page-daccueil-propre\/"},{"@type":"ListItem","position":2,"name":"Num\u00e9risation et IA"}]},{"@type":"WebSite","@id":"https:\/\/www.gwynt.eu\/fr\/#website","url":"https:\/\/www.gwynt.eu\/fr\/","name":"Gwynt","description":"Echte doorbraken bereik je samen","publisher":{"@id":"https:\/\/www.gwynt.eu\/fr\/#organization"},"potentialAction":[{"@type":"SearchAction","target":{"@type":"EntryPoint","urlTemplate":"https:\/\/www.gwynt.eu\/fr\/?s={search_term_string}"},"query-input":{"@type":"PropertyValueSpecification","valueRequired":true,"valueName":"search_term_string"}}],"inLanguage":"fr-FR"},{"@type":"Organization","@id":"https:\/\/www.gwynt.eu\/fr\/#organization","name":"Gwynt","url":"https:\/\/www.gwynt.eu\/fr\/","logo":{"@type":"ImageObject","inLanguage":"fr-FR","@id":"https:\/\/www.gwynt.eu\/fr\/#\/schema\/logo\/image\/","url":"https:\/\/www.gwynt.eu\/wp-content\/uploads\/GWYNT_LOGO_RGB.png","contentUrl":"https:\/\/www.gwynt.eu\/wp-content\/uploads\/GWYNT_LOGO_RGB.png","width":363,"height":431,"caption":"Gwynt"},"image":{"@id":"https:\/\/www.gwynt.eu\/fr\/#\/schema\/logo\/image\/"},"sameAs":["https:\/\/www.linkedin.com\/company\/gwynt\/mycompany\/"]}]}},"_links":{"self":[{"href":"https:\/\/www.gwynt.eu\/fr\/wp-json\/wp\/v2\/pages\/251991","targetHints":{"allow":["GET"]}}],"collection":[{"href":"https:\/\/www.gwynt.eu\/fr\/wp-json\/wp\/v2\/pages"}],"about":[{"href":"https:\/\/www.gwynt.eu\/fr\/wp-json\/wp\/v2\/types\/page"}],"author":[{"embeddable":true,"href":"https:\/\/www.gwynt.eu\/fr\/wp-json\/wp\/v2\/users\/15"}],"replies":[{"embeddable":true,"href":"https:\/\/www.gwynt.eu\/fr\/wp-json\/wp\/v2\/comments?post=251991"}],"version-history":[{"count":6,"href":"https:\/\/www.gwynt.eu\/fr\/wp-json\/wp\/v2\/pages\/251991\/revisions"}],"predecessor-version":[{"id":252009,"href":"https:\/\/www.gwynt.eu\/fr\/wp-json\/wp\/v2\/pages\/251991\/revisions\/252009"}],"wp:attachment":[{"href":"https:\/\/www.gwynt.eu\/fr\/wp-json\/wp\/v2\/media?parent=251991"}],"curies":[{"name":"wp","href":"https:\/\/api.w.org\/{rel}","templated":true}]}}