{"id":251610,"date":"2026-03-30T11:13:13","date_gmt":"2026-03-30T10:13:13","guid":{"rendered":"https:\/\/www.gwynt.eu\/etudes-de-marche-et-de-clientele\/"},"modified":"2026-04-06T18:48:01","modified_gmt":"2026-04-06T17:48:01","slug":"etudes-de-marche-et-de-clientele","status":"publish","type":"page","link":"https:\/\/www.gwynt.eu\/fr\/etudes-de-marche-et-de-clientele\/","title":{"rendered":"\u00c9tudes de march\u00e9 et de client\u00e8le"},"content":{"rendered":"\t\t<div data-elementor-type=\"wp-page\" data-elementor-id=\"251610\" class=\"elementor elementor-251610 elementor-251403\" data-elementor-post-type=\"page\">\n\t\t\t\t<div class=\"elementor-element elementor-element-38350f38 e-flex e-con-boxed e-con e-parent\" data-id=\"38350f38\" data-element_type=\"container\" data-settings=\"{&quot;background_background&quot;:&quot;classic&quot;}\">\n\t\t\t\t\t<div class=\"e-con-inner\">\n\t\t<div class=\"elementor-element elementor-element-5bb6e8cd e-con-full elementor-hidden-mobile e-flex elementor-invisible e-con e-child\" data-id=\"5bb6e8cd\" data-element_type=\"container\" data-settings=\"{&quot;background_background&quot;:&quot;gradient&quot;,&quot;animation&quot;:&quot;bounceInLeft&quot;}\">\n\t\t\t\t<div class=\"elementor-element elementor-element-7bbd056f elementor-widget elementor-widget-heading\" data-id=\"7bbd056f\" data-element_type=\"widget\" data-widget_type=\"heading.default\">\n\t\t\t\t\t<h2 class=\"elementor-heading-title elementor-size-default\">\u00c9TUDES DE MARCH\u00c9 ET DE CLIENT\u00c8LE<\/h2>\t\t\t\t<\/div>\n\t\t\t\t<\/div>\n\t\t<div class=\"elementor-element elementor-element-5725f043 e-con-full elementor-hidden-mobile e-flex elementor-invisible e-con e-child\" data-id=\"5725f043\" data-element_type=\"container\" data-settings=\"{&quot;background_background&quot;:&quot;gradient&quot;,&quot;animation&quot;:&quot;bounceInLeft&quot;}\">\n\t\t\t\t<div class=\"elementor-element elementor-element-2435a0e4 elementor-widget elementor-widget-text-editor\" data-id=\"2435a0e4\" data-element_type=\"widget\" data-widget_type=\"text-editor.default\">\n\t\t\t\t\t\t\t\t\t<p>Lorsque l&rsquo;intuition ne suffit plus.<\/p>\t\t\t\t\t\t\t\t<\/div>\n\t\t\t\t<\/div>\n\t\t\t\t\t<\/div>\n\t\t\t\t<\/div>\n\t\t<div class=\"elementor-element elementor-element-e04ea41 e-flex e-con-boxed e-con e-parent\" data-id=\"e04ea41\" data-element_type=\"container\">\n\t\t\t\t\t<div class=\"e-con-inner\">\n\t\t<div class=\"elementor-element elementor-element-3952b76d e-con-full e-flex e-con e-child\" data-id=\"3952b76d\" data-element_type=\"container\">\n\t\t\t\t<div class=\"elementor-element elementor-element-3fa9c923 elementor-widget elementor-widget-heading\" data-id=\"3fa9c923\" data-element_type=\"widget\" data-widget_type=\"heading.default\">\n\t\t\t\t\t<h2 class=\"elementor-heading-title elementor-size-default\">De nouveaux projets ? Gwynt fournit les \u00e9l\u00e9ments de base <\/h2>\t\t\t\t<\/div>\n\t\t\t\t<div class=\"elementor-element elementor-element-2710fd02 elementor-widget elementor-widget-text-editor\" data-id=\"2710fd02\" data-element_type=\"widget\" data-widget_type=\"text-editor.default\">\n\t\t\t\t\t\t\t\t\t<p>Vous ne pouvez pas naviguer en vous fiant uniquement \u00e0 votre intuition. Vous devez savoir avec certitude si le cap est le bon. Car les mauvais choix strat\u00e9giques ont des cons\u00e9quences importantes.  <\/p><p>La recherche offre une vision, une clart\u00e9 et une orientation. Vous n&rsquo;avez donc pas besoin d&rsquo;y aller du jour au lendemain. <\/p><p>Exemples de situations o\u00f9 une bonne recherche peut \u00eatre utile :<\/p><ul><li>Vous envisagez de vous implanter dans un nouveau pays, un nouveau canal ou un nouveau segment, mais vous ne savez pas encore quel est le choix le plus prometteur.<\/li><li>Le nombre de clients est en baisse, mais on ne sait pas exactement pourquoi et quelle pourrait \u00eatre la bonne r\u00e9ponse \u00e0 ce probl\u00e8me.<\/li><li>Vous avez toujours \u00e9t\u00e9 un pr\u00e9curseur sur le march\u00e9, mais les nouveaux entrants et les nouveaux mod\u00e8les d&rsquo;entreprise constituent une menace croissante.<\/li><\/ul>\t\t\t\t\t\t\t\t<\/div>\n\t\t\t\t<\/div>\n\t\t<div class=\"elementor-element elementor-element-11c3e6d4 e-con-full e-flex e-con e-child\" data-id=\"11c3e6d4\" data-element_type=\"container\" data-settings=\"{&quot;background_background&quot;:&quot;classic&quot;}\">\n\t\t\t\t<\/div>\n\t\t\t\t\t<\/div>\n\t\t\t\t<\/div>\n\t\t<div class=\"elementor-element elementor-element-34c3677a e-flex e-con-boxed e-con e-parent\" data-id=\"34c3677a\" data-element_type=\"container\">\n\t\t\t\t\t<div class=\"e-con-inner\">\n\t\t\t\t<div class=\"elementor-element elementor-element-6c04fde0 elementor-widget-divider--view-line elementor-widget elementor-widget-divider\" data-id=\"6c04fde0\" data-element_type=\"widget\" data-widget_type=\"divider.default\">\n\t\t\t\t\t\t\t<div class=\"elementor-divider\">\n\t\t\t<span class=\"elementor-divider-separator\">\n\t\t\t\t\t\t<\/span>\n\t\t<\/div>\n\t\t\t\t\t\t<\/div>\n\t\t\t\t\t<\/div>\n\t\t\t\t<\/div>\n\t\t<div class=\"elementor-element elementor-element-c0be0dd e-flex e-con-boxed e-con e-parent\" data-id=\"c0be0dd\" data-element_type=\"container\">\n\t\t\t\t\t<div class=\"e-con-inner\">\n\t\t\t\t<div class=\"elementor-element elementor-element-f56ba49 elementor-widget elementor-widget-heading\" data-id=\"f56ba49\" data-element_type=\"widget\" data-widget_type=\"heading.default\">\n\t\t\t\t\t<h1 class=\"elementor-heading-title elementor-size-default\">Perspectives, interpr\u00e9tation et conseils concrets<\/h1>\t\t\t\t<\/div>\n\t\t\t\t\t<\/div>\n\t\t\t\t<\/div>\n\t\t<div class=\"elementor-element elementor-element-1171543 e-flex e-con-boxed e-con e-parent\" data-id=\"1171543\" data-element_type=\"container\">\n\t\t\t\t\t<div class=\"e-con-inner\">\n\t\t<div class=\"elementor-element elementor-element-2848b25 e-con-full e-flex e-con e-child\" data-id=\"2848b25\" data-element_type=\"container\">\n\t\t\t\t<div class=\"elementor-element elementor-element-f9efefd elementor-widget elementor-widget-text-editor\" data-id=\"f9efefd\" data-element_type=\"widget\" data-widget_type=\"text-editor.default\">\n\t\t\t\t\t\t\t\t\t<p>Gwynt dispose de capacit\u00e9s internes pour les \u00e9tudes de march\u00e9 et de client\u00e8le. Nous avons \u00e9galement des partenariats avec des agences de recherche renomm\u00e9es. <\/p>\t\t\t\t\t\t\t\t<\/div>\n\t\t\t\t<\/div>\n\t\t<div class=\"elementor-element elementor-element-dcf9789 e-con-full e-flex e-con e-child\" data-id=\"dcf9789\" data-element_type=\"container\">\n\t\t\t\t<div class=\"elementor-element elementor-element-30d96a7 elementor-widget elementor-widget-text-editor\" data-id=\"30d96a7\" data-element_type=\"widget\" data-widget_type=\"text-editor.default\">\n\t\t\t\t\t\t\t\t\t<p>Nous associons la perspicacit\u00e9 et l&rsquo;interpr\u00e9tation \u00e0 des conseils concrets. C&rsquo;est ce qui nous rend uniques. Vos projets d&rsquo;optimisation ou d&rsquo;expansion reposent imm\u00e9diatement sur une base solide.  <\/p>\t\t\t\t\t\t\t\t<\/div>\n\t\t\t\t<\/div>\n\t\t\t\t\t<\/div>\n\t\t\t\t<\/div>\n\t\t<div class=\"elementor-element elementor-element-20ba810 e-flex e-con-boxed e-con e-parent\" data-id=\"20ba810\" data-element_type=\"container\">\n\t\t\t\t\t<div class=\"e-con-inner\">\n\t\t\t\t<div class=\"elementor-element elementor-element-7619550 elementor-widget-divider--view-line elementor-widget elementor-widget-divider\" data-id=\"7619550\" data-element_type=\"widget\" data-widget_type=\"divider.default\">\n\t\t\t\t\t\t\t<div class=\"elementor-divider\">\n\t\t\t<span class=\"elementor-divider-separator\">\n\t\t\t\t\t\t<\/span>\n\t\t<\/div>\n\t\t\t\t\t\t<\/div>\n\t\t\t\t\t<\/div>\n\t\t\t\t<\/div>\n\t\t<div class=\"elementor-element elementor-element-56a38f5 e-flex e-con-boxed e-con e-parent\" data-id=\"56a38f5\" data-element_type=\"container\">\n\t\t\t\t\t<div class=\"e-con-inner\">\n\t\t<div class=\"elementor-element elementor-element-89f1d20 e-con-full e-flex e-con e-child\" data-id=\"89f1d20\" data-element_type=\"container\">\n\t\t\t\t<div class=\"elementor-element elementor-element-1363c16 elementor-widget elementor-widget-text-editor\" data-id=\"1363c16\" data-element_type=\"widget\" data-widget_type=\"text-editor.default\">\n\t\t\t\t\t\t\t\t\t<h3>Possibilit\u00e9s de recherche<\/h3><ul><li>Recherche quantitative, y compris recherche documentaire, base de donn\u00e9es et recherche par panel<\/li><li>Recherche qualitative telle que les entretiens, les groupes de discussion et la personnalisation<\/li><\/ul>\t\t\t\t\t\t\t\t<\/div>\n\t\t\t\t<\/div>\n\t\t<div class=\"elementor-element elementor-element-8c3d9aa e-con-full e-flex e-con e-child\" data-id=\"8c3d9aa\" data-element_type=\"container\">\n\t\t\t\t<div class=\"elementor-element elementor-element-fe624f8 elementor-widget elementor-widget-text-editor\" data-id=\"fe624f8\" data-element_type=\"widget\" data-widget_type=\"text-editor.default\">\n\t\t\t\t\t\t\t\t\t<h3>Prestations d&rsquo;\u00e9tudes de march\u00e9 et de client\u00e8le par Gwynt<\/h3><ul><li>Nos propres chercheurs en collaboration avec des agences renomm\u00e9es<\/li><li>Un r\u00e9seau solide d&rsquo;experts et de d\u00e9cideurs dans de nombreux secteurs<\/li><li>Connaissance du secteur et expertise en la mati\u00e8re pour une vision claire et des conseils concrets<\/li><li>Justification solide de la prise de d\u00e9cision et des plans strat\u00e9giques<\/li><\/ul>\t\t\t\t\t\t\t\t<\/div>\n\t\t\t\t<\/div>\n\t\t\t\t\t<\/div>\n\t\t\t\t<\/div>\n\t\t<div class=\"elementor-element elementor-element-4cc0b4e6 e-con-full e-flex e-con e-parent\" data-id=\"4cc0b4e6\" data-element_type=\"container\">\n\t\t\t\t<div class=\"elementor-element elementor-element-44c7bd95 elementor-cta--layout-image-left elementor-widget__width-inherit elementor-cta--skin-classic elementor-animated-content elementor-bg-transform elementor-bg-transform-zoom-in elementor-widget elementor-widget-call-to-action\" data-id=\"44c7bd95\" data-element_type=\"widget\" data-widget_type=\"call-to-action.default\">\n\t\t\t\t\t\t\t<div class=\"elementor-cta\">\n\t\t\t\t\t<div class=\"elementor-cta__bg-wrapper\">\n\t\t\t\t<div class=\"elementor-cta__bg elementor-bg\" style=\"background-image: url(https:\/\/www.gwynt.eu\/wp-content\/uploads\/1T7A9140-1.jpg);\" role=\"img\" aria-label=\"1T7A9140 (1)\"><\/div>\n\t\t\t\t<div class=\"elementor-cta__bg-overlay\"><\/div>\n\t\t\t<\/div>\n\t\t\t\t\t\t\t<div class=\"elementor-cta__content\">\n\t\t\t\t\n\t\t\t\t\t\t\t\t\t<h2 class=\"elementor-cta__title elementor-cta__content-item elementor-content-item\">\n\t\t\t\t\t\tVous voulez en savoir plus ?\t\t\t\t\t<\/h2>\n\t\t\t\t\n\t\t\t\t\t\t\t\t\t<div class=\"elementor-cta__description elementor-cta__content-item elementor-content-item\">\n\t\t\t\t\t\tContactez Bas van Eekelen, partenaire de Gwynt.  \n\nb.vaneekelen@gwynt.eu\t\t\t\t\t<\/div>\n\t\t\t\t\n\t\t\t\t\t\t\t\t\t<div class=\"elementor-cta__button-wrapper elementor-cta__content-item elementor-content-item \">\n\t\t\t\t\t<a class=\"elementor-cta__button elementor-button elementor-size-\" href=\"https:\/\/meetings.hubspot.com\/bas-van-eekelen\">\n\t\t\t\t\t\tPRENEZ RENDEZ-VOUS IMM\u00c9DIATEMENT\t\t\t\t\t<\/a>\n\t\t\t\t\t<\/div>\n\t\t\t\t\t\t\t<\/div>\n\t\t\t\t\t\t<\/div>\n\t\t\t\t\t\t<\/div>\n\t\t\t\t<\/div>\n\t\t\t\t<\/div>\n\t\t","protected":false},"excerpt":{"rendered":"<p>\u00c9TUDES DE MARCH\u00c9 ET DE CLIENT\u00c8LE Lorsque l&rsquo;intuition ne suffit plus. De nouveaux projets ? Gwynt fournit les \u00e9l\u00e9ments de base Vous ne pouvez pas naviguer en vous fiant uniquement \u00e0 votre intuition. Vous devez savoir avec certitude si le cap est le bon. Car les mauvais choix strat\u00e9giques ont des cons\u00e9quences importantes. La recherche [&hellip;]<\/p>\n","protected":false},"author":15,"featured_media":0,"parent":0,"menu_order":0,"comment_status":"closed","ping_status":"closed","template":"elementor_header_footer","meta":{"_et_pb_use_builder":"","_et_pb_old_content":"","_et_gb_content_width":"","content-type":"","inline_featured_image":false,"footnotes":""},"class_list":["post-251610","page","type-page","status-publish","hentry"],"yoast_head":"<!-- This site is optimized with the Yoast SEO plugin v26.7 - https:\/\/yoast.com\/wordpress\/plugins\/seo\/ -->\n<title>\u00c9tudes de march\u00e9 et de client\u00e8le - Gwynt<\/title>\n<meta name=\"robots\" content=\"index, follow, max-snippet:-1, max-image-preview:large, max-video-preview:-1\" \/>\n<link rel=\"canonical\" href=\"https:\/\/www.gwynt.eu\/fr\/etudes-de-marche-et-de-clientele\/\" \/>\n<meta property=\"og:locale\" content=\"fr_FR\" \/>\n<meta property=\"og:type\" content=\"article\" \/>\n<meta property=\"og:title\" content=\"\u00c9tudes de march\u00e9 et de client\u00e8le - Gwynt\" \/>\n<meta property=\"og:description\" content=\"\u00c9TUDES DE MARCH\u00c9 ET DE CLIENT\u00c8LE Lorsque l&rsquo;intuition ne suffit plus. De nouveaux projets ? Gwynt fournit les \u00e9l\u00e9ments de base Vous ne pouvez pas naviguer en vous fiant uniquement \u00e0 votre intuition. Vous devez savoir avec certitude si le cap est le bon. Car les mauvais choix strat\u00e9giques ont des cons\u00e9quences importantes. La recherche [&hellip;]\" \/>\n<meta property=\"og:url\" content=\"https:\/\/www.gwynt.eu\/fr\/etudes-de-marche-et-de-clientele\/\" \/>\n<meta property=\"og:site_name\" content=\"Gwynt\" \/>\n<meta property=\"article:modified_time\" content=\"2026-04-06T17:48:01+00:00\" \/>\n<meta name=\"twitter:card\" content=\"summary_large_image\" \/>\n<meta name=\"twitter:label1\" content=\"Dur\u00e9e de lecture estim\u00e9e\" \/>\n\t<meta name=\"twitter:data1\" content=\"2 minutes\" \/>\n<script type=\"application\/ld+json\" class=\"yoast-schema-graph\">{\"@context\":\"https:\/\/schema.org\",\"@graph\":[{\"@type\":\"WebPage\",\"@id\":\"https:\/\/www.gwynt.eu\/fr\/etudes-de-marche-et-de-clientele\/\",\"url\":\"https:\/\/www.gwynt.eu\/fr\/etudes-de-marche-et-de-clientele\/\",\"name\":\"\u00c9tudes de march\u00e9 et de client\u00e8le - Gwynt\",\"isPartOf\":{\"@id\":\"https:\/\/www.gwynt.eu\/fr\/#website\"},\"datePublished\":\"2026-03-30T10:13:13+00:00\",\"dateModified\":\"2026-04-06T17:48:01+00:00\",\"breadcrumb\":{\"@id\":\"https:\/\/www.gwynt.eu\/fr\/etudes-de-marche-et-de-clientele\/#breadcrumb\"},\"inLanguage\":\"fr-FR\",\"potentialAction\":[{\"@type\":\"ReadAction\",\"target\":[\"https:\/\/www.gwynt.eu\/fr\/etudes-de-marche-et-de-clientele\/\"]}]},{\"@type\":\"BreadcrumbList\",\"@id\":\"https:\/\/www.gwynt.eu\/fr\/etudes-de-marche-et-de-clientele\/#breadcrumb\",\"itemListElement\":[{\"@type\":\"ListItem\",\"position\":1,\"name\":\"Accueil\",\"item\":\"https:\/\/www.gwynt.eu\/fr\/page-daccueil-propre\/\"},{\"@type\":\"ListItem\",\"position\":2,\"name\":\"\u00c9tudes de march\u00e9 et de client\u00e8le\"}]},{\"@type\":\"WebSite\",\"@id\":\"https:\/\/www.gwynt.eu\/fr\/#website\",\"url\":\"https:\/\/www.gwynt.eu\/fr\/\",\"name\":\"Gwynt\",\"description\":\"Echte doorbraken bereik je samen\",\"publisher\":{\"@id\":\"https:\/\/www.gwynt.eu\/fr\/#organization\"},\"potentialAction\":[{\"@type\":\"SearchAction\",\"target\":{\"@type\":\"EntryPoint\",\"urlTemplate\":\"https:\/\/www.gwynt.eu\/fr\/?s={search_term_string}\"},\"query-input\":{\"@type\":\"PropertyValueSpecification\",\"valueRequired\":true,\"valueName\":\"search_term_string\"}}],\"inLanguage\":\"fr-FR\"},{\"@type\":\"Organization\",\"@id\":\"https:\/\/www.gwynt.eu\/fr\/#organization\",\"name\":\"Gwynt\",\"url\":\"https:\/\/www.gwynt.eu\/fr\/\",\"logo\":{\"@type\":\"ImageObject\",\"inLanguage\":\"fr-FR\",\"@id\":\"https:\/\/www.gwynt.eu\/fr\/#\/schema\/logo\/image\/\",\"url\":\"https:\/\/www.gwynt.eu\/wp-content\/uploads\/GWYNT_LOGO_RGB.png\",\"contentUrl\":\"https:\/\/www.gwynt.eu\/wp-content\/uploads\/GWYNT_LOGO_RGB.png\",\"width\":363,\"height\":431,\"caption\":\"Gwynt\"},\"image\":{\"@id\":\"https:\/\/www.gwynt.eu\/fr\/#\/schema\/logo\/image\/\"},\"sameAs\":[\"https:\/\/www.linkedin.com\/company\/gwynt\/mycompany\/\"]}]}<\/script>\n<!-- \/ Yoast SEO plugin. -->","yoast_head_json":{"title":"\u00c9tudes de march\u00e9 et de client\u00e8le - Gwynt","robots":{"index":"index","follow":"follow","max-snippet":"max-snippet:-1","max-image-preview":"max-image-preview:large","max-video-preview":"max-video-preview:-1"},"canonical":"https:\/\/www.gwynt.eu\/fr\/etudes-de-marche-et-de-clientele\/","og_locale":"fr_FR","og_type":"article","og_title":"\u00c9tudes de march\u00e9 et de client\u00e8le - Gwynt","og_description":"\u00c9TUDES DE MARCH\u00c9 ET DE CLIENT\u00c8LE Lorsque l&rsquo;intuition ne suffit plus. De nouveaux projets ? Gwynt fournit les \u00e9l\u00e9ments de base Vous ne pouvez pas naviguer en vous fiant uniquement \u00e0 votre intuition. Vous devez savoir avec certitude si le cap est le bon. Car les mauvais choix strat\u00e9giques ont des cons\u00e9quences importantes. La recherche [&hellip;]","og_url":"https:\/\/www.gwynt.eu\/fr\/etudes-de-marche-et-de-clientele\/","og_site_name":"Gwynt","article_modified_time":"2026-04-06T17:48:01+00:00","twitter_card":"summary_large_image","twitter_misc":{"Dur\u00e9e de lecture estim\u00e9e":"2 minutes"},"schema":{"@context":"https:\/\/schema.org","@graph":[{"@type":"WebPage","@id":"https:\/\/www.gwynt.eu\/fr\/etudes-de-marche-et-de-clientele\/","url":"https:\/\/www.gwynt.eu\/fr\/etudes-de-marche-et-de-clientele\/","name":"\u00c9tudes de march\u00e9 et de client\u00e8le - Gwynt","isPartOf":{"@id":"https:\/\/www.gwynt.eu\/fr\/#website"},"datePublished":"2026-03-30T10:13:13+00:00","dateModified":"2026-04-06T17:48:01+00:00","breadcrumb":{"@id":"https:\/\/www.gwynt.eu\/fr\/etudes-de-marche-et-de-clientele\/#breadcrumb"},"inLanguage":"fr-FR","potentialAction":[{"@type":"ReadAction","target":["https:\/\/www.gwynt.eu\/fr\/etudes-de-marche-et-de-clientele\/"]}]},{"@type":"BreadcrumbList","@id":"https:\/\/www.gwynt.eu\/fr\/etudes-de-marche-et-de-clientele\/#breadcrumb","itemListElement":[{"@type":"ListItem","position":1,"name":"Accueil","item":"https:\/\/www.gwynt.eu\/fr\/page-daccueil-propre\/"},{"@type":"ListItem","position":2,"name":"\u00c9tudes de march\u00e9 et de client\u00e8le"}]},{"@type":"WebSite","@id":"https:\/\/www.gwynt.eu\/fr\/#website","url":"https:\/\/www.gwynt.eu\/fr\/","name":"Gwynt","description":"Echte doorbraken bereik je samen","publisher":{"@id":"https:\/\/www.gwynt.eu\/fr\/#organization"},"potentialAction":[{"@type":"SearchAction","target":{"@type":"EntryPoint","urlTemplate":"https:\/\/www.gwynt.eu\/fr\/?s={search_term_string}"},"query-input":{"@type":"PropertyValueSpecification","valueRequired":true,"valueName":"search_term_string"}}],"inLanguage":"fr-FR"},{"@type":"Organization","@id":"https:\/\/www.gwynt.eu\/fr\/#organization","name":"Gwynt","url":"https:\/\/www.gwynt.eu\/fr\/","logo":{"@type":"ImageObject","inLanguage":"fr-FR","@id":"https:\/\/www.gwynt.eu\/fr\/#\/schema\/logo\/image\/","url":"https:\/\/www.gwynt.eu\/wp-content\/uploads\/GWYNT_LOGO_RGB.png","contentUrl":"https:\/\/www.gwynt.eu\/wp-content\/uploads\/GWYNT_LOGO_RGB.png","width":363,"height":431,"caption":"Gwynt"},"image":{"@id":"https:\/\/www.gwynt.eu\/fr\/#\/schema\/logo\/image\/"},"sameAs":["https:\/\/www.linkedin.com\/company\/gwynt\/mycompany\/"]}]}},"_links":{"self":[{"href":"https:\/\/www.gwynt.eu\/fr\/wp-json\/wp\/v2\/pages\/251610","targetHints":{"allow":["GET"]}}],"collection":[{"href":"https:\/\/www.gwynt.eu\/fr\/wp-json\/wp\/v2\/pages"}],"about":[{"href":"https:\/\/www.gwynt.eu\/fr\/wp-json\/wp\/v2\/types\/page"}],"author":[{"embeddable":true,"href":"https:\/\/www.gwynt.eu\/fr\/wp-json\/wp\/v2\/users\/15"}],"replies":[{"embeddable":true,"href":"https:\/\/www.gwynt.eu\/fr\/wp-json\/wp\/v2\/comments?post=251610"}],"version-history":[{"count":9,"href":"https:\/\/www.gwynt.eu\/fr\/wp-json\/wp\/v2\/pages\/251610\/revisions"}],"predecessor-version":[{"id":251962,"href":"https:\/\/www.gwynt.eu\/fr\/wp-json\/wp\/v2\/pages\/251610\/revisions\/251962"}],"wp:attachment":[{"href":"https:\/\/www.gwynt.eu\/fr\/wp-json\/wp\/v2\/media?parent=251610"}],"curies":[{"name":"wp","href":"https:\/\/api.w.org\/{rel}","templated":true}]}}