{"id":251450,"date":"2026-03-29T18:49:21","date_gmt":"2026-03-29T17:49:21","guid":{"rendered":"https:\/\/www.gwynt.eu\/formule-et-omnichannel\/"},"modified":"2026-04-06T18:35:37","modified_gmt":"2026-04-06T17:35:37","slug":"formule-et-omnichannel","status":"publish","type":"page","link":"https:\/\/www.gwynt.eu\/fr\/formule-et-omnichannel\/","title":{"rendered":"Formule et omnichannel"},"content":{"rendered":"\t\t<div data-elementor-type=\"wp-page\" data-elementor-id=\"251450\" class=\"elementor elementor-251450 elementor-251399\" data-elementor-post-type=\"page\">\n\t\t\t\t<div class=\"elementor-element elementor-element-6894e197 e-flex e-con-boxed e-con e-parent\" data-id=\"6894e197\" data-element_type=\"container\" data-settings=\"{&quot;background_background&quot;:&quot;classic&quot;}\">\n\t\t\t\t\t<div class=\"e-con-inner\">\n\t\t<div class=\"elementor-element elementor-element-2162ee0 e-con-full elementor-hidden-mobile e-flex elementor-invisible e-con e-child\" data-id=\"2162ee0\" data-element_type=\"container\" data-settings=\"{&quot;background_background&quot;:&quot;gradient&quot;,&quot;animation&quot;:&quot;bounceInLeft&quot;}\">\n\t\t\t\t<div class=\"elementor-element elementor-element-796d594c elementor-widget elementor-widget-heading\" data-id=\"796d594c\" data-element_type=\"widget\" data-widget_type=\"heading.default\">\n\t\t\t\t\t<h2 class=\"elementor-heading-title elementor-size-default\">FORMULE ET OMNICHANNEL<\/h2>\t\t\t\t<\/div>\n\t\t\t\t<\/div>\n\t\t\t\t\t<\/div>\n\t\t\t\t<\/div>\n\t\t<div class=\"elementor-element elementor-element-16a0bb6 e-flex e-con-boxed e-con e-parent\" data-id=\"16a0bb6\" data-element_type=\"container\">\n\t\t\t\t\t<div class=\"e-con-inner\">\n\t\t<div class=\"elementor-element elementor-element-2c7ed18b e-con-full e-flex e-con e-child\" data-id=\"2c7ed18b\" data-element_type=\"container\">\n\t\t\t\t<div class=\"elementor-element elementor-element-43eb5c5d elementor-widget elementor-widget-heading\" data-id=\"43eb5c5d\" data-element_type=\"widget\" data-widget_type=\"heading.default\">\n\t\t\t\t\t<h2 class=\"elementor-heading-title elementor-size-default\"><h2 data-elementor-setting-key=\"title\" data-pen-placeholder=\"Hier typen...\" style=\"font-size: 26px;font-family: calibri, Calibri, Arial, Helvetica, sans-serif\"><span style=\"font-family: Calibri, Calibri, Arial, Helvetica, sans-serif;font-size: 40px\">votre formule pour attirer les clients<\/span><\/h2><\/h2>\t\t\t\t<\/div>\n\t\t\t\t<div class=\"elementor-element elementor-element-7eb2066e elementor-widget elementor-widget-text-editor\" data-id=\"7eb2066e\" data-element_type=\"widget\" data-widget_type=\"text-editor.default\">\n\t\t\t\t\t\t\t\t\t<p>La r\u00e9ussite dans le commerce de d\u00e9tail ou de gros d\u00e9pend de la formule. Si la formule ne vous convient plus, vous pouvez fermer boutique.  Les clients veulent \u00eatre surpris et divertis par des promotions attrayantes, la commodit\u00e9 et un personnel amical connaissant les produits.  <\/p><p>Vous souhaitez continuer \u00e0 enthousiasmer, inspirer et fid\u00e9liser les clients ? Vous avez des ambitions de croissance ? Dans ce cas, votre formule doit \u00eatre solide comme le roc. Pertinente, originale et toujours surprenante.   <\/p><p>Questions pour lesquelles nous apportons notre aide, par exemple :<\/p><ul><li>Comment continuer \u00e0 innover et \u00e0 surprendre nos clients ?<\/li><li>Pour mon public cible et mon positionnement, quel est le parcours ultime du client ?<\/li><li>Comment puis-je m&rsquo;assurer que mes employ\u00e9s sont enthousiastes et motiv\u00e9s ?<\/li><li>Notre gamme de produits et de services correspond-elle toujours aux besoins des clients ?<\/li><li>Que faut-il faire pour rendre notre organisation (plus) rentable ?<\/li><li>Existe-t-il des possibilit\u00e9s d&rsquo;expansion pour ma formule ?<\/li><\/ul>\t\t\t\t\t\t\t\t<\/div>\n\t\t\t\t<\/div>\n\t\t<div class=\"elementor-element elementor-element-41c0e768 e-con-full e-flex e-con e-child\" data-id=\"41c0e768\" data-element_type=\"container\" data-settings=\"{&quot;background_background&quot;:&quot;classic&quot;}\">\n\t\t\t\t<\/div>\n\t\t\t\t\t<\/div>\n\t\t\t\t<\/div>\n\t\t<div class=\"elementor-element elementor-element-205f8554 e-flex e-con-boxed e-con e-parent\" data-id=\"205f8554\" data-element_type=\"container\">\n\t\t\t\t\t<div class=\"e-con-inner\">\n\t\t\t\t<div class=\"elementor-element elementor-element-293372c4 elementor-widget elementor-widget-heading\" data-id=\"293372c4\" data-element_type=\"widget\" data-widget_type=\"heading.default\">\n\t\t\t\t\t<h2 class=\"elementor-heading-title elementor-size-default\">Formule \u00e0 l'\u00e9preuve du temps : construction et mise en \u0153uvre<\/h2>\t\t\t\t<\/div>\n\t\t\t\t<div class=\"elementor-element elementor-element-2c84a224 elementor-widget elementor-widget-text-editor\" data-id=\"2c84a224\" data-element_type=\"widget\" data-widget_type=\"text-editor.default\">\n\t\t\t\t\t\t\t\t\t<p> <\/p><p>Le d\u00e9veloppement et le d\u00e9ploiement d&rsquo;une formule \u00e0 l&rsquo;\u00e9preuve du temps est un processus qui n\u00e9cessite une ex\u00e9cution minutieuse. Avec Gwynt, ce processus est entre de bonnes mains. Gr\u00e2ce \u00e0 notre approche progressive, nous ne n\u00e9gligeons rien.  <\/p>\t\t\t\t\t\t\t\t<\/div>\n\t\t\t\t\t<\/div>\n\t\t\t\t<\/div>\n\t\t<div class=\"elementor-element elementor-element-e9cacd0 e-con-full e-flex e-con e-parent\" data-id=\"e9cacd0\" data-element_type=\"container\">\n\t\t<div class=\"elementor-element elementor-element-1c8e4da e-con-full e-flex e-con e-child\" data-id=\"1c8e4da\" data-element_type=\"container\">\n\t\t\t\t<div class=\"elementor-element elementor-element-1f848f3 elementor-widget elementor-widget-be-timeline\" data-id=\"1f848f3\" data-element_type=\"widget\" data-widget_type=\"be-timeline.default\">\n\t\t\t\t<div class=\"elementor-widget-container\">\n\t\t\t\t\t<ul class=\"be-pack timeline \"><li class=\"timeline-inverted\"> \n\t\t\t<div class=\"tl-circ\"><\/div>\n\t\t <div class=\"timeline-panel\">\n\t\t   <div class=\"tl-heading\">\n\t\t\t <div class=\"tl-content\">\n\n\t\t\t    \n\t\t\t\t\t\t\n\t\t\t\t\t\t<div class=\"be-desc\">\n\t\t\t\t\t\t\t<h2 class=\"be-title\">Stap 1 - Klantinzicht en personacreatie<\/h2>\t\t\t\t\t\t\t<div class=\"be-content\"><p>Wie zijn onze klanten en wat weten we over ze?<\/p><ul><li>Onderzoek en analyse van klantgedrag<\/li><li>Verkenning relevante trends en customer insights<\/li><li>Validatie van shopfeedback aan de hand van interne inzichten<\/li><li>In kaart brengen van optimalisaties binnen de customer journey<\/li><\/ul><\/div>\t\t\t\t\t\t<\/div>\n\n\t\t\t\t\t\n\t\t\t\t<\/div>\n\n\t\t\t<\/div>\n\t\t<\/div>\n\t\t\t<\/li>\n\t\t\t<li class=\"timeline-right\"> \n\t\t\t<div class=\"tl-circ\"><\/div>\n\t\t <div class=\"timeline-panel\">\n\t\t   <div class=\"tl-heading\">\n\t\t\t <div class=\"tl-content\">\n\n\t\t\t    \n\t\t\t\t\t\t\n\t\t\t\t\t\t<div class=\"be-desc\">\n\t\t\t\t\t\t\t<h2 class=\"be-title\">Stap 2 - Futureproof formulestrategie<\/h2>\t\t\t\t\t\t\t<div class=\"be-content\"><p>Bepalen waarin we willen uitblinken en relevante keuzes maken.<\/p><ul><li>Huidige formule toetsen op relevantie<\/li><li>Concurrentie positioneren met het Futureproof Formule Model<\/li><li>Ontwikkelthema\u2019s concretiseren per bouwsteen<\/li><li>Activeren en ondersteunen met personalisatie, data en technologie<\/li><\/ul><\/div>\t\t\t\t\t\t<\/div>\n\n\t\t\t\t\t\n\t\t\t\t<\/div>\n\n\t\t\t<\/div>\n\t\t<\/div>\n\t\t\t<\/li>\n\t\t\t<li class=\"timeline-inverted\"> \n\t\t\t<div class=\"tl-circ\"><\/div>\n\t\t <div class=\"timeline-panel\">\n\t\t   <div class=\"tl-heading\">\n\t\t\t <div class=\"tl-content\">\n\n\t\t\t    \n\t\t\t\t\t\t\n\t\t\t\t\t\t<div class=\"be-desc\">\n\t\t\t\t\t\t\t<h2 class=\"be-title\">Stap 3 - Uitwerken en operationaliseren<\/h2>\t\t\t\t\t\t\t<div class=\"be-content\"><div class=\"dipl_item_desc\"><p>Concrete uitwerking van formule-onderwerpen met impactbeoordeling.<\/p><ul><li>Workshops per ontwikkelthema (eventueel met storechecks)<\/li><li>Vertalen van thema\u2019s naar concrete initiatieven en impactbepaling<\/li><li>Ontwikkelen van programma en deelprojecten<\/li><li>Ondersteuning bij besluitvorming en uitvoering<\/li><\/ul><\/div><\/div>\t\t\t\t\t\t<\/div>\n\n\t\t\t\t\t\n\t\t\t\t<\/div>\n\n\t\t\t<\/div>\n\t\t<\/div>\n\t\t\t<\/li>\n\t\t\t \n      <\/ul>\n\n\t\t\t\t\t<\/div>\n\t\t\t\t<\/div>\n\t\t\t\t<\/div>\n\t\t<div class=\"elementor-element elementor-element-b4cf793 e-con-full e-flex e-con e-child\" data-id=\"b4cf793\" data-element_type=\"container\">\n\t\t\t\t<div class=\"elementor-element elementor-element-78fc010 elementor-widget__width-initial elementor-widget elementor-widget-heading\" data-id=\"78fc010\" data-element_type=\"widget\" data-widget_type=\"heading.default\">\n\t\t\t\t\t<h2 class=\"elementor-heading-title elementor-size-default\">De la strat\u00e9gie \u00e0 la mise en \u0153uvre<\/h2>\t\t\t\t<\/div>\n\t\t\t\t<div class=\"elementor-element elementor-element-0b75198 elementor-widget__width-inherit elementor-widget elementor-widget-heading\" data-id=\"0b75198\" data-element_type=\"widget\" data-widget_type=\"heading.default\">\n\t\t\t\t\t<h2 class=\"elementor-heading-title elementor-size-default\">L'\u00e9laboration d'une strat\u00e9gie est un processus que nous menons de concert avec nos clients.  <\/h2>\t\t\t\t<\/div>\n\t\t\t\t<div class=\"elementor-element elementor-element-1f8f14e elementor-widget__width-inherit elementor-widget elementor-widget-text-editor\" data-id=\"1f8f14e\" data-element_type=\"widget\" data-widget_type=\"text-editor.default\">\n\t\t\t\t\t\t\t\t\t<p>Dans les grandes lignes, nous proc\u00e9dons comme suit :<\/p>\t\t\t\t\t\t\t\t<\/div>\n\t\t\t\t<\/div>\n\t\t\t\t<\/div>\n\t\t<div class=\"elementor-element elementor-element-97b4a3d e-flex e-con-boxed e-con e-parent\" data-id=\"97b4a3d\" data-element_type=\"container\">\n\t\t\t\t\t<div class=\"e-con-inner\">\n\t\t<div class=\"elementor-element elementor-element-320bf8a6 e-con-full e-flex e-con e-child\" data-id=\"320bf8a6\" data-element_type=\"container\">\n\t\t\t\t<div class=\"elementor-element elementor-element-45af1322 elementor-widget elementor-widget-heading\" data-id=\"45af1322\" data-element_type=\"widget\" data-widget_type=\"heading.default\">\n\t\t\t\t\t<h2 class=\"elementor-heading-title elementor-size-default\">Omnichannel : centr\u00e9 sur le client<\/h2>\t\t\t\t<\/div>\n\t\t\t\t<div class=\"elementor-element elementor-element-63b9793 elementor-widget elementor-widget-text-editor\" data-id=\"63b9793\" data-element_type=\"widget\" data-widget_type=\"text-editor.default\">\n\t\t\t\t\t\t\t\t\t<p>Les clients attendent une proposition et une exp\u00e9rience de marque coh\u00e9rentes, quel que soit le canal utilis\u00e9. Si vous voulez y parvenir en tant qu&rsquo;entreprise, il faut commencer par mettre en place une organisation omnicanale. Cela semble facile, mais en pratique, c&rsquo;est loin d&rsquo;\u00eatre simple.  <\/p><p>Des questions que nous rencontrons souvent :<\/p><ul><li>\u00c0 quoi ressemble le parcours actuel et id\u00e9al du client ?<\/li><li>Que signifie une exp\u00e9rience client coh\u00e9rente sur tous les canaux ?<\/li><li>Comment int\u00e9grer les processus omnicanaux dans l&rsquo;ensemble de l&rsquo;organisation ?<\/li><li>Comment faire passer notre approche omnicanale au niveau sup\u00e9rieur ?<\/li><li>Comment traduire notre approche omnicanale en une feuille de route num\u00e9rique ?<\/li><\/ul>\t\t\t\t\t\t\t\t<\/div>\n\t\t\t\t<\/div>\n\t\t<div class=\"elementor-element elementor-element-3ceb6477 e-con-full e-flex e-con e-child\" data-id=\"3ceb6477\" data-element_type=\"container\" data-settings=\"{&quot;background_background&quot;:&quot;classic&quot;}\">\n\t\t\t\t<\/div>\n\t\t\t\t\t<\/div>\n\t\t\t\t<\/div>\n\t\t<div class=\"elementor-element elementor-element-297ded8 e-flex e-con-boxed e-con e-parent\" data-id=\"297ded8\" data-element_type=\"container\">\n\t\t\t\t\t<div class=\"e-con-inner\">\n\t\t\t\t<div class=\"elementor-element elementor-element-976f3e5 elementor-widget elementor-widget-heading\" data-id=\"976f3e5\" data-element_type=\"widget\" data-widget_type=\"heading.default\">\n\t\t\t\t\t<h2 class=\"elementor-heading-title elementor-size-default\">Feuille de route omnicanale<\/h2>\t\t\t\t<\/div>\n\t\t\t\t<div class=\"elementor-element elementor-element-c26d4ab elementor-widget elementor-widget-text-editor\" data-id=\"c26d4ab\" data-element_type=\"widget\" data-widget_type=\"text-editor.default\">\n\t\t\t\t\t\t\t\t\t<p> <\/p><p>Le d\u00e9veloppement et le d\u00e9ploiement d&rsquo;une formule \u00e0 l&rsquo;\u00e9preuve du temps est un processus qui n\u00e9cessite une ex\u00e9cution minutieuse. Avec Gwynt, ce processus est entre de bonnes mains. Gr\u00e2ce \u00e0 notre approche progressive, nous ne n\u00e9gligeons rien.  <\/p>\t\t\t\t\t\t\t\t<\/div>\n\t\t\t\t\t<\/div>\n\t\t\t\t<\/div>\n\t\t<div class=\"elementor-element elementor-element-4d3ce5cc e-con-full e-flex e-con e-parent\" data-id=\"4d3ce5cc\" data-element_type=\"container\">\n\t\t\t\t<div class=\"elementor-element elementor-element-7e0ed02 elementor-widget elementor-widget-be-timeline\" data-id=\"7e0ed02\" data-element_type=\"widget\" data-widget_type=\"be-timeline.default\">\n\t\t\t\t<div class=\"elementor-widget-container\">\n\t\t\t\t\t<ul class=\"be-pack timeline \"><li class=\"timeline-inverted\"> \n\t\t\t<div class=\"tl-circ\"><\/div>\n\t\t <div class=\"timeline-panel\">\n\t\t   <div class=\"tl-heading\">\n\t\t\t <div class=\"tl-content\">\n\n\t\t\t    \n\t\t\t\t\t\t\n\t\t\t\t\t\t<div class=\"be-desc\">\n\t\t\t\t\t\t\t<h2 class=\"be-title\">Stap 1 - Positie bepalen<\/h2>\t\t\t\t\t\t\t<div class=\"be-content\"><h3 class=\"dipl_item_title\"><span style=\"color: #666666;font-size: 14px\">Waar sta je nu? We doen een eerste quickscan om knelpunten in kaart te brengen door de klantreis.<\/span><\/h3><\/div>\t\t\t\t\t\t<\/div>\n\n\t\t\t\t\t\n\t\t\t\t<\/div>\n\n\t\t\t<\/div>\n\t\t<\/div>\n\t\t\t<\/li>\n\t\t\t<li class=\"timeline-right\"> \n\t\t\t<div class=\"tl-circ\"><\/div>\n\t\t <div class=\"timeline-panel\">\n\t\t   <div class=\"tl-heading\">\n\t\t\t <div class=\"tl-content\">\n\n\t\t\t    \n\t\t\t\t\t\t\n\t\t\t\t\t\t<div class=\"be-desc\">\n\t\t\t\t\t\t\t<h2 class=\"be-title\">Stap 2 - Richting bepalen<\/h2>\t\t\t\t\t\t\t<div class=\"be-content\"><p>We zetten een stip op de horizon of scherpen de huidige omnichannel strategie aan.<\/p><\/div>\t\t\t\t\t\t<\/div>\n\n\t\t\t\t\t\n\t\t\t\t<\/div>\n\n\t\t\t<\/div>\n\t\t<\/div>\n\t\t\t<\/li>\n\t\t\t<li class=\"timeline-inverted\"> \n\t\t\t<div class=\"tl-circ\"><\/div>\n\t\t <div class=\"timeline-panel\">\n\t\t   <div class=\"tl-heading\">\n\t\t\t <div class=\"tl-content\">\n\n\t\t\t    \n\t\t\t\t\t\t\n\t\t\t\t\t\t<div class=\"be-desc\">\n\t\t\t\t\t\t\t<h2 class=\"be-title\">Stap 3 - Programma opzetten<\/h2>\t\t\t\t\t\t\t<div class=\"be-content\"><p>We maken een \u2018Gap-analyse\u2019 en een realistische roadmap voor realisatie.<\/p><\/div>\t\t\t\t\t\t<\/div>\n\n\t\t\t\t\t\n\t\t\t\t<\/div>\n\n\t\t\t<\/div>\n\t\t<\/div>\n\t\t\t<\/li>\n\t\t\t<li class=\"timeline-right\"> \n\t\t\t<div class=\"tl-circ\"><\/div>\n\t\t <div class=\"timeline-panel\">\n\t\t   <div class=\"tl-heading\">\n\t\t\t <div class=\"tl-content\">\n\n\t\t\t    \n\t\t\t\t\t\t\n\t\t\t\t\t\t<div class=\"be-desc\">\n\t\t\t\t\t\t\t<h2 class=\"be-title\">Stap 4 - <\/h2>\t\t\t\t\t\t\t<div class=\"be-content\"><p>We borgen sponsorship, projectmanagement en change management.<\/p><\/div>\t\t\t\t\t\t<\/div>\n\n\t\t\t\t\t\n\t\t\t\t<\/div>\n\n\t\t\t<\/div>\n\t\t<\/div>\n\t\t\t<\/li>\n\t\t\t \n      <\/ul>\n\n\t\t\t\t\t<\/div>\n\t\t\t\t<\/div>\n\t\t\t\t<div class=\"elementor-element elementor-element-4170f460 elementor-cta--layout-image-left elementor-widget__width-inherit elementor-cta--skin-classic elementor-animated-content elementor-bg-transform elementor-bg-transform-zoom-in elementor-widget elementor-widget-call-to-action\" data-id=\"4170f460\" data-element_type=\"widget\" data-widget_type=\"call-to-action.default\">\n\t\t\t\t\t\t\t<div class=\"elementor-cta\">\n\t\t\t\t\t<div class=\"elementor-cta__bg-wrapper\">\n\t\t\t\t<div class=\"elementor-cta__bg elementor-bg\" style=\"background-image: url(https:\/\/www.gwynt.eu\/wp-content\/uploads\/Gwynt_Kantoor-41-Nick-Vieberink.jpg);\" role=\"img\" aria-label=\"Gwynt_Office-41-Nick-Vieberink\"><\/div>\n\t\t\t\t<div class=\"elementor-cta__bg-overlay\"><\/div>\n\t\t\t<\/div>\n\t\t\t\t\t\t\t<div class=\"elementor-cta__content\">\n\t\t\t\t\n\t\t\t\t\t\t\t\t\t<h2 class=\"elementor-cta__title elementor-cta__content-item elementor-content-item\">\n\t\t\t\t\t\tVous voulez en savoir plus ?\t\t\t\t\t<\/h2>\n\t\t\t\t\n\t\t\t\t\t\t\t\t\t<div class=\"elementor-cta__description elementor-cta__content-item elementor-content-item\">\n\t\t\t\t\t\tContactez Nick Vieberink, Senior Business Associate chez Gwynt.  \n\nn.vieberink@gwynt.eu\t\t\t\t\t<\/div>\n\t\t\t\t\n\t\t\t\t\t\t\t\t\t<div class=\"elementor-cta__button-wrapper elementor-cta__content-item elementor-content-item \">\n\t\t\t\t\t<a class=\"elementor-cta__button elementor-button elementor-size-\" href=\"https:\/\/meetings.hubspot.com\/nick-vieberink?uuid=71dad62b-aaf9-450b-9772-c0fc2f935adb\">\n\t\t\t\t\t\tPRENEZ RENDEZ-VOUS IMM\u00c9DIATEMENT\t\t\t\t\t<\/a>\n\t\t\t\t\t<\/div>\n\t\t\t\t\t\t\t<\/div>\n\t\t\t\t\t\t<\/div>\n\t\t\t\t\t\t<\/div>\n\t\t\t\t<\/div>\n\t\t\t\t<\/div>\n\t\t","protected":false},"excerpt":{"rendered":"<p>Votre formule pour attirer les clients La r\u00e9ussite dans le commerce de d\u00e9tail ou de gros d\u00e9pend de la formule. Si la formule ne vous convient plus, vous pouvez fermer boutique. Les clients veulent \u00eatre surpris et divertis par des promotions attrayantes, la commodit\u00e9 et un personnel amical connaissant les produits. Vous souhaitez continuer \u00e0 [&hellip;]<\/p>\n","protected":false},"author":15,"featured_media":0,"parent":0,"menu_order":0,"comment_status":"closed","ping_status":"closed","template":"elementor_header_footer","meta":{"_et_pb_use_builder":"","_et_pb_old_content":"","_et_gb_content_width":"","content-type":"","inline_featured_image":false,"footnotes":""},"class_list":["post-251450","page","type-page","status-publish","hentry"],"yoast_head":"<!-- This site is optimized with the Yoast SEO plugin v26.7 - https:\/\/yoast.com\/wordpress\/plugins\/seo\/ -->\n<title>Formule et omnichannel - Gwynt<\/title>\n<meta name=\"robots\" content=\"index, follow, max-snippet:-1, max-image-preview:large, max-video-preview:-1\" \/>\n<link rel=\"canonical\" href=\"https:\/\/www.gwynt.eu\/fr\/formule-et-omnichannel\/\" \/>\n<meta property=\"og:locale\" content=\"fr_FR\" \/>\n<meta property=\"og:type\" content=\"article\" \/>\n<meta property=\"og:title\" content=\"Formule et omnichannel - Gwynt\" \/>\n<meta property=\"og:description\" content=\"Votre formule pour attirer les clients La r\u00e9ussite dans le commerce de d\u00e9tail ou de gros d\u00e9pend de la formule. Si la formule ne vous convient plus, vous pouvez fermer boutique. Les clients veulent \u00eatre surpris et divertis par des promotions attrayantes, la commodit\u00e9 et un personnel amical connaissant les produits. Vous souhaitez continuer \u00e0 [&hellip;]\" \/>\n<meta property=\"og:url\" content=\"https:\/\/www.gwynt.eu\/fr\/formule-et-omnichannel\/\" \/>\n<meta property=\"og:site_name\" content=\"Gwynt\" \/>\n<meta property=\"article:modified_time\" content=\"2026-04-06T17:35:37+00:00\" \/>\n<meta name=\"twitter:card\" content=\"summary_large_image\" \/>\n<meta name=\"twitter:label1\" content=\"Dur\u00e9e de lecture estim\u00e9e\" \/>\n\t<meta name=\"twitter:data1\" content=\"3 minutes\" \/>\n<script type=\"application\/ld+json\" class=\"yoast-schema-graph\">{\"@context\":\"https:\/\/schema.org\",\"@graph\":[{\"@type\":\"WebPage\",\"@id\":\"https:\/\/www.gwynt.eu\/fr\/formule-et-omnichannel\/\",\"url\":\"https:\/\/www.gwynt.eu\/fr\/formule-et-omnichannel\/\",\"name\":\"Formule et omnichannel - Gwynt\",\"isPartOf\":{\"@id\":\"https:\/\/www.gwynt.eu\/fr\/#website\"},\"datePublished\":\"2026-03-29T17:49:21+00:00\",\"dateModified\":\"2026-04-06T17:35:37+00:00\",\"breadcrumb\":{\"@id\":\"https:\/\/www.gwynt.eu\/fr\/formule-et-omnichannel\/#breadcrumb\"},\"inLanguage\":\"fr-FR\",\"potentialAction\":[{\"@type\":\"ReadAction\",\"target\":[\"https:\/\/www.gwynt.eu\/fr\/formule-et-omnichannel\/\"]}]},{\"@type\":\"BreadcrumbList\",\"@id\":\"https:\/\/www.gwynt.eu\/fr\/formule-et-omnichannel\/#breadcrumb\",\"itemListElement\":[{\"@type\":\"ListItem\",\"position\":1,\"name\":\"Accueil\",\"item\":\"https:\/\/www.gwynt.eu\/fr\/page-daccueil-propre\/\"},{\"@type\":\"ListItem\",\"position\":2,\"name\":\"Formule et omnichannel\"}]},{\"@type\":\"WebSite\",\"@id\":\"https:\/\/www.gwynt.eu\/fr\/#website\",\"url\":\"https:\/\/www.gwynt.eu\/fr\/\",\"name\":\"Gwynt\",\"description\":\"Echte doorbraken bereik je samen\",\"publisher\":{\"@id\":\"https:\/\/www.gwynt.eu\/fr\/#organization\"},\"potentialAction\":[{\"@type\":\"SearchAction\",\"target\":{\"@type\":\"EntryPoint\",\"urlTemplate\":\"https:\/\/www.gwynt.eu\/fr\/?s={search_term_string}\"},\"query-input\":{\"@type\":\"PropertyValueSpecification\",\"valueRequired\":true,\"valueName\":\"search_term_string\"}}],\"inLanguage\":\"fr-FR\"},{\"@type\":\"Organization\",\"@id\":\"https:\/\/www.gwynt.eu\/fr\/#organization\",\"name\":\"Gwynt\",\"url\":\"https:\/\/www.gwynt.eu\/fr\/\",\"logo\":{\"@type\":\"ImageObject\",\"inLanguage\":\"fr-FR\",\"@id\":\"https:\/\/www.gwynt.eu\/fr\/#\/schema\/logo\/image\/\",\"url\":\"https:\/\/www.gwynt.eu\/wp-content\/uploads\/GWYNT_LOGO_RGB.png\",\"contentUrl\":\"https:\/\/www.gwynt.eu\/wp-content\/uploads\/GWYNT_LOGO_RGB.png\",\"width\":363,\"height\":431,\"caption\":\"Gwynt\"},\"image\":{\"@id\":\"https:\/\/www.gwynt.eu\/fr\/#\/schema\/logo\/image\/\"},\"sameAs\":[\"https:\/\/www.linkedin.com\/company\/gwynt\/mycompany\/\"]}]}<\/script>\n<!-- \/ Yoast SEO plugin. -->","yoast_head_json":{"title":"Formule et omnichannel - Gwynt","robots":{"index":"index","follow":"follow","max-snippet":"max-snippet:-1","max-image-preview":"max-image-preview:large","max-video-preview":"max-video-preview:-1"},"canonical":"https:\/\/www.gwynt.eu\/fr\/formule-et-omnichannel\/","og_locale":"fr_FR","og_type":"article","og_title":"Formule et omnichannel - Gwynt","og_description":"Votre formule pour attirer les clients La r\u00e9ussite dans le commerce de d\u00e9tail ou de gros d\u00e9pend de la formule. Si la formule ne vous convient plus, vous pouvez fermer boutique. Les clients veulent \u00eatre surpris et divertis par des promotions attrayantes, la commodit\u00e9 et un personnel amical connaissant les produits. Vous souhaitez continuer \u00e0 [&hellip;]","og_url":"https:\/\/www.gwynt.eu\/fr\/formule-et-omnichannel\/","og_site_name":"Gwynt","article_modified_time":"2026-04-06T17:35:37+00:00","twitter_card":"summary_large_image","twitter_misc":{"Dur\u00e9e de lecture estim\u00e9e":"3 minutes"},"schema":{"@context":"https:\/\/schema.org","@graph":[{"@type":"WebPage","@id":"https:\/\/www.gwynt.eu\/fr\/formule-et-omnichannel\/","url":"https:\/\/www.gwynt.eu\/fr\/formule-et-omnichannel\/","name":"Formule et omnichannel - Gwynt","isPartOf":{"@id":"https:\/\/www.gwynt.eu\/fr\/#website"},"datePublished":"2026-03-29T17:49:21+00:00","dateModified":"2026-04-06T17:35:37+00:00","breadcrumb":{"@id":"https:\/\/www.gwynt.eu\/fr\/formule-et-omnichannel\/#breadcrumb"},"inLanguage":"fr-FR","potentialAction":[{"@type":"ReadAction","target":["https:\/\/www.gwynt.eu\/fr\/formule-et-omnichannel\/"]}]},{"@type":"BreadcrumbList","@id":"https:\/\/www.gwynt.eu\/fr\/formule-et-omnichannel\/#breadcrumb","itemListElement":[{"@type":"ListItem","position":1,"name":"Accueil","item":"https:\/\/www.gwynt.eu\/fr\/page-daccueil-propre\/"},{"@type":"ListItem","position":2,"name":"Formule et omnichannel"}]},{"@type":"WebSite","@id":"https:\/\/www.gwynt.eu\/fr\/#website","url":"https:\/\/www.gwynt.eu\/fr\/","name":"Gwynt","description":"Echte doorbraken bereik je samen","publisher":{"@id":"https:\/\/www.gwynt.eu\/fr\/#organization"},"potentialAction":[{"@type":"SearchAction","target":{"@type":"EntryPoint","urlTemplate":"https:\/\/www.gwynt.eu\/fr\/?s={search_term_string}"},"query-input":{"@type":"PropertyValueSpecification","valueRequired":true,"valueName":"search_term_string"}}],"inLanguage":"fr-FR"},{"@type":"Organization","@id":"https:\/\/www.gwynt.eu\/fr\/#organization","name":"Gwynt","url":"https:\/\/www.gwynt.eu\/fr\/","logo":{"@type":"ImageObject","inLanguage":"fr-FR","@id":"https:\/\/www.gwynt.eu\/fr\/#\/schema\/logo\/image\/","url":"https:\/\/www.gwynt.eu\/wp-content\/uploads\/GWYNT_LOGO_RGB.png","contentUrl":"https:\/\/www.gwynt.eu\/wp-content\/uploads\/GWYNT_LOGO_RGB.png","width":363,"height":431,"caption":"Gwynt"},"image":{"@id":"https:\/\/www.gwynt.eu\/fr\/#\/schema\/logo\/image\/"},"sameAs":["https:\/\/www.linkedin.com\/company\/gwynt\/mycompany\/"]}]}},"_links":{"self":[{"href":"https:\/\/www.gwynt.eu\/fr\/wp-json\/wp\/v2\/pages\/251450","targetHints":{"allow":["GET"]}}],"collection":[{"href":"https:\/\/www.gwynt.eu\/fr\/wp-json\/wp\/v2\/pages"}],"about":[{"href":"https:\/\/www.gwynt.eu\/fr\/wp-json\/wp\/v2\/types\/page"}],"author":[{"embeddable":true,"href":"https:\/\/www.gwynt.eu\/fr\/wp-json\/wp\/v2\/users\/15"}],"replies":[{"embeddable":true,"href":"https:\/\/www.gwynt.eu\/fr\/wp-json\/wp\/v2\/comments?post=251450"}],"version-history":[{"count":13,"href":"https:\/\/www.gwynt.eu\/fr\/wp-json\/wp\/v2\/pages\/251450\/revisions"}],"predecessor-version":[{"id":251944,"href":"https:\/\/www.gwynt.eu\/fr\/wp-json\/wp\/v2\/pages\/251450\/revisions\/251944"}],"wp:attachment":[{"href":"https:\/\/www.gwynt.eu\/fr\/wp-json\/wp\/v2\/media?parent=251450"}],"curies":[{"name":"wp","href":"https:\/\/api.w.org\/{rel}","templated":true}]}}