{"id":247332,"date":"2024-04-10T09:27:24","date_gmt":"2024-04-10T09:27:24","guid":{"rendered":"https:\/\/www.gwynt.eu\/declaration-de-confidentialite\/"},"modified":"2025-08-05T16:07:07","modified_gmt":"2025-08-05T16:07:07","slug":"declaration-de-confidentialite","status":"publish","type":"page","link":"https:\/\/www.gwynt.eu\/fr\/declaration-de-confidentialite\/","title":{"rendered":"D\u00e9claration de confidentialit\u00e9"},"content":{"rendered":"<p>[et_pb_section fb_built=\u00a0\u00bb1&Prime; _builder_version=\u00a0\u00bb4.24.2&Prime; _module_preset=\u00a0\u00bbdefault\u00a0\u00bb use_background_color_gradient=\u00a0\u00bbon\u00a0\u00bb background_color_gradient_direction=\u00a0\u00bb90deg\u00a0\u00bb background_color_gradient_stops=\u00a0\u00bb#28367b 0%|#006fb9 99%\u00a0\u00bb global_colors_info=\u00a0\u00bb{}\u00a0\u00bb][et_pb_row _builder_version=\u00a0\u00bb4.24.2&Prime; _module_preset=\u00a0\u00bbdefault\u00a0\u00bb global_colors_info=\u00a0\u00bb{}\u00a0\u00bb][et_pb_column type=\u00a0\u00bb4_4&Prime; _builder_version=\u00a0\u00bb4.24.2&Prime; _module_preset=\u00a0\u00bbdefault\u00a0\u00bb pac_dcm_carousel_specific_module_num=\u00a0\u00bb0&Prime; global_colors_info=\u00a0\u00bb{}\u00a0\u00bb][et_pb_text _builder_version=\u00a0\u00bb4.24.2&Prime; _module_preset=\u00a0\u00bbdefault\u00a0\u00bb background_layout=\u00a0\u00bbdark\u00a0\u00bb global_colors_info=\u00a0\u00bb{}\u00a0\u00bb]<\/p>\n<h1>D\u00e9claration de confidentialit\u00e9<\/h1>\n<h2><o:p><\/o:p><o:p><\/o:p><\/h2>\n<p>[\/et_pb_text][\/et_pb_column][\/et_pb_row][\/et_pb_section][et_pb_section fb_built=\u00a0\u00bb1&Prime; _builder_version=\u00a0\u00bb4.24.2&Prime; _module_preset=\u00a0\u00bbdefault\u00a0\u00bb global_colors_info=\u00a0\u00bb{}\u00a0\u00bb][et_pb_row _builder_version=\u00a0\u00bb4.24.2&Prime; _module_preset=\u00a0\u00bbdefault\u00a0\u00bb global_colors_info=\u00a0\u00bb{}\u00a0\u00bb][et_pb_column type=\u00a0\u00bb4_4&Prime; _builder_version=\u00a0\u00bb4.24.2&Prime; _module_preset=\u00a0\u00bbdefault\u00a0\u00bb pac_dcm_carousel_specific_module_num=\u00a0\u00bb0&Prime; global_colors_info=\u00a0\u00bb{}\u00a0\u00bb][et_pb_text _builder_version=\u00a0\u00bb4.24.3&Prime; _module_preset=\u00a0\u00bbdefault\u00a0\u00bb hover_enabled=\u00a0\u00bb0&Prime; global_colors_info=\u00a0\u00bb{}\u00a0\u00bb sticky_enabled=\u00a0\u00bb0&Prime;]<\/p>\n<p>Cette d\u00e9claration de confidentialit\u00e9 s&rsquo;applique au site web www.gwynt.eu exploit\u00e9 par Gwynt BV, bas\u00e9 \u00e0 Esch, enregistr\u00e9 aupr\u00e8s de la Chambre de Commerce sous le num\u00e9ro 17205501.<\/p>\n<p>Nous sommes tenus par la loi de vous informer sur les donn\u00e9es personnelles que Gwynt recueille et traite par le biais de ce site web et sur les fins auxquelles nous utilisons ces donn\u00e9es. Nous sommes \u00e9galement tenus de vous informer, en tant que visiteur, de notre politique en mati\u00e8re de cookies. <\/p>\n<h3>Politique de confidentialit\u00e9<\/h3>\n<p>Gwynt respecte la vie priv\u00e9e de tous les visiteurs de son site web, de ses clients (potentiels) et de ses relations (potentielles). Gwynt ne collecte et ne traite pas de donn\u00e9es \u00e0 caract\u00e8re personnel \u00e0 moins que vous ne nous les ayez sciemment fournies via le site web, par e-mail, verbalement ou autrement, ou que nous les obtenions via les cookies analytiques que nous pla\u00e7ons sur votre appareil (de mani\u00e8re anonyme). Vous pouvez donc visiter notre site web de mani\u00e8re anonyme (sans fournir de donn\u00e9es personnelles \u00e0 Gwynt).  <\/p>\n<p>Les donn\u00e9es personnelles que vous partagez avec Gwynt sont gard\u00e9es confidentielles, trait\u00e9es l\u00e9galement et correctement s\u00e9curis\u00e9es. Les donn\u00e9es ne seront pas vendues, \u00e9chang\u00e9es ou partag\u00e9es avec des parties qui n&rsquo;ont rien \u00e0 voir avec les services de Gwynt. Le traitement des donn\u00e9es personnelles est effectu\u00e9 conform\u00e9ment aux exigences \u00e9nonc\u00e9es dans le r\u00e8glement g\u00e9n\u00e9ral sur la protection des donn\u00e9es (date d&rsquo;entr\u00e9e en vigueur : 25 mai 2018).  <\/p>\n<h3>Utilisation des donn\u00e9es personnelles<\/h3>\n<p>Gwynt ne traite que les donn\u00e9es personnelles que vous nous fournissez vous-m\u00eame ou que nous collectons par le biais des cookies analytiques que nous pla\u00e7ons. Lorsque vous contactez Gwynt, Gwynt enregistre les donn\u00e9es que vous fournissez. <\/p>\n<p>Nous utilisons vos donn\u00e9es aux fins suivantes :<\/p>\n<ul>\n<li>Envoi d&rsquo;une lettre d&rsquo;information<\/li>\n<li>Pour vous contacter en r\u00e9ponse \u00e0 une question ou \u00e0 une demande de contact<\/li>\n<li>Pour vous informer des changements apport\u00e9s \u00e0 nos services<\/li>\n<li>Pour vous informer sur les r\u00e9unions et les \u00e9v\u00e9nements<\/li>\n<li>Ex\u00e9cuter un contrat\/service<\/li>\n<\/ul>\n<p>Nous ne traitons pas les donn\u00e9es personnelles que vous nous fournissez \u00e0 des fins autres que celles mentionn\u00e9es dans la pr\u00e9sente d\u00e9claration de confidentialit\u00e9. Gwynt ne conservera pas vos donn\u00e9es plus longtemps que ce qui est strictement n\u00e9cessaire pour atteindre les objectifs pour lesquels les donn\u00e9es sont trait\u00e9es. <\/p>\n<h3>Bulletin d&rsquo;information<\/h3>\n<p>Pour vous envoyer notre lettre d&rsquo;information p\u00e9riodique, nous vous demandons de remplir quelques informations. Les donn\u00e9es personnelles que vous fournissez (nom, organisation et adresse \u00e9lectronique) seront ajout\u00e9es \u00e0 notre liste de diffusion par Mailchimp (dont le si\u00e8ge se trouve \u00e0 Atlanta, aux \u00c9tats-Unis) apr\u00e8s votre approbation. Nous avons conclu avec Mailchimp un \u00ab\u00a0Customer EU Data Processing Addendum\u00a0\u00bb dans lequel ils d\u00e9clarent se conformer \u00e0 la l\u00e9gislation europ\u00e9enne applicable en mati\u00e8re de protection de la vie priv\u00e9e et des donn\u00e9es (AVG). Mailchimp traite les donn\u00e9es personnelles de la liste de diffusion de mani\u00e8re confidentielle. Vous trouverez de plus amples informations sur les cookies de Mailchimp dans la politique de confidentialit\u00e9 de Mailchimp.    <\/p>\n<p>Vous pouvez vous d\u00e9sinscrire de notre liste de diffusion \u00e0 tout moment. Dans le pied de page de notre lettre d&rsquo;information, vous trouverez toujours un lien de d\u00e9sinscription et un lien vers votre profil, o\u00f9 vous pouvez consulter, mettre \u00e0 jour, modifier et supprimer vos donn\u00e9es personnelles. En principe, Gwynt conserve vos donn\u00e9es personnelles dans la liste de diffusion susmentionn\u00e9e tant que nous envoyons des bulletins d&rsquo;information.  <\/p>\n<h3>Tiers<\/h3>\n<p>Gwynt ne partage des donn\u00e9es personnelles avec des tiers que dans des conditions tr\u00e8s strictes. Nous ne partageons vos donn\u00e9es personnelles qu&rsquo;avec des tiers qui les traitent en notre nom. Nous concluons avec ces tiers un accord de traitement conforme \u00e0 la l\u00e9gislation en vigueur (AVG). En outre, nous ne fournissons des donn\u00e9es personnelles \u00e0 des tiers que si cela est n\u00e9cessaire dans le cadre de l&rsquo;ex\u00e9cution d&rsquo;un accord entre vous et Gwynt, ou si Gwynt est l\u00e9galement tenu de le faire.   <\/p>\n<h3>S\u00e9curit\u00e9<\/h3>\n<p>Gwynt a pris les mesures techniques et organisationnelles appropri\u00e9es pour \u00e9viter la perte ou le traitement ill\u00e9gal des donn\u00e9es \u00e0 caract\u00e8re personnel. Nous visons ainsi un niveau de s\u00e9curit\u00e9 appropri\u00e9. Seul le personnel autoris\u00e9 \/ les tiers ont acc\u00e8s \u00e0 vos donn\u00e9es personnelles.  <\/p>\n<p>Gwynt conclut des accords de traitement avec des tiers qui traitent vos donn\u00e9es personnelles en notre nom.<\/p>\n<h3>Politique en mati\u00e8re de cookies<\/h3>\n<p>Sur ce site web, nous utilisons des cookies dans une mesure limit\u00e9e. Il s&rsquo;agit de cookies fonctionnels, analytiques et de suivi. <\/p>\n<h3>Vos droits<\/h3>\n<p>Gwynt vous donne acc\u00e8s \u00e0 vos donn\u00e9es personnelles apr\u00e8s v\u00e9rification de votre identit\u00e9. Vous pouvez nous adresser une demande de consultation, de rectification ou de suppression de vos donn\u00e9es personnelles. Dans ce dernier cas, Gwynt s&rsquo;efforcera de r\u00e9pondre \u00e0 votre demande, sauf si les donn\u00e9es personnelles doivent \u00eatre conserv\u00e9es en vertu de la loi ou \u00e0 des fins commerciales l\u00e9gitimes.  <\/p>\n<p>Vous avez \u00e9galement le droit de retirer votre consentement au traitement de vos donn\u00e9es personnelles ou de vous y opposer. Dans certains cas, vous avez \u00e9galement le droit \u00e0 la portabilit\u00e9 des donn\u00e9es. Cela signifie que vos donn\u00e9es \u00e0 caract\u00e8re personnel peuvent \u00eatre transf\u00e9r\u00e9es \u00e0 vous-m\u00eame ou \u00e0 un tiers d\u00e9sign\u00e9 par vous.  <\/p>\n<p>Vous pouvez nous envoyer par courrier \u00e9lectronique une demande d&rsquo;acc\u00e8s, de rectification, de suppression ou de transfert de vos donn\u00e9es \u00e0 caract\u00e8re personnel, une demande de retrait de votre consentement ou d&rsquo;opposition au traitement de vos donn\u00e9es \u00e0 caract\u00e8re personnel. Avant de pouvoir donner suite \u00e0 votre demande, nous devons v\u00e9rifier votre identit\u00e9. Nous vous demandons donc de joindre \u00e0 l&rsquo;e-mail une copie d&rsquo;un document d&rsquo;identit\u00e9 valide. Sur cette copie, veuillez masquer votre photo de passeport et noircir le num\u00e9ro de passeport, votre BSN et la bande de chiffres en bas (qui contient \u00e9galement votre BSN). Ces informations sont confidentielles et vous n&rsquo;avez pas besoin de nous les fournir. Nous r\u00e9pondrons \u00e0 votre demande d\u00e8s que possible et au plus tard dans un d\u00e9lai de quatre semaines.     <\/p>\n<p>Bien entendu, vous pouvez \u00e9galement nous appeler ou nous envoyer un courrier \u00e9lectronique si vous n&rsquo;\u00eates pas satisfait de la mani\u00e8re dont nous traitons vos donn\u00e9es \u00e0 caract\u00e8re personnel. Vous avez \u00e9galement la possibilit\u00e9 de d\u00e9poser une plainte aupr\u00e8s de l&rsquo;autorit\u00e9 de r\u00e9gulation, l&rsquo;Autorit\u00e9 des donn\u00e9es personnelles. <\/p>\n<h3>Changements<\/h3>\n<p>Les termes de la pr\u00e9sente d\u00e9claration de confidentialit\u00e9 peuvent faire l&rsquo;objet de modifications inopin\u00e9es. Les modifications entrent en vigueur d\u00e8s qu&rsquo;elles sont publi\u00e9es sur cette page. Nous vous recommandons donc de consulter r\u00e9guli\u00e8rement cette d\u00e9claration.  <\/p>\n<h3>Prenez contact avec nous<\/h3>\n<p>Si vous avez des questions, des plaintes ou des demandes, veuillez nous contacter au num\u00e9ro de t\u00e9l\u00e9phone +31 (0)411 602 778 et \u00e0 l&rsquo;adresse \u00e9lectronique info@gwynt.eu.<\/p>\n<p>[\/et_pb_text][\/et_pb_column][\/et_pb_row][\/et_pb_section]<\/p>\n","protected":false},"excerpt":{"rendered":"<p>D\u00e9claration de confidentialit\u00e9 Cette d\u00e9claration de confidentialit\u00e9 s&rsquo;applique au site web www.gwynt.eu exploit\u00e9 par Gwynt BV, bas\u00e9 \u00e0 Esch, enregistr\u00e9 aupr\u00e8s de la Chambre de Commerce sous le num\u00e9ro 17205501. Nous sommes tenus par la loi de vous informer sur les donn\u00e9es personnelles que Gwynt recueille et traite par le biais de ce site web [&hellip;]<\/p>\n","protected":false},"author":1,"featured_media":0,"parent":0,"menu_order":0,"comment_status":"closed","ping_status":"closed","template":"","meta":{"_et_pb_use_builder":"on","_et_pb_old_content":"","_et_gb_content_width":"","content-type":"","inline_featured_image":false,"footnotes":""},"class_list":["post-247332","page","type-page","status-publish","hentry"],"yoast_head":"<!-- This site is optimized with the Yoast SEO plugin v26.7 - https:\/\/yoast.com\/wordpress\/plugins\/seo\/ -->\n<title>D\u00e9claration de confidentialit\u00e9 - Gwynt<\/title>\n<meta name=\"robots\" content=\"index, follow, max-snippet:-1, max-image-preview:large, max-video-preview:-1\" \/>\n<link rel=\"canonical\" href=\"https:\/\/www.gwynt.eu\/fr\/declaration-de-confidentialite\/\" \/>\n<meta property=\"og:locale\" content=\"fr_FR\" \/>\n<meta property=\"og:type\" content=\"article\" \/>\n<meta property=\"og:title\" content=\"D\u00e9claration de confidentialit\u00e9 - Gwynt\" \/>\n<meta property=\"og:description\" content=\"D\u00e9claration de confidentialit\u00e9 Cette d\u00e9claration de confidentialit\u00e9 s&#039;applique au site web www.gwynt.eu exploit\u00e9 par Gwynt BV, bas\u00e9 \u00e0 Esch, enregistr\u00e9 aupr\u00e8s de la Chambre de Commerce sous le num\u00e9ro 17205501. Nous sommes tenus par la loi de vous informer sur les donn\u00e9es personnelles que Gwynt recueille et traite par le biais de ce site web [&hellip;]\" \/>\n<meta property=\"og:url\" content=\"https:\/\/www.gwynt.eu\/fr\/declaration-de-confidentialite\/\" \/>\n<meta property=\"og:site_name\" content=\"Gwynt\" \/>\n<meta property=\"article:modified_time\" content=\"2025-08-05T16:07:07+00:00\" \/>\n<meta name=\"twitter:card\" content=\"summary_large_image\" \/>\n<meta name=\"twitter:label1\" content=\"Dur\u00e9e de lecture estim\u00e9e\" \/>\n\t<meta name=\"twitter:data1\" content=\"7 minutes\" \/>\n<script type=\"application\/ld+json\" class=\"yoast-schema-graph\">{\"@context\":\"https:\/\/schema.org\",\"@graph\":[{\"@type\":\"WebPage\",\"@id\":\"https:\/\/www.gwynt.eu\/fr\/declaration-de-confidentialite\/\",\"url\":\"https:\/\/www.gwynt.eu\/fr\/declaration-de-confidentialite\/\",\"name\":\"D\u00e9claration de confidentialit\u00e9 - Gwynt\",\"isPartOf\":{\"@id\":\"https:\/\/www.gwynt.eu\/fr\/#website\"},\"datePublished\":\"2024-04-10T09:27:24+00:00\",\"dateModified\":\"2025-08-05T16:07:07+00:00\",\"breadcrumb\":{\"@id\":\"https:\/\/www.gwynt.eu\/fr\/declaration-de-confidentialite\/#breadcrumb\"},\"inLanguage\":\"fr-FR\",\"potentialAction\":[{\"@type\":\"ReadAction\",\"target\":[\"https:\/\/www.gwynt.eu\/fr\/declaration-de-confidentialite\/\"]}]},{\"@type\":\"BreadcrumbList\",\"@id\":\"https:\/\/www.gwynt.eu\/fr\/declaration-de-confidentialite\/#breadcrumb\",\"itemListElement\":[{\"@type\":\"ListItem\",\"position\":1,\"name\":\"Accueil\",\"item\":\"https:\/\/www.gwynt.eu\/fr\/page-daccueil-propre\/\"},{\"@type\":\"ListItem\",\"position\":2,\"name\":\"D\u00e9claration de confidentialit\u00e9\"}]},{\"@type\":\"WebSite\",\"@id\":\"https:\/\/www.gwynt.eu\/fr\/#website\",\"url\":\"https:\/\/www.gwynt.eu\/fr\/\",\"name\":\"Gwynt\",\"description\":\"Echte doorbraken bereik je samen\",\"publisher\":{\"@id\":\"https:\/\/www.gwynt.eu\/fr\/#organization\"},\"potentialAction\":[{\"@type\":\"SearchAction\",\"target\":{\"@type\":\"EntryPoint\",\"urlTemplate\":\"https:\/\/www.gwynt.eu\/fr\/?s={search_term_string}\"},\"query-input\":{\"@type\":\"PropertyValueSpecification\",\"valueRequired\":true,\"valueName\":\"search_term_string\"}}],\"inLanguage\":\"fr-FR\"},{\"@type\":\"Organization\",\"@id\":\"https:\/\/www.gwynt.eu\/fr\/#organization\",\"name\":\"Gwynt\",\"url\":\"https:\/\/www.gwynt.eu\/fr\/\",\"logo\":{\"@type\":\"ImageObject\",\"inLanguage\":\"fr-FR\",\"@id\":\"https:\/\/www.gwynt.eu\/fr\/#\/schema\/logo\/image\/\",\"url\":\"https:\/\/www.gwynt.eu\/wp-content\/uploads\/GWYNT_LOGO_RGB.png\",\"contentUrl\":\"https:\/\/www.gwynt.eu\/wp-content\/uploads\/GWYNT_LOGO_RGB.png\",\"width\":363,\"height\":431,\"caption\":\"Gwynt\"},\"image\":{\"@id\":\"https:\/\/www.gwynt.eu\/fr\/#\/schema\/logo\/image\/\"},\"sameAs\":[\"https:\/\/www.linkedin.com\/company\/gwynt\/mycompany\/\"]}]}<\/script>\n<!-- \/ Yoast SEO plugin. -->","yoast_head_json":{"title":"D\u00e9claration de confidentialit\u00e9 - Gwynt","robots":{"index":"index","follow":"follow","max-snippet":"max-snippet:-1","max-image-preview":"max-image-preview:large","max-video-preview":"max-video-preview:-1"},"canonical":"https:\/\/www.gwynt.eu\/fr\/declaration-de-confidentialite\/","og_locale":"fr_FR","og_type":"article","og_title":"D\u00e9claration de confidentialit\u00e9 - Gwynt","og_description":"D\u00e9claration de confidentialit\u00e9 Cette d\u00e9claration de confidentialit\u00e9 s'applique au site web www.gwynt.eu exploit\u00e9 par Gwynt BV, bas\u00e9 \u00e0 Esch, enregistr\u00e9 aupr\u00e8s de la Chambre de Commerce sous le num\u00e9ro 17205501. Nous sommes tenus par la loi de vous informer sur les donn\u00e9es personnelles que Gwynt recueille et traite par le biais de ce site web [&hellip;]","og_url":"https:\/\/www.gwynt.eu\/fr\/declaration-de-confidentialite\/","og_site_name":"Gwynt","article_modified_time":"2025-08-05T16:07:07+00:00","twitter_card":"summary_large_image","twitter_misc":{"Dur\u00e9e de lecture estim\u00e9e":"7 minutes"},"schema":{"@context":"https:\/\/schema.org","@graph":[{"@type":"WebPage","@id":"https:\/\/www.gwynt.eu\/fr\/declaration-de-confidentialite\/","url":"https:\/\/www.gwynt.eu\/fr\/declaration-de-confidentialite\/","name":"D\u00e9claration de confidentialit\u00e9 - Gwynt","isPartOf":{"@id":"https:\/\/www.gwynt.eu\/fr\/#website"},"datePublished":"2024-04-10T09:27:24+00:00","dateModified":"2025-08-05T16:07:07+00:00","breadcrumb":{"@id":"https:\/\/www.gwynt.eu\/fr\/declaration-de-confidentialite\/#breadcrumb"},"inLanguage":"fr-FR","potentialAction":[{"@type":"ReadAction","target":["https:\/\/www.gwynt.eu\/fr\/declaration-de-confidentialite\/"]}]},{"@type":"BreadcrumbList","@id":"https:\/\/www.gwynt.eu\/fr\/declaration-de-confidentialite\/#breadcrumb","itemListElement":[{"@type":"ListItem","position":1,"name":"Accueil","item":"https:\/\/www.gwynt.eu\/fr\/page-daccueil-propre\/"},{"@type":"ListItem","position":2,"name":"D\u00e9claration de confidentialit\u00e9"}]},{"@type":"WebSite","@id":"https:\/\/www.gwynt.eu\/fr\/#website","url":"https:\/\/www.gwynt.eu\/fr\/","name":"Gwynt","description":"Echte doorbraken bereik je samen","publisher":{"@id":"https:\/\/www.gwynt.eu\/fr\/#organization"},"potentialAction":[{"@type":"SearchAction","target":{"@type":"EntryPoint","urlTemplate":"https:\/\/www.gwynt.eu\/fr\/?s={search_term_string}"},"query-input":{"@type":"PropertyValueSpecification","valueRequired":true,"valueName":"search_term_string"}}],"inLanguage":"fr-FR"},{"@type":"Organization","@id":"https:\/\/www.gwynt.eu\/fr\/#organization","name":"Gwynt","url":"https:\/\/www.gwynt.eu\/fr\/","logo":{"@type":"ImageObject","inLanguage":"fr-FR","@id":"https:\/\/www.gwynt.eu\/fr\/#\/schema\/logo\/image\/","url":"https:\/\/www.gwynt.eu\/wp-content\/uploads\/GWYNT_LOGO_RGB.png","contentUrl":"https:\/\/www.gwynt.eu\/wp-content\/uploads\/GWYNT_LOGO_RGB.png","width":363,"height":431,"caption":"Gwynt"},"image":{"@id":"https:\/\/www.gwynt.eu\/fr\/#\/schema\/logo\/image\/"},"sameAs":["https:\/\/www.linkedin.com\/company\/gwynt\/mycompany\/"]}]}},"_links":{"self":[{"href":"https:\/\/www.gwynt.eu\/fr\/wp-json\/wp\/v2\/pages\/247332","targetHints":{"allow":["GET"]}}],"collection":[{"href":"https:\/\/www.gwynt.eu\/fr\/wp-json\/wp\/v2\/pages"}],"about":[{"href":"https:\/\/www.gwynt.eu\/fr\/wp-json\/wp\/v2\/types\/page"}],"author":[{"embeddable":true,"href":"https:\/\/www.gwynt.eu\/fr\/wp-json\/wp\/v2\/users\/1"}],"replies":[{"embeddable":true,"href":"https:\/\/www.gwynt.eu\/fr\/wp-json\/wp\/v2\/comments?post=247332"}],"version-history":[{"count":1,"href":"https:\/\/www.gwynt.eu\/fr\/wp-json\/wp\/v2\/pages\/247332\/revisions"}],"predecessor-version":[{"id":247338,"href":"https:\/\/www.gwynt.eu\/fr\/wp-json\/wp\/v2\/pages\/247332\/revisions\/247338"}],"wp:attachment":[{"href":"https:\/\/www.gwynt.eu\/fr\/wp-json\/wp\/v2\/media?parent=247332"}],"curies":[{"name":"wp","href":"https:\/\/api.w.org\/{rel}","templated":true}]}}