{"id":247284,"date":"2024-09-12T09:34:04","date_gmt":"2024-09-12T09:34:04","guid":{"rendered":"https:\/\/www.gwynt.eu\/medior-business-associate-manufacturing\/"},"modified":"2025-08-05T16:06:56","modified_gmt":"2025-08-05T16:06:56","slug":"medior-business-associate-manufacturing","status":"publish","type":"page","link":"https:\/\/www.gwynt.eu\/fr\/medior-business-associate-manufacturing\/","title":{"rendered":"Medior Business Associate Manufacturing"},"content":{"rendered":"<p>[et_pb_section fb_built=\"1&Prime; _builder_version=\"4.25.0&Prime; _module_preset=\"default\" use_background_color_gradient=\"on\" background_color_gradient_direction=\"90deg\" background_color_gradient_stops=\"#28367b 0%|#006fb9 100%\" global_colors_info=\"{}\"][et_pb_row _builder_version=\"4.24.2&Prime; _module_preset=\"default\" global_colors_info=\"{}\"][et_pb_column type=\"4_4&Prime; _builder_version=\"4.24.2&Prime; _module_preset=\"default\" pac_dcm_carousel_specific_module_num=\"0&Prime; global_colors_info=\"{}\"][et_pb_text _builder_version=\"4.27.0&Prime; _module_preset=\"default\" background_layout=\"dark\" hover_enabled=\"0&Prime; global_colors_info=\"{}\" sticky_enabled=\"0&Prime;]<\/p>\n<h1>Medior Business Associate Manufacturing<\/h1>\n<h3><\/h3>\n<p>[\/et_pb_text][\/et_pb_column][\/et_pb_row][\/et_pb_section][et_pb_section fb_built=\"1&Prime; _builder_version=\"4.24.2&Prime; _module_preset=\"default\" global_colors_info=\"{}\"][et_pb_row column_structure=\"2_5,3_5&Prime; _builder_version=\"4.25.0&Prime; _module_preset=\"default\" global_colors_info=\"{}\"][et_pb_column type=\"2_5&Prime; _builder_version=\"4.24.2&Prime; _module_preset=\"default\" pac_dcm_carousel_specific_module_num=\"0&Prime; global_colors_info=\"{}\"][et_pb_image src=\"https:\/\/www.gwynt.eu\/wp-content\/uploads\/Discrete-manufacturing.jpg\" title_text=\"Fabrication discr\u00e8te\" _builder_version=\"4.27.0&Prime; _module_preset=\"default\" hover_enabled=\"0&Prime; global_colors_info=\"{}\" sticky_enabled=\"0&Prime;][\/et_pb_image][\/et_pb_column][et_pb_column type=\"3_5&Prime; _builder_version=\"4.24.2&Prime; _module_preset=\"default\" pac_dcm_carousel_specific_module_num=\"0&Prime; global_colors_info=\"{}\"][et_pb_text _builder_version=\"4.25.2&Prime; _module_preset=\"default\" global_colors_info=\"{}\"]<\/p>\n<p>Gwynt est le cabinet de conseil pour les grandes entreprises entrepreneuriales (familiales) dans les secteurs du commerce de d\u00e9tail, du commerce de gros, de l&rsquo;alimentation et de l&rsquo;industrie manufacturi\u00e8re. Nous sommes le partenaire d&rsquo;entra\u00eenement strat\u00e9gique lorsqu&rsquo;une perc\u00e9e est n\u00e9cessaire. <\/p>\n<p>La combinaison du hard (strat\u00e9gie, processus, contenu, gestion de projet) et du soft (comportement, management, gestion du changement) nous rend unique. Notre approche est pragmatique et ne se limite pas \u00e0 donner des conseils ; l&rsquo;obtention de r\u00e9sultats est toujours primordiale.<\/p>\n<p>[\/et_pb_text][et_pb_text _builder_version=\"4.25.2&Prime; _module_preset=\"default\" module_alignment=\"center\" global_colors_info=\"{}\"]<\/p>\n<a href=\"javascript:void(0)\" class=\"hustle_module_shortcode_trigger hustle_module_1 \" data-id=\"1\" data-type=\"popup\">Postulez imm\u00e9diatement !<\/a>\n<p>[\/et_pb_text][\/et_pb_column][\/et_pb_row][\/et_pb_section][et_pb_section fb_built=\"1&Prime; _builder_version=\"4.24.3&Prime; _module_preset=\"default\" background_color=\"#ECECEC\" custom_padding=\"||50px|||\" global_colors_info=\"{}\"][et_pb_row column_structure=\"3_4,1_4&Prime; _builder_version=\"4.25.0&Prime; _module_preset=\"default\" custom_padding=\"||0px|||\" global_colors_info=\"{}\"][et_pb_column type=\"3_4&Prime; _builder_version=\"4.25.2&Prime; _module_preset=\"default\" pac_dcm_carousel_specific_module_num=\"0&Prime; global_colors_info=\"{}\"][et_pb_text _builder_version=\"4.25.2&Prime; _module_preset=\"default\" global_colors_info=\"{}\"]<\/p>\n<h3>Votre r\u00f4le \u00e0 Gwynt<\/h3>\n<p>[\/et_pb_text][et_pb_text _builder_version=\"4.25.2&Prime; _module_preset=\"default\" global_colors_info=\"{}\"]<\/p>\n<p style=\"font-weight: 400;\">Vous jouez un r\u00f4le important dans les projets de transformation \u00e0 fort impact que vous menez avec vos coll\u00e8gues chez nos clients de l&rsquo;industrie (high-tech). Vous contribuez \u00e0 l&rsquo;\u00e9laboration d&rsquo;une nouvelle strat\u00e9gie et la traduisez en plans concrets pour l&rsquo;entreprise. Vous participez \u00e0 des projets complexes et jouez un r\u00f4le important (et croissant) dans la gestion de projets, de programmes et de changements.  <\/p>\n<p style=\"font-weight: 400;\">Les projets de transformation commencent souvent par un examen rapide et il est important, dans cette phase, d&rsquo;aller rapidement au c\u0153ur du probl\u00e8me. Vos analyses pragmatiques sont cruciales dans cette phase. Vous entrez \u00e9galement en contact avec la direction et les collaborateurs de nos clients. Avec vos coll\u00e8gues, vous \u00e9laborez un programme de changement sur mesure et l&rsquo;utilisez pour travailler chez le client pendant plusieurs mois.   <\/p>\n<p style=\"font-weight: 400;\">Vous travaillez sur un ou plusieurs axes de travail (tels que la strat\u00e9gie, le d\u00e9veloppement de nouveaux produits et la technologie, les op\u00e9rations, la cha\u00eene d&rsquo;approvisionnement, la gestion des fournisseurs ou la gestion de portefeuille) et veillez \u00e0 ce que les plans soient effectivement mis en \u0153uvre sur le site du client.<\/p>\n<p>[\/et_pb_text][\/et_pb_column][et_pb_column type=\"1_4&Prime; _builder_version=\"4.25.2&Prime; _module_preset=\"default\" pac_dcm_carousel_specific_module_num=\"0&Prime; global_colors_info=\"{}\"][et_pb_text _builder_version=\"4.25.2&Prime; _module_preset=\"default\" text_text_color=\"#ECECEC\" ul_text_align=\"center\" header_text_color=\"#ECECEC\" header_2_text_align=\"center\" header_2_text_color=\"#ECECEC\" background_color=\"#28367B\" global_colors_info=\"{}\"]<\/p>\n<h2 style=\"text-align: center;\"><\/h2>\n<h2 style=\"text-align: center;\"><\/h2>\n<h2 style=\"text-align: center;\"><\/h2>\n<h2 style=\"text-align: center;\"><\/h2>\n<h2 style=\"text-align: center;\">Nous sommes GWYNT<\/h2>\n<p style=\"text-align: center;\">Pas de probl\u00e8me<\/p>\n<p style=\"text-align: center;\">Conscience de soi<\/p>\n<p style=\"text-align: center;\">D\u00e9cisif<\/p>\n<p style=\"text-align: center;\">Une \u00e9quipe soud\u00e9e<\/p>\n<p style=\"text-align: center;\">D\u00e9fi<\/p>\n<p style=\"text-align: center;\">Fou de Brabant<br \/>\nroul\u00e9s \u00e0 la saucisse<\/p>\n<p>[\/et_pb_text][\/et_pb_column][\/et_pb_row][\/et_pb_section][et_pb_section fb_built=\"1&Prime; _builder_version=\"4.27.0&Prime; _module_preset=\"default\" global_colors_info=\"{}\"][et_pb_row _builder_version=\"4.27.0&Prime; _module_preset=\"default\" global_colors_info=\"{}\"][et_pb_column type=\"4_4&Prime; _builder_version=\"4.27.0&Prime; _module_preset=\"default\" pac_dcm_carousel_specific_module_num=\"0&Prime; global_colors_info=\"{}\"][et_pb_text _builder_version=\"4.27.0&Prime; _module_preset=\"default\" global_colors_info=\"{}\"]<\/p>\n<h3>\u00c0 quoi ressemble votre journ\u00e9e de travail ?<\/h3>\n<p>[\/et_pb_text][et_pb_text _builder_version=\"4.27.0&Prime; _module_preset=\"default\" global_colors_info=\"{}\"]<\/p>\n<p style=\"font-weight: 400;\">Il n&rsquo;y a pas deux jours identiques. Un jour, vous travaillez avec des \u00e9quipes sur le terrain pour instaurer une culture de l&rsquo;excellence op\u00e9rationnelle, le lendemain, vous vous plongez dans Power BI pour effectuer des analyses approfondies des donn\u00e9es clients. Tout cela pour obtenir des r\u00e9sultats durables et une culture d&rsquo;am\u00e9lioration continue chez notre client.  <\/p>\n<p>[\/et_pb_text][\/et_pb_column][\/et_pb_row][\/et_pb_section][et_pb_section fb_built=\"1&Prime; _builder_version=\"4.27.0&Prime; _module_preset=\"default\" background_color=\"#ECECEC\" custom_padding=\"||50px|||\" global_colors_info=\"{}\"][et_pb_row column_structure=\"1_2,1_2&Prime; _builder_version=\"4.24.2&Prime; _module_preset=\"default\" custom_padding=\"||0px|||\" global_colors_info=\"{}\"][et_pb_column type=\"1_2&Prime; _builder_version=\"4.24.2&Prime; _module_preset=\"default\" pac_dcm_carousel_specific_module_num=\"0&Prime; global_colors_info=\"{}\"][et_pb_text _builder_version=\"4.25.2&Prime; _module_preset=\"default\" global_colors_info=\"{}\"]<\/p>\n<section id=\"content\" style=\"width: 100%;\">\n<div id=\"post-3582\" class=\"post-3582 cpt_vacatures type-cpt_vacatures status-publish has-post-thumbnail hentry\">\n<div class=\"post-content\">\n<div class=\"fusion-fullwidth fullwidth-box fusion-builder-row-7 fusion-flex-container nonhundred-percent-fullwidth non-hundred-percent-height-scrolling\" style=\"--awb-border-radius-top-left: 0px; --awb-border-radius-top-right: 0px; --awb-border-radius-bottom-right: 0px; --awb-border-radius-bottom-left: 0px; --awb-flex-wrap: wrap;\">\n<div class=\"fusion-builder-row fusion-row fusion-flex-align-items-flex-start fusion-flex-content-wrap\" style=\"max-width: 1248px; margin-left: calc(-4% \/ 2 ); margin-right: calc(-4% \/ 2 );\">\n<div class=\"fusion-layout-column fusion_builder_column fusion-builder-column-8 fusion_builder_column_1_1 1_1 fusion-flex-column\" style=\"--awb-bg-size: cover; --awb-width-large: 100%; --awb-margin-top-large: 0px; --awb-spacing-right-large: 1.92%; --awb-margin-bottom-large: 0px; --awb-spacing-left-large: 1.92%; --awb-width-medium: 100%; --awb-order-medium: 0; --awb-spacing-right-medium: 1.92%; --awb-spacing-left-medium: 1.92%; --awb-width-small: 100%; --awb-order-small: 0; --awb-spacing-right-small: 1.92%; --awb-spacing-left-small: 1.92%;\">\n<div class=\"fusion-column-wrapper fusion-column-has-shadow fusion-flex-justify-content-flex-start fusion-content-layout-column\">\n<div class=\"fusion-content-tb fusion-content-tb-1\">\n<div class=\"fusion-title title fusion-title-4 fusion-sep-none fusion-title-text fusion-title-size-two\" style=\"--awb-margin-bottom: 10px;\">\n<h2 class=\"fusion-title-heading title-heading-left\" style=\"margin: 0px; text-align: left;\">Vous avez :<\/h2>\n<\/div>\n<\/div>\n<\/div>\n<\/div>\n<\/div>\n<\/div>\n<\/div>\n<\/div>\n<\/section>\n<p>[\/et_pb_text][et_pb_text _builder_version=\"4.27.0&Prime; _module_preset=\"default\" hover_enabled=\"0&Prime; global_colors_info=\"{}\" sticky_enabled=\"0&Prime;]<\/p>\n<ul>\n<li>environ 3 \u00e0 5 ans d&rsquo;exp\u00e9rience dans le domaine de la fabrication, de la gestion de la cha\u00eene d&rsquo;approvisionnement, de la gestion des fournisseurs et\/ou de la technologie et de l&rsquo;innovation<\/li>\n<li>exp\u00e9rience dans le soutien de processus strat\u00e9giques complexes dans l&rsquo;industrie manufacturi\u00e8re<\/li>\n<li>vous avez une grande exp\u00e9rience de l&rsquo;analyse des donn\u00e9es, de l&rsquo;\u00e9tablissement de rapports et de la visualisation des donn\u00e9es, et la mod\u00e9lisation des donn\u00e9es et les algorithmes (science des donn\u00e9es) constituent un atout pour vous<\/li>\n<li>vous avez peut-\u00eatre d\u00e9j\u00e0 une exp\u00e9rience dans le domaine du conseil, ou vous avez l&rsquo;ambition de d\u00e9velopper des comp\u00e9tences en mati\u00e8re de conseil<\/li>\n<li>\n<div>Dipl\u00f4me d&rsquo;\u00e9tudes sup\u00e9rieures ; de pr\u00e9f\u00e9rence en gestion d&rsquo;entreprise (technique), en ing\u00e9nierie m\u00e9canique ou dans d&rsquo;autres domaines (techniques) pertinents.<\/div>\n<\/li>\n<li style=\"list-style-type: none;\">\n<\/li>\n<\/ul>\n<p>[\/et_pb_text][\/et_pb_column][et_pb_column type=\"1_2&Prime; _builder_version=\"4.24.2&Prime; _module_preset=\"default\" pac_dcm_carousel_specific_module_num=\"0&Prime; global_colors_info=\"{}\"][et_pb_text _builder_version=\"4.25.2&Prime; _module_preset=\"default\" global_colors_info=\"{}\"]<\/p>\n<section id=\"content\" style=\"width: 100%;\">\n<div id=\"post-3582\" class=\"post-3582 cpt_vacatures type-cpt_vacatures status-publish has-post-thumbnail hentry\">\n<div class=\"post-content\">\n<div class=\"fusion-fullwidth fullwidth-box fusion-builder-row-7 fusion-flex-container nonhundred-percent-fullwidth non-hundred-percent-height-scrolling\" style=\"--awb-border-radius-top-left: 0px; --awb-border-radius-top-right: 0px; --awb-border-radius-bottom-right: 0px; --awb-border-radius-bottom-left: 0px; --awb-flex-wrap: wrap;\">\n<div class=\"fusion-builder-row fusion-row fusion-flex-align-items-flex-start fusion-flex-content-wrap\" style=\"max-width: 1248px; margin-left: calc(-4% \/ 2 ); margin-right: calc(-4% \/ 2 );\">\n<div class=\"fusion-layout-column fusion_builder_column fusion-builder-column-8 fusion_builder_column_1_1 1_1 fusion-flex-column\" style=\"--awb-bg-size: cover; --awb-width-large: 100%; --awb-margin-top-large: 0px; --awb-spacing-right-large: 1.92%; --awb-margin-bottom-large: 0px; --awb-spacing-left-large: 1.92%; --awb-width-medium: 100%; --awb-order-medium: 0; --awb-spacing-right-medium: 1.92%; --awb-spacing-left-medium: 1.92%; --awb-width-small: 100%; --awb-order-small: 0; --awb-spacing-right-small: 1.92%; --awb-spacing-left-small: 1.92%;\">\n<div class=\"fusion-column-wrapper fusion-column-has-shadow fusion-flex-justify-content-flex-start fusion-content-layout-column\">\n<div class=\"fusion-content-tb fusion-content-tb-1\">\n<div class=\"fusion-title title fusion-title-4 fusion-sep-none fusion-title-text fusion-title-size-two\" style=\"--awb-margin-bottom: 10px;\">\n<h2 class=\"fusion-title-heading title-heading-left\" style=\"margin: 0px; text-align: left;\">Votre personnage :<\/h2>\n<\/div>\n<\/div>\n<\/div>\n<\/div>\n<\/div>\n<\/div>\n<\/div>\n<\/div>\n<\/section>\n<p>[\/et_pb_text][et_pb_text _builder_version=\"4.27.0&Prime; _module_preset=\"default\" hover_enabled=\"0&Prime; global_colors_info=\"{}\" sticky_enabled=\"0&Prime;]<\/p>\n<ul>\n<li>Vous \u00eates curieux, motiv\u00e9 et orient\u00e9 vers les r\u00e9sultats<\/li>\n<li>Vous avez le sens de l&rsquo;analyse<\/li>\n<li>Vous savez g\u00e9rer la r\u00e9sistance<\/li>\n<li>Vous aimez faire partie d&rsquo;une \u00e9quipe soud\u00e9e et engag\u00e9e.<\/li>\n<\/ul>\n<p>[\/et_pb_text][\/et_pb_column][\/et_pb_row][\/et_pb_section][et_pb_section fb_built=\"1&Prime; _builder_version=\"4.25.0&Prime; _module_preset=\"default\" use_background_color_gradient=\"on\" background_color_gradient_direction=\"90deg\" background_color_gradient_stops=\"#28367b 0%|#006fb9 100%\" global_colors_info=\"{}\"][et_pb_row _builder_version=\"4.24.3&Prime; _module_preset=\"default\" global_colors_info=\"{}\"][et_pb_column type=\"4_4&Prime; _builder_version=\"4.24.3&Prime; _module_preset=\"default\" pac_dcm_carousel_specific_module_num=\"0&Prime; global_colors_info=\"{}\"][et_pb_text _builder_version=\"4.25.2&Prime; _module_preset=\"default\" background_layout=\"dark\" global_colors_info=\"{}\"]<\/p>\n<p style=\"font-weight: 400;\">Vous pouvez compter sur une \u00e9quipe soud\u00e9e de coll\u00e8gues qui sont pr\u00eats \u00e0 s&rsquo;entraider et \u00e0 partager leurs connaissances et leurs exp\u00e9riences. La culture est ouverte et laisse une large place \u00e0 l&rsquo;esprit d&rsquo;entreprise et \u00e0 l&rsquo;\u00e9panouissement personnel. Nous offrons un environnement de travail instructif avec d&rsquo;excellentes opportunit\u00e9s de carri\u00e8re et un ensemble d&rsquo;avantages comp\u00e9titifs, y compris une voiture de location. Un salaire annuel compris entre 55 000 et 70 000 euros bruts, y compris un p\u00e9cule de vacances et une prime variable. Naturellement, vous pouvez \u00e9voluer au sein de Gwynt jusqu&rsquo;\u00e0 un poste de direction.     <\/p>\n<p style=\"font-weight: 400;\">Nos employ\u00e9s sont \u00e9galement \u00e9troitement impliqu\u00e9s dans le d\u00e9veloppement et la croissance de Gwynt. C&rsquo;est ensemble que nous d\u00e9terminons votre avenir chez Gwynt : souhaitez-vous poursuivre votre d\u00e9veloppement en tant qu&rsquo;expert en fabrication ou choisir d&rsquo;\u00e9largir vos comp\u00e9tences en mati\u00e8re de conseil ? Tout est possible !  <\/p>\n<p>[\/et_pb_text][\/et_pb_column][\/et_pb_row][\/et_pb_section][et_pb_section fb_built=\"1&Prime; _builder_version=\"4.24.3&Prime; _module_preset=\"default\" background_color=\"RGBA(255,255,255,0)\" global_colors_info=\"{}\"][et_pb_row column_structure=\"1_4,3_4&Prime; _builder_version=\"4.24.2&Prime; _module_preset=\"default\" global_colors_info=\"{}\"][et_pb_column type=\"1_4&Prime; _builder_version=\"4.24.2&Prime; _module_preset=\"default\" pac_dcm_carousel_specific_module_num=\"0&Prime; global_colors_info=\"{}\"][et_pb_image src=\"https:\/\/www.gwynt.eu\/wp-content\/uploads\/2022-Gwynt-Joost-Aarts.jpg\" title_text=\"2022-Gwynt-Joost-Aarts\" _builder_version=\"4.25.0&Prime; _module_preset=\"default\" global_colors_info=\"{}\"][\/et_pb_image][\/et_pb_column][et_pb_column type=\"3_4&Prime; _builder_version=\"4.24.2&Prime; _module_preset=\"default\" pac_dcm_carousel_specific_module_num=\"0&Prime; global_colors_info=\"{}\"][et_pb_text _builder_version=\"4.25.2&Prime; _module_preset=\"default\" global_colors_info=\"{}\"]<\/p>\n<h3 class=\"fusion-title-heading title-heading-left\" style=\"margin: 0;\">Vous avez \u00e9galement un impact sur les entreprises ?<\/h3>\n<p>Vous souhaitez en savoir plus sur Gwynt ou sur le poste ? Contactez <a href=\"https:\/\/www.gwynt.eu\/team\/joost-aarts\/\">Joost Aarts<\/a> au + 31 (0)6 13 584 561. <\/p>\n<p>Vous reconnaissez-vous dans le profil ci-dessus et \u00eates-vous pr\u00eat \u00e0 relever un (nouveau) d\u00e9fi ?<\/p>\n<p>&nbsp;<\/p>\n<a href=\"javascript:void(0)\" class=\"hustle_module_shortcode_trigger hustle_module_1 \" data-id=\"1\" data-type=\"popup\">Postulez imm\u00e9diatement !<\/a>\n<p>[\/et_pb_text][\/et_pb_column][\/et_pb_row][\/et_pb_section]<\/p>\n","protected":false},"excerpt":{"rendered":"<p>Medior Business Associate Manufacturing Gwynt est le cabinet de conseil pour les grandes entreprises entrepreneuriales (familiales) dans les secteurs du commerce de d\u00e9tail, du commerce de gros, de l&rsquo;alimentation et de l&rsquo;industrie manufacturi\u00e8re. Nous sommes le partenaire d&rsquo;entra\u00eenement strat\u00e9gique lorsqu&rsquo;une perc\u00e9e est n\u00e9cessaire. La combinaison du hard (strat\u00e9gie, processus, contenu, gestion de projet) et du [&hellip;]<\/p>\n","protected":false},"author":1,"featured_media":0,"parent":0,"menu_order":0,"comment_status":"closed","ping_status":"closed","template":"","meta":{"_et_pb_use_builder":"on","_et_pb_old_content":"","_et_gb_content_width":"","content-type":"","inline_featured_image":false,"footnotes":""},"class_list":["post-247284","page","type-page","status-publish","hentry"],"yoast_head":"<!-- This site is optimized with the Yoast SEO plugin v26.7 - https:\/\/yoast.com\/wordpress\/plugins\/seo\/ -->\n<title>Medior Business Associate Manufacturing - Gwynt<\/title>\n<meta name=\"robots\" content=\"index, follow, max-snippet:-1, max-image-preview:large, max-video-preview:-1\" \/>\n<link rel=\"canonical\" href=\"https:\/\/www.gwynt.eu\/fr\/medior-business-associate-manufacturing\/\" \/>\n<meta property=\"og:locale\" content=\"fr_FR\" \/>\n<meta property=\"og:type\" content=\"article\" \/>\n<meta property=\"og:title\" content=\"Medior Business Associate Manufacturing - Gwynt\" \/>\n<meta property=\"og:description\" content=\"Medior Business Associate Manufacturing Gwynt est le cabinet de conseil pour les grandes entreprises entrepreneuriales (familiales) dans les secteurs du commerce de d\u00e9tail, du commerce de gros, de l&#039;alimentation et de l&#039;industrie manufacturi\u00e8re. Nous sommes le partenaire d&#039;entra\u00eenement strat\u00e9gique lorsqu&#039;une perc\u00e9e est n\u00e9cessaire. La combinaison du hard (strat\u00e9gie, processus, contenu, gestion de projet) et du [&hellip;]\" \/>\n<meta property=\"og:url\" content=\"https:\/\/www.gwynt.eu\/fr\/medior-business-associate-manufacturing\/\" \/>\n<meta property=\"og:site_name\" content=\"Gwynt\" \/>\n<meta property=\"article:modified_time\" content=\"2025-08-05T16:06:56+00:00\" \/>\n<meta name=\"twitter:card\" content=\"summary_large_image\" \/>\n<meta name=\"twitter:label1\" content=\"Dur\u00e9e de lecture estim\u00e9e\" \/>\n\t<meta name=\"twitter:data1\" content=\"8 minutes\" \/>\n<script type=\"application\/ld+json\" class=\"yoast-schema-graph\">{\"@context\":\"https:\/\/schema.org\",\"@graph\":[{\"@type\":\"WebPage\",\"@id\":\"https:\/\/www.gwynt.eu\/fr\/medior-business-associate-manufacturing\/\",\"url\":\"https:\/\/www.gwynt.eu\/fr\/medior-business-associate-manufacturing\/\",\"name\":\"Medior Business Associate Manufacturing - Gwynt\",\"isPartOf\":{\"@id\":\"https:\/\/www.gwynt.eu\/fr\/#website\"},\"datePublished\":\"2024-09-12T09:34:04+00:00\",\"dateModified\":\"2025-08-05T16:06:56+00:00\",\"breadcrumb\":{\"@id\":\"https:\/\/www.gwynt.eu\/fr\/medior-business-associate-manufacturing\/#breadcrumb\"},\"inLanguage\":\"fr-FR\",\"potentialAction\":[{\"@type\":\"ReadAction\",\"target\":[\"https:\/\/www.gwynt.eu\/fr\/medior-business-associate-manufacturing\/\"]}]},{\"@type\":\"BreadcrumbList\",\"@id\":\"https:\/\/www.gwynt.eu\/fr\/medior-business-associate-manufacturing\/#breadcrumb\",\"itemListElement\":[{\"@type\":\"ListItem\",\"position\":1,\"name\":\"Accueil\",\"item\":\"https:\/\/www.gwynt.eu\/fr\/page-daccueil-propre\/\"},{\"@type\":\"ListItem\",\"position\":2,\"name\":\"Medior Business Associate Manufacturing\"}]},{\"@type\":\"WebSite\",\"@id\":\"https:\/\/www.gwynt.eu\/fr\/#website\",\"url\":\"https:\/\/www.gwynt.eu\/fr\/\",\"name\":\"Gwynt\",\"description\":\"Echte doorbraken bereik je samen\",\"publisher\":{\"@id\":\"https:\/\/www.gwynt.eu\/fr\/#organization\"},\"potentialAction\":[{\"@type\":\"SearchAction\",\"target\":{\"@type\":\"EntryPoint\",\"urlTemplate\":\"https:\/\/www.gwynt.eu\/fr\/?s={search_term_string}\"},\"query-input\":{\"@type\":\"PropertyValueSpecification\",\"valueRequired\":true,\"valueName\":\"search_term_string\"}}],\"inLanguage\":\"fr-FR\"},{\"@type\":\"Organization\",\"@id\":\"https:\/\/www.gwynt.eu\/fr\/#organization\",\"name\":\"Gwynt\",\"url\":\"https:\/\/www.gwynt.eu\/fr\/\",\"logo\":{\"@type\":\"ImageObject\",\"inLanguage\":\"fr-FR\",\"@id\":\"https:\/\/www.gwynt.eu\/fr\/#\/schema\/logo\/image\/\",\"url\":\"https:\/\/www.gwynt.eu\/wp-content\/uploads\/GWYNT_LOGO_RGB.png\",\"contentUrl\":\"https:\/\/www.gwynt.eu\/wp-content\/uploads\/GWYNT_LOGO_RGB.png\",\"width\":363,\"height\":431,\"caption\":\"Gwynt\"},\"image\":{\"@id\":\"https:\/\/www.gwynt.eu\/fr\/#\/schema\/logo\/image\/\"},\"sameAs\":[\"https:\/\/www.linkedin.com\/company\/gwynt\/mycompany\/\"]}]}<\/script>\n<!-- \/ Yoast SEO plugin. -->","yoast_head_json":{"title":"Medior Business Associate Manufacturing - Gwynt","robots":{"index":"index","follow":"follow","max-snippet":"max-snippet:-1","max-image-preview":"max-image-preview:large","max-video-preview":"max-video-preview:-1"},"canonical":"https:\/\/www.gwynt.eu\/fr\/medior-business-associate-manufacturing\/","og_locale":"fr_FR","og_type":"article","og_title":"Medior Business Associate Manufacturing - Gwynt","og_description":"Medior Business Associate Manufacturing Gwynt est le cabinet de conseil pour les grandes entreprises entrepreneuriales (familiales) dans les secteurs du commerce de d\u00e9tail, du commerce de gros, de l'alimentation et de l'industrie manufacturi\u00e8re. Nous sommes le partenaire d'entra\u00eenement strat\u00e9gique lorsqu'une perc\u00e9e est n\u00e9cessaire. La combinaison du hard (strat\u00e9gie, processus, contenu, gestion de projet) et du [&hellip;]","og_url":"https:\/\/www.gwynt.eu\/fr\/medior-business-associate-manufacturing\/","og_site_name":"Gwynt","article_modified_time":"2025-08-05T16:06:56+00:00","twitter_card":"summary_large_image","twitter_misc":{"Dur\u00e9e de lecture estim\u00e9e":"8 minutes"},"schema":{"@context":"https:\/\/schema.org","@graph":[{"@type":"WebPage","@id":"https:\/\/www.gwynt.eu\/fr\/medior-business-associate-manufacturing\/","url":"https:\/\/www.gwynt.eu\/fr\/medior-business-associate-manufacturing\/","name":"Medior Business Associate Manufacturing - Gwynt","isPartOf":{"@id":"https:\/\/www.gwynt.eu\/fr\/#website"},"datePublished":"2024-09-12T09:34:04+00:00","dateModified":"2025-08-05T16:06:56+00:00","breadcrumb":{"@id":"https:\/\/www.gwynt.eu\/fr\/medior-business-associate-manufacturing\/#breadcrumb"},"inLanguage":"fr-FR","potentialAction":[{"@type":"ReadAction","target":["https:\/\/www.gwynt.eu\/fr\/medior-business-associate-manufacturing\/"]}]},{"@type":"BreadcrumbList","@id":"https:\/\/www.gwynt.eu\/fr\/medior-business-associate-manufacturing\/#breadcrumb","itemListElement":[{"@type":"ListItem","position":1,"name":"Accueil","item":"https:\/\/www.gwynt.eu\/fr\/page-daccueil-propre\/"},{"@type":"ListItem","position":2,"name":"Medior Business Associate Manufacturing"}]},{"@type":"WebSite","@id":"https:\/\/www.gwynt.eu\/fr\/#website","url":"https:\/\/www.gwynt.eu\/fr\/","name":"Gwynt","description":"Echte doorbraken bereik je samen","publisher":{"@id":"https:\/\/www.gwynt.eu\/fr\/#organization"},"potentialAction":[{"@type":"SearchAction","target":{"@type":"EntryPoint","urlTemplate":"https:\/\/www.gwynt.eu\/fr\/?s={search_term_string}"},"query-input":{"@type":"PropertyValueSpecification","valueRequired":true,"valueName":"search_term_string"}}],"inLanguage":"fr-FR"},{"@type":"Organization","@id":"https:\/\/www.gwynt.eu\/fr\/#organization","name":"Gwynt","url":"https:\/\/www.gwynt.eu\/fr\/","logo":{"@type":"ImageObject","inLanguage":"fr-FR","@id":"https:\/\/www.gwynt.eu\/fr\/#\/schema\/logo\/image\/","url":"https:\/\/www.gwynt.eu\/wp-content\/uploads\/GWYNT_LOGO_RGB.png","contentUrl":"https:\/\/www.gwynt.eu\/wp-content\/uploads\/GWYNT_LOGO_RGB.png","width":363,"height":431,"caption":"Gwynt"},"image":{"@id":"https:\/\/www.gwynt.eu\/fr\/#\/schema\/logo\/image\/"},"sameAs":["https:\/\/www.linkedin.com\/company\/gwynt\/mycompany\/"]}]}},"_links":{"self":[{"href":"https:\/\/www.gwynt.eu\/fr\/wp-json\/wp\/v2\/pages\/247284","targetHints":{"allow":["GET"]}}],"collection":[{"href":"https:\/\/www.gwynt.eu\/fr\/wp-json\/wp\/v2\/pages"}],"about":[{"href":"https:\/\/www.gwynt.eu\/fr\/wp-json\/wp\/v2\/types\/page"}],"author":[{"embeddable":true,"href":"https:\/\/www.gwynt.eu\/fr\/wp-json\/wp\/v2\/users\/1"}],"replies":[{"embeddable":true,"href":"https:\/\/www.gwynt.eu\/fr\/wp-json\/wp\/v2\/comments?post=247284"}],"version-history":[{"count":6,"href":"https:\/\/www.gwynt.eu\/fr\/wp-json\/wp\/v2\/pages\/247284\/revisions"}],"predecessor-version":[{"id":247303,"href":"https:\/\/www.gwynt.eu\/fr\/wp-json\/wp\/v2\/pages\/247284\/revisions\/247303"}],"wp:attachment":[{"href":"https:\/\/www.gwynt.eu\/fr\/wp-json\/wp\/v2\/media?parent=247284"}],"curies":[{"name":"wp","href":"https:\/\/api.w.org\/{rel}","templated":true}]}}