{"id":247162,"date":"2024-03-01T11:03:37","date_gmt":"2024-03-01T11:03:37","guid":{"rendered":"https:\/\/www.gwynt.eu\/inspiration\/"},"modified":"2025-08-05T16:06:18","modified_gmt":"2025-08-05T16:06:18","slug":"inspiration","status":"publish","type":"page","link":"https:\/\/www.gwynt.eu\/fr\/inspiration\/","title":{"rendered":"Inspiration"},"content":{"rendered":"<p>[et_pb_section fb_built=\u00a0\u00bb1&Prime; _builder_version=\u00a0\u00bb4.24.2&Prime; _module_preset=\u00a0\u00bbdefault\u00a0\u00bb use_background_color_gradient=\u00a0\u00bbon\u00a0\u00bb background_color_gradient_direction=\u00a0\u00bb90deg\u00a0\u00bb background_color_gradient_stops=\u00a0\u00bb#28367b 0%|#006fb9 100%\u00a0\u00bb global_colors_info=\u00a0\u00bb{}\u00a0\u00bb][et_pb_row _builder_version=\u00a0\u00bb4.24.2&Prime; _module_preset=\u00a0\u00bbdefault\u00a0\u00bb global_colors_info=\u00a0\u00bb{}\u00a0\u00bb][et_pb_column type=\u00a0\u00bb4_4&Prime; _builder_version=\u00a0\u00bb4.24.2&Prime; _module_preset=\u00a0\u00bbdefault\u00a0\u00bb pac_dcm_carousel_specific_module_num=\u00a0\u00bb0&Prime; global_colors_info=\u00a0\u00bb{}\u00a0\u00bb][et_pb_text _builder_version=\u00a0\u00bb4.24.2&Prime; _module_preset=\u00a0\u00bbdefault\u00a0\u00bb background_layout=\u00a0\u00bbdark\u00a0\u00bb global_colors_info=\u00a0\u00bb{}\u00a0\u00bb]<\/p>\n<h1>Les profondeurs avec Gwynt<o:p><\/o:p><o:p><\/o:p><o:p><\/o:p><\/h1>\n<h3>Connaissances, id\u00e9es et inspiration<\/h3>\n<p>Fa\u00e7onner l&rsquo;avenir commence par la connaissance, l&rsquo;intuition et l&rsquo;inspiration. Gwynt sait ce qui se passe et vous emm\u00e8ne en profondeur. Sautez dans la roue et d\u00e9couvrez les derni\u00e8res id\u00e9es et \u00e9volutions.  <\/p>\n<p><o:p><\/o:p><o:p><\/o:p><\/p>\n<p>[\/et_pb_text][\/et_pb_column][\/et_pb_row][\/et_pb_section][et_pb_section fb_built=\u00a0\u00bb1&Prime; _builder_version=\u00a0\u00bb4.24.2&Prime; _module_preset=\u00a0\u00bbdefault\u00a0\u00bb background_color=\u00a0\u00bb#ECECEC\u00a0\u00bb global_colors_info=\u00a0\u00bb{}\u00a0\u00bb][et_pb_row column_structure=\u00a0\u00bb1_2,1_2&Prime; _builder_version=\u00a0\u00bb4.24.2&Prime; _module_preset=\u00a0\u00bbdefault\u00a0\u00bb global_colors_info=\u00a0\u00bb{}\u00a0\u00bb][et_pb_column type=\u00a0\u00bb1_2&Prime; _builder_version=\u00a0\u00bb4.24.2&Prime; _module_preset=\u00a0\u00bbdefault\u00a0\u00bb pac_dcm_carousel_specific_module_num=\u00a0\u00bb0&Prime; global_colors_info=\u00a0\u00bb{}\u00a0\u00bb][et_pb_image src=\u00a0\u00bbhttps:\/\/www.gwynt.eu\/wp-content\/uploads\/Gamechangerz.png\u00a0\u00bb title_text=\u00a0\u00bbChangeurs de jeu\u00a0\u00bb _builder_version=\u00a0\u00bb4.25.0&Prime; _module_preset=\u00a0\u00bbdefault\u00a0\u00bb global_colors_info=\u00a0\u00bb{}\u00a0\u00bb][\/et_pb_image][\/et_pb_column][et_pb_column type=\u00a0\u00bb1_2&Prime; _builder_version=\u00a0\u00bb4.24.2&Prime; _module_preset=\u00a0\u00bbdefault\u00a0\u00bb pac_dcm_carousel_specific_module_num=\u00a0\u00bb0&Prime; global_colors_info=\u00a0\u00bb{}\u00a0\u00bb][et_pb_text _builder_version=\u00a0\u00bb4.24.2&Prime; _module_preset=\u00a0\u00bbdefault\u00a0\u00bb global_colors_info=\u00a0\u00bb{}\u00a0\u00bb]<\/p>\n<h2>Changeurs de jeu<\/h2>\n<p>Sous le nom de Gamechangerz, Gwynt organise r\u00e9guli\u00e8rement des \u00e9v\u00e9nements et des ateliers autour de th\u00e8mes d&rsquo;actualit\u00e9. Avec des contributions int\u00e9ressantes d&rsquo;entreprises du secteur. Et de nombreuses possibilit\u00e9s de mise en r\u00e9seau. Toujours instructif et inspirant.   <\/p>\n<p>[\/et_pb_text][et_pb_button button_url=\u00a0\u00bb@ET-DC@eyJkeW5hbWljIjp0cnVlLCJjb250ZW50IjoicG9zdF9saW5rX3VybF9wYWdlIiwic2V0dGluZ3MiOnsicG9zdF9pZCI6IjI0MjM3NyJ9fQ==@\u00a0\u00bb button_text=\u00a0\u00bbEn savoir plus sur Gamechangerz dans l&apos;alimentation\u00a0\u00bb _builder_version=\u00a0\u00bb4.25.1&Prime; _dynamic_attributes=\u00a0\u00bbbutton_url\u00a0\u00bb _module_preset=\u00a0\u00bbdefault\u00a0\u00bb button_text_size=\u00a0\u00bb18px\u00a0\u00bb button_bg_color=\u00a0\u00bb#FFFFFF\u00a0\u00bb global_colors_info=\u00a0\u00bb{}\u00a0\u00bb][\/et_pb_button][et_pb_button button_url=\u00a0\u00bb@ET-DC@eyJkeW5hbWljIjp0cnVlLCJjb250ZW50IjoicG9zdF9saW5rX3VybF9wYWdlIiwic2V0dGluZ3MiOnsicG9zdF9pZCI6IjI0MjM4OSJ9fQ==@\u00a0\u00bb button_text=\u00a0\u00bbEn savoir plus sur Gamechangerz dans le commerce de d\u00e9tail\u00a0\u00bb _builder_version=\u00a0\u00bb4.25.1&Prime; _dynamic_attributes=\u00a0\u00bbbutton_url\u00a0\u00bb _module_preset=\u00a0\u00bbdefault\u00a0\u00bb button_text_size=\u00a0\u00bb18px\u00a0\u00bb button_bg_color=\u00a0\u00bb#FFFFFF\u00a0\u00bb global_colors_info=\u00a0\u00bb{}\u00a0\u00bb][\/et_pb_button][\/et_pb_column][\/et_pb_row][\/et_pb_section][et_pb_section fb_built=\u00a0\u00bb1&Prime; _builder_version=\u00a0\u00bb4.25.0&Prime; _module_preset=\u00a0\u00bbdefault\u00a0\u00bb global_colors_info=\u00a0\u00bb{}\u00a0\u00bb][et_pb_row column_structure=\u00a0\u00bb1_3,1_3,1_3&Prime; _builder_version=\u00a0\u00bb4.25.0&Prime; _module_preset=\u00a0\u00bbdefault\u00a0\u00bb custom_padding=\u00a0\u00bb||56px|||\u00a0\u00bb global_colors_info=\u00a0\u00bb{}\u00a0\u00bb][et_pb_column type=\u00a0\u00bb1_3&Prime; _builder_version=\u00a0\u00bb4.25.0&Prime; _module_preset=\u00a0\u00bbdefault\u00a0\u00bb pac_dcm_carousel_specific_module_num=\u00a0\u00bb0&Prime; global_colors_info=\u00a0\u00bb{}\u00a0\u00bb][et_pb_text _builder_version=\u00a0\u00bb4.25.1&Prime; _module_preset=\u00a0\u00bbdefault\u00a0\u00bb hover_enabled=\u00a0\u00bb0&Prime; global_colors_info=\u00a0\u00bb{}\u00a0\u00bb sticky_enabled=\u00a0\u00bb0&Prime;]<\/p>\n<h2>Ev\u00e9nements<\/h2>\n<p>[\/et_pb_text][et_pb_blog_extras posts_number=\u00a0\u00bb3&Prime; include_categories=\u00a0\u00bb99&Prime; blog_layout=\u00a0\u00bbmasonry\u00a0\u00bb masonry_columns=\u00a0\u00bb1&Prime; excerpt_length=\u00a0\u00bb0&Prime; read_more_text=\u00a0\u00bbLees meer\u00a0\u00bb show_author=\u00a0\u00bboff\u00a0\u00bb show_date=\u00a0\u00bboff\u00a0\u00bb category_color=\u00a0\u00bb#666666&Prime; show_comments=\u00a0\u00bboff\u00a0\u00bb no_results_text=\u00a0\u00bbProbeer op andere term te zoeken\u00a0\u00bb module_class=\u00a0\u00bbblog-3-2&Prime; _builder_version=\u00a0\u00bb4.27.0&Prime; _module_preset=\u00a0\u00bbdefault\u00a0\u00bb filterable_category_font=\u00a0\u00bb|700|||||||\u00a0\u00bb filterable_category_font_size=\u00a0\u00bb16px\u00a0\u00bb active_filterable_category_font=\u00a0\u00bbCalibri Bold||||||||\u00a0\u00bb active_filterable_category_text_color=\u00a0\u00bb#FFFFFF\u00a0\u00bb active_filterable_category_font_size=\u00a0\u00bb16px\u00a0\u00bb header_level=\u00a0\u00bbh3&Prime; meta_text_color=\u00a0\u00bb#666666&Prime; ajax_pagination_icon=\u00a0\u00bb&#x35;||divi||400&Prime; ajax_pagination_on_hover=\u00a0\u00bboff\u00a0\u00bb hover_enabled=\u00a0\u00bb0&Prime; global_colors_info=\u00a0\u00bb{}\u00a0\u00bb ajax_pagination_text_color__hover_enabled=\u00a0\u00bbon|desktop\u00a0\u00bb ajax_pagination_text_color__hover=\u00a0\u00bb#F39200&Prime; sticky_enabled=\u00a0\u00bb0&Prime;][\/et_pb_blog_extras][et_pb_button button_url=\u00a0\u00bbhttps:\/\/www.gwynt.eu\/category\/events\/\u00a0\u00bb button_text=\u00a0\u00bbTous les \u00e9v\u00e9nements\u00a0\u00bb _builder_version=\u00a0\u00bb4.25.1&Prime; _module_preset=\u00a0\u00bbdefault\u00a0\u00bb custom_margin=\u00a0\u00bb0px||||false|false\u00a0\u00bb global_colors_info=\u00a0\u00bb{}\u00a0\u00bb][\/et_pb_button][\/et_pb_column][et_pb_column type=\u00a0\u00bb1_3&Prime; _builder_version=\u00a0\u00bb4.25.0&Prime; _module_preset=\u00a0\u00bbdefault\u00a0\u00bb pac_dcm_carousel_specific_module_num=\u00a0\u00bb0&Prime; global_colors_info=\u00a0\u00bb{}\u00a0\u00bb][et_pb_text _builder_version=\u00a0\u00bb4.25.1&Prime; _module_preset=\u00a0\u00bbdefault\u00a0\u00bb global_colors_info=\u00a0\u00bb{}\u00a0\u00bb]<\/p>\n<h2>La vision<\/h2>\n<p>[\/et_pb_text][et_pb_blog_extras posts_number=\u00a0\u00bb3&Prime; include_categories=\u00a0\u00bb150&Prime; blog_layout=\u00a0\u00bbmasonry\u00a0\u00bb masonry_columns=\u00a0\u00bb1&Prime; excerpt_length=\u00a0\u00bb0&Prime; read_more_text=\u00a0\u00bbLees meer\u00a0\u00bb show_author=\u00a0\u00bboff\u00a0\u00bb show_date=\u00a0\u00bboff\u00a0\u00bb category_color=\u00a0\u00bb#666666&Prime; show_comments=\u00a0\u00bboff\u00a0\u00bb no_results_text=\u00a0\u00bbProbeer op andere term te zoeken\u00a0\u00bb module_class=\u00a0\u00bbblog-3-2&Prime; _builder_version=\u00a0\u00bb4.25.2&Prime; _module_preset=\u00a0\u00bbdefault\u00a0\u00bb filterable_category_font=\u00a0\u00bb|700|||||||\u00a0\u00bb filterable_category_font_size=\u00a0\u00bb16px\u00a0\u00bb active_filterable_category_font=\u00a0\u00bbCalibri Bold||||||||\u00a0\u00bb active_filterable_category_text_color=\u00a0\u00bb#FFFFFF\u00a0\u00bb active_filterable_category_font_size=\u00a0\u00bb16px\u00a0\u00bb header_level=\u00a0\u00bbh3&Prime; meta_text_color=\u00a0\u00bb#666666&Prime; ajax_pagination_icon=\u00a0\u00bb&#x35;||divi||400&Prime; ajax_pagination_on_hover=\u00a0\u00bboff\u00a0\u00bb global_colors_info=\u00a0\u00bb{}\u00a0\u00bb ajax_pagination_text_color__hover_enabled=\u00a0\u00bbon|desktop\u00a0\u00bb ajax_pagination_text_color__hover=\u00a0\u00bb#F39200&Prime;][\/et_pb_blog_extras][et_pb_button button_url=\u00a0\u00bb@ET-DC@eyJkeW5hbWljIjp0cnVlLCJjb250ZW50IjoicG9zdF9saW5rX3VybF9wYWdlIiwic2V0dGluZ3MiOnsicG9zdF9pZCI6IjI0Mjk0MSJ9fQ==@\u00a0\u00bb button_text=\u00a0\u00bbToute la vision\u00a0\u00bb _builder_version=\u00a0\u00bb4.25.1&Prime; _dynamic_attributes=\u00a0\u00bbbutton_url\u00a0\u00bb _module_preset=\u00a0\u00bbdefault\u00a0\u00bb custom_margin=\u00a0\u00bb0px||||false|false\u00a0\u00bb global_colors_info=\u00a0\u00bb{}\u00a0\u00bb][\/et_pb_button][\/et_pb_column][et_pb_column type=\u00a0\u00bb1_3&Prime; _builder_version=\u00a0\u00bb4.25.0&Prime; _module_preset=\u00a0\u00bbdefault\u00a0\u00bb pac_dcm_carousel_specific_module_num=\u00a0\u00bb0&Prime; global_colors_info=\u00a0\u00bb{}\u00a0\u00bb][et_pb_text _builder_version=\u00a0\u00bb4.25.1&Prime; _module_preset=\u00a0\u00bbdefault\u00a0\u00bb global_colors_info=\u00a0\u00bb{}\u00a0\u00bb]<\/p>\n<h2>Cas clients<\/h2>\n<p>[\/et_pb_text][et_pb_blog_extras posts_number=\u00a0\u00bb3&Prime; include_categories=\u00a0\u00bb100&Prime; blog_layout=\u00a0\u00bbmasonry\u00a0\u00bb masonry_columns=\u00a0\u00bb1&Prime; excerpt_length=\u00a0\u00bb0&Prime; read_more_text=\u00a0\u00bbLees meer\u00a0\u00bb show_author=\u00a0\u00bboff\u00a0\u00bb show_date=\u00a0\u00bboff\u00a0\u00bb category_color=\u00a0\u00bb#666666&Prime; show_comments=\u00a0\u00bboff\u00a0\u00bb no_results_text=\u00a0\u00bbProbeer op andere term te zoeken\u00a0\u00bb module_class=\u00a0\u00bbblog-3-2&Prime; _builder_version=\u00a0\u00bb4.25.2&Prime; _module_preset=\u00a0\u00bbdefault\u00a0\u00bb filterable_category_font=\u00a0\u00bb|700|||||||\u00a0\u00bb filterable_category_font_size=\u00a0\u00bb16px\u00a0\u00bb active_filterable_category_font=\u00a0\u00bbCalibri Bold||||||||\u00a0\u00bb active_filterable_category_text_color=\u00a0\u00bb#FFFFFF\u00a0\u00bb active_filterable_category_font_size=\u00a0\u00bb16px\u00a0\u00bb header_level=\u00a0\u00bbh3&Prime; meta_text_color=\u00a0\u00bb#666666&Prime; ajax_pagination_icon=\u00a0\u00bb&#x35;||divi||400&Prime; ajax_pagination_on_hover=\u00a0\u00bboff\u00a0\u00bb global_colors_info=\u00a0\u00bb{}\u00a0\u00bb ajax_pagination_text_color__hover_enabled=\u00a0\u00bbon|desktop\u00a0\u00bb ajax_pagination_text_color__hover=\u00a0\u00bb#F39200&Prime;][\/et_pb_blog_extras][et_pb_button button_url=\u00a0\u00bbhttps:\/\/www.gwynt.eu\/category\/klantcase\/\u00a0\u00bb button_text=\u00a0\u00bbTous les cas clients\u00a0\u00bb _builder_version=\u00a0\u00bb4.25.1&Prime; _module_preset=\u00a0\u00bbdefault\u00a0\u00bb custom_margin=\u00a0\u00bb0px||||false|false\u00a0\u00bb global_colors_info=\u00a0\u00bb{}\u00a0\u00bb][\/et_pb_button][\/et_pb_column][\/et_pb_row][\/et_pb_section]<\/p>\n","protected":false},"excerpt":{"rendered":"<p>Les profondeurs avec Gwynt Connaissances, id\u00e9es et inspiration Fa\u00e7onner l&rsquo;avenir commence par la connaissance, l&rsquo;intuition et l&rsquo;inspiration. Gwynt sait ce qui se passe et vous emm\u00e8ne en profondeur. Sautez dans la roue et d\u00e9couvrez les derni\u00e8res id\u00e9es et \u00e9volutions. Changeurs de jeu Sous le nom de Gamechangerz, Gwynt organise r\u00e9guli\u00e8rement des \u00e9v\u00e9nements et des ateliers [&hellip;]<\/p>\n","protected":false},"author":1,"featured_media":0,"parent":0,"menu_order":0,"comment_status":"closed","ping_status":"closed","template":"","meta":{"_et_pb_use_builder":"on","_et_pb_old_content":"","_et_gb_content_width":"","content-type":"","inline_featured_image":false,"footnotes":""},"class_list":["post-247162","page","type-page","status-publish","hentry"],"yoast_head":"<!-- This site is optimized with the Yoast SEO plugin v26.7 - https:\/\/yoast.com\/wordpress\/plugins\/seo\/ -->\n<title>Inspiration - Gwynt<\/title>\n<meta name=\"description\" content=\"\u00c9v\u00e9nements, articles sur la vision et cas clients sur le changement et la transformation dans les secteurs de l&#039;alimentation et de l&#039;agroalimentaire, de la vente au d\u00e9tail et en gros et de l&#039;industrie manufacturi\u00e8re.\" \/>\n<meta name=\"robots\" content=\"index, follow, max-snippet:-1, max-image-preview:large, max-video-preview:-1\" \/>\n<link rel=\"canonical\" href=\"https:\/\/www.gwynt.eu\/fr\/inspiration\/\" \/>\n<meta property=\"og:locale\" content=\"fr_FR\" \/>\n<meta property=\"og:type\" content=\"article\" \/>\n<meta property=\"og:title\" content=\"Inspiration - Gwynt\" \/>\n<meta property=\"og:description\" content=\"\u00c9v\u00e9nements, articles sur la vision et cas clients sur le changement et la transformation dans les secteurs de l&#039;alimentation et de l&#039;agroalimentaire, de la vente au d\u00e9tail et en gros et de l&#039;industrie manufacturi\u00e8re.\" \/>\n<meta property=\"og:url\" content=\"https:\/\/www.gwynt.eu\/fr\/inspiration\/\" \/>\n<meta property=\"og:site_name\" content=\"Gwynt\" \/>\n<meta property=\"article:modified_time\" content=\"2025-08-05T16:06:18+00:00\" \/>\n<meta name=\"twitter:card\" content=\"summary_large_image\" \/>\n<meta name=\"twitter:label1\" content=\"Dur\u00e9e de lecture estim\u00e9e\" \/>\n\t<meta name=\"twitter:data1\" content=\"5 minutes\" \/>\n<script type=\"application\/ld+json\" class=\"yoast-schema-graph\">{\"@context\":\"https:\/\/schema.org\",\"@graph\":[{\"@type\":\"WebPage\",\"@id\":\"https:\/\/www.gwynt.eu\/fr\/inspiration\/\",\"url\":\"https:\/\/www.gwynt.eu\/fr\/inspiration\/\",\"name\":\"Inspiration - Gwynt\",\"isPartOf\":{\"@id\":\"https:\/\/www.gwynt.eu\/fr\/#website\"},\"datePublished\":\"2024-03-01T11:03:37+00:00\",\"dateModified\":\"2025-08-05T16:06:18+00:00\",\"description\":\"\u00c9v\u00e9nements, articles sur la vision et cas clients sur le changement et la transformation dans les secteurs de l'alimentation et de l'agroalimentaire, de la vente au d\u00e9tail et en gros et de l'industrie manufacturi\u00e8re.\",\"breadcrumb\":{\"@id\":\"https:\/\/www.gwynt.eu\/fr\/inspiration\/#breadcrumb\"},\"inLanguage\":\"fr-FR\",\"potentialAction\":[{\"@type\":\"ReadAction\",\"target\":[\"https:\/\/www.gwynt.eu\/fr\/inspiration\/\"]}]},{\"@type\":\"BreadcrumbList\",\"@id\":\"https:\/\/www.gwynt.eu\/fr\/inspiration\/#breadcrumb\",\"itemListElement\":[{\"@type\":\"ListItem\",\"position\":1,\"name\":\"Accueil\",\"item\":\"https:\/\/www.gwynt.eu\/fr\/page-daccueil-propre\/\"},{\"@type\":\"ListItem\",\"position\":2,\"name\":\"Inspiration\"}]},{\"@type\":\"WebSite\",\"@id\":\"https:\/\/www.gwynt.eu\/fr\/#website\",\"url\":\"https:\/\/www.gwynt.eu\/fr\/\",\"name\":\"Gwynt\",\"description\":\"Echte doorbraken bereik je samen\",\"publisher\":{\"@id\":\"https:\/\/www.gwynt.eu\/fr\/#organization\"},\"potentialAction\":[{\"@type\":\"SearchAction\",\"target\":{\"@type\":\"EntryPoint\",\"urlTemplate\":\"https:\/\/www.gwynt.eu\/fr\/?s={search_term_string}\"},\"query-input\":{\"@type\":\"PropertyValueSpecification\",\"valueRequired\":true,\"valueName\":\"search_term_string\"}}],\"inLanguage\":\"fr-FR\"},{\"@type\":\"Organization\",\"@id\":\"https:\/\/www.gwynt.eu\/fr\/#organization\",\"name\":\"Gwynt\",\"url\":\"https:\/\/www.gwynt.eu\/fr\/\",\"logo\":{\"@type\":\"ImageObject\",\"inLanguage\":\"fr-FR\",\"@id\":\"https:\/\/www.gwynt.eu\/fr\/#\/schema\/logo\/image\/\",\"url\":\"https:\/\/www.gwynt.eu\/wp-content\/uploads\/GWYNT_LOGO_RGB.png\",\"contentUrl\":\"https:\/\/www.gwynt.eu\/wp-content\/uploads\/GWYNT_LOGO_RGB.png\",\"width\":363,\"height\":431,\"caption\":\"Gwynt\"},\"image\":{\"@id\":\"https:\/\/www.gwynt.eu\/fr\/#\/schema\/logo\/image\/\"},\"sameAs\":[\"https:\/\/www.linkedin.com\/company\/gwynt\/mycompany\/\"]}]}<\/script>\n<!-- \/ Yoast SEO plugin. -->","yoast_head_json":{"title":"Inspiration - Gwynt","description":"\u00c9v\u00e9nements, articles sur la vision et cas clients sur le changement et la transformation dans les secteurs de l'alimentation et de l'agroalimentaire, de la vente au d\u00e9tail et en gros et de l'industrie manufacturi\u00e8re.","robots":{"index":"index","follow":"follow","max-snippet":"max-snippet:-1","max-image-preview":"max-image-preview:large","max-video-preview":"max-video-preview:-1"},"canonical":"https:\/\/www.gwynt.eu\/fr\/inspiration\/","og_locale":"fr_FR","og_type":"article","og_title":"Inspiration - Gwynt","og_description":"\u00c9v\u00e9nements, articles sur la vision et cas clients sur le changement et la transformation dans les secteurs de l'alimentation et de l'agroalimentaire, de la vente au d\u00e9tail et en gros et de l'industrie manufacturi\u00e8re.","og_url":"https:\/\/www.gwynt.eu\/fr\/inspiration\/","og_site_name":"Gwynt","article_modified_time":"2025-08-05T16:06:18+00:00","twitter_card":"summary_large_image","twitter_misc":{"Dur\u00e9e de lecture estim\u00e9e":"5 minutes"},"schema":{"@context":"https:\/\/schema.org","@graph":[{"@type":"WebPage","@id":"https:\/\/www.gwynt.eu\/fr\/inspiration\/","url":"https:\/\/www.gwynt.eu\/fr\/inspiration\/","name":"Inspiration - Gwynt","isPartOf":{"@id":"https:\/\/www.gwynt.eu\/fr\/#website"},"datePublished":"2024-03-01T11:03:37+00:00","dateModified":"2025-08-05T16:06:18+00:00","description":"\u00c9v\u00e9nements, articles sur la vision et cas clients sur le changement et la transformation dans les secteurs de l'alimentation et de l'agroalimentaire, de la vente au d\u00e9tail et en gros et de l'industrie manufacturi\u00e8re.","breadcrumb":{"@id":"https:\/\/www.gwynt.eu\/fr\/inspiration\/#breadcrumb"},"inLanguage":"fr-FR","potentialAction":[{"@type":"ReadAction","target":["https:\/\/www.gwynt.eu\/fr\/inspiration\/"]}]},{"@type":"BreadcrumbList","@id":"https:\/\/www.gwynt.eu\/fr\/inspiration\/#breadcrumb","itemListElement":[{"@type":"ListItem","position":1,"name":"Accueil","item":"https:\/\/www.gwynt.eu\/fr\/page-daccueil-propre\/"},{"@type":"ListItem","position":2,"name":"Inspiration"}]},{"@type":"WebSite","@id":"https:\/\/www.gwynt.eu\/fr\/#website","url":"https:\/\/www.gwynt.eu\/fr\/","name":"Gwynt","description":"Echte doorbraken bereik je samen","publisher":{"@id":"https:\/\/www.gwynt.eu\/fr\/#organization"},"potentialAction":[{"@type":"SearchAction","target":{"@type":"EntryPoint","urlTemplate":"https:\/\/www.gwynt.eu\/fr\/?s={search_term_string}"},"query-input":{"@type":"PropertyValueSpecification","valueRequired":true,"valueName":"search_term_string"}}],"inLanguage":"fr-FR"},{"@type":"Organization","@id":"https:\/\/www.gwynt.eu\/fr\/#organization","name":"Gwynt","url":"https:\/\/www.gwynt.eu\/fr\/","logo":{"@type":"ImageObject","inLanguage":"fr-FR","@id":"https:\/\/www.gwynt.eu\/fr\/#\/schema\/logo\/image\/","url":"https:\/\/www.gwynt.eu\/wp-content\/uploads\/GWYNT_LOGO_RGB.png","contentUrl":"https:\/\/www.gwynt.eu\/wp-content\/uploads\/GWYNT_LOGO_RGB.png","width":363,"height":431,"caption":"Gwynt"},"image":{"@id":"https:\/\/www.gwynt.eu\/fr\/#\/schema\/logo\/image\/"},"sameAs":["https:\/\/www.linkedin.com\/company\/gwynt\/mycompany\/"]}]}},"_links":{"self":[{"href":"https:\/\/www.gwynt.eu\/fr\/wp-json\/wp\/v2\/pages\/247162","targetHints":{"allow":["GET"]}}],"collection":[{"href":"https:\/\/www.gwynt.eu\/fr\/wp-json\/wp\/v2\/pages"}],"about":[{"href":"https:\/\/www.gwynt.eu\/fr\/wp-json\/wp\/v2\/types\/page"}],"author":[{"embeddable":true,"href":"https:\/\/www.gwynt.eu\/fr\/wp-json\/wp\/v2\/users\/1"}],"replies":[{"embeddable":true,"href":"https:\/\/www.gwynt.eu\/fr\/wp-json\/wp\/v2\/comments?post=247162"}],"version-history":[{"count":1,"href":"https:\/\/www.gwynt.eu\/fr\/wp-json\/wp\/v2\/pages\/247162\/revisions"}],"predecessor-version":[{"id":247170,"href":"https:\/\/www.gwynt.eu\/fr\/wp-json\/wp\/v2\/pages\/247162\/revisions\/247170"}],"wp:attachment":[{"href":"https:\/\/www.gwynt.eu\/fr\/wp-json\/wp\/v2\/media?parent=247162"}],"curies":[{"name":"wp","href":"https:\/\/api.w.org\/{rel}","templated":true}]}}