{"id":252130,"date":"2026-04-08T13:12:25","date_gmt":"2026-04-08T12:12:25","guid":{"rendered":"https:\/\/www.gwynt.eu\/unternehmensuebernahmen-und-integration\/"},"modified":"2026-04-08T13:18:16","modified_gmt":"2026-04-08T12:18:16","slug":"unternehmensuebernahmen-und-integration","status":"publish","type":"page","link":"https:\/\/www.gwynt.eu\/de\/unternehmensuebernahmen-und-integration\/","title":{"rendered":"Unternehmens\u00fcbernahmen und Integration"},"content":{"rendered":"\t\t<div data-elementor-type=\"wp-page\" data-elementor-id=\"252130\" class=\"elementor elementor-252130 elementor-252123\" data-elementor-post-type=\"page\">\n\t\t\t\t<div class=\"elementor-element elementor-element-657682be e-flex e-con-boxed e-con e-parent\" data-id=\"657682be\" data-element_type=\"container\" data-settings=\"{&quot;background_background&quot;:&quot;classic&quot;}\">\n\t\t\t\t\t<div class=\"e-con-inner\">\n\t\t<div class=\"elementor-element elementor-element-69fb5da6 e-con-full elementor-hidden-mobile e-flex elementor-invisible e-con e-child\" data-id=\"69fb5da6\" data-element_type=\"container\" data-settings=\"{&quot;background_background&quot;:&quot;gradient&quot;,&quot;animation&quot;:&quot;bounceInLeft&quot;}\">\n\t\t\t\t<div class=\"elementor-element elementor-element-5e0147a elementor-widget elementor-widget-heading\" data-id=\"5e0147a\" data-element_type=\"widget\" data-widget_type=\"heading.default\">\n\t\t\t\t\t<h2 class=\"elementor-heading-title elementor-size-default\">\u00dcBERNAHME UND INTEGRATION VON UNTERNEHMEN<\/h2>\t\t\t\t<\/div>\n\t\t\t\t<\/div>\n\t\t<div class=\"elementor-element elementor-element-5b119d38 e-con-full elementor-hidden-mobile e-flex elementor-invisible e-con e-child\" data-id=\"5b119d38\" data-element_type=\"container\" data-settings=\"{&quot;background_background&quot;:&quot;gradient&quot;,&quot;animation&quot;:&quot;bounceInLeft&quot;}\">\n\t\t\t\t<div class=\"elementor-element elementor-element-2f471c6c elementor-widget elementor-widget-text-editor\" data-id=\"2f471c6c\" data-element_type=\"widget\" data-widget_type=\"text-editor.default\">\n\t\t\t\t\t\t\t\t\t<p>Pflege f\u00fcr maximalen Synergieeffekt und dauerhafte Ergebnisse erforderlich<\/p>\t\t\t\t\t\t\t\t<\/div>\n\t\t\t\t<\/div>\n\t\t\t\t\t<\/div>\n\t\t\t\t<\/div>\n\t\t<div class=\"elementor-element elementor-element-50553c12 e-flex e-con-boxed e-con e-parent\" data-id=\"50553c12\" data-element_type=\"container\">\n\t\t\t\t\t<div class=\"e-con-inner\">\n\t\t<div class=\"elementor-element elementor-element-537dea28 e-con-full e-flex e-con e-child\" data-id=\"537dea28\" data-element_type=\"container\">\n\t\t\t\t<div class=\"elementor-element elementor-element-632b1606 elementor-widget elementor-widget-heading\" data-id=\"632b1606\" data-element_type=\"widget\" data-widget_type=\"heading.default\">\n\t\t\t\t\t<h2 class=\"elementor-heading-title elementor-size-default\">Die eigentliche Herausforderung stellt sich bei der Integration<\/h2>\t\t\t\t<\/div>\n\t\t\t\t<div class=\"elementor-element elementor-element-32cbc3f4 elementor-widget elementor-widget-text-editor\" data-id=\"32cbc3f4\" data-element_type=\"widget\" data-widget_type=\"text-editor.default\">\n\t\t\t\t\t\t\t\t\t<p>Die \u00dcbernahme eines Unternehmens kann aus mehreren Gr\u00fcnden eine logische Entscheidung sein. Die Vergr\u00f6\u00dferung des Marktanteils und die St\u00e4rkung der Wettbewerbsf\u00e4higkeit werden oft als Hauptmotivation angef\u00fchrt. <\/p><p>Bei Synergievorteilen kann es sich um Gr\u00f6\u00dfenvorteile handeln, aber viel h\u00e4ufiger sind auch andere Komponenten wie der Zugang zu neuen Kunden, M\u00e4rkten, Technologien, Patenten oder spezifischem Know-how entscheidend.<\/p><p>Eine gute Einsch\u00e4tzung im Vorfeld ist daher bei der Bewertung und den nicht-finanziellen Wertfaktoren unerl\u00e4sslich. Nicht nur das Potenzial, sondern auch die Komplexit\u00e4t und die Risiken, die bei der Integration ins Blickfeld geraten. <\/p>\t\t\t\t\t\t\t\t<\/div>\n\t\t\t\t<\/div>\n\t\t<div class=\"elementor-element elementor-element-6dfacb32 e-con-full e-flex e-con e-child\" data-id=\"6dfacb32\" data-element_type=\"container\" data-settings=\"{&quot;background_background&quot;:&quot;classic&quot;}\">\n\t\t\t\t<\/div>\n\t\t\t\t\t<\/div>\n\t\t\t\t<\/div>\n\t\t<div class=\"elementor-element elementor-element-2df233f8 e-flex e-con-boxed e-con e-parent\" data-id=\"2df233f8\" data-element_type=\"container\">\n\t\t\t\t\t<div class=\"e-con-inner\">\n\t\t\t\t<div class=\"elementor-element elementor-element-6685c041 elementor-widget elementor-widget-heading\" data-id=\"6685c041\" data-element_type=\"widget\" data-widget_type=\"heading.default\">\n\t\t\t\t\t<h2 class=\"elementor-heading-title elementor-size-default\">Womit k\u00f6nnen wir unter anderem helfen?<\/h2>\t\t\t\t<\/div>\n\t\t\t\t<div class=\"elementor-element elementor-element-64a65666 elementor-widget elementor-widget-text-editor\" data-id=\"64a65666\" data-element_type=\"widget\" data-widget_type=\"text-editor.default\">\n\t\t\t\t\t\t\t\t\t<ul><li> <\/li><li>Formulierung einer M&amp;A-Strategie<\/li><li>Sondierung einer m\u00f6glichen \u00dcbernahme<\/li><li>Due Diligence (Verk\u00e4ufer, kommerziell und operativ)<\/li><li>Business Case mit validierten Synergievorteilen<\/li><li>Entwurf und Leitung des Integrationsplans (Tag 1, erste 100 Tage)<\/li><li>Programm- und \u00c4nderungsmanagement<\/li><li>Management auf Zeit<\/li><li> <\/li><\/ul>\t\t\t\t\t\t\t\t<\/div>\n\t\t\t\t\t<\/div>\n\t\t\t\t<\/div>\n\t\t<div class=\"elementor-element elementor-element-73580e1a e-flex e-con-boxed e-con e-parent\" data-id=\"73580e1a\" data-element_type=\"container\">\n\t\t\t\t\t<div class=\"e-con-inner\">\n\t\t<div class=\"elementor-element elementor-element-6e5b4d70 e-con-full e-flex e-con e-child\" data-id=\"6e5b4d70\" data-element_type=\"container\">\n\t\t\t\t<div class=\"elementor-element elementor-element-b5db16c elementor-widget elementor-widget-heading\" data-id=\"b5db16c\" data-element_type=\"widget\" data-widget_type=\"heading.default\">\n\t\t\t\t\t<h2 class=\"elementor-heading-title elementor-size-default\">Wie wir einen Unterschied machen<\/h2>\t\t\t\t<\/div>\n\t\t\t\t<div class=\"elementor-element elementor-element-4de2fba4 elementor-widget elementor-widget-text-editor\" data-id=\"4de2fba4\" data-element_type=\"widget\" data-widget_type=\"text-editor.default\">\n\t\t\t\t\t\t\t\t\t<p>Wir wissen, dass eine Unternehmens\u00fcbernahme und -integration komplexe Prozesse sind, die eine strategische Vision und eine pr\u00e4zise Ausf\u00fchrung erfordern. Unser erfahrenes Team begleitet Sie professionell bei jedem Schritt des \u00dcbernahmeprozesses. Von der ersten Sondierung und Due-Diligence-Pr\u00fcfung bis hin zu einer erfolgreichen Integration. Mit 20 Jahren Erfahrung wissen wir, wo die Chancen, aber auch die Fallstricke liegen und warum jede \u00dcbernahme eine individuelle Anpassung erfordert.   <\/p><p>Unser Team ist sehr an der inhaltlichen und prozessualen Seite einer Akquisition interessiert und wei\u00df daher, wie man schnell und systematisch zum Kern kommt und die Fortschritte \u00fcberwacht. Au\u00dferdem arbeiten wir Schulter an Schulter von der Vorstandsetage bis zur Produktion und wissen, dass Erfolg immer mit der menschlichen Seite des Wandels beginnt. Das ist faszinierend, aber nat\u00fcrlich auch sofort eine Herausforderung, wenn zwei Unternehmenskulturen bei Integrationsprozessen aufeinandertreffen. Es gibt nichts Besseres, als dann auf die solide Erfahrung unserer Fachleute zur\u00fcckgreifen zu k\u00f6nnen.   <\/p>\t\t\t\t\t\t\t\t<\/div>\n\t\t\t\t<\/div>\n\t\t<div class=\"elementor-element elementor-element-7c740eda e-con-full e-flex e-con e-child\" data-id=\"7c740eda\" data-element_type=\"container\" data-settings=\"{&quot;background_background&quot;:&quot;classic&quot;}\">\n\t\t\t\t<\/div>\n\t\t\t\t\t<\/div>\n\t\t\t\t<\/div>\n\t\t<div class=\"elementor-element elementor-element-10922f61 e-con-full e-flex e-con e-parent\" data-id=\"10922f61\" data-element_type=\"container\">\n\t\t\t\t<div class=\"elementor-element elementor-element-6b359627 elementor-cta--layout-image-left elementor-widget__width-inherit elementor-cta--skin-classic elementor-animated-content elementor-bg-transform elementor-bg-transform-zoom-in elementor-widget elementor-widget-call-to-action\" data-id=\"6b359627\" data-element_type=\"widget\" data-widget_type=\"call-to-action.default\">\n\t\t\t\t\t\t\t<div class=\"elementor-cta\">\n\t\t\t\t\t<div class=\"elementor-cta__bg-wrapper\">\n\t\t\t\t<div class=\"elementor-cta__bg elementor-bg\" style=\"background-image: url(https:\/\/www.gwynt.eu\/wp-content\/uploads\/Dennis-Heijstraten-3.jpg);\" role=\"img\" aria-label=\"Dennis-Heijstraten-3\"><\/div>\n\t\t\t\t<div class=\"elementor-cta__bg-overlay\"><\/div>\n\t\t\t<\/div>\n\t\t\t\t\t\t\t<div class=\"elementor-cta__content\">\n\t\t\t\t\n\t\t\t\t\t\t\t\t\t<h2 class=\"elementor-cta__title elementor-cta__content-item elementor-content-item\">\n\t\t\t\t\t\tM\u00f6chten Sie mehr erfahren?\t\t\t\t\t<\/h2>\n\t\t\t\t\n\t\t\t\t\t\t\t\t\t<div class=\"elementor-cta__description elementor-cta__content-item elementor-content-item\">\n\t\t\t\t\t\tKontaktieren Sie Dennis Heijstraten, Business Director bei Gwynt.  \n\nd.heijstraten@gwynt.eu\t\t\t\t\t<\/div>\n\t\t\t\t\n\t\t\t\t\t\t\t\t\t<div class=\"elementor-cta__button-wrapper elementor-cta__content-item elementor-content-item \">\n\t\t\t\t\t<a class=\"elementor-cta__button elementor-button elementor-size-\" href=\"https:\/\/meetings.hubspot.com\/dennis-heijstraten?uuid=f9a06885-7033-4fed-96b5-990246985c74\">\n\t\t\t\t\t\tVEREINBAREN SIE SOFORT EINEN TERMIN\t\t\t\t\t<\/a>\n\t\t\t\t\t<\/div>\n\t\t\t\t\t\t\t<\/div>\n\t\t\t\t\t\t<\/div>\n\t\t\t\t\t\t<\/div>\n\t\t\t\t<\/div>\n\t\t\t\t<\/div>\n\t\t","protected":false},"excerpt":{"rendered":"<p>\u00dcBERNAHME UND INTEGRATION VON UNTERNEHMEN Pflege f\u00fcr maximalen Synergieeffekt und dauerhafte Ergebnisse erforderlich Die eigentliche Herausforderung stellt sich bei der Integration Die \u00dcbernahme eines Unternehmens kann aus mehreren Gr\u00fcnden eine logische Entscheidung sein. Die Vergr\u00f6\u00dferung des Marktanteils und die St\u00e4rkung der Wettbewerbsf\u00e4higkeit werden oft als Hauptmotivation angef\u00fchrt. Bei Synergievorteilen kann es sich um Gr\u00f6\u00dfenvorteile handeln, [&hellip;]<\/p>\n","protected":false},"author":15,"featured_media":0,"parent":0,"menu_order":0,"comment_status":"closed","ping_status":"closed","template":"elementor_header_footer","meta":{"_et_pb_use_builder":"","_et_pb_old_content":"","_et_gb_content_width":"","content-type":"","inline_featured_image":false,"footnotes":""},"class_list":["post-252130","page","type-page","status-publish","hentry"],"yoast_head":"<!-- This site is optimized with the Yoast SEO plugin v26.7 - https:\/\/yoast.com\/wordpress\/plugins\/seo\/ -->\n<title>Unternehmens\u00fcbernahmen und Integration - Gwynt<\/title>\n<meta name=\"robots\" content=\"index, follow, max-snippet:-1, max-image-preview:large, max-video-preview:-1\" \/>\n<link rel=\"canonical\" href=\"https:\/\/www.gwynt.eu\/de\/unternehmensuebernahmen-und-integration\/\" \/>\n<meta property=\"og:locale\" content=\"de_DE\" \/>\n<meta property=\"og:type\" content=\"article\" \/>\n<meta property=\"og:title\" content=\"Unternehmens\u00fcbernahmen und Integration - Gwynt\" \/>\n<meta property=\"og:description\" content=\"\u00dcBERNAHME UND INTEGRATION VON UNTERNEHMEN Pflege f\u00fcr maximalen Synergieeffekt und dauerhafte Ergebnisse erforderlich Die eigentliche Herausforderung stellt sich bei der Integration Die \u00dcbernahme eines Unternehmens kann aus mehreren Gr\u00fcnden eine logische Entscheidung sein. Die Vergr\u00f6\u00dferung des Marktanteils und die St\u00e4rkung der Wettbewerbsf\u00e4higkeit werden oft als Hauptmotivation angef\u00fchrt. Bei Synergievorteilen kann es sich um Gr\u00f6\u00dfenvorteile handeln, [&hellip;]\" \/>\n<meta property=\"og:url\" content=\"https:\/\/www.gwynt.eu\/de\/unternehmensuebernahmen-und-integration\/\" \/>\n<meta property=\"og:site_name\" content=\"Gwynt\" \/>\n<meta property=\"article:modified_time\" content=\"2026-04-08T12:18:16+00:00\" \/>\n<meta name=\"twitter:card\" content=\"summary_large_image\" \/>\n<meta name=\"twitter:label1\" content=\"Gesch\u00e4tzte Lesezeit\" \/>\n\t<meta name=\"twitter:data1\" content=\"2\u00a0Minuten\" \/>\n<script type=\"application\/ld+json\" class=\"yoast-schema-graph\">{\"@context\":\"https:\/\/schema.org\",\"@graph\":[{\"@type\":\"WebPage\",\"@id\":\"https:\/\/www.gwynt.eu\/de\/unternehmensuebernahmen-und-integration\/\",\"url\":\"https:\/\/www.gwynt.eu\/de\/unternehmensuebernahmen-und-integration\/\",\"name\":\"Unternehmens\u00fcbernahmen und Integration - Gwynt\",\"isPartOf\":{\"@id\":\"https:\/\/www.gwynt.eu\/de\/#website\"},\"datePublished\":\"2026-04-08T12:12:25+00:00\",\"dateModified\":\"2026-04-08T12:18:16+00:00\",\"breadcrumb\":{\"@id\":\"https:\/\/www.gwynt.eu\/de\/unternehmensuebernahmen-und-integration\/#breadcrumb\"},\"inLanguage\":\"de\",\"potentialAction\":[{\"@type\":\"ReadAction\",\"target\":[\"https:\/\/www.gwynt.eu\/de\/unternehmensuebernahmen-und-integration\/\"]}]},{\"@type\":\"BreadcrumbList\",\"@id\":\"https:\/\/www.gwynt.eu\/de\/unternehmensuebernahmen-und-integration\/#breadcrumb\",\"itemListElement\":[{\"@type\":\"ListItem\",\"position\":1,\"name\":\"Startseite\",\"item\":\"https:\/\/www.gwynt.eu\/de\/saubere-homepage\/\"},{\"@type\":\"ListItem\",\"position\":2,\"name\":\"Unternehmens\u00fcbernahmen und Integration\"}]},{\"@type\":\"WebSite\",\"@id\":\"https:\/\/www.gwynt.eu\/de\/#website\",\"url\":\"https:\/\/www.gwynt.eu\/de\/\",\"name\":\"Gwynt\",\"description\":\"Echte doorbraken bereik je samen\",\"publisher\":{\"@id\":\"https:\/\/www.gwynt.eu\/de\/#organization\"},\"potentialAction\":[{\"@type\":\"SearchAction\",\"target\":{\"@type\":\"EntryPoint\",\"urlTemplate\":\"https:\/\/www.gwynt.eu\/de\/?s={search_term_string}\"},\"query-input\":{\"@type\":\"PropertyValueSpecification\",\"valueRequired\":true,\"valueName\":\"search_term_string\"}}],\"inLanguage\":\"de\"},{\"@type\":\"Organization\",\"@id\":\"https:\/\/www.gwynt.eu\/de\/#organization\",\"name\":\"Gwynt\",\"url\":\"https:\/\/www.gwynt.eu\/de\/\",\"logo\":{\"@type\":\"ImageObject\",\"inLanguage\":\"de\",\"@id\":\"https:\/\/www.gwynt.eu\/de\/#\/schema\/logo\/image\/\",\"url\":\"https:\/\/www.gwynt.eu\/wp-content\/uploads\/GWYNT_LOGO_RGB.png\",\"contentUrl\":\"https:\/\/www.gwynt.eu\/wp-content\/uploads\/GWYNT_LOGO_RGB.png\",\"width\":363,\"height\":431,\"caption\":\"Gwynt\"},\"image\":{\"@id\":\"https:\/\/www.gwynt.eu\/de\/#\/schema\/logo\/image\/\"},\"sameAs\":[\"https:\/\/www.linkedin.com\/company\/gwynt\/mycompany\/\"]}]}<\/script>\n<!-- \/ Yoast SEO plugin. -->","yoast_head_json":{"title":"Unternehmens\u00fcbernahmen und Integration - Gwynt","robots":{"index":"index","follow":"follow","max-snippet":"max-snippet:-1","max-image-preview":"max-image-preview:large","max-video-preview":"max-video-preview:-1"},"canonical":"https:\/\/www.gwynt.eu\/de\/unternehmensuebernahmen-und-integration\/","og_locale":"de_DE","og_type":"article","og_title":"Unternehmens\u00fcbernahmen und Integration - Gwynt","og_description":"\u00dcBERNAHME UND INTEGRATION VON UNTERNEHMEN Pflege f\u00fcr maximalen Synergieeffekt und dauerhafte Ergebnisse erforderlich Die eigentliche Herausforderung stellt sich bei der Integration Die \u00dcbernahme eines Unternehmens kann aus mehreren Gr\u00fcnden eine logische Entscheidung sein. Die Vergr\u00f6\u00dferung des Marktanteils und die St\u00e4rkung der Wettbewerbsf\u00e4higkeit werden oft als Hauptmotivation angef\u00fchrt. Bei Synergievorteilen kann es sich um Gr\u00f6\u00dfenvorteile handeln, [&hellip;]","og_url":"https:\/\/www.gwynt.eu\/de\/unternehmensuebernahmen-und-integration\/","og_site_name":"Gwynt","article_modified_time":"2026-04-08T12:18:16+00:00","twitter_card":"summary_large_image","twitter_misc":{"Gesch\u00e4tzte Lesezeit":"2\u00a0Minuten"},"schema":{"@context":"https:\/\/schema.org","@graph":[{"@type":"WebPage","@id":"https:\/\/www.gwynt.eu\/de\/unternehmensuebernahmen-und-integration\/","url":"https:\/\/www.gwynt.eu\/de\/unternehmensuebernahmen-und-integration\/","name":"Unternehmens\u00fcbernahmen und Integration - Gwynt","isPartOf":{"@id":"https:\/\/www.gwynt.eu\/de\/#website"},"datePublished":"2026-04-08T12:12:25+00:00","dateModified":"2026-04-08T12:18:16+00:00","breadcrumb":{"@id":"https:\/\/www.gwynt.eu\/de\/unternehmensuebernahmen-und-integration\/#breadcrumb"},"inLanguage":"de","potentialAction":[{"@type":"ReadAction","target":["https:\/\/www.gwynt.eu\/de\/unternehmensuebernahmen-und-integration\/"]}]},{"@type":"BreadcrumbList","@id":"https:\/\/www.gwynt.eu\/de\/unternehmensuebernahmen-und-integration\/#breadcrumb","itemListElement":[{"@type":"ListItem","position":1,"name":"Startseite","item":"https:\/\/www.gwynt.eu\/de\/saubere-homepage\/"},{"@type":"ListItem","position":2,"name":"Unternehmens\u00fcbernahmen und Integration"}]},{"@type":"WebSite","@id":"https:\/\/www.gwynt.eu\/de\/#website","url":"https:\/\/www.gwynt.eu\/de\/","name":"Gwynt","description":"Echte doorbraken bereik je samen","publisher":{"@id":"https:\/\/www.gwynt.eu\/de\/#organization"},"potentialAction":[{"@type":"SearchAction","target":{"@type":"EntryPoint","urlTemplate":"https:\/\/www.gwynt.eu\/de\/?s={search_term_string}"},"query-input":{"@type":"PropertyValueSpecification","valueRequired":true,"valueName":"search_term_string"}}],"inLanguage":"de"},{"@type":"Organization","@id":"https:\/\/www.gwynt.eu\/de\/#organization","name":"Gwynt","url":"https:\/\/www.gwynt.eu\/de\/","logo":{"@type":"ImageObject","inLanguage":"de","@id":"https:\/\/www.gwynt.eu\/de\/#\/schema\/logo\/image\/","url":"https:\/\/www.gwynt.eu\/wp-content\/uploads\/GWYNT_LOGO_RGB.png","contentUrl":"https:\/\/www.gwynt.eu\/wp-content\/uploads\/GWYNT_LOGO_RGB.png","width":363,"height":431,"caption":"Gwynt"},"image":{"@id":"https:\/\/www.gwynt.eu\/de\/#\/schema\/logo\/image\/"},"sameAs":["https:\/\/www.linkedin.com\/company\/gwynt\/mycompany\/"]}]}},"_links":{"self":[{"href":"https:\/\/www.gwynt.eu\/de\/wp-json\/wp\/v2\/pages\/252130","targetHints":{"allow":["GET"]}}],"collection":[{"href":"https:\/\/www.gwynt.eu\/de\/wp-json\/wp\/v2\/pages"}],"about":[{"href":"https:\/\/www.gwynt.eu\/de\/wp-json\/wp\/v2\/types\/page"}],"author":[{"embeddable":true,"href":"https:\/\/www.gwynt.eu\/de\/wp-json\/wp\/v2\/users\/15"}],"replies":[{"embeddable":true,"href":"https:\/\/www.gwynt.eu\/de\/wp-json\/wp\/v2\/comments?post=252130"}],"version-history":[{"count":1,"href":"https:\/\/www.gwynt.eu\/de\/wp-json\/wp\/v2\/pages\/252130\/revisions"}],"predecessor-version":[{"id":252131,"href":"https:\/\/www.gwynt.eu\/de\/wp-json\/wp\/v2\/pages\/252130\/revisions\/252131"}],"wp:attachment":[{"href":"https:\/\/www.gwynt.eu\/de\/wp-json\/wp\/v2\/media?parent=252130"}],"curies":[{"name":"wp","href":"https:\/\/api.w.org\/{rel}","templated":true}]}}