{"id":252092,"date":"2026-04-07T14:57:03","date_gmt":"2026-04-07T13:57:03","guid":{"rendered":"https:\/\/www.gwynt.eu\/management-der-lieferkette\/"},"modified":"2026-04-08T12:27:34","modified_gmt":"2026-04-08T11:27:34","slug":"management-der-lieferkette","status":"publish","type":"page","link":"https:\/\/www.gwynt.eu\/de\/management-der-lieferkette\/","title":{"rendered":"Management der Lieferkette"},"content":{"rendered":"\t\t<div data-elementor-type=\"wp-page\" data-elementor-id=\"252092\" class=\"elementor elementor-252092 elementor-252086\" data-elementor-post-type=\"page\">\n\t\t\t\t<div class=\"elementor-element elementor-element-1d0803f5 e-flex e-con-boxed e-con e-parent\" data-id=\"1d0803f5\" data-element_type=\"container\" data-settings=\"{&quot;background_background&quot;:&quot;classic&quot;}\">\n\t\t\t\t\t<div class=\"e-con-inner\">\n\t\t<div class=\"elementor-element elementor-element-2871e6ff e-con-full elementor-hidden-mobile e-flex elementor-invisible e-con e-child\" data-id=\"2871e6ff\" data-element_type=\"container\" data-settings=\"{&quot;background_background&quot;:&quot;gradient&quot;,&quot;animation&quot;:&quot;bounceInLeft&quot;}\">\n\t\t\t\t<div class=\"elementor-element elementor-element-39b56073 elementor-widget elementor-widget-heading\" data-id=\"39b56073\" data-element_type=\"widget\" data-widget_type=\"heading.default\">\n\t\t\t\t\t<h2 class=\"elementor-heading-title elementor-size-default\">LIEFERKETTENMANAGEMENT<\/h2>\t\t\t\t<\/div>\n\t\t\t\t<\/div>\n\t\t<div class=\"elementor-element elementor-element-6875b4d8 e-con-full elementor-hidden-mobile e-flex elementor-invisible e-con e-child\" data-id=\"6875b4d8\" data-element_type=\"container\" data-settings=\"{&quot;background_background&quot;:&quot;gradient&quot;,&quot;animation&quot;:&quot;bounceInLeft&quot;}\">\n\t\t\t\t<div class=\"elementor-element elementor-element-35ec9afb elementor-widget elementor-widget-text-editor\" data-id=\"35ec9afb\" data-element_type=\"widget\" data-widget_type=\"text-editor.default\">\n\t\t\t\t\t\t\t\t\t<p>Aufbau einer zukunftssicheren Lieferkette<\/p>\t\t\t\t\t\t\t\t<\/div>\n\t\t\t\t<\/div>\n\t\t\t\t\t<\/div>\n\t\t\t\t<\/div>\n\t\t<div class=\"elementor-element elementor-element-3c608957 e-flex e-con-boxed e-con e-parent\" data-id=\"3c608957\" data-element_type=\"container\">\n\t\t\t\t\t<div class=\"e-con-inner\">\n\t\t<div class=\"elementor-element elementor-element-4c54e3e7 e-con-full e-flex e-con e-child\" data-id=\"4c54e3e7\" data-element_type=\"container\">\n\t\t\t\t<div class=\"elementor-element elementor-element-376cff86 elementor-widget elementor-widget-heading\" data-id=\"376cff86\" data-element_type=\"widget\" data-widget_type=\"heading.default\">\n\t\t\t\t\t<h2 class=\"elementor-heading-title elementor-size-default\">Ist Ihre Lieferkette zukunftssicher?  <\/h2>\t\t\t\t<\/div>\n\t\t\t\t<div class=\"elementor-element elementor-element-64424d0b elementor-widget elementor-widget-text-editor\" data-id=\"64424d0b\" data-element_type=\"widget\" data-widget_type=\"text-editor.default\">\n\t\t\t\t\t\t\t\t\t<p>Wollen Sie als Unternehmen zukunftsf\u00e4hig sein? Dann ist eine widerstandsf\u00e4hige, nachhaltige Lieferkette entscheidend. Denn die Welt ver\u00e4ndert sich in rasantem Tempo.   Wichtige Trends und Entwicklungen, die schwer zu ignorieren sind:<\/p><ul><li>Knappheit und steigende Kosten<\/li><li>Zunehmende Unsicherheiten in der Kette<\/li><li>Von der Globalisierung zur Regionalisierung<\/li><li>Nachhaltigkeit und neue Gesetze<\/li><li>Technologie und k\u00fcnstliche Intelligenz<\/li><\/ul><p> <\/p><p>Gr\u00fcnde genug, um kontinuierlich an der Lieferkette von morgen zu arbeiten und zum Beispiel die folgenden Fragen kritisch zu beantworten:<\/p><ul><li>Dient unsere Lieferkette noch den Bed\u00fcrfnissen der Kunden?<\/li><li>Wie k\u00f6nnen wir die Lagerbest\u00e4nde senken und gleichzeitig die Servicequalit\u00e4t verbessern?<\/li><li>Wie kann man Risiken vorhersehen, ohne extreme Lagerbest\u00e4nde und zus\u00e4tzliche Kosten?<\/li><li>Wie erreichen wir Zusammenarbeit und Transparenz in der Kette?<\/li><li>Ist unser Unternehmen \u00fcber seine Netzwerkkapazit\u00e4ten hinausgewachsen?<\/li><li>Wie k\u00f6nnen wir unsere Vertriebsstruktur optimieren?<\/li><\/ul>\t\t\t\t\t\t\t\t<\/div>\n\t\t\t\t<\/div>\n\t\t<div class=\"elementor-element elementor-element-295baa07 e-con-full e-flex e-con e-child\" data-id=\"295baa07\" data-element_type=\"container\" data-settings=\"{&quot;background_background&quot;:&quot;classic&quot;}\">\n\t\t\t\t<\/div>\n\t\t\t\t\t<\/div>\n\t\t\t\t<\/div>\n\t\t<div class=\"elementor-element elementor-element-1b74013 e-flex e-con-boxed e-con e-parent\" data-id=\"1b74013\" data-element_type=\"container\">\n\t\t\t\t\t<div class=\"e-con-inner\">\n\t\t<div class=\"elementor-element elementor-element-8e99b68 e-con-full e-flex e-con e-child\" data-id=\"8e99b68\" data-element_type=\"container\">\n\t\t\t\t<div class=\"elementor-element elementor-element-52b18be elementor-widget elementor-widget-heading\" data-id=\"52b18be\" data-element_type=\"widget\" data-widget_type=\"heading.default\">\n\t\t\t\t\t<h2 class=\"elementor-heading-title elementor-size-default\">Lieferkettenmanagement: Unser Ansatz<\/h2>\t\t\t\t<\/div>\n\t\t\t\t<div class=\"elementor-element elementor-element-fd87a92 elementor-widget elementor-widget-text-editor\" data-id=\"fd87a92\" data-element_type=\"widget\" data-widget_type=\"text-editor.default\">\n\t\t\t\t\t\t\t\t\t<p>Das Lieferkettenmanagement ber\u00fchrt alle Bereiche des Unternehmens. Das gilt auch f\u00fcr unseren Ansatz. Je nach Bedarf schaffen wir auf jeder Ebene Durchbr\u00fcche.  <\/p><p>Dabei kann es sich um eine vollst\u00e4ndige Umgestaltung der Lieferkette handeln, die auf einer neuen Gesch\u00e4ftsstrategie basiert. Oder ein gezieltes Verbesserungsprojekt in einem bestimmten Bereich, wie dem Planungsprozess oder dem physischen Warenfluss. <\/p><p>Schulter an Schulter machen wir uns an die Arbeit. Nicht nur mit der Strategie, sondern auch mit der Ausf\u00fchrung. <\/p>\t\t\t\t\t\t\t\t<\/div>\n\t\t\t\t<\/div>\n\t\t<div class=\"elementor-element elementor-element-3fd55f9 e-con-full e-flex e-con e-child\" data-id=\"3fd55f9\" data-element_type=\"container\">\n\t\t\t\t<div class=\"elementor-element elementor-element-4f347ca elementor-widget elementor-widget-heading\" data-id=\"4f347ca\" data-element_type=\"widget\" data-widget_type=\"heading.default\">\n\t\t\t\t\t<h2 class=\"elementor-heading-title elementor-size-default\">Von der Lieferkettenstrategie zur Umsetzung<\/h2>\t\t\t\t<\/div>\n\t\t\t\t<div class=\"elementor-element elementor-element-060ec90 elementor-widget elementor-widget-text-editor\" data-id=\"060ec90\" data-element_type=\"widget\" data-widget_type=\"text-editor.default\">\n\t\t\t\t\t\t\t\t\t<p>Die Umgestaltung einer Lieferkette und die Sicherung neuer Prozesse ist ein komplexer Ver\u00e4nderungsprozess. Gwynt wei\u00df, was dies erfordert und \u00fcbernimmt gerne die F\u00fchrung bei der Umsetzung. <\/p><p>Unsere umfassende Erfahrung im Bereich Change Management macht hier den Unterschied. Wir verwenden die ADKDAR-Methodik von Prosci. Ein forschungsbasierter Ansatz, der weltweit als Standard f\u00fcr das Ver\u00e4nderungsmanagement gilt.  <\/p><p>Dank unserer Erfahrung und unseres pragmatischen Ansatzes kommen wir schnell voran und Sie sehen schnell Ergebnisse.<\/p>\t\t\t\t\t\t\t\t<\/div>\n\t\t\t\t<\/div>\n\t\t\t\t\t<\/div>\n\t\t\t\t<\/div>\n\t\t<div class=\"elementor-element elementor-element-1882c954 e-con-full e-flex e-con e-parent\" data-id=\"1882c954\" data-element_type=\"container\">\n\t\t\t\t<div class=\"elementor-element elementor-element-74df9ee0 elementor-cta--layout-image-left elementor-widget__width-inherit elementor-cta--skin-classic elementor-animated-content elementor-bg-transform elementor-bg-transform-zoom-in elementor-widget elementor-widget-call-to-action\" data-id=\"74df9ee0\" data-element_type=\"widget\" data-widget_type=\"call-to-action.default\">\n\t\t\t\t\t\t\t<div class=\"elementor-cta\">\n\t\t\t\t\t<div class=\"elementor-cta__bg-wrapper\">\n\t\t\t\t<div class=\"elementor-cta__bg elementor-bg\" style=\"background-image: url(https:\/\/www.gwynt.eu\/wp-content\/uploads\/QwyntPortretten-16-scaled.jpg);\" role=\"img\" aria-label=\"QwyntPortraits-16\"><\/div>\n\t\t\t\t<div class=\"elementor-cta__bg-overlay\"><\/div>\n\t\t\t<\/div>\n\t\t\t\t\t\t\t<div class=\"elementor-cta__content\">\n\t\t\t\t\n\t\t\t\t\t\t\t\t\t<h2 class=\"elementor-cta__title elementor-cta__content-item elementor-content-item\">\n\t\t\t\t\t\tM\u00f6chten Sie mehr erfahren?\t\t\t\t\t<\/h2>\n\t\t\t\t\n\t\t\t\t\t\t\t\t\t<div class=\"elementor-cta__description elementor-cta__content-item elementor-content-item\">\n\t\t\t\t\t\tKontaktieren Sie Joris van den Hurk, Partner bei Gwynt.  \n\nj.vandenhurk@gwynt.eu\t\t\t\t\t<\/div>\n\t\t\t\t\n\t\t\t\t\t\t\t\t\t<div class=\"elementor-cta__button-wrapper elementor-cta__content-item elementor-content-item \">\n\t\t\t\t\t<a class=\"elementor-cta__button elementor-button elementor-size-\" href=\"https:\/\/meetings.hubspot.com\/joris-van-den-hurk\">\n\t\t\t\t\t\tVEREINBAREN SIE SOFORT EINEN TERMIN\t\t\t\t\t<\/a>\n\t\t\t\t\t<\/div>\n\t\t\t\t\t\t\t<\/div>\n\t\t\t\t\t\t<\/div>\n\t\t\t\t\t\t<\/div>\n\t\t\t\t<\/div>\n\t\t\t\t<\/div>\n\t\t","protected":false},"excerpt":{"rendered":"<p>LIEFERKETTENMANAGEMENT Aufbau einer zukunftssicheren Lieferkette Ist Ihre Lieferkette zukunftssicher? Wollen Sie als Unternehmen zukunftsf\u00e4hig sein? Dann ist eine widerstandsf\u00e4hige, nachhaltige Lieferkette entscheidend. Denn die Welt ver\u00e4ndert sich in rasantem Tempo. Wichtige Trends und Entwicklungen, die schwer zu ignorieren sind: Knappheit und steigende Kosten Zunehmende Unsicherheiten in der Kette Von der Globalisierung zur Regionalisierung Nachhaltigkeit und [&hellip;]<\/p>\n","protected":false},"author":15,"featured_media":0,"parent":0,"menu_order":0,"comment_status":"closed","ping_status":"closed","template":"elementor_header_footer","meta":{"_et_pb_use_builder":"","_et_pb_old_content":"","_et_gb_content_width":"","content-type":"","inline_featured_image":false,"footnotes":""},"class_list":["post-252092","page","type-page","status-publish","hentry"],"yoast_head":"<!-- This site is optimized with the Yoast SEO plugin v26.7 - https:\/\/yoast.com\/wordpress\/plugins\/seo\/ -->\n<title>Management der Lieferkette - Gwynt<\/title>\n<meta name=\"robots\" content=\"index, follow, max-snippet:-1, max-image-preview:large, max-video-preview:-1\" \/>\n<link rel=\"canonical\" href=\"https:\/\/www.gwynt.eu\/de\/management-der-lieferkette\/\" \/>\n<meta property=\"og:locale\" content=\"de_DE\" \/>\n<meta property=\"og:type\" content=\"article\" \/>\n<meta property=\"og:title\" content=\"Management der Lieferkette - Gwynt\" \/>\n<meta property=\"og:description\" content=\"LIEFERKETTENMANAGEMENT Aufbau einer zukunftssicheren Lieferkette Ist Ihre Lieferkette zukunftssicher? Wollen Sie als Unternehmen zukunftsf\u00e4hig sein? Dann ist eine widerstandsf\u00e4hige, nachhaltige Lieferkette entscheidend. Denn die Welt ver\u00e4ndert sich in rasantem Tempo. Wichtige Trends und Entwicklungen, die schwer zu ignorieren sind: Knappheit und steigende Kosten Zunehmende Unsicherheiten in der Kette Von der Globalisierung zur Regionalisierung Nachhaltigkeit und [&hellip;]\" \/>\n<meta property=\"og:url\" content=\"https:\/\/www.gwynt.eu\/de\/management-der-lieferkette\/\" \/>\n<meta property=\"og:site_name\" content=\"Gwynt\" \/>\n<meta property=\"article:modified_time\" content=\"2026-04-08T11:27:34+00:00\" \/>\n<meta name=\"twitter:card\" content=\"summary_large_image\" \/>\n<meta name=\"twitter:label1\" content=\"Gesch\u00e4tzte Lesezeit\" \/>\n\t<meta name=\"twitter:data1\" content=\"2\u00a0Minuten\" \/>\n<script type=\"application\/ld+json\" class=\"yoast-schema-graph\">{\"@context\":\"https:\/\/schema.org\",\"@graph\":[{\"@type\":\"WebPage\",\"@id\":\"https:\/\/www.gwynt.eu\/de\/management-der-lieferkette\/\",\"url\":\"https:\/\/www.gwynt.eu\/de\/management-der-lieferkette\/\",\"name\":\"Management der Lieferkette - Gwynt\",\"isPartOf\":{\"@id\":\"https:\/\/www.gwynt.eu\/de\/#website\"},\"datePublished\":\"2026-04-07T13:57:03+00:00\",\"dateModified\":\"2026-04-08T11:27:34+00:00\",\"breadcrumb\":{\"@id\":\"https:\/\/www.gwynt.eu\/de\/management-der-lieferkette\/#breadcrumb\"},\"inLanguage\":\"de\",\"potentialAction\":[{\"@type\":\"ReadAction\",\"target\":[\"https:\/\/www.gwynt.eu\/de\/management-der-lieferkette\/\"]}]},{\"@type\":\"BreadcrumbList\",\"@id\":\"https:\/\/www.gwynt.eu\/de\/management-der-lieferkette\/#breadcrumb\",\"itemListElement\":[{\"@type\":\"ListItem\",\"position\":1,\"name\":\"Startseite\",\"item\":\"https:\/\/www.gwynt.eu\/de\/saubere-homepage\/\"},{\"@type\":\"ListItem\",\"position\":2,\"name\":\"Management der Lieferkette\"}]},{\"@type\":\"WebSite\",\"@id\":\"https:\/\/www.gwynt.eu\/de\/#website\",\"url\":\"https:\/\/www.gwynt.eu\/de\/\",\"name\":\"Gwynt\",\"description\":\"Echte doorbraken bereik je samen\",\"publisher\":{\"@id\":\"https:\/\/www.gwynt.eu\/de\/#organization\"},\"potentialAction\":[{\"@type\":\"SearchAction\",\"target\":{\"@type\":\"EntryPoint\",\"urlTemplate\":\"https:\/\/www.gwynt.eu\/de\/?s={search_term_string}\"},\"query-input\":{\"@type\":\"PropertyValueSpecification\",\"valueRequired\":true,\"valueName\":\"search_term_string\"}}],\"inLanguage\":\"de\"},{\"@type\":\"Organization\",\"@id\":\"https:\/\/www.gwynt.eu\/de\/#organization\",\"name\":\"Gwynt\",\"url\":\"https:\/\/www.gwynt.eu\/de\/\",\"logo\":{\"@type\":\"ImageObject\",\"inLanguage\":\"de\",\"@id\":\"https:\/\/www.gwynt.eu\/de\/#\/schema\/logo\/image\/\",\"url\":\"https:\/\/www.gwynt.eu\/wp-content\/uploads\/GWYNT_LOGO_RGB.png\",\"contentUrl\":\"https:\/\/www.gwynt.eu\/wp-content\/uploads\/GWYNT_LOGO_RGB.png\",\"width\":363,\"height\":431,\"caption\":\"Gwynt\"},\"image\":{\"@id\":\"https:\/\/www.gwynt.eu\/de\/#\/schema\/logo\/image\/\"},\"sameAs\":[\"https:\/\/www.linkedin.com\/company\/gwynt\/mycompany\/\"]}]}<\/script>\n<!-- \/ Yoast SEO plugin. -->","yoast_head_json":{"title":"Management der Lieferkette - Gwynt","robots":{"index":"index","follow":"follow","max-snippet":"max-snippet:-1","max-image-preview":"max-image-preview:large","max-video-preview":"max-video-preview:-1"},"canonical":"https:\/\/www.gwynt.eu\/de\/management-der-lieferkette\/","og_locale":"de_DE","og_type":"article","og_title":"Management der Lieferkette - Gwynt","og_description":"LIEFERKETTENMANAGEMENT Aufbau einer zukunftssicheren Lieferkette Ist Ihre Lieferkette zukunftssicher? Wollen Sie als Unternehmen zukunftsf\u00e4hig sein? Dann ist eine widerstandsf\u00e4hige, nachhaltige Lieferkette entscheidend. Denn die Welt ver\u00e4ndert sich in rasantem Tempo. Wichtige Trends und Entwicklungen, die schwer zu ignorieren sind: Knappheit und steigende Kosten Zunehmende Unsicherheiten in der Kette Von der Globalisierung zur Regionalisierung Nachhaltigkeit und [&hellip;]","og_url":"https:\/\/www.gwynt.eu\/de\/management-der-lieferkette\/","og_site_name":"Gwynt","article_modified_time":"2026-04-08T11:27:34+00:00","twitter_card":"summary_large_image","twitter_misc":{"Gesch\u00e4tzte Lesezeit":"2\u00a0Minuten"},"schema":{"@context":"https:\/\/schema.org","@graph":[{"@type":"WebPage","@id":"https:\/\/www.gwynt.eu\/de\/management-der-lieferkette\/","url":"https:\/\/www.gwynt.eu\/de\/management-der-lieferkette\/","name":"Management der Lieferkette - Gwynt","isPartOf":{"@id":"https:\/\/www.gwynt.eu\/de\/#website"},"datePublished":"2026-04-07T13:57:03+00:00","dateModified":"2026-04-08T11:27:34+00:00","breadcrumb":{"@id":"https:\/\/www.gwynt.eu\/de\/management-der-lieferkette\/#breadcrumb"},"inLanguage":"de","potentialAction":[{"@type":"ReadAction","target":["https:\/\/www.gwynt.eu\/de\/management-der-lieferkette\/"]}]},{"@type":"BreadcrumbList","@id":"https:\/\/www.gwynt.eu\/de\/management-der-lieferkette\/#breadcrumb","itemListElement":[{"@type":"ListItem","position":1,"name":"Startseite","item":"https:\/\/www.gwynt.eu\/de\/saubere-homepage\/"},{"@type":"ListItem","position":2,"name":"Management der Lieferkette"}]},{"@type":"WebSite","@id":"https:\/\/www.gwynt.eu\/de\/#website","url":"https:\/\/www.gwynt.eu\/de\/","name":"Gwynt","description":"Echte doorbraken bereik je samen","publisher":{"@id":"https:\/\/www.gwynt.eu\/de\/#organization"},"potentialAction":[{"@type":"SearchAction","target":{"@type":"EntryPoint","urlTemplate":"https:\/\/www.gwynt.eu\/de\/?s={search_term_string}"},"query-input":{"@type":"PropertyValueSpecification","valueRequired":true,"valueName":"search_term_string"}}],"inLanguage":"de"},{"@type":"Organization","@id":"https:\/\/www.gwynt.eu\/de\/#organization","name":"Gwynt","url":"https:\/\/www.gwynt.eu\/de\/","logo":{"@type":"ImageObject","inLanguage":"de","@id":"https:\/\/www.gwynt.eu\/de\/#\/schema\/logo\/image\/","url":"https:\/\/www.gwynt.eu\/wp-content\/uploads\/GWYNT_LOGO_RGB.png","contentUrl":"https:\/\/www.gwynt.eu\/wp-content\/uploads\/GWYNT_LOGO_RGB.png","width":363,"height":431,"caption":"Gwynt"},"image":{"@id":"https:\/\/www.gwynt.eu\/de\/#\/schema\/logo\/image\/"},"sameAs":["https:\/\/www.linkedin.com\/company\/gwynt\/mycompany\/"]}]}},"_links":{"self":[{"href":"https:\/\/www.gwynt.eu\/de\/wp-json\/wp\/v2\/pages\/252092","targetHints":{"allow":["GET"]}}],"collection":[{"href":"https:\/\/www.gwynt.eu\/de\/wp-json\/wp\/v2\/pages"}],"about":[{"href":"https:\/\/www.gwynt.eu\/de\/wp-json\/wp\/v2\/types\/page"}],"author":[{"embeddable":true,"href":"https:\/\/www.gwynt.eu\/de\/wp-json\/wp\/v2\/users\/15"}],"replies":[{"embeddable":true,"href":"https:\/\/www.gwynt.eu\/de\/wp-json\/wp\/v2\/comments?post=252092"}],"version-history":[{"count":2,"href":"https:\/\/www.gwynt.eu\/de\/wp-json\/wp\/v2\/pages\/252092\/revisions"}],"predecessor-version":[{"id":252122,"href":"https:\/\/www.gwynt.eu\/de\/wp-json\/wp\/v2\/pages\/252092\/revisions\/252122"}],"wp:attachment":[{"href":"https:\/\/www.gwynt.eu\/de\/wp-json\/wp\/v2\/media?parent=252092"}],"curies":[{"name":"wp","href":"https:\/\/api.w.org\/{rel}","templated":true}]}}