{"id":252077,"date":"2026-04-07T07:17:01","date_gmt":"2026-04-07T06:17:01","guid":{"rendered":"https:\/\/www.gwynt.eu\/aktivierung-und-motivation\/"},"modified":"2026-04-07T07:31:46","modified_gmt":"2026-04-07T06:31:46","slug":"aktivierung-und-motivation","status":"publish","type":"page","link":"https:\/\/www.gwynt.eu\/de\/aktivierung-und-motivation\/","title":{"rendered":"Aktivierung und Motivation"},"content":{"rendered":"\t\t<div data-elementor-type=\"wp-page\" data-elementor-id=\"252077\" class=\"elementor elementor-252077 elementor-252068\" data-elementor-post-type=\"page\">\n\t\t\t\t<div class=\"elementor-element elementor-element-7d2f778 e-flex e-con-boxed e-con e-parent\" data-id=\"7d2f778\" data-element_type=\"container\" data-settings=\"{&quot;background_background&quot;:&quot;classic&quot;}\">\n\t\t\t\t\t<div class=\"e-con-inner\">\n\t\t<div class=\"elementor-element elementor-element-4b9291ef e-con-full elementor-hidden-mobile e-flex elementor-invisible e-con e-child\" data-id=\"4b9291ef\" data-element_type=\"container\" data-settings=\"{&quot;background_background&quot;:&quot;gradient&quot;,&quot;animation&quot;:&quot;bounceInLeft&quot;}\">\n\t\t\t\t<div class=\"elementor-element elementor-element-1143798 elementor-widget elementor-widget-heading\" data-id=\"1143798\" data-element_type=\"widget\" data-widget_type=\"heading.default\">\n\t\t\t\t\t<h2 class=\"elementor-heading-title elementor-size-default\">Aktivierung und Motivation<\/h2>\t\t\t\t<\/div>\n\t\t\t\t<\/div>\n\t\t<div class=\"elementor-element elementor-element-72cb4b1b e-con-full elementor-hidden-mobile e-flex elementor-invisible e-con e-child\" data-id=\"72cb4b1b\" data-element_type=\"container\" data-settings=\"{&quot;background_background&quot;:&quot;gradient&quot;,&quot;animation&quot;:&quot;bounceInLeft&quot;}\">\n\t\t\t\t<div class=\"elementor-element elementor-element-508ee4a3 elementor-widget elementor-widget-text-editor\" data-id=\"508ee4a3\" data-element_type=\"widget\" data-widget_type=\"text-editor.default\">\n\t\t\t\t\t\t\t\t\t<p>Positive Energie in der Werkstatt.<\/p>\t\t\t\t\t\t\t\t<\/div>\n\t\t\t\t<\/div>\n\t\t\t\t\t<\/div>\n\t\t\t\t<\/div>\n\t\t<div class=\"elementor-element elementor-element-13808858 e-flex e-con-boxed e-con e-parent\" data-id=\"13808858\" data-element_type=\"container\">\n\t\t\t\t\t<div class=\"e-con-inner\">\n\t\t<div class=\"elementor-element elementor-element-79791183 e-con-full e-flex e-con e-child\" data-id=\"79791183\" data-element_type=\"container\">\n\t\t\t\t<div class=\"elementor-element elementor-element-4bad5a7f elementor-widget elementor-widget-heading\" data-id=\"4bad5a7f\" data-element_type=\"widget\" data-widget_type=\"heading.default\">\n\t\t\t\t\t<h2 class=\"elementor-heading-title elementor-size-default\">Programme f\u00fcr motivierte Mitarbeiter<\/h2>\t\t\t\t<\/div>\n\t\t\t\t<div class=\"elementor-element elementor-element-74a47999 elementor-widget elementor-widget-text-editor\" data-id=\"74a47999\" data-element_type=\"widget\" data-widget_type=\"text-editor.default\">\n\t\t\t\t\t\t\t\t\t<p>Die Bindung und Einstellung von Mitarbeitern bleibt ein wichtiger Erfolgsfaktor. Au\u00dferdem ist der Arbeitsmarkt f\u00fcr viele Stellen schwierig. Unternehmen, denen es gelingt, am Arbeitsplatz Positivit\u00e4t zu schaffen, haben also einen Vorteil. Auch bei den Kunden.   <\/p><p>Motivierte, positiv eingestellte Mitarbeiter haben einen erheblichen Einfluss auf das Kundenerlebnis. Und damit auf die Gesch\u00e4ftsergebnisse. <\/p><p>Mit Programmen zur Mitarbeiteraktivierung und -motivation unterst\u00fctzt Gwynt Einzelh\u00e4ndler und andere Organisationen in dieser Hinsicht.<\/p><p> <\/p><h3>Warum ein Aktivierungs- und Motivationsprogramm?<\/h3><ul><li>Mitarbeiter anziehen und binden<\/li><li>Gr\u00f6\u00dfere Arbeitszufriedenheit, h\u00f6here Produktivit\u00e4t<\/li><li>Motivierte, proaktive Mitarbeiter<\/li><li>Steigerung der Mitarbeiterzufriedenheit<\/li><li>Verbesserung der Kundenerfahrung<\/li><\/ul>\t\t\t\t\t\t\t\t<\/div>\n\t\t\t\t<\/div>\n\t\t<div class=\"elementor-element elementor-element-31cdd762 e-con-full e-flex e-con e-child\" data-id=\"31cdd762\" data-element_type=\"container\" data-settings=\"{&quot;background_background&quot;:&quot;classic&quot;}\">\n\t\t\t\t<\/div>\n\t\t\t\t\t<\/div>\n\t\t\t\t<\/div>\n\t\t<div class=\"elementor-element elementor-element-25e7b941 e-con-full e-flex e-con e-parent\" data-id=\"25e7b941\" data-element_type=\"container\">\n\t\t<div class=\"elementor-element elementor-element-24e87f5b e-con-full e-flex e-con e-child\" data-id=\"24e87f5b\" data-element_type=\"container\">\n\t\t\t\t<div class=\"elementor-element elementor-element-3e8cbf0d elementor-widget__width-initial elementor-widget elementor-widget-heading\" data-id=\"3e8cbf0d\" data-element_type=\"widget\" data-widget_type=\"heading.default\">\n\t\t\t\t\t<h2 class=\"elementor-heading-title elementor-size-default\">Mitarbeiter gewinnen und binden: unser Ansatz<\/h2>\t\t\t\t<\/div>\n\t\t\t\t<div class=\"elementor-element elementor-element-4493ed05 elementor-widget__width-inherit elementor-widget elementor-widget-be-timeline\" data-id=\"4493ed05\" data-element_type=\"widget\" data-widget_type=\"be-timeline.default\">\n\t\t\t\t<div class=\"elementor-widget-container\">\n\t\t\t\t\t<ul class=\"be-pack timeline \"><li class=\"timeline-inverted\"> \n\t\t\t<div class=\"tl-circ\"><\/div>\n\t\t <div class=\"timeline-panel\">\n\t\t   <div class=\"tl-heading\">\n\t\t\t <div class=\"tl-content\">\n\n\t\t\t    \n\t\t\t\t\t\t\n\t\t\t\t\t\t<div class=\"be-desc\">\n\t\t\t\t\t\t\t<h2 class=\"be-title\">Stap 1 - Gamestorm<\/h2>\t\t\t\t\t\t\t<div class=\"be-content\"><p class=\"dipl_item_title\"><span style=\"color: #666666;font-size: 14px\">Aan de hand van inspirerende praktijkvoorbeelden laten we zien hoe je een motivatie-en activatieprogramma toepast in jouw organisatie. Op basis van de strategische uitgangspunten bepalen we welke focusgebieden belangrijk zijn en schetsen we de eerste contouren (spelregels) van het programma.<\/span><\/p><\/div>\t\t\t\t\t\t<\/div>\n\n\t\t\t\t\t\n\t\t\t\t<\/div>\n\n\t\t\t<\/div>\n\t\t<\/div>\n\t\t\t<\/li>\n\t\t\t<li class=\"timeline-right\"> \n\t\t\t<div class=\"tl-circ\"><\/div>\n\t\t <div class=\"timeline-panel\">\n\t\t   <div class=\"tl-heading\">\n\t\t\t <div class=\"tl-content\">\n\n\t\t\t    \n\t\t\t\t\t\t\n\t\t\t\t\t\t<div class=\"be-desc\">\n\t\t\t\t\t\t\t<h2 class=\"be-title\">Stap 2 - Gameplan<\/h2>\t\t\t\t\t\t\t<div class=\"be-content\"><p>Het \u2018gameplan\u2019 wordt concreet gemaakt. We bepalen de rolverdeling van de \u2018spelers\u2019 en de randvoorwaarden voor succes. Op basis van de focusgebieden werken we de opdrachten of \u2018challenges\u2019 gedetailleerd uit, aansluitend op het dagelijkse werk. We stellen een roadmap op voor de implementatie en communicatie.<\/p><\/div>\t\t\t\t\t\t<\/div>\n\n\t\t\t\t\t\n\t\t\t\t<\/div>\n\n\t\t\t<\/div>\n\t\t<\/div>\n\t\t\t<\/li>\n\t\t\t<li class=\"timeline-inverted\"> \n\t\t\t<div class=\"tl-circ\"><\/div>\n\t\t <div class=\"timeline-panel\">\n\t\t   <div class=\"tl-heading\">\n\t\t\t <div class=\"tl-content\">\n\n\t\t\t    \n\t\t\t\t\t\t\n\t\t\t\t\t\t<div class=\"be-desc\">\n\t\t\t\t\t\t\t<h2 class=\"be-title\">Stap 3 - Play to progrress<\/h2>\t\t\t\t\t\t\t<div class=\"be-content\"><p>Het programma gaat van start! In deze fase ben je in staat om het programma zelf te managen. Samen monitoren we het verloop van het programma en hoe de resultaten zich ontwikkelen. Waar nodig sturen we bij. We dragen het programma over, maar blijven betrokken.<\/p><\/div>\t\t\t\t\t\t<\/div>\n\n\t\t\t\t\t\n\t\t\t\t<\/div>\n\n\t\t\t<\/div>\n\t\t<\/div>\n\t\t\t<\/li>\n\t\t\t \n      <\/ul>\n\n\t\t\t\t\t<\/div>\n\t\t\t\t<\/div>\n\t\t\t\t<\/div>\n\t\t\t\t<\/div>\n\t\t<div class=\"elementor-element elementor-element-f6a625e e-con-full e-flex e-con e-parent\" data-id=\"f6a625e\" data-element_type=\"container\">\n\t\t\t\t<div class=\"elementor-element elementor-element-5fc8bd3e elementor-cta--layout-image-left elementor-widget__width-inherit elementor-cta--skin-classic elementor-animated-content elementor-bg-transform elementor-bg-transform-zoom-in elementor-widget elementor-widget-call-to-action\" data-id=\"5fc8bd3e\" data-element_type=\"widget\" data-widget_type=\"call-to-action.default\">\n\t\t\t\t\t\t\t<div class=\"elementor-cta\">\n\t\t\t\t\t<div class=\"elementor-cta__bg-wrapper\">\n\t\t\t\t<div class=\"elementor-cta__bg elementor-bg\" style=\"background-image: url(https:\/\/www.gwynt.eu\/wp-content\/uploads\/Gwynt_Kantoor-30-Michelle-Muller.jpg);\" role=\"img\" aria-label=\"Gwynt_Office-30-Michelle-Muller\"><\/div>\n\t\t\t\t<div class=\"elementor-cta__bg-overlay\"><\/div>\n\t\t\t<\/div>\n\t\t\t\t\t\t\t<div class=\"elementor-cta__content\">\n\t\t\t\t\n\t\t\t\t\t\t\t\t\t<h2 class=\"elementor-cta__title elementor-cta__content-item elementor-content-item\">\n\t\t\t\t\t\tM\u00f6chten Sie mehr erfahren?\t\t\t\t\t<\/h2>\n\t\t\t\t\n\t\t\t\t\t\t\t\t\t<div class=\"elementor-cta__description elementor-cta__content-item elementor-content-item\">\n\t\t\t\t\t\tKontaktieren Sie Michelle Muller, Business Associate bei Gwynt.  \n\nm.muller@gwynt.eu\t\t\t\t\t<\/div>\n\t\t\t\t\n\t\t\t\t\t\t\t\t\t<div class=\"elementor-cta__button-wrapper elementor-cta__content-item elementor-content-item \">\n\t\t\t\t\t<a class=\"elementor-cta__button elementor-button elementor-size-\" href=\"https:\/\/meetings.hubspot.com\/MICH-MULLER?uuid=71dad62b-aaf9-450b-9772-c0fc2f935adb\">\n\t\t\t\t\t\tVEREINBAREN SIE SOFORT EINEN TERMIN\t\t\t\t\t<\/a>\n\t\t\t\t\t<\/div>\n\t\t\t\t\t\t\t<\/div>\n\t\t\t\t\t\t<\/div>\n\t\t\t\t\t\t<\/div>\n\t\t\t\t<\/div>\n\t\t\t\t<\/div>\n\t\t","protected":false},"excerpt":{"rendered":"<p>Aktivierung und Motivation Positive Energie in der Werkstatt. Programme f\u00fcr motivierte Mitarbeiter Die Bindung und Einstellung von Mitarbeitern bleibt ein wichtiger Erfolgsfaktor. Au\u00dferdem ist der Arbeitsmarkt f\u00fcr viele Stellen schwierig. Unternehmen, denen es gelingt, am Arbeitsplatz Positivit\u00e4t zu schaffen, haben also einen Vorteil. Auch bei den Kunden. Motivierte, positiv eingestellte Mitarbeiter haben einen erheblichen Einfluss [&hellip;]<\/p>\n","protected":false},"author":15,"featured_media":0,"parent":0,"menu_order":0,"comment_status":"closed","ping_status":"closed","template":"elementor_header_footer","meta":{"_et_pb_use_builder":"","_et_pb_old_content":"","_et_gb_content_width":"","content-type":"","inline_featured_image":false,"footnotes":""},"class_list":["post-252077","page","type-page","status-publish","hentry"],"yoast_head":"<!-- This site is optimized with the Yoast SEO plugin v26.7 - https:\/\/yoast.com\/wordpress\/plugins\/seo\/ -->\n<title>Aktivierung und Motivation - Gwynt<\/title>\n<meta name=\"robots\" content=\"index, follow, max-snippet:-1, max-image-preview:large, max-video-preview:-1\" \/>\n<link rel=\"canonical\" href=\"https:\/\/www.gwynt.eu\/de\/aktivierung-und-motivation\/\" \/>\n<meta property=\"og:locale\" content=\"de_DE\" \/>\n<meta property=\"og:type\" content=\"article\" \/>\n<meta property=\"og:title\" content=\"Aktivierung und Motivation - Gwynt\" \/>\n<meta property=\"og:description\" content=\"Aktivierung und Motivation Positive Energie in der Werkstatt. Programme f\u00fcr motivierte Mitarbeiter Die Bindung und Einstellung von Mitarbeitern bleibt ein wichtiger Erfolgsfaktor. Au\u00dferdem ist der Arbeitsmarkt f\u00fcr viele Stellen schwierig. Unternehmen, denen es gelingt, am Arbeitsplatz Positivit\u00e4t zu schaffen, haben also einen Vorteil. Auch bei den Kunden. Motivierte, positiv eingestellte Mitarbeiter haben einen erheblichen Einfluss [&hellip;]\" \/>\n<meta property=\"og:url\" content=\"https:\/\/www.gwynt.eu\/de\/aktivierung-und-motivation\/\" \/>\n<meta property=\"og:site_name\" content=\"Gwynt\" \/>\n<meta property=\"article:modified_time\" content=\"2026-04-07T06:31:46+00:00\" \/>\n<meta name=\"twitter:card\" content=\"summary_large_image\" \/>\n<meta name=\"twitter:label1\" content=\"Gesch\u00e4tzte Lesezeit\" \/>\n\t<meta name=\"twitter:data1\" content=\"1\u00a0Minute\" \/>\n<script type=\"application\/ld+json\" class=\"yoast-schema-graph\">{\"@context\":\"https:\/\/schema.org\",\"@graph\":[{\"@type\":\"WebPage\",\"@id\":\"https:\/\/www.gwynt.eu\/de\/aktivierung-und-motivation\/\",\"url\":\"https:\/\/www.gwynt.eu\/de\/aktivierung-und-motivation\/\",\"name\":\"Aktivierung und Motivation - Gwynt\",\"isPartOf\":{\"@id\":\"https:\/\/www.gwynt.eu\/de\/#website\"},\"datePublished\":\"2026-04-07T06:17:01+00:00\",\"dateModified\":\"2026-04-07T06:31:46+00:00\",\"breadcrumb\":{\"@id\":\"https:\/\/www.gwynt.eu\/de\/aktivierung-und-motivation\/#breadcrumb\"},\"inLanguage\":\"de\",\"potentialAction\":[{\"@type\":\"ReadAction\",\"target\":[\"https:\/\/www.gwynt.eu\/de\/aktivierung-und-motivation\/\"]}]},{\"@type\":\"BreadcrumbList\",\"@id\":\"https:\/\/www.gwynt.eu\/de\/aktivierung-und-motivation\/#breadcrumb\",\"itemListElement\":[{\"@type\":\"ListItem\",\"position\":1,\"name\":\"Startseite\",\"item\":\"https:\/\/www.gwynt.eu\/de\/saubere-homepage\/\"},{\"@type\":\"ListItem\",\"position\":2,\"name\":\"Aktivierung und Motivation\"}]},{\"@type\":\"WebSite\",\"@id\":\"https:\/\/www.gwynt.eu\/de\/#website\",\"url\":\"https:\/\/www.gwynt.eu\/de\/\",\"name\":\"Gwynt\",\"description\":\"Echte doorbraken bereik je samen\",\"publisher\":{\"@id\":\"https:\/\/www.gwynt.eu\/de\/#organization\"},\"potentialAction\":[{\"@type\":\"SearchAction\",\"target\":{\"@type\":\"EntryPoint\",\"urlTemplate\":\"https:\/\/www.gwynt.eu\/de\/?s={search_term_string}\"},\"query-input\":{\"@type\":\"PropertyValueSpecification\",\"valueRequired\":true,\"valueName\":\"search_term_string\"}}],\"inLanguage\":\"de\"},{\"@type\":\"Organization\",\"@id\":\"https:\/\/www.gwynt.eu\/de\/#organization\",\"name\":\"Gwynt\",\"url\":\"https:\/\/www.gwynt.eu\/de\/\",\"logo\":{\"@type\":\"ImageObject\",\"inLanguage\":\"de\",\"@id\":\"https:\/\/www.gwynt.eu\/de\/#\/schema\/logo\/image\/\",\"url\":\"https:\/\/www.gwynt.eu\/wp-content\/uploads\/GWYNT_LOGO_RGB.png\",\"contentUrl\":\"https:\/\/www.gwynt.eu\/wp-content\/uploads\/GWYNT_LOGO_RGB.png\",\"width\":363,\"height\":431,\"caption\":\"Gwynt\"},\"image\":{\"@id\":\"https:\/\/www.gwynt.eu\/de\/#\/schema\/logo\/image\/\"},\"sameAs\":[\"https:\/\/www.linkedin.com\/company\/gwynt\/mycompany\/\"]}]}<\/script>\n<!-- \/ Yoast SEO plugin. -->","yoast_head_json":{"title":"Aktivierung und Motivation - Gwynt","robots":{"index":"index","follow":"follow","max-snippet":"max-snippet:-1","max-image-preview":"max-image-preview:large","max-video-preview":"max-video-preview:-1"},"canonical":"https:\/\/www.gwynt.eu\/de\/aktivierung-und-motivation\/","og_locale":"de_DE","og_type":"article","og_title":"Aktivierung und Motivation - Gwynt","og_description":"Aktivierung und Motivation Positive Energie in der Werkstatt. Programme f\u00fcr motivierte Mitarbeiter Die Bindung und Einstellung von Mitarbeitern bleibt ein wichtiger Erfolgsfaktor. Au\u00dferdem ist der Arbeitsmarkt f\u00fcr viele Stellen schwierig. Unternehmen, denen es gelingt, am Arbeitsplatz Positivit\u00e4t zu schaffen, haben also einen Vorteil. Auch bei den Kunden. Motivierte, positiv eingestellte Mitarbeiter haben einen erheblichen Einfluss [&hellip;]","og_url":"https:\/\/www.gwynt.eu\/de\/aktivierung-und-motivation\/","og_site_name":"Gwynt","article_modified_time":"2026-04-07T06:31:46+00:00","twitter_card":"summary_large_image","twitter_misc":{"Gesch\u00e4tzte Lesezeit":"1\u00a0Minute"},"schema":{"@context":"https:\/\/schema.org","@graph":[{"@type":"WebPage","@id":"https:\/\/www.gwynt.eu\/de\/aktivierung-und-motivation\/","url":"https:\/\/www.gwynt.eu\/de\/aktivierung-und-motivation\/","name":"Aktivierung und Motivation - Gwynt","isPartOf":{"@id":"https:\/\/www.gwynt.eu\/de\/#website"},"datePublished":"2026-04-07T06:17:01+00:00","dateModified":"2026-04-07T06:31:46+00:00","breadcrumb":{"@id":"https:\/\/www.gwynt.eu\/de\/aktivierung-und-motivation\/#breadcrumb"},"inLanguage":"de","potentialAction":[{"@type":"ReadAction","target":["https:\/\/www.gwynt.eu\/de\/aktivierung-und-motivation\/"]}]},{"@type":"BreadcrumbList","@id":"https:\/\/www.gwynt.eu\/de\/aktivierung-und-motivation\/#breadcrumb","itemListElement":[{"@type":"ListItem","position":1,"name":"Startseite","item":"https:\/\/www.gwynt.eu\/de\/saubere-homepage\/"},{"@type":"ListItem","position":2,"name":"Aktivierung und Motivation"}]},{"@type":"WebSite","@id":"https:\/\/www.gwynt.eu\/de\/#website","url":"https:\/\/www.gwynt.eu\/de\/","name":"Gwynt","description":"Echte doorbraken bereik je samen","publisher":{"@id":"https:\/\/www.gwynt.eu\/de\/#organization"},"potentialAction":[{"@type":"SearchAction","target":{"@type":"EntryPoint","urlTemplate":"https:\/\/www.gwynt.eu\/de\/?s={search_term_string}"},"query-input":{"@type":"PropertyValueSpecification","valueRequired":true,"valueName":"search_term_string"}}],"inLanguage":"de"},{"@type":"Organization","@id":"https:\/\/www.gwynt.eu\/de\/#organization","name":"Gwynt","url":"https:\/\/www.gwynt.eu\/de\/","logo":{"@type":"ImageObject","inLanguage":"de","@id":"https:\/\/www.gwynt.eu\/de\/#\/schema\/logo\/image\/","url":"https:\/\/www.gwynt.eu\/wp-content\/uploads\/GWYNT_LOGO_RGB.png","contentUrl":"https:\/\/www.gwynt.eu\/wp-content\/uploads\/GWYNT_LOGO_RGB.png","width":363,"height":431,"caption":"Gwynt"},"image":{"@id":"https:\/\/www.gwynt.eu\/de\/#\/schema\/logo\/image\/"},"sameAs":["https:\/\/www.linkedin.com\/company\/gwynt\/mycompany\/"]}]}},"_links":{"self":[{"href":"https:\/\/www.gwynt.eu\/de\/wp-json\/wp\/v2\/pages\/252077","targetHints":{"allow":["GET"]}}],"collection":[{"href":"https:\/\/www.gwynt.eu\/de\/wp-json\/wp\/v2\/pages"}],"about":[{"href":"https:\/\/www.gwynt.eu\/de\/wp-json\/wp\/v2\/types\/page"}],"author":[{"embeddable":true,"href":"https:\/\/www.gwynt.eu\/de\/wp-json\/wp\/v2\/users\/15"}],"replies":[{"embeddable":true,"href":"https:\/\/www.gwynt.eu\/de\/wp-json\/wp\/v2\/comments?post=252077"}],"version-history":[{"count":2,"href":"https:\/\/www.gwynt.eu\/de\/wp-json\/wp\/v2\/pages\/252077\/revisions"}],"predecessor-version":[{"id":252085,"href":"https:\/\/www.gwynt.eu\/de\/wp-json\/wp\/v2\/pages\/252077\/revisions\/252085"}],"wp:attachment":[{"href":"https:\/\/www.gwynt.eu\/de\/wp-json\/wp\/v2\/media?parent=252077"}],"curies":[{"name":"wp","href":"https:\/\/api.w.org\/{rel}","templated":true}]}}