{"id":252049,"date":"2026-04-06T20:32:31","date_gmt":"2026-04-06T19:32:31","guid":{"rendered":"https:\/\/www.gwynt.eu\/kultur-der-exzellenz\/"},"modified":"2026-04-07T07:06:13","modified_gmt":"2026-04-07T06:06:13","slug":"kultur-der-exzellenz","status":"publish","type":"page","link":"https:\/\/www.gwynt.eu\/de\/kultur-der-exzellenz\/","title":{"rendered":"Kultur der Exzellenz"},"content":{"rendered":"\t\t<div data-elementor-type=\"wp-page\" data-elementor-id=\"252049\" class=\"elementor elementor-252049 elementor-252032\" data-elementor-post-type=\"page\">\n\t\t\t\t<div class=\"elementor-element elementor-element-11eb1404 e-flex e-con-boxed e-con e-parent\" data-id=\"11eb1404\" data-element_type=\"container\" data-settings=\"{&quot;background_background&quot;:&quot;classic&quot;}\">\n\t\t\t\t\t<div class=\"e-con-inner\">\n\t\t<div class=\"elementor-element elementor-element-692cbfd6 e-con-full elementor-hidden-mobile e-flex elementor-invisible e-con e-child\" data-id=\"692cbfd6\" data-element_type=\"container\" data-settings=\"{&quot;background_background&quot;:&quot;gradient&quot;,&quot;animation&quot;:&quot;bounceInLeft&quot;}\">\n\t\t\t\t<div class=\"elementor-element elementor-element-41f59f0c elementor-widget elementor-widget-heading\" data-id=\"41f59f0c\" data-element_type=\"widget\" data-widget_type=\"heading.default\">\n\t\t\t\t\t<h2 class=\"elementor-heading-title elementor-size-default\">KULTUR DER EXZELLENZ<\/h2>\t\t\t\t<\/div>\n\t\t\t\t<\/div>\n\t\t<div class=\"elementor-element elementor-element-7f3d5575 e-con-full elementor-hidden-mobile e-flex elementor-invisible e-con e-child\" data-id=\"7f3d5575\" data-element_type=\"container\" data-settings=\"{&quot;background_background&quot;:&quot;gradient&quot;,&quot;animation&quot;:&quot;bounceInLeft&quot;}\">\n\t\t\t\t<div class=\"elementor-element elementor-element-660d6b74 elementor-widget elementor-widget-text-editor\" data-id=\"660d6b74\" data-element_type=\"widget\" data-widget_type=\"text-editor.default\">\n\t\t\t\t\t\t\t\t\t<p>Aufbau einer Kultur der kontinuierlichen Verbesserung<\/p>\t\t\t\t\t\t\t\t<\/div>\n\t\t\t\t<\/div>\n\t\t\t\t\t<\/div>\n\t\t\t\t<\/div>\n\t\t<div class=\"elementor-element elementor-element-71f2ef67 e-con-full e-flex e-con e-parent\" data-id=\"71f2ef67\" data-element_type=\"container\">\n\t\t<div class=\"elementor-element elementor-element-547cc1f8 e-con-full e-flex e-con e-child\" data-id=\"547cc1f8\" data-element_type=\"container\">\n\t\t\t\t<div class=\"elementor-element elementor-element-1a0e5695 elementor-widget elementor-widget-heading\" data-id=\"1a0e5695\" data-element_type=\"widget\" data-widget_type=\"heading.default\">\n\t\t\t\t\t<h2 class=\"elementor-heading-title elementor-size-default\">Kultur der Exzellenz: Schl\u00fcssel zum dauerhaften Erfolg<\/h2>\t\t\t\t<\/div>\n\t\t\t\t<div class=\"elementor-element elementor-element-11eb094e elementor-widget elementor-widget-text-editor\" data-id=\"11eb094e\" data-element_type=\"widget\" data-widget_type=\"text-editor.default\">\n\t\t\t\t\t\t\t\t\t<p>Die Verwirklichung einer Strategie h\u00e4ngt vom Verhalten der Menschen ab. Werkzeuge und Prozesse sind ebenfalls wichtig, aber den wirklichen Unterschied machen die Menschen. Unternehmen mit einer Kultur der Exzellenz beweisen dies jeden Tag.  <\/p><p>Anstatt st\u00e4ndig Br\u00e4nde zu l\u00f6schen, kommen Sie nur dann wirklich voran, wenn Sie es verstehen, sich auf die kontinuierliche Verbesserung von Prozessen und Abl\u00e4ufen zu konzentrieren. Nur dann werden Sie strukturell ein immer besseres Unternehmen aufbauen. <\/p><p> <\/p><h3><strong>Warum eine Kultur der Exzellenz?<\/strong><\/h3><ul><li>Schnell auf Ver\u00e4nderungen reagieren<\/li><li>Effektive Entscheidungsfindung, effiziente Prozesse<\/li><li>Starker Zusammenhalt zwischen den Abteilungen<\/li><li>Motivierte und kompetente Mitarbeiter<\/li><li>Kontinuierliche Verbesserung als Kompetenz<\/li><\/ul>\t\t\t\t\t\t\t\t<\/div>\n\t\t\t\t<\/div>\n\t\t<div class=\"elementor-element elementor-element-82d9fd4 e-con-full e-flex e-con e-child\" data-id=\"82d9fd4\" data-element_type=\"container\" data-settings=\"{&quot;background_background&quot;:&quot;classic&quot;}\">\n\t\t\t\t<\/div>\n\t\t\t\t<\/div>\n\t\t<div class=\"elementor-element elementor-element-4291fa99 e-flex e-con-boxed e-con e-parent\" data-id=\"4291fa99\" data-element_type=\"container\">\n\t\t\t\t\t<div class=\"e-con-inner\">\n\t\t\t\t<div class=\"elementor-element elementor-element-512bd382 elementor-absolute elementor-widget-divider--view-line elementor-widget elementor-widget-divider\" data-id=\"512bd382\" data-element_type=\"widget\" data-settings=\"{&quot;_position&quot;:&quot;absolute&quot;}\" data-widget_type=\"divider.default\">\n\t\t\t\t\t\t\t<div class=\"elementor-divider\">\n\t\t\t<span class=\"elementor-divider-separator\">\n\t\t\t\t\t\t<\/span>\n\t\t<\/div>\n\t\t\t\t\t\t<\/div>\n\t\t\t\t\t<\/div>\n\t\t\t\t<\/div>\n\t\t<div class=\"elementor-element elementor-element-66c023aa e-flex e-con-boxed e-con e-parent\" data-id=\"66c023aa\" data-element_type=\"container\">\n\t\t\t\t\t<div class=\"e-con-inner\">\n\t\t<div class=\"elementor-element elementor-element-5928bc59 e-con-full e-flex e-con e-child\" data-id=\"5928bc59\" data-element_type=\"container\" data-settings=\"{&quot;background_background&quot;:&quot;classic&quot;}\">\n\t\t\t\t<\/div>\n\t\t<div class=\"elementor-element elementor-element-3579a40e e-con-full e-flex e-con e-child\" data-id=\"3579a40e\" data-element_type=\"container\">\n\t\t\t\t<div class=\"elementor-element elementor-element-454b98d elementor-widget elementor-widget-heading\" data-id=\"454b98d\" data-element_type=\"widget\" data-widget_type=\"heading.default\">\n\t\t\t\t\t<h1 class=\"elementor-heading-title elementor-size-default\">Schaffung einer Kultur der Exzellenz mit Gwynt<\/h1>\t\t\t\t<\/div>\n\t\t\t\t<div class=\"elementor-element elementor-element-43225c5d elementor-widget elementor-widget-text-editor\" data-id=\"43225c5d\" data-element_type=\"widget\" data-widget_type=\"text-editor.default\">\n\t\t\t\t\t\t\t\t\t<p>Eine tief verwurzelte Kultur der Exzellenz entsteht nicht \u00fcber Nacht. Sie muss wachsen. Wie k\u00f6nnen wir dies sicherstellen?  <\/p><p>Das ist unser Ansatz:<\/p><ul><li>Wir kombinieren &#8218;harte&#8216; (KPIs, Ergebnisse, Projektmanagement) mit &#8218;weichen&#8216; (Kultur, Verhalten, Change Management).<\/li><li>Neben der Konzentration auf Prozesse und Tools konzentrieren wir uns auf die St\u00e4rkung des mittleren Managements.<\/li><li>Um eine Kultur der Exzellenz aufzubauen, verwenden wir 6 Leitprinzipien, die aus der Lean-Philosophie entwickelt wurden. Der Schwerpunkt liegt dabei auf der Ver\u00e4nderung der Denkweise und des Verhaltens der Mitarbeiter. <\/li><li>Obwohl viele Methoden einen betrieblichen Ursprung haben, ist unser Ansatz breit anwendbar. Wir konzentrieren uns nicht nur auf die Produktion und die Lieferkette, sondern auch auf kommerzielle und administrative Prozesse. <\/li><\/ul>\t\t\t\t\t\t\t\t<\/div>\n\t\t\t\t<\/div>\n\t\t\t\t\t<\/div>\n\t\t\t\t<\/div>\n\t\t<div class=\"elementor-element elementor-element-7bd5cbbf e-con-full e-flex e-con e-parent\" data-id=\"7bd5cbbf\" data-element_type=\"container\">\n\t\t<div class=\"elementor-element elementor-element-1042811f e-con-full e-flex e-con e-child\" data-id=\"1042811f\" data-element_type=\"container\">\n\t\t\t\t<div class=\"elementor-element elementor-element-935028f elementor-widget__width-initial elementor-widget elementor-widget-heading\" data-id=\"935028f\" data-element_type=\"widget\" data-widget_type=\"heading.default\">\n\t\t\t\t\t<h2 class=\"elementor-heading-title elementor-size-default\">6 Grunds\u00e4tze, 1 Ziel: eine Kultur der Exzellenz\n<\/h2>\t\t\t\t<\/div>\n\t\t\t\t<div class=\"elementor-element elementor-element-1dfb3412 elementor-widget__width-inherit elementor-widget elementor-widget-be-timeline\" data-id=\"1dfb3412\" data-element_type=\"widget\" data-widget_type=\"be-timeline.default\">\n\t\t\t\t<div class=\"elementor-widget-container\">\n\t\t\t\t\t<ul class=\"be-pack timeline \"><li class=\"timeline-inverted\"> \n\t\t\t<div class=\"tl-circ\"><\/div>\n\t\t <div class=\"timeline-panel\">\n\t\t   <div class=\"tl-heading\">\n\t\t\t <div class=\"tl-content\">\n\n\t\t\t    \n\t\t\t\t\t\t\n\t\t\t\t\t\t<div class=\"be-desc\">\n\t\t\t\t\t\t\t<h2 class=\"be-title\">Principe 1  - Focus op waarde toevoegende activiteiten<\/h2>\t\t\t\t\t\t\t<div class=\"be-content\"><div class=\"dipl_item_desc\"><p><em>\"De klant betaald voor waarde, niet voor ingesleten gewoontes en verspilling\"<\/em><\/p><p>\u00a0<\/p><ul><li>Klantwaarde centraal<\/li><li>Elimineren van verspillingen<\/li><li>Leren zien<\/li><\/ul><\/div><\/div>\t\t\t\t\t\t<\/div>\n\n\t\t\t\t\t\n\t\t\t\t<\/div>\n\n\t\t\t<\/div>\n\t\t<\/div>\n\t\t\t<\/li>\n\t\t\t<li class=\"timeline-right\"> \n\t\t\t<div class=\"tl-circ\"><\/div>\n\t\t <div class=\"timeline-panel\">\n\t\t   <div class=\"tl-heading\">\n\t\t\t <div class=\"tl-content\">\n\n\t\t\t    \n\t\t\t\t\t\t\n\t\t\t\t\t\t<div class=\"be-desc\">\n\t\t\t\t\t\t\t<h2 class=\"be-title\">Principe 2 - Weet waar je staat<\/h2>\t\t\t\t\t\t\t<div class=\"be-content\"><p class=\"dipl_item_title\"><em>\u201cAls je niet weet waar je staat, dan acteer je alleen reactief\u201d<\/em><\/p><p>\u00a0<\/p><div class=\"dipl_item_desc\"><ul><li>Visie en doelen bekend<\/li><li>KPI\u2019s: realisatie versus plan<\/li><li>Vooruitkijken en acteren<\/li><\/ul><\/div><\/div>\t\t\t\t\t\t<\/div>\n\n\t\t\t\t\t\n\t\t\t\t<\/div>\n\n\t\t\t<\/div>\n\t\t<\/div>\n\t\t\t<\/li>\n\t\t\t<li class=\"timeline-inverted\"> \n\t\t\t<div class=\"tl-circ\"><\/div>\n\t\t <div class=\"timeline-panel\">\n\t\t   <div class=\"tl-heading\">\n\t\t\t <div class=\"tl-content\">\n\n\t\t\t    \n\t\t\t\t\t\t\n\t\t\t\t\t\t<div class=\"be-desc\">\n\t\t\t\t\t\t\t<h2 class=\"be-title\">Principe 3 - Standaarden als basis voor verbeteringen<\/h2>\t\t\t\t\t\t\t<div class=\"be-content\"><p class=\"dipl_item_title\"><em>\u201cAls er geen standaard is, hoe kun je dan verbeteren?\u201d<\/em><\/p><div class=\"dipl_item_desc\"><ul><li><p>Standaard werkwijzen<\/p><\/li><li>Visueel maken<\/li><li>Actief gebruiken<\/li><\/ul><\/div><\/div>\t\t\t\t\t\t<\/div>\n\n\t\t\t\t\t\n\t\t\t\t<\/div>\n\n\t\t\t<\/div>\n\t\t<\/div>\n\t\t\t<\/li>\n\t\t\t<li class=\"timeline-right\"> \n\t\t\t<div class=\"tl-circ\"><\/div>\n\t\t <div class=\"timeline-panel\">\n\t\t   <div class=\"tl-heading\">\n\t\t\t <div class=\"tl-content\">\n\n\t\t\t    \n\t\t\t\t\t\t\n\t\t\t\t\t\t<div class=\"be-desc\">\n\t\t\t\t\t\t\t<h2 class=\"be-title\">Principe 4 - Vaardige en gemotiveerde mensen<\/h2>\t\t\t\t\t\t\t<div class=\"be-content\"><p class=\"dipl_item_title\"><em>\u201cVerantwoordelijkheid geven en nemen gaan hand in hand\u201d<\/em><\/p><p>\u00a0<\/p><div class=\"dipl_item_desc\"><ul><li>Juiste persoon op juiste plek<\/li><li>Ontwikkelen\/trainen van talent<\/li><li>Leiderschap en voorbeeldgedrag<\/li><\/ul><\/div><\/div>\t\t\t\t\t\t<\/div>\n\n\t\t\t\t\t\n\t\t\t\t<\/div>\n\n\t\t\t<\/div>\n\t\t<\/div>\n\t\t\t<\/li>\n\t\t\t<li class=\"timeline-inverted\"> \n\t\t\t<div class=\"tl-circ\"><\/div>\n\t\t <div class=\"timeline-panel\">\n\t\t   <div class=\"tl-heading\">\n\t\t\t <div class=\"tl-content\">\n\n\t\t\t    \n\t\t\t\t\t\t\n\t\t\t\t\t\t<div class=\"be-desc\">\n\t\t\t\t\t\t\t<h2 class=\"be-title\">Principe 5 - Strak samenspel<\/h2>\t\t\t\t\t\t\t<div class=\"be-content\"><p class=\"dipl_item_title\"><em>\u201cDoorbreken van gewoontes, cre\u00ebren van routines\u201d<\/em><\/p><p>\u00a0<\/p><div class=\"dipl_item_desc\"><ul><li>Effectief overleggen<\/li><li>Eigenaarschap<\/li><li>Samenwerking, over afdelingen heen<\/li><\/ul><\/div><\/div>\t\t\t\t\t\t<\/div>\n\n\t\t\t\t\t\n\t\t\t\t<\/div>\n\n\t\t\t<\/div>\n\t\t<\/div>\n\t\t\t<\/li>\n\t\t\t<li class=\"timeline-right\"> \n\t\t\t<div class=\"tl-circ\"><\/div>\n\t\t <div class=\"timeline-panel\">\n\t\t   <div class=\"tl-heading\">\n\t\t\t <div class=\"tl-content\">\n\n\t\t\t    \n\t\t\t\t\t\t\n\t\t\t\t\t\t<div class=\"be-desc\">\n\t\t\t\t\t\t\t<h2 class=\"be-title\">Principe 6 - Continu verbeteren<\/h2>\t\t\t\t\t\t\t<div class=\"be-content\"><p class=\"dipl_item_title\"><em>\u201cHet kan altijd beter, iedere dag\u201d<\/em><\/p><p>\u00a0<\/p><div class=\"dipl_item_desc\"><ul><li>Plan Do Check Act<\/li><li>Streven naar perfectie<\/li><li>Vanuit objectieve feiten en analyse verbeteren<\/li><\/ul><\/div><\/div>\t\t\t\t\t\t<\/div>\n\n\t\t\t\t\t\n\t\t\t\t<\/div>\n\n\t\t\t<\/div>\n\t\t<\/div>\n\t\t\t<\/li>\n\t\t\t \n      <\/ul>\n\n\t\t\t\t\t<\/div>\n\t\t\t\t<\/div>\n\t\t\t\t<\/div>\n\t\t\t\t<\/div>\n\t\t<div class=\"elementor-element elementor-element-2592e1c8 e-con-full e-flex e-con e-parent\" data-id=\"2592e1c8\" data-element_type=\"container\">\n\t\t\t\t<div class=\"elementor-element elementor-element-5dbdd453 elementor-cta--layout-image-left elementor-widget__width-inherit elementor-cta--skin-classic elementor-animated-content elementor-bg-transform elementor-bg-transform-zoom-in elementor-widget elementor-widget-call-to-action\" data-id=\"5dbdd453\" data-element_type=\"widget\" data-widget_type=\"call-to-action.default\">\n\t\t\t\t\t\t\t<div class=\"elementor-cta\">\n\t\t\t\t\t<div class=\"elementor-cta__bg-wrapper\">\n\t\t\t\t<div class=\"elementor-cta__bg elementor-bg\" style=\"background-image: url(https:\/\/www.gwynt.eu\/wp-content\/uploads\/Gwynt-17-Frenky-van-Esdonk.jpg);\" role=\"img\" aria-label=\"Gwynt-17-Frenky-von-Esdonk\"><\/div>\n\t\t\t\t<div class=\"elementor-cta__bg-overlay\"><\/div>\n\t\t\t<\/div>\n\t\t\t\t\t\t\t<div class=\"elementor-cta__content\">\n\t\t\t\t\n\t\t\t\t\t\t\t\t\t<h2 class=\"elementor-cta__title elementor-cta__content-item elementor-content-item\">\n\t\t\t\t\t\tM\u00f6chten Sie mehr erfahren?\t\t\t\t\t<\/h2>\n\t\t\t\t\n\t\t\t\t\t\t\t\t\t<div class=\"elementor-cta__description elementor-cta__content-item elementor-content-item\">\n\t\t\t\t\t\tKontaktieren Sie Frenky van Esdonk, Senior Business Associate bei Gwynt.  \n\nf.vanesdonk@gwynt.eu\t\t\t\t\t<\/div>\n\t\t\t\t\n\t\t\t\t\t\t\t\t\t<div class=\"elementor-cta__button-wrapper elementor-cta__content-item elementor-content-item \">\n\t\t\t\t\t<a class=\"elementor-cta__button elementor-button elementor-size-\" href=\"https:\/\/meetings.hubspot.com\/frenky?uuid=908d4112-6dcf-4284-bd87-d229002016e6\">\n\t\t\t\t\t\tVEREINBAREN SIE SOFORT EINEN TERMIN\t\t\t\t\t<\/a>\n\t\t\t\t\t<\/div>\n\t\t\t\t\t\t\t<\/div>\n\t\t\t\t\t\t<\/div>\n\t\t\t\t\t\t<\/div>\n\t\t\t\t<\/div>\n\t\t\t\t<\/div>\n\t\t","protected":false},"excerpt":{"rendered":"<p>KULTUR DER EXZELLENZ Aufbau einer Kultur der kontinuierlichen Verbesserung Kultur der Exzellenz: Schl\u00fcssel zum dauerhaften Erfolg Die Verwirklichung einer Strategie h\u00e4ngt vom Verhalten der Menschen ab. Werkzeuge und Prozesse sind ebenfalls wichtig, aber den wirklichen Unterschied machen die Menschen. Unternehmen mit einer Kultur der Exzellenz beweisen dies jeden Tag. Anstatt st\u00e4ndig Br\u00e4nde zu l\u00f6schen, kommen [&hellip;]<\/p>\n","protected":false},"author":15,"featured_media":0,"parent":0,"menu_order":0,"comment_status":"closed","ping_status":"closed","template":"elementor_header_footer","meta":{"_et_pb_use_builder":"","_et_pb_old_content":"","_et_gb_content_width":"","content-type":"","inline_featured_image":false,"footnotes":""},"class_list":["post-252049","page","type-page","status-publish","hentry"],"yoast_head":"<!-- This site is optimized with the Yoast SEO plugin v26.7 - https:\/\/yoast.com\/wordpress\/plugins\/seo\/ -->\n<title>Kultur der Exzellenz - Gwynt<\/title>\n<meta name=\"robots\" content=\"index, follow, max-snippet:-1, max-image-preview:large, max-video-preview:-1\" \/>\n<link rel=\"canonical\" href=\"https:\/\/www.gwynt.eu\/de\/kultur-der-exzellenz\/\" \/>\n<meta property=\"og:locale\" content=\"de_DE\" \/>\n<meta property=\"og:type\" content=\"article\" \/>\n<meta property=\"og:title\" content=\"Kultur der Exzellenz - Gwynt\" \/>\n<meta property=\"og:description\" content=\"KULTUR DER EXZELLENZ Aufbau einer Kultur der kontinuierlichen Verbesserung Kultur der Exzellenz: Schl\u00fcssel zum dauerhaften Erfolg Die Verwirklichung einer Strategie h\u00e4ngt vom Verhalten der Menschen ab. Werkzeuge und Prozesse sind ebenfalls wichtig, aber den wirklichen Unterschied machen die Menschen. Unternehmen mit einer Kultur der Exzellenz beweisen dies jeden Tag. Anstatt st\u00e4ndig Br\u00e4nde zu l\u00f6schen, kommen [&hellip;]\" \/>\n<meta property=\"og:url\" content=\"https:\/\/www.gwynt.eu\/de\/kultur-der-exzellenz\/\" \/>\n<meta property=\"og:site_name\" content=\"Gwynt\" \/>\n<meta property=\"article:modified_time\" content=\"2026-04-07T06:06:13+00:00\" \/>\n<meta name=\"twitter:card\" content=\"summary_large_image\" \/>\n<meta name=\"twitter:label1\" content=\"Gesch\u00e4tzte Lesezeit\" \/>\n\t<meta name=\"twitter:data1\" content=\"2\u00a0Minuten\" \/>\n<script type=\"application\/ld+json\" class=\"yoast-schema-graph\">{\"@context\":\"https:\/\/schema.org\",\"@graph\":[{\"@type\":\"WebPage\",\"@id\":\"https:\/\/www.gwynt.eu\/de\/kultur-der-exzellenz\/\",\"url\":\"https:\/\/www.gwynt.eu\/de\/kultur-der-exzellenz\/\",\"name\":\"Kultur der Exzellenz - Gwynt\",\"isPartOf\":{\"@id\":\"https:\/\/www.gwynt.eu\/de\/#website\"},\"datePublished\":\"2026-04-06T19:32:31+00:00\",\"dateModified\":\"2026-04-07T06:06:13+00:00\",\"breadcrumb\":{\"@id\":\"https:\/\/www.gwynt.eu\/de\/kultur-der-exzellenz\/#breadcrumb\"},\"inLanguage\":\"de\",\"potentialAction\":[{\"@type\":\"ReadAction\",\"target\":[\"https:\/\/www.gwynt.eu\/de\/kultur-der-exzellenz\/\"]}]},{\"@type\":\"BreadcrumbList\",\"@id\":\"https:\/\/www.gwynt.eu\/de\/kultur-der-exzellenz\/#breadcrumb\",\"itemListElement\":[{\"@type\":\"ListItem\",\"position\":1,\"name\":\"Startseite\",\"item\":\"https:\/\/www.gwynt.eu\/de\/saubere-homepage\/\"},{\"@type\":\"ListItem\",\"position\":2,\"name\":\"Kultur der Exzellenz\"}]},{\"@type\":\"WebSite\",\"@id\":\"https:\/\/www.gwynt.eu\/de\/#website\",\"url\":\"https:\/\/www.gwynt.eu\/de\/\",\"name\":\"Gwynt\",\"description\":\"Echte doorbraken bereik je samen\",\"publisher\":{\"@id\":\"https:\/\/www.gwynt.eu\/de\/#organization\"},\"potentialAction\":[{\"@type\":\"SearchAction\",\"target\":{\"@type\":\"EntryPoint\",\"urlTemplate\":\"https:\/\/www.gwynt.eu\/de\/?s={search_term_string}\"},\"query-input\":{\"@type\":\"PropertyValueSpecification\",\"valueRequired\":true,\"valueName\":\"search_term_string\"}}],\"inLanguage\":\"de\"},{\"@type\":\"Organization\",\"@id\":\"https:\/\/www.gwynt.eu\/de\/#organization\",\"name\":\"Gwynt\",\"url\":\"https:\/\/www.gwynt.eu\/de\/\",\"logo\":{\"@type\":\"ImageObject\",\"inLanguage\":\"de\",\"@id\":\"https:\/\/www.gwynt.eu\/de\/#\/schema\/logo\/image\/\",\"url\":\"https:\/\/www.gwynt.eu\/wp-content\/uploads\/GWYNT_LOGO_RGB.png\",\"contentUrl\":\"https:\/\/www.gwynt.eu\/wp-content\/uploads\/GWYNT_LOGO_RGB.png\",\"width\":363,\"height\":431,\"caption\":\"Gwynt\"},\"image\":{\"@id\":\"https:\/\/www.gwynt.eu\/de\/#\/schema\/logo\/image\/\"},\"sameAs\":[\"https:\/\/www.linkedin.com\/company\/gwynt\/mycompany\/\"]}]}<\/script>\n<!-- \/ Yoast SEO plugin. -->","yoast_head_json":{"title":"Kultur der Exzellenz - Gwynt","robots":{"index":"index","follow":"follow","max-snippet":"max-snippet:-1","max-image-preview":"max-image-preview:large","max-video-preview":"max-video-preview:-1"},"canonical":"https:\/\/www.gwynt.eu\/de\/kultur-der-exzellenz\/","og_locale":"de_DE","og_type":"article","og_title":"Kultur der Exzellenz - Gwynt","og_description":"KULTUR DER EXZELLENZ Aufbau einer Kultur der kontinuierlichen Verbesserung Kultur der Exzellenz: Schl\u00fcssel zum dauerhaften Erfolg Die Verwirklichung einer Strategie h\u00e4ngt vom Verhalten der Menschen ab. Werkzeuge und Prozesse sind ebenfalls wichtig, aber den wirklichen Unterschied machen die Menschen. Unternehmen mit einer Kultur der Exzellenz beweisen dies jeden Tag. Anstatt st\u00e4ndig Br\u00e4nde zu l\u00f6schen, kommen [&hellip;]","og_url":"https:\/\/www.gwynt.eu\/de\/kultur-der-exzellenz\/","og_site_name":"Gwynt","article_modified_time":"2026-04-07T06:06:13+00:00","twitter_card":"summary_large_image","twitter_misc":{"Gesch\u00e4tzte Lesezeit":"2\u00a0Minuten"},"schema":{"@context":"https:\/\/schema.org","@graph":[{"@type":"WebPage","@id":"https:\/\/www.gwynt.eu\/de\/kultur-der-exzellenz\/","url":"https:\/\/www.gwynt.eu\/de\/kultur-der-exzellenz\/","name":"Kultur der Exzellenz - Gwynt","isPartOf":{"@id":"https:\/\/www.gwynt.eu\/de\/#website"},"datePublished":"2026-04-06T19:32:31+00:00","dateModified":"2026-04-07T06:06:13+00:00","breadcrumb":{"@id":"https:\/\/www.gwynt.eu\/de\/kultur-der-exzellenz\/#breadcrumb"},"inLanguage":"de","potentialAction":[{"@type":"ReadAction","target":["https:\/\/www.gwynt.eu\/de\/kultur-der-exzellenz\/"]}]},{"@type":"BreadcrumbList","@id":"https:\/\/www.gwynt.eu\/de\/kultur-der-exzellenz\/#breadcrumb","itemListElement":[{"@type":"ListItem","position":1,"name":"Startseite","item":"https:\/\/www.gwynt.eu\/de\/saubere-homepage\/"},{"@type":"ListItem","position":2,"name":"Kultur der Exzellenz"}]},{"@type":"WebSite","@id":"https:\/\/www.gwynt.eu\/de\/#website","url":"https:\/\/www.gwynt.eu\/de\/","name":"Gwynt","description":"Echte doorbraken bereik je samen","publisher":{"@id":"https:\/\/www.gwynt.eu\/de\/#organization"},"potentialAction":[{"@type":"SearchAction","target":{"@type":"EntryPoint","urlTemplate":"https:\/\/www.gwynt.eu\/de\/?s={search_term_string}"},"query-input":{"@type":"PropertyValueSpecification","valueRequired":true,"valueName":"search_term_string"}}],"inLanguage":"de"},{"@type":"Organization","@id":"https:\/\/www.gwynt.eu\/de\/#organization","name":"Gwynt","url":"https:\/\/www.gwynt.eu\/de\/","logo":{"@type":"ImageObject","inLanguage":"de","@id":"https:\/\/www.gwynt.eu\/de\/#\/schema\/logo\/image\/","url":"https:\/\/www.gwynt.eu\/wp-content\/uploads\/GWYNT_LOGO_RGB.png","contentUrl":"https:\/\/www.gwynt.eu\/wp-content\/uploads\/GWYNT_LOGO_RGB.png","width":363,"height":431,"caption":"Gwynt"},"image":{"@id":"https:\/\/www.gwynt.eu\/de\/#\/schema\/logo\/image\/"},"sameAs":["https:\/\/www.linkedin.com\/company\/gwynt\/mycompany\/"]}]}},"_links":{"self":[{"href":"https:\/\/www.gwynt.eu\/de\/wp-json\/wp\/v2\/pages\/252049","targetHints":{"allow":["GET"]}}],"collection":[{"href":"https:\/\/www.gwynt.eu\/de\/wp-json\/wp\/v2\/pages"}],"about":[{"href":"https:\/\/www.gwynt.eu\/de\/wp-json\/wp\/v2\/types\/page"}],"author":[{"embeddable":true,"href":"https:\/\/www.gwynt.eu\/de\/wp-json\/wp\/v2\/users\/15"}],"replies":[{"embeddable":true,"href":"https:\/\/www.gwynt.eu\/de\/wp-json\/wp\/v2\/comments?post=252049"}],"version-history":[{"count":4,"href":"https:\/\/www.gwynt.eu\/de\/wp-json\/wp\/v2\/pages\/252049\/revisions"}],"predecessor-version":[{"id":252063,"href":"https:\/\/www.gwynt.eu\/de\/wp-json\/wp\/v2\/pages\/252049\/revisions\/252063"}],"wp:attachment":[{"href":"https:\/\/www.gwynt.eu\/de\/wp-json\/wp\/v2\/media?parent=252049"}],"curies":[{"name":"wp","href":"https:\/\/api.w.org\/{rel}","templated":true}]}}