{"id":251993,"date":"2026-04-06T19:42:10","date_gmt":"2026-04-06T18:42:10","guid":{"rendered":"https:\/\/www.gwynt.eu\/digitalisierung-und-ki\/"},"modified":"2026-04-06T19:51:56","modified_gmt":"2026-04-06T18:51:56","slug":"digitalisierung-und-ki","status":"publish","type":"page","link":"https:\/\/www.gwynt.eu\/de\/digitalisierung-und-ki\/","title":{"rendered":"Digitalisierung und KI"},"content":{"rendered":"\t\t<div data-elementor-type=\"wp-page\" data-elementor-id=\"251993\" class=\"elementor elementor-251993 elementor-251426\" data-elementor-post-type=\"page\">\n\t\t\t\t<div class=\"elementor-element elementor-element-2579e985 e-flex e-con-boxed e-con e-parent\" data-id=\"2579e985\" data-element_type=\"container\" data-settings=\"{&quot;background_background&quot;:&quot;classic&quot;}\">\n\t\t\t\t\t<div class=\"e-con-inner\">\n\t\t<div class=\"elementor-element elementor-element-619a756d e-con-full elementor-hidden-mobile e-flex elementor-invisible e-con e-child\" data-id=\"619a756d\" data-element_type=\"container\" data-settings=\"{&quot;background_background&quot;:&quot;gradient&quot;,&quot;animation&quot;:&quot;bounceInLeft&quot;}\">\n\t\t\t\t<div class=\"elementor-element elementor-element-6c304fcd elementor-widget elementor-widget-heading\" data-id=\"6c304fcd\" data-element_type=\"widget\" data-widget_type=\"heading.default\">\n\t\t\t\t\t<h2 class=\"elementor-heading-title elementor-size-default\">Digitalisierung und KI<\/h2>\t\t\t\t<\/div>\n\t\t\t\t<\/div>\n\t\t<div class=\"elementor-element elementor-element-6231dc25 e-con-full elementor-hidden-mobile e-flex elementor-invisible e-con e-child\" data-id=\"6231dc25\" data-element_type=\"container\" data-settings=\"{&quot;background_background&quot;:&quot;gradient&quot;,&quot;animation&quot;:&quot;bounceInLeft&quot;}\">\n\t\t\t\t<div class=\"elementor-element elementor-element-59eee05d elementor-widget elementor-widget-text-editor\" data-id=\"59eee05d\" data-element_type=\"widget\" data-widget_type=\"text-editor.default\">\n\t\t\t\t\t\t\t\t\t<p>Der Motor f\u00fcr Zukunftssicherheit<\/p>\t\t\t\t\t\t\t\t<\/div>\n\t\t\t\t<\/div>\n\t\t\t\t\t<\/div>\n\t\t\t\t<\/div>\n\t\t<div class=\"elementor-element elementor-element-35e3474e e-flex e-con-boxed e-con e-parent\" data-id=\"35e3474e\" data-element_type=\"container\">\n\t\t\t\t\t<div class=\"e-con-inner\">\n\t\t<div class=\"elementor-element elementor-element-486977c1 e-con-full e-flex e-con e-child\" data-id=\"486977c1\" data-element_type=\"container\">\n\t\t\t\t<div class=\"elementor-element elementor-element-3479e715 elementor-widget elementor-widget-heading\" data-id=\"3479e715\" data-element_type=\"widget\" data-widget_type=\"heading.default\">\n\t\t\t\t\t<h2 class=\"elementor-heading-title elementor-size-default\">Machen Sie die Digitalisierung zu einem Teil Ihrer DNA<\/h2>\t\t\t\t<\/div>\n\t\t\t\t<div class=\"elementor-element elementor-element-312687c4 elementor-widget elementor-widget-text-editor\" data-id=\"312687c4\" data-element_type=\"widget\" data-widget_type=\"text-editor.default\">\n\t\t\t\t\t\t\t\t\t<p>Die Digitalisierung ist nicht l\u00e4nger eine Option, sondern ein Muss. Traditionelle Gesch\u00e4ftsmodelle und Margen stehen unter Druck. Einerseits durch das ver\u00e4nderte Kundenverhalten. Andererseits durch zunehmenden Wettbewerb und steigende Kosten.   <\/p><p>Sie m\u00fcssen also antizipieren. Reagieren Sie schnell auf Ver\u00e4nderungen. Ein nahtloses und personalisiertes Kundenerlebnis bieten. Aber auch effizienter arbeiten. Der Schl\u00fcssel dazu ist, die Digitalisierung zu einem Teil Ihrer DNA zu machen und so auch neue Wachstumschancen zu erkennen.    <\/p><p>In der Praxis sto\u00dfen Sie jedoch schnell auf die Komplexit\u00e4t der immer weiter wachsenden M\u00f6glichkeiten und Anwendungen. Gwynt hat umfassende Erfahrung mit Digitalisierungsprojekten und kennt die Fallstricke. Gemeinsam gehen wir die richtigen Schritte im richtigen Tempo.  <\/p><p> <\/p><h4><strong>Zu den Fragen, bei denen wir helfen, geh\u00f6ren:<\/strong><\/h4><ul><li>Wie k\u00f6nnen wir die Digitalisierung in die Gesamtstrategie integrieren?<\/li><li>Wo in der Kette ist der gr\u00f6\u00dfte Wert f\u00fcr die Digitalisierung zu finden?<\/li><li>Welche Phasen sollten wir bei unserer digitalen Strategie einhalten?<\/li><li>Wo und wann sollten wir KI, genAI oder Robotisierung wirklich einsetzen?<\/li><li>Wie kann die Digitalisierung dazu beitragen, dass unsere Organisation und unsere Mitarbeiter effizienter arbeiten?<\/li><li>Was m\u00fcssen wir in unserer Organisation \u00e4ndern, um die Digitalisierung voranzutreiben?<\/li><\/ul>\t\t\t\t\t\t\t\t<\/div>\n\t\t\t\t<\/div>\n\t\t<div class=\"elementor-element elementor-element-4bd07ed7 e-con-full e-flex e-con e-child\" data-id=\"4bd07ed7\" data-element_type=\"container\" data-settings=\"{&quot;background_background&quot;:&quot;classic&quot;}\">\n\t\t\t\t<\/div>\n\t\t\t\t\t<\/div>\n\t\t\t\t<\/div>\n\t\t<div class=\"elementor-element elementor-element-1a11bc43 e-flex e-con-boxed e-con e-parent\" data-id=\"1a11bc43\" data-element_type=\"container\">\n\t\t\t\t\t<div class=\"e-con-inner\">\n\t\t\t\t<div class=\"elementor-element elementor-element-21235f56 elementor-widget-divider--view-line elementor-widget elementor-widget-divider\" data-id=\"21235f56\" data-element_type=\"widget\" data-widget_type=\"divider.default\">\n\t\t\t\t\t\t\t<div class=\"elementor-divider\">\n\t\t\t<span class=\"elementor-divider-separator\">\n\t\t\t\t\t\t<\/span>\n\t\t<\/div>\n\t\t\t\t\t\t<\/div>\n\t\t\t\t\t<\/div>\n\t\t\t\t<\/div>\n\t\t<div class=\"elementor-element elementor-element-1a371622 e-con-full e-flex e-con e-parent\" data-id=\"1a371622\" data-element_type=\"container\">\n\t\t<div class=\"elementor-element elementor-element-362ee5d0 e-con-full e-flex e-con e-child\" data-id=\"362ee5d0\" data-element_type=\"container\">\n\t\t\t\t<div class=\"elementor-element elementor-element-44633fe4 elementor-widget__width-initial elementor-widget elementor-widget-heading\" data-id=\"44633fe4\" data-element_type=\"widget\" data-widget_type=\"heading.default\">\n\t\t\t\t\t<h2 class=\"elementor-heading-title elementor-size-default\">Digitalisierungsfahrplan: von der Strategie zur Umsetzung<\/h2>\t\t\t\t<\/div>\n\t\t\t\t<div class=\"elementor-element elementor-element-300428bd elementor-widget__width-inherit elementor-widget elementor-widget-text-editor\" data-id=\"300428bd\" data-element_type=\"widget\" data-widget_type=\"text-editor.default\">\n\t\t\t\t\t\t\t\t\t<p>Die Entwicklung und Umsetzung einer zukunftssicheren Roadmap f\u00fcr die Digitalisierung ist ein Prozess, der ein sorgf\u00e4ltiges Vorgehen erfordert. Bei Gwynt ist dies in guten H\u00e4nden. Unser schrittweises Vorgehen bedeutet, dass wir nichts \u00fcbersehen.  <\/p>\t\t\t\t\t\t\t\t<\/div>\n\t\t\t\t<div class=\"elementor-element elementor-element-44c9aab4 elementor-widget__width-inherit elementor-widget elementor-widget-be-timeline\" data-id=\"44c9aab4\" data-element_type=\"widget\" data-widget_type=\"be-timeline.default\">\n\t\t\t\t<div class=\"elementor-widget-container\">\n\t\t\t\t\t<ul class=\"be-pack timeline \"><li class=\"timeline-inverted\"> \n\t\t\t<div class=\"tl-circ\"><\/div>\n\t\t <div class=\"timeline-panel\">\n\t\t   <div class=\"tl-heading\">\n\t\t\t <div class=\"tl-content\">\n\n\t\t\t    \n\t\t\t\t\t\t\n\t\t\t\t\t\t<div class=\"be-desc\">\n\t\t\t\t\t\t\t<h2 class=\"be-title\">Stap 1 - Horizonplanning<\/h2>\t\t\t\t\t\t\t<div class=\"be-content\"><ul><li>Horizonplanning workshops met focus op het combineren van de (huidige) strategie en businessplannen met digitale transformatiekansen<\/li><li>Faciliteren van digitale transformatie inspiratiesessies met zowel interne als externe leveranciers<\/li><\/ul><\/div>\t\t\t\t\t\t<\/div>\n\n\t\t\t\t\t\n\t\t\t\t<\/div>\n\n\t\t\t<\/div>\n\t\t<\/div>\n\t\t\t<\/li>\n\t\t\t<li class=\"timeline-right\"> \n\t\t\t<div class=\"tl-circ\"><\/div>\n\t\t <div class=\"timeline-panel\">\n\t\t   <div class=\"tl-heading\">\n\t\t\t <div class=\"tl-content\">\n\n\t\t\t    \n\t\t\t\t\t\t\n\t\t\t\t\t\t<div class=\"be-desc\">\n\t\t\t\t\t\t\t<h2 class=\"be-title\">Stap 2 - Lopende projecten prioriteren<\/h2>\t\t\t\t\t\t\t<div class=\"be-content\"><ul><li>Lopende projecten gerangschikt op relevante variabelen: urgentie, complexiteit, kostenbesparing, productiviteit of rendementsverbetering, strategisch belang en investering.<\/li><li>Beoordeling van lopende projecten<\/li><li>Combineren en categoriseren van bouwblokken uit de horizonplanning<\/li><li>Analyseren en bepalen van variabelen die impact hebben<\/li><\/ul><\/div>\t\t\t\t\t\t<\/div>\n\n\t\t\t\t\t\n\t\t\t\t<\/div>\n\n\t\t\t<\/div>\n\t\t<\/div>\n\t\t\t<\/li>\n\t\t\t<li class=\"timeline-inverted\"> \n\t\t\t<div class=\"tl-circ\"><\/div>\n\t\t <div class=\"timeline-panel\">\n\t\t   <div class=\"tl-heading\">\n\t\t\t <div class=\"tl-content\">\n\n\t\t\t    \n\t\t\t\t\t\t\n\t\t\t\t\t\t<div class=\"be-desc\">\n\t\t\t\t\t\t\t<h2 class=\"be-title\">Stap 3 - People &amp; Way of working<\/h2>\t\t\t\t\t\t\t<div class=\"be-content\"><ul><li>Randvoorwaarden voor succes: employer branding, talentontwikkeling, recruitment, retentie, manier van werken.<\/li><li>Analyse huidige manier van werken<\/li><li>Analyse huidige capabilities organisatie<\/li><li>Inzicht in fit\/gap op het gebied van capabilities inclusief verbeterplan<\/li><\/ul><\/div>\t\t\t\t\t\t<\/div>\n\n\t\t\t\t\t\n\t\t\t\t<\/div>\n\n\t\t\t<\/div>\n\t\t<\/div>\n\t\t\t<\/li>\n\t\t\t<li class=\"timeline-right\"> \n\t\t\t<div class=\"tl-circ\"><\/div>\n\t\t <div class=\"timeline-panel\">\n\t\t   <div class=\"tl-heading\">\n\t\t\t <div class=\"tl-content\">\n\n\t\t\t    \n\t\t\t\t\t\t\n\t\t\t\t\t\t<div class=\"be-desc\">\n\t\t\t\t\t\t\t<h2 class=\"be-title\">Stap 4 - Technology &amp; Suppliers<\/h2>\t\t\t\t\t\t\t<div class=\"be-content\"><ul><li>Toekomstbestendigheid IT-architectuur en -leveranciers.<\/li><li>Analyse van de huidige architectuur<\/li><li>Inzicht in fit\/gap huidige architectuur versus horizonplanning<\/li><li>Inzicht in fit\/gap capabilities externe leveranciers inclusief verbeteradvies<\/li><\/ul><\/div>\t\t\t\t\t\t<\/div>\n\n\t\t\t\t\t\n\t\t\t\t<\/div>\n\n\t\t\t<\/div>\n\t\t<\/div>\n\t\t\t<\/li>\n\t\t\t \n      <\/ul>\n\n\t\t\t\t\t<\/div>\n\t\t\t\t<\/div>\n\t\t\t\t<\/div>\n\t\t\t\t<\/div>\n\t\t<div class=\"elementor-element elementor-element-42a5d7da e-con-full e-flex e-con e-parent\" data-id=\"42a5d7da\" data-element_type=\"container\">\n\t\t\t\t<div class=\"elementor-element elementor-element-6a4d640f elementor-cta--layout-image-left elementor-widget__width-inherit elementor-cta--skin-classic elementor-animated-content elementor-bg-transform elementor-bg-transform-zoom-in elementor-widget elementor-widget-call-to-action\" data-id=\"6a4d640f\" data-element_type=\"widget\" data-widget_type=\"call-to-action.default\">\n\t\t\t\t\t\t\t<div class=\"elementor-cta\">\n\t\t\t\t\t<div class=\"elementor-cta__bg-wrapper\">\n\t\t\t\t<div class=\"elementor-cta__bg elementor-bg\" style=\"background-image: url(https:\/\/www.gwynt.eu\/wp-content\/uploads\/Gwynt_Kantoor-32-Nick-Vieberink-1024x683.jpg);\" role=\"img\" aria-label=\"Gwynt_Office-32 Nick Vieberink\"><\/div>\n\t\t\t\t<div class=\"elementor-cta__bg-overlay\"><\/div>\n\t\t\t<\/div>\n\t\t\t\t\t\t\t<div class=\"elementor-cta__content\">\n\t\t\t\t\n\t\t\t\t\t\t\t\t\t<h2 class=\"elementor-cta__title elementor-cta__content-item elementor-content-item\">\n\t\t\t\t\t\tM\u00f6chten Sie mehr erfahren?\t\t\t\t\t<\/h2>\n\t\t\t\t\n\t\t\t\t\t\t\t\t\t<div class=\"elementor-cta__description elementor-cta__content-item elementor-content-item\">\n\t\t\t\t\t\tKontaktieren Sie Nick Vieberink, Senior Business Associate bei Gwynt.  \n\nn.vieberink@gwynt.eu\t\t\t\t\t<\/div>\n\t\t\t\t\n\t\t\t\t\t\t\t\t\t<div class=\"elementor-cta__button-wrapper elementor-cta__content-item elementor-content-item \">\n\t\t\t\t\t<a class=\"elementor-cta__button elementor-button elementor-size-\" href=\"https:\/\/meetings.hubspot.com\/nick-vieberink?uuid=71dad62b-aaf9-450b-9772-c0fc2f935adb\">\n\t\t\t\t\t\tVEREINBAREN SIE SOFORT EINEN TERMIN\t\t\t\t\t<\/a>\n\t\t\t\t\t<\/div>\n\t\t\t\t\t\t\t<\/div>\n\t\t\t\t\t\t<\/div>\n\t\t\t\t\t\t<\/div>\n\t\t\t\t<\/div>\n\t\t\t\t<\/div>\n\t\t","protected":false},"excerpt":{"rendered":"<p>Digitalisierung und KI Der Motor f\u00fcr Zukunftssicherheit Machen Sie die Digitalisierung zu einem Teil Ihrer DNA Die Digitalisierung ist nicht l\u00e4nger eine Option, sondern ein Muss. Traditionelle Gesch\u00e4ftsmodelle und Margen stehen unter Druck. Einerseits durch das ver\u00e4nderte Kundenverhalten. Andererseits durch zunehmenden Wettbewerb und steigende Kosten. Sie m\u00fcssen also antizipieren. Reagieren Sie schnell auf Ver\u00e4nderungen. Ein [&hellip;]<\/p>\n","protected":false},"author":15,"featured_media":0,"parent":0,"menu_order":0,"comment_status":"closed","ping_status":"closed","template":"elementor_header_footer","meta":{"_et_pb_use_builder":"","_et_pb_old_content":"","_et_gb_content_width":"","content-type":"","inline_featured_image":false,"footnotes":""},"class_list":["post-251993","page","type-page","status-publish","hentry"],"yoast_head":"<!-- This site is optimized with the Yoast SEO plugin v26.7 - https:\/\/yoast.com\/wordpress\/plugins\/seo\/ -->\n<title>Digitalisierung und KI - Gwynt<\/title>\n<meta name=\"robots\" content=\"index, follow, max-snippet:-1, max-image-preview:large, max-video-preview:-1\" \/>\n<link rel=\"canonical\" href=\"https:\/\/www.gwynt.eu\/de\/digitalisierung-und-ki\/\" \/>\n<meta property=\"og:locale\" content=\"de_DE\" \/>\n<meta property=\"og:type\" content=\"article\" \/>\n<meta property=\"og:title\" content=\"Digitalisierung und KI - Gwynt\" \/>\n<meta property=\"og:description\" content=\"Digitalisierung und KI Der Motor f\u00fcr Zukunftssicherheit Machen Sie die Digitalisierung zu einem Teil Ihrer DNA Die Digitalisierung ist nicht l\u00e4nger eine Option, sondern ein Muss. Traditionelle Gesch\u00e4ftsmodelle und Margen stehen unter Druck. Einerseits durch das ver\u00e4nderte Kundenverhalten. Andererseits durch zunehmenden Wettbewerb und steigende Kosten. Sie m\u00fcssen also antizipieren. Reagieren Sie schnell auf Ver\u00e4nderungen. Ein [&hellip;]\" \/>\n<meta property=\"og:url\" content=\"https:\/\/www.gwynt.eu\/de\/digitalisierung-und-ki\/\" \/>\n<meta property=\"og:site_name\" content=\"Gwynt\" \/>\n<meta property=\"article:modified_time\" content=\"2026-04-06T18:51:56+00:00\" \/>\n<meta name=\"twitter:card\" content=\"summary_large_image\" \/>\n<meta name=\"twitter:label1\" content=\"Gesch\u00e4tzte Lesezeit\" \/>\n\t<meta name=\"twitter:data1\" content=\"2\u00a0Minuten\" \/>\n<script type=\"application\/ld+json\" class=\"yoast-schema-graph\">{\"@context\":\"https:\/\/schema.org\",\"@graph\":[{\"@type\":\"WebPage\",\"@id\":\"https:\/\/www.gwynt.eu\/de\/digitalisierung-und-ki\/\",\"url\":\"https:\/\/www.gwynt.eu\/de\/digitalisierung-und-ki\/\",\"name\":\"Digitalisierung und KI - Gwynt\",\"isPartOf\":{\"@id\":\"https:\/\/www.gwynt.eu\/de\/#website\"},\"datePublished\":\"2026-04-06T18:42:10+00:00\",\"dateModified\":\"2026-04-06T18:51:56+00:00\",\"breadcrumb\":{\"@id\":\"https:\/\/www.gwynt.eu\/de\/digitalisierung-und-ki\/#breadcrumb\"},\"inLanguage\":\"de\",\"potentialAction\":[{\"@type\":\"ReadAction\",\"target\":[\"https:\/\/www.gwynt.eu\/de\/digitalisierung-und-ki\/\"]}]},{\"@type\":\"BreadcrumbList\",\"@id\":\"https:\/\/www.gwynt.eu\/de\/digitalisierung-und-ki\/#breadcrumb\",\"itemListElement\":[{\"@type\":\"ListItem\",\"position\":1,\"name\":\"Startseite\",\"item\":\"https:\/\/www.gwynt.eu\/de\/saubere-homepage\/\"},{\"@type\":\"ListItem\",\"position\":2,\"name\":\"Digitalisierung und KI\"}]},{\"@type\":\"WebSite\",\"@id\":\"https:\/\/www.gwynt.eu\/de\/#website\",\"url\":\"https:\/\/www.gwynt.eu\/de\/\",\"name\":\"Gwynt\",\"description\":\"Echte doorbraken bereik je samen\",\"publisher\":{\"@id\":\"https:\/\/www.gwynt.eu\/de\/#organization\"},\"potentialAction\":[{\"@type\":\"SearchAction\",\"target\":{\"@type\":\"EntryPoint\",\"urlTemplate\":\"https:\/\/www.gwynt.eu\/de\/?s={search_term_string}\"},\"query-input\":{\"@type\":\"PropertyValueSpecification\",\"valueRequired\":true,\"valueName\":\"search_term_string\"}}],\"inLanguage\":\"de\"},{\"@type\":\"Organization\",\"@id\":\"https:\/\/www.gwynt.eu\/de\/#organization\",\"name\":\"Gwynt\",\"url\":\"https:\/\/www.gwynt.eu\/de\/\",\"logo\":{\"@type\":\"ImageObject\",\"inLanguage\":\"de\",\"@id\":\"https:\/\/www.gwynt.eu\/de\/#\/schema\/logo\/image\/\",\"url\":\"https:\/\/www.gwynt.eu\/wp-content\/uploads\/GWYNT_LOGO_RGB.png\",\"contentUrl\":\"https:\/\/www.gwynt.eu\/wp-content\/uploads\/GWYNT_LOGO_RGB.png\",\"width\":363,\"height\":431,\"caption\":\"Gwynt\"},\"image\":{\"@id\":\"https:\/\/www.gwynt.eu\/de\/#\/schema\/logo\/image\/\"},\"sameAs\":[\"https:\/\/www.linkedin.com\/company\/gwynt\/mycompany\/\"]}]}<\/script>\n<!-- \/ Yoast SEO plugin. -->","yoast_head_json":{"title":"Digitalisierung und KI - Gwynt","robots":{"index":"index","follow":"follow","max-snippet":"max-snippet:-1","max-image-preview":"max-image-preview:large","max-video-preview":"max-video-preview:-1"},"canonical":"https:\/\/www.gwynt.eu\/de\/digitalisierung-und-ki\/","og_locale":"de_DE","og_type":"article","og_title":"Digitalisierung und KI - Gwynt","og_description":"Digitalisierung und KI Der Motor f\u00fcr Zukunftssicherheit Machen Sie die Digitalisierung zu einem Teil Ihrer DNA Die Digitalisierung ist nicht l\u00e4nger eine Option, sondern ein Muss. Traditionelle Gesch\u00e4ftsmodelle und Margen stehen unter Druck. Einerseits durch das ver\u00e4nderte Kundenverhalten. Andererseits durch zunehmenden Wettbewerb und steigende Kosten. Sie m\u00fcssen also antizipieren. Reagieren Sie schnell auf Ver\u00e4nderungen. Ein [&hellip;]","og_url":"https:\/\/www.gwynt.eu\/de\/digitalisierung-und-ki\/","og_site_name":"Gwynt","article_modified_time":"2026-04-06T18:51:56+00:00","twitter_card":"summary_large_image","twitter_misc":{"Gesch\u00e4tzte Lesezeit":"2\u00a0Minuten"},"schema":{"@context":"https:\/\/schema.org","@graph":[{"@type":"WebPage","@id":"https:\/\/www.gwynt.eu\/de\/digitalisierung-und-ki\/","url":"https:\/\/www.gwynt.eu\/de\/digitalisierung-und-ki\/","name":"Digitalisierung und KI - Gwynt","isPartOf":{"@id":"https:\/\/www.gwynt.eu\/de\/#website"},"datePublished":"2026-04-06T18:42:10+00:00","dateModified":"2026-04-06T18:51:56+00:00","breadcrumb":{"@id":"https:\/\/www.gwynt.eu\/de\/digitalisierung-und-ki\/#breadcrumb"},"inLanguage":"de","potentialAction":[{"@type":"ReadAction","target":["https:\/\/www.gwynt.eu\/de\/digitalisierung-und-ki\/"]}]},{"@type":"BreadcrumbList","@id":"https:\/\/www.gwynt.eu\/de\/digitalisierung-und-ki\/#breadcrumb","itemListElement":[{"@type":"ListItem","position":1,"name":"Startseite","item":"https:\/\/www.gwynt.eu\/de\/saubere-homepage\/"},{"@type":"ListItem","position":2,"name":"Digitalisierung und KI"}]},{"@type":"WebSite","@id":"https:\/\/www.gwynt.eu\/de\/#website","url":"https:\/\/www.gwynt.eu\/de\/","name":"Gwynt","description":"Echte doorbraken bereik je samen","publisher":{"@id":"https:\/\/www.gwynt.eu\/de\/#organization"},"potentialAction":[{"@type":"SearchAction","target":{"@type":"EntryPoint","urlTemplate":"https:\/\/www.gwynt.eu\/de\/?s={search_term_string}"},"query-input":{"@type":"PropertyValueSpecification","valueRequired":true,"valueName":"search_term_string"}}],"inLanguage":"de"},{"@type":"Organization","@id":"https:\/\/www.gwynt.eu\/de\/#organization","name":"Gwynt","url":"https:\/\/www.gwynt.eu\/de\/","logo":{"@type":"ImageObject","inLanguage":"de","@id":"https:\/\/www.gwynt.eu\/de\/#\/schema\/logo\/image\/","url":"https:\/\/www.gwynt.eu\/wp-content\/uploads\/GWYNT_LOGO_RGB.png","contentUrl":"https:\/\/www.gwynt.eu\/wp-content\/uploads\/GWYNT_LOGO_RGB.png","width":363,"height":431,"caption":"Gwynt"},"image":{"@id":"https:\/\/www.gwynt.eu\/de\/#\/schema\/logo\/image\/"},"sameAs":["https:\/\/www.linkedin.com\/company\/gwynt\/mycompany\/"]}]}},"_links":{"self":[{"href":"https:\/\/www.gwynt.eu\/de\/wp-json\/wp\/v2\/pages\/251993","targetHints":{"allow":["GET"]}}],"collection":[{"href":"https:\/\/www.gwynt.eu\/de\/wp-json\/wp\/v2\/pages"}],"about":[{"href":"https:\/\/www.gwynt.eu\/de\/wp-json\/wp\/v2\/types\/page"}],"author":[{"embeddable":true,"href":"https:\/\/www.gwynt.eu\/de\/wp-json\/wp\/v2\/users\/15"}],"replies":[{"embeddable":true,"href":"https:\/\/www.gwynt.eu\/de\/wp-json\/wp\/v2\/comments?post=251993"}],"version-history":[{"count":6,"href":"https:\/\/www.gwynt.eu\/de\/wp-json\/wp\/v2\/pages\/251993\/revisions"}],"predecessor-version":[{"id":252010,"href":"https:\/\/www.gwynt.eu\/de\/wp-json\/wp\/v2\/pages\/251993\/revisions\/252010"}],"wp:attachment":[{"href":"https:\/\/www.gwynt.eu\/de\/wp-json\/wp\/v2\/media?parent=251993"}],"curies":[{"name":"wp","href":"https:\/\/api.w.org\/{rel}","templated":true}]}}