{"id":251612,"date":"2026-03-30T11:13:13","date_gmt":"2026-03-30T10:13:13","guid":{"rendered":"https:\/\/www.gwynt.eu\/markt-und-kundenforschung\/"},"modified":"2026-04-06T18:48:03","modified_gmt":"2026-04-06T17:48:03","slug":"markt-und-kundenforschung","status":"publish","type":"page","link":"https:\/\/www.gwynt.eu\/de\/markt-und-kundenforschung\/","title":{"rendered":"Markt- und Kundenforschung"},"content":{"rendered":"\t\t<div data-elementor-type=\"wp-page\" data-elementor-id=\"251612\" class=\"elementor elementor-251612 elementor-251403\" data-elementor-post-type=\"page\">\n\t\t\t\t<div class=\"elementor-element elementor-element-38350f38 e-flex e-con-boxed e-con e-parent\" data-id=\"38350f38\" data-element_type=\"container\" data-settings=\"{&quot;background_background&quot;:&quot;classic&quot;}\">\n\t\t\t\t\t<div class=\"e-con-inner\">\n\t\t<div class=\"elementor-element elementor-element-5bb6e8cd e-con-full elementor-hidden-mobile e-flex elementor-invisible e-con e-child\" data-id=\"5bb6e8cd\" data-element_type=\"container\" data-settings=\"{&quot;background_background&quot;:&quot;gradient&quot;,&quot;animation&quot;:&quot;bounceInLeft&quot;}\">\n\t\t\t\t<div class=\"elementor-element elementor-element-7bbd056f elementor-widget elementor-widget-heading\" data-id=\"7bbd056f\" data-element_type=\"widget\" data-widget_type=\"heading.default\">\n\t\t\t\t\t<h2 class=\"elementor-heading-title elementor-size-default\">MARKT- UND KUNDENFORSCHUNG<\/h2>\t\t\t\t<\/div>\n\t\t\t\t<\/div>\n\t\t<div class=\"elementor-element elementor-element-5725f043 e-con-full elementor-hidden-mobile e-flex elementor-invisible e-con e-child\" data-id=\"5725f043\" data-element_type=\"container\" data-settings=\"{&quot;background_background&quot;:&quot;gradient&quot;,&quot;animation&quot;:&quot;bounceInLeft&quot;}\">\n\t\t\t\t<div class=\"elementor-element elementor-element-2435a0e4 elementor-widget elementor-widget-text-editor\" data-id=\"2435a0e4\" data-element_type=\"widget\" data-widget_type=\"text-editor.default\">\n\t\t\t\t\t\t\t\t\t<p>Wenn das Bauchgef\u00fchl allein nicht mehr ausreicht.<\/p>\t\t\t\t\t\t\t\t<\/div>\n\t\t\t\t<\/div>\n\t\t\t\t\t<\/div>\n\t\t\t\t<\/div>\n\t\t<div class=\"elementor-element elementor-element-e04ea41 e-flex e-con-boxed e-con e-parent\" data-id=\"e04ea41\" data-element_type=\"container\">\n\t\t\t\t\t<div class=\"e-con-inner\">\n\t\t<div class=\"elementor-element elementor-element-3952b76d e-con-full e-flex e-con e-child\" data-id=\"3952b76d\" data-element_type=\"container\">\n\t\t\t\t<div class=\"elementor-element elementor-element-3fa9c923 elementor-widget elementor-widget-heading\" data-id=\"3fa9c923\" data-element_type=\"widget\" data-widget_type=\"heading.default\">\n\t\t\t\t\t<h2 class=\"elementor-heading-title elementor-size-default\">Neue Pl\u00e4ne? Gwynt liefert den Unterbau <\/h2>\t\t\t\t<\/div>\n\t\t\t\t<div class=\"elementor-element elementor-element-2710fd02 elementor-widget elementor-widget-text-editor\" data-id=\"2710fd02\" data-element_type=\"widget\" data-widget_type=\"text-editor.default\">\n\t\t\t\t\t\t\t\t\t<p>Sie k\u00f6nnen nicht allein nach Ihrer Intuition segeln. Sie m\u00fcssen sicher wissen, ob der Kurs der richtige ist. Denn falsche strategische Entscheidungen haben gro\u00dfe Konsequenzen.  <\/p><p>Forschung bietet Einblick, Klarheit und Orientierung. Sie m\u00fcssen also nicht von heute auf morgen gehen. <\/p><p>Beispiele f\u00fcr Situationen, in denen gute Forschung wertvoll sein kann:<\/p><ul><li>Sie erw\u00e4gen die Expansion in ein neues Land, einen neuen Kanal oder ein neues Segment, sind sich aber noch nicht sicher, welche Wahl am vielversprechendsten ist.<\/li><li>Die Zahl der Kunden ist r\u00fcckl\u00e4ufig, aber es ist nicht klar, warum und was eine gute Antwort darauf sein k\u00f6nnte.<\/li><li>Sie waren immer an der Spitze des Marktes, aber neue Marktteilnehmer und Gesch\u00e4ftsmodelle stellen eine zunehmende Bedrohung dar.<\/li><\/ul>\t\t\t\t\t\t\t\t<\/div>\n\t\t\t\t<\/div>\n\t\t<div class=\"elementor-element elementor-element-11c3e6d4 e-con-full e-flex e-con e-child\" data-id=\"11c3e6d4\" data-element_type=\"container\" data-settings=\"{&quot;background_background&quot;:&quot;classic&quot;}\">\n\t\t\t\t<\/div>\n\t\t\t\t\t<\/div>\n\t\t\t\t<\/div>\n\t\t<div class=\"elementor-element elementor-element-34c3677a e-flex e-con-boxed e-con e-parent\" data-id=\"34c3677a\" data-element_type=\"container\">\n\t\t\t\t\t<div class=\"e-con-inner\">\n\t\t\t\t<div class=\"elementor-element elementor-element-6c04fde0 elementor-widget-divider--view-line elementor-widget elementor-widget-divider\" data-id=\"6c04fde0\" data-element_type=\"widget\" data-widget_type=\"divider.default\">\n\t\t\t\t\t\t\t<div class=\"elementor-divider\">\n\t\t\t<span class=\"elementor-divider-separator\">\n\t\t\t\t\t\t<\/span>\n\t\t<\/div>\n\t\t\t\t\t\t<\/div>\n\t\t\t\t\t<\/div>\n\t\t\t\t<\/div>\n\t\t<div class=\"elementor-element elementor-element-c0be0dd e-flex e-con-boxed e-con e-parent\" data-id=\"c0be0dd\" data-element_type=\"container\">\n\t\t\t\t\t<div class=\"e-con-inner\">\n\t\t\t\t<div class=\"elementor-element elementor-element-f56ba49 elementor-widget elementor-widget-heading\" data-id=\"f56ba49\" data-element_type=\"widget\" data-widget_type=\"heading.default\">\n\t\t\t\t\t<h1 class=\"elementor-heading-title elementor-size-default\">Einsicht, Interpretation und konkrete Beratung<\/h1>\t\t\t\t<\/div>\n\t\t\t\t\t<\/div>\n\t\t\t\t<\/div>\n\t\t<div class=\"elementor-element elementor-element-1171543 e-flex e-con-boxed e-con e-parent\" data-id=\"1171543\" data-element_type=\"container\">\n\t\t\t\t\t<div class=\"e-con-inner\">\n\t\t<div class=\"elementor-element elementor-element-2848b25 e-con-full e-flex e-con e-child\" data-id=\"2848b25\" data-element_type=\"container\">\n\t\t\t\t<div class=\"elementor-element elementor-element-f9efefd elementor-widget elementor-widget-text-editor\" data-id=\"f9efefd\" data-element_type=\"widget\" data-widget_type=\"text-editor.default\">\n\t\t\t\t\t\t\t\t\t<p>Gwynt verf\u00fcgt \u00fcber eigene Kapazit\u00e4ten f\u00fcr Markt- und Kundenforschung. Au\u00dferdem arbeiten wir mit renommierten Forschungsinstituten zusammen. <\/p>\t\t\t\t\t\t\t\t<\/div>\n\t\t\t\t<\/div>\n\t\t<div class=\"elementor-element elementor-element-dcf9789 e-con-full e-flex e-con e-child\" data-id=\"dcf9789\" data-element_type=\"container\">\n\t\t\t\t<div class=\"elementor-element elementor-element-30d96a7 elementor-widget elementor-widget-text-editor\" data-id=\"30d96a7\" data-element_type=\"widget\" data-widget_type=\"text-editor.default\">\n\t\t\t\t\t\t\t\t\t<p>Wir verbinden Einsicht und Interpretation mit konkreter Beratung. Das macht uns einzigartig. Ihre Optimierungs- oder Expansionspl\u00e4ne stehen sofort auf einem soliden Fundament.  <\/p>\t\t\t\t\t\t\t\t<\/div>\n\t\t\t\t<\/div>\n\t\t\t\t\t<\/div>\n\t\t\t\t<\/div>\n\t\t<div class=\"elementor-element elementor-element-20ba810 e-flex e-con-boxed e-con e-parent\" data-id=\"20ba810\" data-element_type=\"container\">\n\t\t\t\t\t<div class=\"e-con-inner\">\n\t\t\t\t<div class=\"elementor-element elementor-element-7619550 elementor-widget-divider--view-line elementor-widget elementor-widget-divider\" data-id=\"7619550\" data-element_type=\"widget\" data-widget_type=\"divider.default\">\n\t\t\t\t\t\t\t<div class=\"elementor-divider\">\n\t\t\t<span class=\"elementor-divider-separator\">\n\t\t\t\t\t\t<\/span>\n\t\t<\/div>\n\t\t\t\t\t\t<\/div>\n\t\t\t\t\t<\/div>\n\t\t\t\t<\/div>\n\t\t<div class=\"elementor-element elementor-element-56a38f5 e-flex e-con-boxed e-con e-parent\" data-id=\"56a38f5\" data-element_type=\"container\">\n\t\t\t\t\t<div class=\"e-con-inner\">\n\t\t<div class=\"elementor-element elementor-element-89f1d20 e-con-full e-flex e-con e-child\" data-id=\"89f1d20\" data-element_type=\"container\">\n\t\t\t\t<div class=\"elementor-element elementor-element-1363c16 elementor-widget elementor-widget-text-editor\" data-id=\"1363c16\" data-element_type=\"widget\" data-widget_type=\"text-editor.default\">\n\t\t\t\t\t\t\t\t\t<h3>Forschungsm\u00f6glichkeiten<\/h3><ul><li>Quantitative Forschung einschlie\u00dflich Schreibtisch-, Datenbank- und Panelforschung<\/li><li>Qualitative Forschung wie Interviews, Fokusgruppen und Anpassungen<\/li><\/ul>\t\t\t\t\t\t\t\t<\/div>\n\t\t\t\t<\/div>\n\t\t<div class=\"elementor-element elementor-element-8c3d9aa e-con-full e-flex e-con e-child\" data-id=\"8c3d9aa\" data-element_type=\"container\">\n\t\t\t\t<div class=\"elementor-element elementor-element-fe624f8 elementor-widget elementor-widget-text-editor\" data-id=\"fe624f8\" data-element_type=\"widget\" data-widget_type=\"text-editor.default\">\n\t\t\t\t\t\t\t\t\t<h3>Vorteile der Markt- und Kundenforschung von Gwynt<\/h3><ul><li>Eigene Forscher in Zusammenarbeit mit renommierten Agenturen<\/li><li>Ein starkes Netzwerk mit relevanten Experten und Entscheidungstr\u00e4gern in zahlreichen Sektoren<\/li><li>Branchenkenntnisse und Fachwissen f\u00fcr klare Einsichten und konkrete Beratung<\/li><li>Fundierte Argumente f\u00fcr Entscheidungen und strategische Pl\u00e4ne<\/li><\/ul>\t\t\t\t\t\t\t\t<\/div>\n\t\t\t\t<\/div>\n\t\t\t\t\t<\/div>\n\t\t\t\t<\/div>\n\t\t<div class=\"elementor-element elementor-element-4cc0b4e6 e-con-full e-flex e-con e-parent\" data-id=\"4cc0b4e6\" data-element_type=\"container\">\n\t\t\t\t<div class=\"elementor-element elementor-element-44c7bd95 elementor-cta--layout-image-left elementor-widget__width-inherit elementor-cta--skin-classic elementor-animated-content elementor-bg-transform elementor-bg-transform-zoom-in elementor-widget elementor-widget-call-to-action\" data-id=\"44c7bd95\" data-element_type=\"widget\" data-widget_type=\"call-to-action.default\">\n\t\t\t\t\t\t\t<div class=\"elementor-cta\">\n\t\t\t\t\t<div class=\"elementor-cta__bg-wrapper\">\n\t\t\t\t<div class=\"elementor-cta__bg elementor-bg\" style=\"background-image: url(https:\/\/www.gwynt.eu\/wp-content\/uploads\/1T7A9140-1.jpg);\" role=\"img\" aria-label=\"1T7A9140 (1)\"><\/div>\n\t\t\t\t<div class=\"elementor-cta__bg-overlay\"><\/div>\n\t\t\t<\/div>\n\t\t\t\t\t\t\t<div class=\"elementor-cta__content\">\n\t\t\t\t\n\t\t\t\t\t\t\t\t\t<h2 class=\"elementor-cta__title elementor-cta__content-item elementor-content-item\">\n\t\t\t\t\t\tM\u00f6chten Sie mehr erfahren?\t\t\t\t\t<\/h2>\n\t\t\t\t\n\t\t\t\t\t\t\t\t\t<div class=\"elementor-cta__description elementor-cta__content-item elementor-content-item\">\n\t\t\t\t\t\tKontaktieren Sie Bas van Eekelen, Partner bei Gwynt.  \n\nb.vaneekelen@gwynt.eu\t\t\t\t\t<\/div>\n\t\t\t\t\n\t\t\t\t\t\t\t\t\t<div class=\"elementor-cta__button-wrapper elementor-cta__content-item elementor-content-item \">\n\t\t\t\t\t<a class=\"elementor-cta__button elementor-button elementor-size-\" href=\"https:\/\/meetings.hubspot.com\/bas-van-eekelen\">\n\t\t\t\t\t\tVEREINBAREN SIE SOFORT EINEN TERMIN\t\t\t\t\t<\/a>\n\t\t\t\t\t<\/div>\n\t\t\t\t\t\t\t<\/div>\n\t\t\t\t\t\t<\/div>\n\t\t\t\t\t\t<\/div>\n\t\t\t\t<\/div>\n\t\t\t\t<\/div>\n\t\t","protected":false},"excerpt":{"rendered":"<p>MARKT- UND KUNDENFORSCHUNG Wenn das Bauchgef\u00fchl allein nicht mehr ausreicht. Neue Pl\u00e4ne? Gwynt liefert den Unterbau Sie k\u00f6nnen nicht allein nach Ihrer Intuition segeln. Sie m\u00fcssen sicher wissen, ob der Kurs der richtige ist. Denn falsche strategische Entscheidungen haben gro\u00dfe Konsequenzen. Forschung bietet Einblick, Klarheit und Orientierung. Sie m\u00fcssen also nicht von heute auf morgen [&hellip;]<\/p>\n","protected":false},"author":15,"featured_media":0,"parent":0,"menu_order":0,"comment_status":"closed","ping_status":"closed","template":"elementor_header_footer","meta":{"_et_pb_use_builder":"","_et_pb_old_content":"","_et_gb_content_width":"","content-type":"","inline_featured_image":false,"footnotes":""},"class_list":["post-251612","page","type-page","status-publish","hentry"],"yoast_head":"<!-- This site is optimized with the Yoast SEO plugin v26.7 - https:\/\/yoast.com\/wordpress\/plugins\/seo\/ -->\n<title>Markt- und Kundenforschung - Gwynt<\/title>\n<meta name=\"robots\" content=\"index, follow, max-snippet:-1, max-image-preview:large, max-video-preview:-1\" \/>\n<link rel=\"canonical\" href=\"https:\/\/www.gwynt.eu\/de\/markt-und-kundenforschung\/\" \/>\n<meta property=\"og:locale\" content=\"de_DE\" \/>\n<meta property=\"og:type\" content=\"article\" \/>\n<meta property=\"og:title\" content=\"Markt- und Kundenforschung - Gwynt\" \/>\n<meta property=\"og:description\" content=\"MARKT- UND KUNDENFORSCHUNG Wenn das Bauchgef\u00fchl allein nicht mehr ausreicht. Neue Pl\u00e4ne? Gwynt liefert den Unterbau Sie k\u00f6nnen nicht allein nach Ihrer Intuition segeln. Sie m\u00fcssen sicher wissen, ob der Kurs der richtige ist. Denn falsche strategische Entscheidungen haben gro\u00dfe Konsequenzen. Forschung bietet Einblick, Klarheit und Orientierung. Sie m\u00fcssen also nicht von heute auf morgen [&hellip;]\" \/>\n<meta property=\"og:url\" content=\"https:\/\/www.gwynt.eu\/de\/markt-und-kundenforschung\/\" \/>\n<meta property=\"og:site_name\" content=\"Gwynt\" \/>\n<meta property=\"article:modified_time\" content=\"2026-04-06T17:48:03+00:00\" \/>\n<meta name=\"twitter:card\" content=\"summary_large_image\" \/>\n<meta name=\"twitter:label1\" content=\"Gesch\u00e4tzte Lesezeit\" \/>\n\t<meta name=\"twitter:data1\" content=\"1\u00a0Minute\" \/>\n<script type=\"application\/ld+json\" class=\"yoast-schema-graph\">{\"@context\":\"https:\/\/schema.org\",\"@graph\":[{\"@type\":\"WebPage\",\"@id\":\"https:\/\/www.gwynt.eu\/de\/markt-und-kundenforschung\/\",\"url\":\"https:\/\/www.gwynt.eu\/de\/markt-und-kundenforschung\/\",\"name\":\"Markt- und Kundenforschung - Gwynt\",\"isPartOf\":{\"@id\":\"https:\/\/www.gwynt.eu\/de\/#website\"},\"datePublished\":\"2026-03-30T10:13:13+00:00\",\"dateModified\":\"2026-04-06T17:48:03+00:00\",\"breadcrumb\":{\"@id\":\"https:\/\/www.gwynt.eu\/de\/markt-und-kundenforschung\/#breadcrumb\"},\"inLanguage\":\"de\",\"potentialAction\":[{\"@type\":\"ReadAction\",\"target\":[\"https:\/\/www.gwynt.eu\/de\/markt-und-kundenforschung\/\"]}]},{\"@type\":\"BreadcrumbList\",\"@id\":\"https:\/\/www.gwynt.eu\/de\/markt-und-kundenforschung\/#breadcrumb\",\"itemListElement\":[{\"@type\":\"ListItem\",\"position\":1,\"name\":\"Startseite\",\"item\":\"https:\/\/www.gwynt.eu\/de\/saubere-homepage\/\"},{\"@type\":\"ListItem\",\"position\":2,\"name\":\"Markt- und Kundenforschung\"}]},{\"@type\":\"WebSite\",\"@id\":\"https:\/\/www.gwynt.eu\/de\/#website\",\"url\":\"https:\/\/www.gwynt.eu\/de\/\",\"name\":\"Gwynt\",\"description\":\"Echte doorbraken bereik je samen\",\"publisher\":{\"@id\":\"https:\/\/www.gwynt.eu\/de\/#organization\"},\"potentialAction\":[{\"@type\":\"SearchAction\",\"target\":{\"@type\":\"EntryPoint\",\"urlTemplate\":\"https:\/\/www.gwynt.eu\/de\/?s={search_term_string}\"},\"query-input\":{\"@type\":\"PropertyValueSpecification\",\"valueRequired\":true,\"valueName\":\"search_term_string\"}}],\"inLanguage\":\"de\"},{\"@type\":\"Organization\",\"@id\":\"https:\/\/www.gwynt.eu\/de\/#organization\",\"name\":\"Gwynt\",\"url\":\"https:\/\/www.gwynt.eu\/de\/\",\"logo\":{\"@type\":\"ImageObject\",\"inLanguage\":\"de\",\"@id\":\"https:\/\/www.gwynt.eu\/de\/#\/schema\/logo\/image\/\",\"url\":\"https:\/\/www.gwynt.eu\/wp-content\/uploads\/GWYNT_LOGO_RGB.png\",\"contentUrl\":\"https:\/\/www.gwynt.eu\/wp-content\/uploads\/GWYNT_LOGO_RGB.png\",\"width\":363,\"height\":431,\"caption\":\"Gwynt\"},\"image\":{\"@id\":\"https:\/\/www.gwynt.eu\/de\/#\/schema\/logo\/image\/\"},\"sameAs\":[\"https:\/\/www.linkedin.com\/company\/gwynt\/mycompany\/\"]}]}<\/script>\n<!-- \/ Yoast SEO plugin. -->","yoast_head_json":{"title":"Markt- und Kundenforschung - Gwynt","robots":{"index":"index","follow":"follow","max-snippet":"max-snippet:-1","max-image-preview":"max-image-preview:large","max-video-preview":"max-video-preview:-1"},"canonical":"https:\/\/www.gwynt.eu\/de\/markt-und-kundenforschung\/","og_locale":"de_DE","og_type":"article","og_title":"Markt- und Kundenforschung - Gwynt","og_description":"MARKT- UND KUNDENFORSCHUNG Wenn das Bauchgef\u00fchl allein nicht mehr ausreicht. Neue Pl\u00e4ne? Gwynt liefert den Unterbau Sie k\u00f6nnen nicht allein nach Ihrer Intuition segeln. Sie m\u00fcssen sicher wissen, ob der Kurs der richtige ist. Denn falsche strategische Entscheidungen haben gro\u00dfe Konsequenzen. Forschung bietet Einblick, Klarheit und Orientierung. Sie m\u00fcssen also nicht von heute auf morgen [&hellip;]","og_url":"https:\/\/www.gwynt.eu\/de\/markt-und-kundenforschung\/","og_site_name":"Gwynt","article_modified_time":"2026-04-06T17:48:03+00:00","twitter_card":"summary_large_image","twitter_misc":{"Gesch\u00e4tzte Lesezeit":"1\u00a0Minute"},"schema":{"@context":"https:\/\/schema.org","@graph":[{"@type":"WebPage","@id":"https:\/\/www.gwynt.eu\/de\/markt-und-kundenforschung\/","url":"https:\/\/www.gwynt.eu\/de\/markt-und-kundenforschung\/","name":"Markt- und Kundenforschung - Gwynt","isPartOf":{"@id":"https:\/\/www.gwynt.eu\/de\/#website"},"datePublished":"2026-03-30T10:13:13+00:00","dateModified":"2026-04-06T17:48:03+00:00","breadcrumb":{"@id":"https:\/\/www.gwynt.eu\/de\/markt-und-kundenforschung\/#breadcrumb"},"inLanguage":"de","potentialAction":[{"@type":"ReadAction","target":["https:\/\/www.gwynt.eu\/de\/markt-und-kundenforschung\/"]}]},{"@type":"BreadcrumbList","@id":"https:\/\/www.gwynt.eu\/de\/markt-und-kundenforschung\/#breadcrumb","itemListElement":[{"@type":"ListItem","position":1,"name":"Startseite","item":"https:\/\/www.gwynt.eu\/de\/saubere-homepage\/"},{"@type":"ListItem","position":2,"name":"Markt- und Kundenforschung"}]},{"@type":"WebSite","@id":"https:\/\/www.gwynt.eu\/de\/#website","url":"https:\/\/www.gwynt.eu\/de\/","name":"Gwynt","description":"Echte doorbraken bereik je samen","publisher":{"@id":"https:\/\/www.gwynt.eu\/de\/#organization"},"potentialAction":[{"@type":"SearchAction","target":{"@type":"EntryPoint","urlTemplate":"https:\/\/www.gwynt.eu\/de\/?s={search_term_string}"},"query-input":{"@type":"PropertyValueSpecification","valueRequired":true,"valueName":"search_term_string"}}],"inLanguage":"de"},{"@type":"Organization","@id":"https:\/\/www.gwynt.eu\/de\/#organization","name":"Gwynt","url":"https:\/\/www.gwynt.eu\/de\/","logo":{"@type":"ImageObject","inLanguage":"de","@id":"https:\/\/www.gwynt.eu\/de\/#\/schema\/logo\/image\/","url":"https:\/\/www.gwynt.eu\/wp-content\/uploads\/GWYNT_LOGO_RGB.png","contentUrl":"https:\/\/www.gwynt.eu\/wp-content\/uploads\/GWYNT_LOGO_RGB.png","width":363,"height":431,"caption":"Gwynt"},"image":{"@id":"https:\/\/www.gwynt.eu\/de\/#\/schema\/logo\/image\/"},"sameAs":["https:\/\/www.linkedin.com\/company\/gwynt\/mycompany\/"]}]}},"_links":{"self":[{"href":"https:\/\/www.gwynt.eu\/de\/wp-json\/wp\/v2\/pages\/251612","targetHints":{"allow":["GET"]}}],"collection":[{"href":"https:\/\/www.gwynt.eu\/de\/wp-json\/wp\/v2\/pages"}],"about":[{"href":"https:\/\/www.gwynt.eu\/de\/wp-json\/wp\/v2\/types\/page"}],"author":[{"embeddable":true,"href":"https:\/\/www.gwynt.eu\/de\/wp-json\/wp\/v2\/users\/15"}],"replies":[{"embeddable":true,"href":"https:\/\/www.gwynt.eu\/de\/wp-json\/wp\/v2\/comments?post=251612"}],"version-history":[{"count":7,"href":"https:\/\/www.gwynt.eu\/de\/wp-json\/wp\/v2\/pages\/251612\/revisions"}],"predecessor-version":[{"id":251964,"href":"https:\/\/www.gwynt.eu\/de\/wp-json\/wp\/v2\/pages\/251612\/revisions\/251964"}],"wp:attachment":[{"href":"https:\/\/www.gwynt.eu\/de\/wp-json\/wp\/v2\/media?parent=251612"}],"curies":[{"name":"wp","href":"https:\/\/api.w.org\/{rel}","templated":true}]}}