{"id":246909,"date":"2024-03-01T11:03:37","date_gmt":"2024-03-01T11:03:37","guid":{"rendered":"https:\/\/www.gwynt.eu\/inspiration\/"},"modified":"2025-08-05T14:20:53","modified_gmt":"2025-08-05T14:20:53","slug":"inspiration","status":"publish","type":"page","link":"https:\/\/www.gwynt.eu\/de\/inspiration\/","title":{"rendered":"Inspiration"},"content":{"rendered":"<p>[et_pb_section fb_built=&#8220;1&#8243; _builder_version=&#8220;4.24.2&#8243; _module_preset=&#8220;default&#8220; use_background_color_gradient=&#8220;on&#8220; background_color_gradient_direction=&#8220;90deg&#8220; background_color_gradient_stops=&#8220;#28367b 0%|#006fb9 100%&#8220; global_colors_info=&#8220;{}&#8220;][et_pb_row _builder_version=&#8220;4.24.2&#8243; _module_preset=&#8220;default&#8220; global_colors_info=&#8220;{}&#8220;][et_pb_column type=&#8220;4_4&#8243; _builder_version=&#8220;4.24.2&#8243; _module_preset=&#8220;default&#8220; pac_dcm_carousel_specific_module_num=&#8220;0&#8243; global_colors_info=&#8220;{}&#8220;][et_pb_text _builder_version=&#8220;4.24.2&#8243; _module_preset=&#8220;default&#8220; background_layout=&#8220;dark&#8220; global_colors_info=&#8220;{}&#8220;]<\/p>\n<h1>Die Untiefen mit Gwynt<o:p><\/o:p><o:p><\/o:p><o:p><\/o:p><\/h1>\n<h3>Wissen, Einsicht und Inspiration<\/h3>\n<p>Die Gestaltung der Zukunft beginnt mit Wissen, Einsicht und Inspiration. Gwynt wei\u00df, was vor sich geht, und nimmt Sie mit in die Tiefe. Springen Sie ins Lenkrad und entdecken Sie die neuesten Erkenntnisse und Entwicklungen.  <\/p>\n<p><o:p><\/o:p><o:p><\/o:p><\/p>\n<p>[\/et_pb_text][\/et_pb_column][\/et_pb_row][\/et_pb_section][et_pb_section fb_built=&#8220;1&#8243; _builder_version=&#8220;4.24.2&#8243; _module_preset=&#8220;default&#8220; background_color=&#8220;#ECECEC&#8220; global_colors_info=&#8220;{}&#8220;][et_pb_row column_structure=&#8220;1_2,1_2&#8243; _builder_version=&#8220;4.24.2&#8243; _module_preset=&#8220;default&#8220; global_colors_info=&#8220;{}&#8220;][et_pb_column type=&#8220;1_2&#8243; _builder_version=&#8220;4.24.2&#8243; _module_preset=&#8220;default&#8220; pac_dcm_carousel_specific_module_num=&#8220;0&#8243; global_colors_info=&#8220;{}&#8220;][et_pb_image src=&#8220;https:\/\/www.gwynt.eu\/wp-content\/uploads\/Gamechangerz.png&#8220; title_text=&#8220;Gamechangerz&#8220; _builder_version=&#8220;4.25.0&#8243; _module_preset=&#8220;default&#8220; global_colors_info=&#8220;{}&#8220;][\/et_pb_image][\/et_pb_column][et_pb_column type=&#8220;1_2&#8243; _builder_version=&#8220;4.24.2&#8243; _module_preset=&#8220;default&#8220; pac_dcm_carousel_specific_module_num=&#8220;0&#8243; global_colors_info=&#8220;{}&#8220;][et_pb_text _builder_version=&#8220;4.24.2&#8243; _module_preset=&#8220;default&#8220; global_colors_info=&#8220;{}&#8220;]<\/p>\n<h2>Gamechangerz<\/h2>\n<p>Unter dem Namen Gamechangerz organisiert Gwynt regelm\u00e4\u00dfig Veranstaltungen und Workshops zu aktuellen Themen. Mit interessanten Beitr\u00e4gen von Unternehmen aus der Branche. Und viel Gelegenheit zum Networking. Also immer lehrreich und inspirierend.   <\/p>\n<p>[\/et_pb_text][et_pb_button button_url=&#8220;@ET-DC@eyJkeW5hbWljIjp0cnVlLCJjb250ZW50IjoicG9zdF9saW5rX3VybF9wYWdlIiwic2V0dGluZ3MiOnsicG9zdF9pZCI6IjI0MjM3NyIsImVuYWJsZV9odG1sIjoib2ZmIn19@&#8220; button_text=&#8220;Mehr \u00fcber Gamechangerz in Food&#8220; _builder_version=&#8220;4.25.1&#8243; _dynamic_attributes=&#8220;button_url&#8220; _module_preset=&#8220;default&#8220; button_text_size=&#8220;18px&#8220; button_bg_color=&#8220;#FFFFFF&#8220; global_colors_info=&#8220;{}&#8220;][\/et_pb_button][et_pb_button button_url=&#8220;@ET-DC@eyJkeW5hbWljIjp0cnVlLCJjb250ZW50IjoicG9zdF9saW5rX3VybF9wYWdlIiwic2V0dGluZ3MiOnsicG9zdF9pZCI6IjI0MjM4OSIsImVuYWJsZV9odG1sIjoib2ZmIn19@&#8220; button_text=&#8220;Mehr \u00fcber Gamechangerz im Einzelhandel&#8220; _builder_version=&#8220;4.25.1&#8243; _dynamic_attributes=&#8220;button_url&#8220; _module_preset=&#8220;default&#8220; button_text_size=&#8220;18px&#8220; button_bg_color=&#8220;#FFFFFF&#8220; global_colors_info=&#8220;{}&#8220;][\/et_pb_button][\/et_pb_column][\/et_pb_row][\/et_pb_section][et_pb_section fb_built=&#8220;1&#8243; _builder_version=&#8220;4.25.0&#8243; _module_preset=&#8220;default&#8220; global_colors_info=&#8220;{}&#8220;][et_pb_row column_structure=&#8220;1_3,1_3,1_3&#8243; _builder_version=&#8220;4.25.0&#8243; _module_preset=&#8220;default&#8220; custom_padding=&#8220;||56px|||&#8220; global_colors_info=&#8220;{}&#8220;][et_pb_column type=&#8220;1_3&#8243; _builder_version=&#8220;4.25.0&#8243; _module_preset=&#8220;default&#8220; pac_dcm_carousel_specific_module_num=&#8220;0&#8243; global_colors_info=&#8220;{}&#8220;][et_pb_text _builder_version=&#8220;4.25.1&#8243; _module_preset=&#8220;default&#8220; hover_enabled=&#8220;0&#8243; global_colors_info=&#8220;{}&#8220; sticky_enabled=&#8220;0&#8243;]<\/p>\n<h2>Ereignisse<\/h2>\n<p>[\/et_pb_text][et_pb_blog_extras posts_number=&#8220;3&#8243; include_categories=&#8220;99&#8243; blog_layout=&#8220;masonry&#8220; masonry_columns=&#8220;1&#8243; excerpt_length=&#8220;0&#8243; read_more_text=&#8220;Lees meer&#8220; show_author=&#8220;off&#8220; show_date=&#8220;off&#8220; category_color=&#8220;#666666&#8243; show_comments=&#8220;off&#8220; no_results_text=&#8220;Probeer op andere term te zoeken&#8220; module_class=&#8220;blog-3-2&#8243; _builder_version=&#8220;4.27.0&#8243; _module_preset=&#8220;default&#8220; filterable_category_font=&#8220;|700|||||||&#8220; filterable_category_font_size=&#8220;16px&#8220; active_filterable_category_font=&#8220;Calibri Bold||||||||&#8220; active_filterable_category_text_color=&#8220;#FFFFFF&#8220; active_filterable_category_font_size=&#8220;16px&#8220; header_level=&#8220;h3&#8243; meta_text_color=&#8220;#666666&#8243; ajax_pagination_icon=&#8220;&#x35;||divi||400&#8243; ajax_pagination_on_hover=&#8220;off&#8220; hover_enabled=&#8220;0&#8243; global_colors_info=&#8220;{}&#8220; ajax_pagination_text_color__hover_enabled=&#8220;on|desktop&#8220; ajax_pagination_text_color__hover=&#8220;#F39200&#8243; sticky_enabled=&#8220;0&#8243;][\/et_pb_blog_extras][et_pb_button button_url=&#8220;https:\/\/www.gwynt.eu\/category\/events\/&#8220; button_text=&#8220;Alle Ereignisse&#8220; _builder_version=&#8220;4.25.1&#8243; _module_preset=&#8220;default&#8220; custom_margin=&#8220;0px||||false|false&#8220; global_colors_info=&#8220;{}&#8220;][\/et_pb_button][\/et_pb_column][et_pb_column type=&#8220;1_3&#8243; _builder_version=&#8220;4.25.0&#8243; _module_preset=&#8220;default&#8220; pac_dcm_carousel_specific_module_num=&#8220;0&#8243; global_colors_info=&#8220;{}&#8220;][et_pb_text _builder_version=&#8220;4.25.1&#8243; _module_preset=&#8220;default&#8220; global_colors_info=&#8220;{}&#8220;]<\/p>\n<h2>Vision<\/h2>\n<p>[\/et_pb_text][et_pb_blog_extras posts_number=&#8220;3&#8243; include_categories=&#8220;150&#8243; blog_layout=&#8220;masonry&#8220; masonry_columns=&#8220;1&#8243; excerpt_length=&#8220;0&#8243; read_more_text=&#8220;Lees meer&#8220; show_author=&#8220;off&#8220; show_date=&#8220;off&#8220; category_color=&#8220;#666666&#8243; show_comments=&#8220;off&#8220; no_results_text=&#8220;Probeer op andere term te zoeken&#8220; module_class=&#8220;blog-3-2&#8243; _builder_version=&#8220;4.25.2&#8243; _module_preset=&#8220;default&#8220; filterable_category_font=&#8220;|700|||||||&#8220; filterable_category_font_size=&#8220;16px&#8220; active_filterable_category_font=&#8220;Calibri Bold||||||||&#8220; active_filterable_category_text_color=&#8220;#FFFFFF&#8220; active_filterable_category_font_size=&#8220;16px&#8220; header_level=&#8220;h3&#8243; meta_text_color=&#8220;#666666&#8243; ajax_pagination_icon=&#8220;&#x35;||divi||400&#8243; ajax_pagination_on_hover=&#8220;off&#8220; global_colors_info=&#8220;{}&#8220; ajax_pagination_text_color__hover_enabled=&#8220;on|desktop&#8220; ajax_pagination_text_color__hover=&#8220;#F39200&#8243;][\/et_pb_blog_extras][et_pb_button button_url=&#8220;@ET-DC@eyJkeW5hbWljIjp0cnVlLCJjb250ZW50IjoicG9zdF9saW5rX3VybF9wYWdlIiwic2V0dGluZ3MiOnsicG9zdF9pZCI6IjI0Mjk0MSIsImVuYWJsZV9odG1sIjoib2ZmIn19@&#8220; button_text=&#8220;Alle Visionen&#8220; _builder_version=&#8220;4.25.1&#8243; _dynamic_attributes=&#8220;button_url&#8220; _module_preset=&#8220;default&#8220; custom_margin=&#8220;0px||||false|false&#8220; global_colors_info=&#8220;{}&#8220;][\/et_pb_button][\/et_pb_column][et_pb_column type=&#8220;1_3&#8243; _builder_version=&#8220;4.25.0&#8243; _module_preset=&#8220;default&#8220; pac_dcm_carousel_specific_module_num=&#8220;0&#8243; global_colors_info=&#8220;{}&#8220;][et_pb_text _builder_version=&#8220;4.25.1&#8243; _module_preset=&#8220;default&#8220; global_colors_info=&#8220;{}&#8220;]<\/p>\n<h2>Kundenf\u00e4lle<\/h2>\n<p>[\/et_pb_text][et_pb_blog_extras posts_number=&#8220;3&#8243; include_categories=&#8220;100&#8243; blog_layout=&#8220;masonry&#8220; masonry_columns=&#8220;1&#8243; excerpt_length=&#8220;0&#8243; read_more_text=&#8220;Lees meer&#8220; show_author=&#8220;off&#8220; show_date=&#8220;off&#8220; category_color=&#8220;#666666&#8243; show_comments=&#8220;off&#8220; no_results_text=&#8220;Probeer op andere term te zoeken&#8220; module_class=&#8220;blog-3-2&#8243; _builder_version=&#8220;4.25.2&#8243; _module_preset=&#8220;default&#8220; filterable_category_font=&#8220;|700|||||||&#8220; filterable_category_font_size=&#8220;16px&#8220; active_filterable_category_font=&#8220;Calibri Bold||||||||&#8220; active_filterable_category_text_color=&#8220;#FFFFFF&#8220; active_filterable_category_font_size=&#8220;16px&#8220; header_level=&#8220;h3&#8243; meta_text_color=&#8220;#666666&#8243; ajax_pagination_icon=&#8220;&#x35;||divi||400&#8243; ajax_pagination_on_hover=&#8220;off&#8220; global_colors_info=&#8220;{}&#8220; ajax_pagination_text_color__hover_enabled=&#8220;on|desktop&#8220; ajax_pagination_text_color__hover=&#8220;#F39200&#8243;][\/et_pb_blog_extras][et_pb_button button_url=&#8220;https:\/\/www.gwynt.eu\/category\/klantcase\/&#8220; button_text=&#8220;Alle Kundenf\u00e4lle&#8220; _builder_version=&#8220;4.25.1&#8243; _module_preset=&#8220;default&#8220; custom_margin=&#8220;0px||||false|false&#8220; global_colors_info=&#8220;{}&#8220;][\/et_pb_button][\/et_pb_column][\/et_pb_row][\/et_pb_section]<\/p>\n","protected":false},"excerpt":{"rendered":"<p>Die Untiefen mit Gwynt Wissen, Einsicht und Inspiration Die Gestaltung der Zukunft beginnt mit Wissen, Einsicht und Inspiration. Gwynt wei\u00df, was vor sich geht, und nimmt Sie mit in die Tiefe. Springen Sie ins Lenkrad und entdecken Sie die neuesten Erkenntnisse und Entwicklungen. Gamechangerz Unter dem Namen Gamechangerz organisiert Gwynt regelm\u00e4\u00dfig Veranstaltungen und Workshops zu [&hellip;]<\/p>\n","protected":false},"author":1,"featured_media":0,"parent":0,"menu_order":0,"comment_status":"closed","ping_status":"closed","template":"","meta":{"_et_pb_use_builder":"on","_et_pb_old_content":"","_et_gb_content_width":"","content-type":"","inline_featured_image":false,"footnotes":""},"class_list":["post-246909","page","type-page","status-publish","hentry"],"yoast_head":"<!-- This site is optimized with the Yoast SEO plugin v26.7 - https:\/\/yoast.com\/wordpress\/plugins\/seo\/ -->\n<title>Inspiration - Gwynt<\/title>\n<meta name=\"description\" content=\"Veranstaltungen, Vision-Artikel und Kundenbeispiele zum Thema Wandel und Transformation in der Lebensmittel- und Agrarindustrie, im Einzel- und Gro\u00dfhandel und in der Fertigungsindustrie.\" \/>\n<meta name=\"robots\" content=\"index, follow, max-snippet:-1, max-image-preview:large, max-video-preview:-1\" \/>\n<link rel=\"canonical\" href=\"https:\/\/www.gwynt.eu\/de\/inspiration\/\" \/>\n<meta property=\"og:locale\" content=\"de_DE\" \/>\n<meta property=\"og:type\" content=\"article\" \/>\n<meta property=\"og:title\" content=\"Inspiration - Gwynt\" \/>\n<meta property=\"og:description\" content=\"Veranstaltungen, Vision-Artikel und Kundenbeispiele zum Thema Wandel und Transformation in der Lebensmittel- und Agrarindustrie, im Einzel- und Gro\u00dfhandel und in der Fertigungsindustrie.\" \/>\n<meta property=\"og:url\" content=\"https:\/\/www.gwynt.eu\/de\/inspiration\/\" \/>\n<meta property=\"og:site_name\" content=\"Gwynt\" \/>\n<meta property=\"article:modified_time\" content=\"2025-08-05T14:20:53+00:00\" \/>\n<meta name=\"twitter:card\" content=\"summary_large_image\" \/>\n<meta name=\"twitter:label1\" content=\"Gesch\u00e4tzte Lesezeit\" \/>\n\t<meta name=\"twitter:data1\" content=\"5\u00a0Minuten\" \/>\n<script type=\"application\/ld+json\" class=\"yoast-schema-graph\">{\"@context\":\"https:\/\/schema.org\",\"@graph\":[{\"@type\":\"WebPage\",\"@id\":\"https:\/\/www.gwynt.eu\/de\/inspiration\/\",\"url\":\"https:\/\/www.gwynt.eu\/de\/inspiration\/\",\"name\":\"Inspiration - Gwynt\",\"isPartOf\":{\"@id\":\"https:\/\/www.gwynt.eu\/de\/#website\"},\"datePublished\":\"2024-03-01T11:03:37+00:00\",\"dateModified\":\"2025-08-05T14:20:53+00:00\",\"description\":\"Veranstaltungen, Vision-Artikel und Kundenbeispiele zum Thema Wandel und Transformation in der Lebensmittel- und Agrarindustrie, im Einzel- und Gro\u00dfhandel und in der Fertigungsindustrie.\",\"breadcrumb\":{\"@id\":\"https:\/\/www.gwynt.eu\/de\/inspiration\/#breadcrumb\"},\"inLanguage\":\"de\",\"potentialAction\":[{\"@type\":\"ReadAction\",\"target\":[\"https:\/\/www.gwynt.eu\/de\/inspiration\/\"]}]},{\"@type\":\"BreadcrumbList\",\"@id\":\"https:\/\/www.gwynt.eu\/de\/inspiration\/#breadcrumb\",\"itemListElement\":[{\"@type\":\"ListItem\",\"position\":1,\"name\":\"Startseite\",\"item\":\"https:\/\/www.gwynt.eu\/de\/saubere-homepage\/\"},{\"@type\":\"ListItem\",\"position\":2,\"name\":\"Inspiration\"}]},{\"@type\":\"WebSite\",\"@id\":\"https:\/\/www.gwynt.eu\/de\/#website\",\"url\":\"https:\/\/www.gwynt.eu\/de\/\",\"name\":\"Gwynt\",\"description\":\"Echte doorbraken bereik je samen\",\"publisher\":{\"@id\":\"https:\/\/www.gwynt.eu\/de\/#organization\"},\"potentialAction\":[{\"@type\":\"SearchAction\",\"target\":{\"@type\":\"EntryPoint\",\"urlTemplate\":\"https:\/\/www.gwynt.eu\/de\/?s={search_term_string}\"},\"query-input\":{\"@type\":\"PropertyValueSpecification\",\"valueRequired\":true,\"valueName\":\"search_term_string\"}}],\"inLanguage\":\"de\"},{\"@type\":\"Organization\",\"@id\":\"https:\/\/www.gwynt.eu\/de\/#organization\",\"name\":\"Gwynt\",\"url\":\"https:\/\/www.gwynt.eu\/de\/\",\"logo\":{\"@type\":\"ImageObject\",\"inLanguage\":\"de\",\"@id\":\"https:\/\/www.gwynt.eu\/de\/#\/schema\/logo\/image\/\",\"url\":\"https:\/\/www.gwynt.eu\/wp-content\/uploads\/GWYNT_LOGO_RGB.png\",\"contentUrl\":\"https:\/\/www.gwynt.eu\/wp-content\/uploads\/GWYNT_LOGO_RGB.png\",\"width\":363,\"height\":431,\"caption\":\"Gwynt\"},\"image\":{\"@id\":\"https:\/\/www.gwynt.eu\/de\/#\/schema\/logo\/image\/\"},\"sameAs\":[\"https:\/\/www.linkedin.com\/company\/gwynt\/mycompany\/\"]}]}<\/script>\n<!-- \/ Yoast SEO plugin. -->","yoast_head_json":{"title":"Inspiration - Gwynt","description":"Veranstaltungen, Vision-Artikel und Kundenbeispiele zum Thema Wandel und Transformation in der Lebensmittel- und Agrarindustrie, im Einzel- und Gro\u00dfhandel und in der Fertigungsindustrie.","robots":{"index":"index","follow":"follow","max-snippet":"max-snippet:-1","max-image-preview":"max-image-preview:large","max-video-preview":"max-video-preview:-1"},"canonical":"https:\/\/www.gwynt.eu\/de\/inspiration\/","og_locale":"de_DE","og_type":"article","og_title":"Inspiration - Gwynt","og_description":"Veranstaltungen, Vision-Artikel und Kundenbeispiele zum Thema Wandel und Transformation in der Lebensmittel- und Agrarindustrie, im Einzel- und Gro\u00dfhandel und in der Fertigungsindustrie.","og_url":"https:\/\/www.gwynt.eu\/de\/inspiration\/","og_site_name":"Gwynt","article_modified_time":"2025-08-05T14:20:53+00:00","twitter_card":"summary_large_image","twitter_misc":{"Gesch\u00e4tzte Lesezeit":"5\u00a0Minuten"},"schema":{"@context":"https:\/\/schema.org","@graph":[{"@type":"WebPage","@id":"https:\/\/www.gwynt.eu\/de\/inspiration\/","url":"https:\/\/www.gwynt.eu\/de\/inspiration\/","name":"Inspiration - Gwynt","isPartOf":{"@id":"https:\/\/www.gwynt.eu\/de\/#website"},"datePublished":"2024-03-01T11:03:37+00:00","dateModified":"2025-08-05T14:20:53+00:00","description":"Veranstaltungen, Vision-Artikel und Kundenbeispiele zum Thema Wandel und Transformation in der Lebensmittel- und Agrarindustrie, im Einzel- und Gro\u00dfhandel und in der Fertigungsindustrie.","breadcrumb":{"@id":"https:\/\/www.gwynt.eu\/de\/inspiration\/#breadcrumb"},"inLanguage":"de","potentialAction":[{"@type":"ReadAction","target":["https:\/\/www.gwynt.eu\/de\/inspiration\/"]}]},{"@type":"BreadcrumbList","@id":"https:\/\/www.gwynt.eu\/de\/inspiration\/#breadcrumb","itemListElement":[{"@type":"ListItem","position":1,"name":"Startseite","item":"https:\/\/www.gwynt.eu\/de\/saubere-homepage\/"},{"@type":"ListItem","position":2,"name":"Inspiration"}]},{"@type":"WebSite","@id":"https:\/\/www.gwynt.eu\/de\/#website","url":"https:\/\/www.gwynt.eu\/de\/","name":"Gwynt","description":"Echte doorbraken bereik je samen","publisher":{"@id":"https:\/\/www.gwynt.eu\/de\/#organization"},"potentialAction":[{"@type":"SearchAction","target":{"@type":"EntryPoint","urlTemplate":"https:\/\/www.gwynt.eu\/de\/?s={search_term_string}"},"query-input":{"@type":"PropertyValueSpecification","valueRequired":true,"valueName":"search_term_string"}}],"inLanguage":"de"},{"@type":"Organization","@id":"https:\/\/www.gwynt.eu\/de\/#organization","name":"Gwynt","url":"https:\/\/www.gwynt.eu\/de\/","logo":{"@type":"ImageObject","inLanguage":"de","@id":"https:\/\/www.gwynt.eu\/de\/#\/schema\/logo\/image\/","url":"https:\/\/www.gwynt.eu\/wp-content\/uploads\/GWYNT_LOGO_RGB.png","contentUrl":"https:\/\/www.gwynt.eu\/wp-content\/uploads\/GWYNT_LOGO_RGB.png","width":363,"height":431,"caption":"Gwynt"},"image":{"@id":"https:\/\/www.gwynt.eu\/de\/#\/schema\/logo\/image\/"},"sameAs":["https:\/\/www.linkedin.com\/company\/gwynt\/mycompany\/"]}]}},"_links":{"self":[{"href":"https:\/\/www.gwynt.eu\/de\/wp-json\/wp\/v2\/pages\/246909","targetHints":{"allow":["GET"]}}],"collection":[{"href":"https:\/\/www.gwynt.eu\/de\/wp-json\/wp\/v2\/pages"}],"about":[{"href":"https:\/\/www.gwynt.eu\/de\/wp-json\/wp\/v2\/types\/page"}],"author":[{"embeddable":true,"href":"https:\/\/www.gwynt.eu\/de\/wp-json\/wp\/v2\/users\/1"}],"replies":[{"embeddable":true,"href":"https:\/\/www.gwynt.eu\/de\/wp-json\/wp\/v2\/comments?post=246909"}],"version-history":[{"count":2,"href":"https:\/\/www.gwynt.eu\/de\/wp-json\/wp\/v2\/pages\/246909\/revisions"}],"predecessor-version":[{"id":246912,"href":"https:\/\/www.gwynt.eu\/de\/wp-json\/wp\/v2\/pages\/246909\/revisions\/246912"}],"wp:attachment":[{"href":"https:\/\/www.gwynt.eu\/de\/wp-json\/wp\/v2\/media?parent=246909"}],"curies":[{"name":"wp","href":"https:\/\/api.w.org\/{rel}","templated":true}]}}