{"id":246875,"date":"2024-03-21T12:17:16","date_gmt":"2024-03-21T12:17:16","guid":{"rendered":"https:\/\/www.gwynt.eu\/loesungen\/optimierung-des-portfolios\/"},"modified":"2025-08-05T14:20:27","modified_gmt":"2025-08-05T14:20:27","slug":"optimierung-des-portfolios","status":"publish","type":"page","link":"https:\/\/www.gwynt.eu\/de\/loesungen\/optimierung-des-portfolios\/","title":{"rendered":"Optimierung des Portfolios"},"content":{"rendered":"<p>[et_pb_section fb_built=&#8220;1&#8243; disabled_on=&#8220;off|off|off&#8220; _builder_version=&#8220;4.27.2&#8243; _dynamic_attributes=&#8220;link_option_url&#8220; _module_preset=&#8220;default&#8220; background_color=&#8220;#006FB9&#8243; use_background_color_gradient=&#8220;on&#8220; background_color_gradient_direction=&#8220;90deg&#8220; background_color_gradient_stops=&#8220;#e14e12 0%|#f39200 100%&#8220; min_height=&#8220;50px&#8220; height=&#8220;50px&#8220; max_height=&#8220;50px&#8220; custom_margin=&#8220;0px||0px||false|false&#8220; custom_padding=&#8220;0px||0px||false|false&#8220; link_option_url=&#8220;@ET-DC@eyJkeW5hbWljIjp0cnVlLCJjb250ZW50IjoicG9zdF9saW5rX3VybF9wYWdlIiwic2V0dGluZ3MiOnsicG9zdF9pZCI6IjIyMzAwOCIsImVuYWJsZV9odG1sIjoib2ZmIn19@&#8220; border_color_bottom=&#8220;#F39200&#8243; global_module=&#8220;246285&#8243; saved_tabs=&#8220;all&#8220; locked=&#8220;off&#8220; global_colors_info=&#8220;{}&#8220;][et_pb_row _builder_version=&#8220;4.25.2&#8243; _module_preset=&#8220;default&#8220; background_size=&#8220;custom&#8220; background_image_width=&#8220;100%&#8220; background_position=&#8220;top_left&#8220; custom_margin=&#8220;0px||0px||false|false&#8220; custom_padding=&#8220;0px||0px||false|false&#8220; global_colors_info=&#8220;{}&#8220;][et_pb_column type=&#8220;4_4&#8243; _builder_version=&#8220;4.25.2&#8243; _module_preset=&#8220;default&#8220; custom_padding=&#8220;0px||0px||false|false&#8220; pac_dcm_carousel_specific_module_num=&#8220;0&#8243; global_colors_info=&#8220;{}&#8220;][et_pb_text _builder_version=&#8220;4.27.2&#8243; _module_preset=&#8220;default&#8220; background_layout=&#8220;dark&#8220; custom_margin=&#8220;0px||0px|1px|false|false&#8220; custom_padding=&#8220;10px||0px||false|false&#8220; global_colors_info=&#8220;{}&#8220;]<\/p>\n<h3>Strategie &amp; Innovation<\/h3>\n<p>[\/et_pb_text][\/et_pb_column][\/et_pb_row][\/et_pb_section][et_pb_section fb_built=&#8220;1&#8243; disabled_on=&#8220;off|off|off&#8220; _builder_version=&#8220;4.25.1&#8243; _module_preset=&#8220;default&#8220; background_color=&#8220;#ECECEC&#8220; min_height=&#8220;103.2px&#8220; custom_padding=&#8220;22px||14px|||&#8220; border_color_bottom=&#8220;#F39200&#8243; locked=&#8220;off&#8220; global_colors_info=&#8220;{}&#8220;][et_pb_row _builder_version=&#8220;4.25.1&#8243; _module_preset=&#8220;default&#8220; background_size=&#8220;custom&#8220; background_image_width=&#8220;100%&#8220; background_position=&#8220;top_left&#8220; custom_padding=&#8220;0px||0px|||&#8220; global_colors_info=&#8220;{}&#8220;][et_pb_column type=&#8220;4_4&#8243; _builder_version=&#8220;4.24.2&#8243; _module_preset=&#8220;default&#8220; pac_dcm_carousel_specific_module_num=&#8220;0&#8243; global_colors_info=&#8220;{}&#8220;][et_pb_text _builder_version=&#8220;4.24.2&#8243; _module_preset=&#8220;default&#8220; global_colors_info=&#8220;{}&#8220;]<\/p>\n<h1>Optimierung des Portfolios<o:p><\/o:p><o:p><\/o:p><o:p><\/o:p><\/h1>\n<h2>Erzielen Sie das richtige Gleichgewicht zwischen Unverwechselbarkeit und Rentabilit\u00e4t<o:p><\/o:p><\/h2>\n<h2><o:p><\/o:p><o:p><\/o:p><\/h2>\n<p>[\/et_pb_text][\/et_pb_column][\/et_pb_row][\/et_pb_section][et_pb_section fb_built=&#8220;1&#8243; _builder_version=&#8220;4.24.2&#8243; _module_preset=&#8220;default&#8220; global_colors_info=&#8220;{}&#8220;][et_pb_row _builder_version=&#8220;4.24.2&#8243; _module_preset=&#8220;default&#8220; custom_padding=&#8220;||0px|||&#8220; global_colors_info=&#8220;{}&#8220;][et_pb_column type=&#8220;4_4&#8243; _builder_version=&#8220;4.24.2&#8243; _module_preset=&#8220;default&#8220; pac_dcm_carousel_specific_module_num=&#8220;0&#8243; global_colors_info=&#8220;{}&#8220;][et_pb_text _builder_version=&#8220;4.24.2&#8243; _module_preset=&#8220;default&#8220; global_colors_info=&#8220;{}&#8220;]<\/p>\n<h2>Portfolio-Optimierung: Optimalen Kundennutzen erzielen<o:p><\/o:p><\/h2>\n<p>[\/et_pb_text][\/et_pb_column][\/et_pb_row][et_pb_row column_structure=&#8220;1_2,1_2&#8243; _builder_version=&#8220;4.24.2&#8243; _module_preset=&#8220;default&#8220; global_colors_info=&#8220;{}&#8220;][et_pb_column type=&#8220;1_2&#8243; _builder_version=&#8220;4.24.2&#8243; _module_preset=&#8220;default&#8220; pac_dcm_carousel_specific_module_num=&#8220;0&#8243; global_colors_info=&#8220;{}&#8220;][et_pb_text _builder_version=&#8220;4.24.2&#8243; _module_preset=&#8220;default&#8220; global_colors_info=&#8220;{}&#8220;]<\/p>\n<p>Innovation ist entscheidend, um an der Spitze zu bleiben. Also suchen Sie st\u00e4ndig nach neuen Konzepten und Vorschl\u00e4gen. Dies erfordert eine solide Portfoliostrategie, die Raum f\u00fcr Innovationen l\u00e4sst und gleichzeitig unn\u00f6tige Komplexit\u00e4t ausschlie\u00dft.  <\/p>\n<p>Gwynt hilft Ihnen, das richtige Gleichgewicht zu finden. Typische Fragen in diesem Zusammenhang: <\/p>\n<ul>\n<li>Wie k\u00f6nnen wir die Unterscheidungskraft auf kosteneffiziente Weise erh\u00f6hen?<\/li>\n<li>Was sind die tats\u00e4chlichen Kosten und der Wert unserer Produkte und Dienstleistungen?<\/li>\n<li>Welche Aktivit\u00e4ten sind nicht wertsch\u00f6pfend oder k\u00f6nnten intelligenter sein?<\/li>\n<\/ul>\n<p>[\/et_pb_text][\/et_pb_column][et_pb_column type=&#8220;1_2&#8243; _builder_version=&#8220;4.24.2&#8243; _module_preset=&#8220;default&#8220; pac_dcm_carousel_specific_module_num=&#8220;0&#8243; global_colors_info=&#8220;{}&#8220;][et_pb_image src=&#8220;https:\/\/www.gwynt.eu\/wp-content\/uploads\/DePlus_Boxtel-63-1.jpg&#8220; title_text=&#8220;DePlus_Boxtel-63 (1)&#8220; _builder_version=&#8220;4.25.2&#8243; _module_preset=&#8220;default&#8220; global_colors_info=&#8220;{}&#8220;][\/et_pb_image][\/et_pb_column][\/et_pb_row][\/et_pb_section][et_pb_section fb_built=&#8220;1&#8243; _builder_version=&#8220;4.24.2&#8243; _module_preset=&#8220;default&#8220; background_color=&#8220;#ECECEC&#8220; global_colors_info=&#8220;{}&#8220;][et_pb_row _builder_version=&#8220;4.24.3&#8243; _module_preset=&#8220;default&#8220; module_alignment=&#8220;center&#8220; global_colors_info=&#8220;{}&#8220;][et_pb_column type=&#8220;4_4&#8243; _builder_version=&#8220;4.24.2&#8243; _module_preset=&#8220;default&#8220; pac_dcm_carousel_specific_module_num=&#8220;0&#8243; global_colors_info=&#8220;{}&#8220;][et_pb_text _builder_version=&#8220;4.24.2&#8243; _module_preset=&#8220;default&#8220; global_colors_info=&#8220;{}&#8220;]<\/p>\n<h2 style=\"text-align: center;\">Portfolio-Optimierung: unser bew\u00e4hrter Ansatz<o:p><\/o:p><o:p><\/o:p><\/h2>\n<p style=\"text-align: center;\"><strong>Portfoliooptimierung beginnt mit einer Gesch\u00e4ftsstrategie und einem guten Verst\u00e4ndnis von Umsatz, Marge und Kostenstruktur. Gwynt unterst\u00fctzt Sie dabei mit einem bew\u00e4hrten Ansatz, der die Komplexit\u00e4t objektiviert. <\/strong><strong> <\/strong><\/p>\n<p>[\/et_pb_text][\/et_pb_column][\/et_pb_row][et_pb_row column_structure=&#8220;1_2,1_2&#8243; _builder_version=&#8220;4.24.2&#8243; _module_preset=&#8220;default&#8220; global_colors_info=&#8220;{}&#8220;][et_pb_column type=&#8220;1_2&#8243; _builder_version=&#8220;4.24.2&#8243; _module_preset=&#8220;default&#8220; pac_dcm_carousel_specific_module_num=&#8220;0&#8243; global_colors_info=&#8220;{}&#8220;][et_pb_image src=&#8220;https:\/\/www.gwynt.eu\/wp-content\/uploads\/Portfolio-optimalisatie.png&#8220; title_text=&#8220;Optimierung des Portfolios&#8220; _builder_version=&#8220;4.25.2&#8243; _module_preset=&#8220;default&#8220; width=&#8220;70%&#8220; module_alignment=&#8220;right&#8220; custom_margin=&#8220;-20px|||||&#8220; global_colors_info=&#8220;{}&#8220;][\/et_pb_image][\/et_pb_column][et_pb_column type=&#8220;1_2&#8243; _builder_version=&#8220;4.24.2&#8243; _module_preset=&#8220;default&#8220; pac_dcm_carousel_specific_module_num=&#8220;0&#8243; global_colors_info=&#8220;{}&#8220;][et_pb_text _builder_version=&#8220;4.24.2&#8243; _module_preset=&#8220;default&#8220; global_colors_info=&#8220;{}&#8220;]<\/p>\n<p>Gemeinsam geben wir Einblick in die zugrundeliegenden Faktoren und schaffen so einen Rahmen f\u00fcr angemessene Diskussionen und Entscheidungen \u00fcber Mehrwert und Rationalisierung des Sortiments. Die Methode bietet einen klaren Rahmen f\u00fcr Preisstrategien und gibt auch sofort Aufschluss dar\u00fcber, welche Produkte relativ viel zu Komplexit\u00e4t und Kosten beitragen. <\/p>\n<p>Au\u00dferdem unterst\u00fctzen wir Innovation und Produktentwicklung, indem wir unsere Erfahrungen und bew\u00e4hrten Verfahren auf dem Markt nutzen. Dabei helfen wir verschiedenen Teams, mit klaren Rollen, Prozessen, Beratung und Tools effektiv und effizient zusammenzuarbeiten. <\/p>\n<p>[\/et_pb_text][\/et_pb_column][\/et_pb_row][\/et_pb_section][et_pb_section fb_built=&#8220;1&#8243; _builder_version=&#8220;4.24.2&#8243; _module_preset=&#8220;default&#8220; background_color=&#8220;RGBA(255,255,255,0)&#8220; use_background_color_gradient=&#8220;on&#8220; background_color_gradient_stops=&#8220;#28367b 0%|#006fb9 100%&#8220; custom_padding=&#8220;40px||||false|false&#8220; global_colors_info=&#8220;{}&#8220;][et_pb_row column_structure=&#8220;1_5,3_5,1_5&#8243; _builder_version=&#8220;4.25.1&#8243; _module_preset=&#8220;default&#8220; background_enable_image=&#8220;off&#8220; background_size=&#8220;custom&#8220; background_image_width=&#8220;13%&#8220; background_position=&#8220;top_left&#8220; global_colors_info=&#8220;{}&#8220;][et_pb_column type=&#8220;1_5&#8243; _builder_version=&#8220;4.24.3&#8243; _module_preset=&#8220;default&#8220; pac_dcm_carousel_specific_module_num=&#8220;0&#8243; global_colors_info=&#8220;{}&#8220;][\/et_pb_column][et_pb_column type=&#8220;3_5&#8243; _builder_version=&#8220;4.24.3&#8243; _module_preset=&#8220;default&#8220; pac_dcm_carousel_specific_module_num=&#8220;0&#8243; global_colors_info=&#8220;{}&#8220;][et_pb_testimonial author=&#8220;Ruud Kloek&#8220; job_title=&#8220;Gesch\u00e4ftsf\u00fchrerin&#8220; company_name=&#8220;Madern Werkzeugbau&#8220; portrait_url=&#8220;https:\/\/www.gwynt.eu\/wp-content\/uploads\/madern_group_logo.jpeg&#8220; portrait_width=&#8220;115px&#8220; portrait_height=&#8220;115px&#8220; _builder_version=&#8220;4.25.2&#8243; _module_preset=&#8220;default&#8220; background_layout=&#8220;dark&#8220; global_colors_info=&#8220;{}&#8220;]<\/p>\n<h3><b>Gwynt h\u00e4lt uns auf Trab. Er trifft harte Vereinbarungen. Er bringt Tools, Ressourcen und Modelle ein, die die Umsetzung f\u00fcr uns verst\u00e4ndlich und handhabbar machen. Gwynt ist auch nicht abgeneigt, das Steuer in die Hand zu nehmen   <\/b><\/h3>\n<p>[\/et_pb_testimonial][\/et_pb_column][et_pb_column type=&#8220;1_5&#8243; _builder_version=&#8220;4.24.3&#8243; _module_preset=&#8220;default&#8220; pac_dcm_carousel_specific_module_num=&#8220;0&#8243; global_colors_info=&#8220;{}&#8220;][\/et_pb_column][\/et_pb_row][\/et_pb_section][et_pb_section fb_built=&#8220;1&#8243; _builder_version=&#8220;4.24.2&#8243; _module_preset=&#8220;default&#8220; global_colors_info=&#8220;{}&#8220;][et_pb_row _builder_version=&#8220;4.24.2&#8243; _module_preset=&#8220;default&#8220; custom_padding=&#8220;||4px|||&#8220; global_colors_info=&#8220;{}&#8220;][et_pb_column type=&#8220;4_4&#8243; _builder_version=&#8220;4.24.2&#8243; _module_preset=&#8220;default&#8220; pac_dcm_carousel_specific_module_num=&#8220;0&#8243; global_colors_info=&#8220;{}&#8220;][et_pb_text _builder_version=&#8220;4.25.0&#8243; _module_preset=&#8220;default&#8220; global_colors_info=&#8220;{}&#8220;]<\/p>\n<h2 style=\"text-align: center;\">Optimierung des Leistungsportfolios durch Gwynt<\/h2>\n<p>[\/et_pb_text][\/et_pb_column][\/et_pb_row][et_pb_row column_structure=&#8220;1_4,1_4,1_4,1_4&#8243; _builder_version=&#8220;4.25.0&#8243; _module_preset=&#8220;default&#8220; global_colors_info=&#8220;{}&#8220;][et_pb_column type=&#8220;1_4&#8243; _builder_version=&#8220;4.25.0&#8243; _module_preset=&#8220;default&#8220; pac_dcm_carousel_specific_module_num=&#8220;0&#8243; global_colors_info=&#8220;{}&#8220;][et_pb_blurb title=&#8220;Vision und Einfluss auf das Portfolio&#8220; use_icon=&#8220;on&#8220; font_icon=&#8220;&#xf164;||fa||900&#8243; icon_color=&#8220;#9BBD39&#8243; image_icon_width=&#8220;40px&#8220; _builder_version=&#8220;4.25.0&#8243; _module_preset=&#8220;default&#8220; header_level=&#8220;h3&#8243; header_text_align=&#8220;center&#8220; image_icon_custom_margin=&#8220;||-12px||false|false&#8220; animation_style=&#8220;zoom&#8220; global_colors_info=&#8220;{}&#8220;][\/et_pb_blurb][\/et_pb_column][et_pb_column type=&#8220;1_4&#8243; _builder_version=&#8220;4.25.0&#8243; _module_preset=&#8220;default&#8220; pac_dcm_carousel_specific_module_num=&#8220;0&#8243; global_colors_info=&#8220;{}&#8220;][et_pb_blurb title=&#8220;Mehr \u00dcbersicht und Ruhe im t\u00e4glichen Betrieb&#8220; use_icon=&#8220;on&#8220; font_icon=&#8220;&#xf164;||fa||900&#8243; icon_color=&#8220;#9BBD39&#8243; image_icon_width=&#8220;40px&#8220; _builder_version=&#8220;4.25.0&#8243; _module_preset=&#8220;default&#8220; header_level=&#8220;h3&#8243; header_text_align=&#8220;center&#8220; image_icon_custom_margin=&#8220;||-12px||false|false&#8220; animation_style=&#8220;zoom&#8220; global_colors_info=&#8220;{}&#8220;][\/et_pb_blurb][\/et_pb_column][et_pb_column type=&#8220;1_4&#8243; _builder_version=&#8220;4.25.0&#8243; _module_preset=&#8220;default&#8220; pac_dcm_carousel_specific_module_num=&#8220;0&#8243; global_colors_info=&#8220;{}&#8220;][et_pb_blurb title=&#8220;Verbesserung von Effizienz und Rentabilit\u00e4t&#8220; use_icon=&#8220;on&#8220; font_icon=&#8220;&#xf164;||fa||900&#8243; icon_color=&#8220;#9BBD39&#8243; image_icon_width=&#8220;40px&#8220; _builder_version=&#8220;4.25.0&#8243; _module_preset=&#8220;default&#8220; header_level=&#8220;h3&#8243; header_text_align=&#8220;center&#8220; image_icon_custom_margin=&#8220;||-12px||false|false&#8220; animation_style=&#8220;zoom&#8220; global_colors_info=&#8220;{}&#8220;][\/et_pb_blurb][\/et_pb_column][et_pb_column type=&#8220;1_4&#8243; _builder_version=&#8220;4.25.0&#8243; _module_preset=&#8220;default&#8220; pac_dcm_carousel_specific_module_num=&#8220;0&#8243; global_colors_info=&#8220;{}&#8220;][et_pb_blurb title=&#8220;Eliminierung versteckter Kosten&#8220; use_icon=&#8220;on&#8220; font_icon=&#8220;&#xf164;||fa||900&#8243; icon_color=&#8220;#9BBD39&#8243; image_icon_width=&#8220;40px&#8220; _builder_version=&#8220;4.25.0&#8243; _module_preset=&#8220;default&#8220; header_level=&#8220;h3&#8243; header_text_align=&#8220;center&#8220; image_icon_custom_margin=&#8220;||-12px||false|false&#8220; animation_style=&#8220;zoom&#8220; global_colors_info=&#8220;{}&#8220;][\/et_pb_blurb][\/et_pb_column][\/et_pb_row][\/et_pb_section][et_pb_section fb_built=&#8220;1&#8243; _builder_version=&#8220;4.25.0&#8243; _module_preset=&#8220;default&#8220; background_color=&#8220;#ECECEC&#8220; global_colors_info=&#8220;{}&#8220;][et_pb_row column_structure=&#8220;1_4,3_4&#8243; _builder_version=&#8220;4.24.2&#8243; _module_preset=&#8220;default&#8220; global_colors_info=&#8220;{}&#8220;][et_pb_column type=&#8220;1_4&#8243; _builder_version=&#8220;4.24.2&#8243; _module_preset=&#8220;default&#8220; pac_dcm_carousel_specific_module_num=&#8220;0&#8243; global_colors_info=&#8220;{}&#8220;][et_pb_image src=&#8220;https:\/\/www.gwynt.eu\/wp-content\/uploads\/Gwynt_Kantoor-30-Michelle-Muller.jpg&#8220; title_text=&#8220;Gwynt_Office-30-Michelle-Muller&#8220; _builder_version=&#8220;4.25.0&#8243; _module_preset=&#8220;default&#8220; global_colors_info=&#8220;{}&#8220;][\/et_pb_image][\/et_pb_column][et_pb_column type=&#8220;3_4&#8243; _builder_version=&#8220;4.24.2&#8243; _module_preset=&#8220;default&#8220; pac_dcm_carousel_specific_module_num=&#8220;0&#8243; global_colors_info=&#8220;{}&#8220;][et_pb_text _builder_version=&#8220;4.24.2&#8243; _module_preset=&#8220;default&#8220; global_colors_info=&#8220;{}&#8220;]<\/p>\n<h3>M\u00f6chten Sie mehr erfahren?  <o:p><\/o:p><\/h3>\n<p>Kontaktieren Sie Michelle Muller, Business Associate bei Gwynt.<\/p>\n<p><a href=\"mailto:m.muller@gwynt.eu\">m.muller@gwynt.eu<\/a><\/p>\n<p>[\/et_pb_text][et_pb_button button_url=&#8220;https:\/\/meetings.hubspot.com\/michelle-muller&#8220; url_new_window=&#8220;on&#8220; button_text=&#8220;Jetzt einen Termin vereinbaren&#8220; _builder_version=&#8220;4.27.0&#8243; _module_preset=&#8220;default&#8220; button_bg_color=&#8220;#ffffff&#8220; global_colors_info=&#8220;{}&#8220;][\/et_pb_button][\/et_pb_column][\/et_pb_row][\/et_pb_section]<\/p>\n","protected":false},"excerpt":{"rendered":"<p>Strategie &amp; InnovationOptimierung des Portfolios Erzielen Sie das richtige Gleichgewicht zwischen Unverwechselbarkeit und Rentabilit\u00e4t Portfolio-Optimierung: Optimalen Kundennutzen erzielenInnovation ist entscheidend, um an der Spitze zu bleiben. Also suchen Sie st\u00e4ndig nach neuen Konzepten und Vorschl\u00e4gen. Dies erfordert eine solide Portfoliostrategie, die Raum f\u00fcr Innovationen l\u00e4sst und gleichzeitig unn\u00f6tige Komplexit\u00e4t ausschlie\u00dft. Gwynt hilft Ihnen, das richtige [&hellip;]<\/p>\n","protected":false},"author":1,"featured_media":0,"parent":246869,"menu_order":0,"comment_status":"closed","ping_status":"closed","template":"","meta":{"_et_pb_use_builder":"on","_et_pb_old_content":"","_et_gb_content_width":"","content-type":"","inline_featured_image":false,"footnotes":""},"class_list":["post-246875","page","type-page","status-publish","hentry"],"yoast_head":"<!-- This site is optimized with the Yoast SEO plugin v26.7 - https:\/\/yoast.com\/wordpress\/plugins\/seo\/ -->\n<title>Optimierung des Portfolios - Gwynt<\/title>\n<meta name=\"robots\" content=\"index, follow, max-snippet:-1, max-image-preview:large, max-video-preview:-1\" \/>\n<link rel=\"canonical\" href=\"https:\/\/www.gwynt.eu\/de\/loesungen\/optimierung-des-portfolios\/\" \/>\n<meta property=\"og:locale\" content=\"de_DE\" \/>\n<meta property=\"og:type\" content=\"article\" \/>\n<meta property=\"og:title\" content=\"Optimierung des Portfolios - Gwynt\" \/>\n<meta property=\"og:description\" content=\"Strategie &amp; InnovationOptimierung des Portfolios Erzielen Sie das richtige Gleichgewicht zwischen Unverwechselbarkeit und Rentabilit\u00e4t Portfolio-Optimierung: Optimalen Kundennutzen erzielenInnovation ist entscheidend, um an der Spitze zu bleiben. Also suchen Sie st\u00e4ndig nach neuen Konzepten und Vorschl\u00e4gen. Dies erfordert eine solide Portfoliostrategie, die Raum f\u00fcr Innovationen l\u00e4sst und gleichzeitig unn\u00f6tige Komplexit\u00e4t ausschlie\u00dft. Gwynt hilft Ihnen, das richtige [&hellip;]\" \/>\n<meta property=\"og:url\" content=\"https:\/\/www.gwynt.eu\/de\/loesungen\/optimierung-des-portfolios\/\" \/>\n<meta property=\"og:site_name\" content=\"Gwynt\" \/>\n<meta property=\"article:modified_time\" content=\"2025-08-05T14:20:27+00:00\" \/>\n<meta name=\"twitter:card\" content=\"summary_large_image\" \/>\n<meta name=\"twitter:label1\" content=\"Gesch\u00e4tzte Lesezeit\" \/>\n\t<meta name=\"twitter:data1\" content=\"8\u00a0Minuten\" \/>\n<script type=\"application\/ld+json\" class=\"yoast-schema-graph\">{\"@context\":\"https:\/\/schema.org\",\"@graph\":[{\"@type\":\"WebPage\",\"@id\":\"https:\/\/www.gwynt.eu\/de\/loesungen\/optimierung-des-portfolios\/\",\"url\":\"https:\/\/www.gwynt.eu\/de\/loesungen\/optimierung-des-portfolios\/\",\"name\":\"Optimierung des Portfolios - Gwynt\",\"isPartOf\":{\"@id\":\"https:\/\/www.gwynt.eu\/de\/#website\"},\"datePublished\":\"2024-03-21T12:17:16+00:00\",\"dateModified\":\"2025-08-05T14:20:27+00:00\",\"breadcrumb\":{\"@id\":\"https:\/\/www.gwynt.eu\/de\/loesungen\/optimierung-des-portfolios\/#breadcrumb\"},\"inLanguage\":\"de\",\"potentialAction\":[{\"@type\":\"ReadAction\",\"target\":[\"https:\/\/www.gwynt.eu\/de\/loesungen\/optimierung-des-portfolios\/\"]}]},{\"@type\":\"BreadcrumbList\",\"@id\":\"https:\/\/www.gwynt.eu\/de\/loesungen\/optimierung-des-portfolios\/#breadcrumb\",\"itemListElement\":[{\"@type\":\"ListItem\",\"position\":1,\"name\":\"Startseite\",\"item\":\"https:\/\/www.gwynt.eu\/de\/saubere-homepage\/\"},{\"@type\":\"ListItem\",\"position\":2,\"name\":\"L\u00f6sungen\",\"item\":\"https:\/\/www.gwynt.eu\/de\/loesungen\/\"},{\"@type\":\"ListItem\",\"position\":3,\"name\":\"Optimierung des Portfolios\"}]},{\"@type\":\"WebSite\",\"@id\":\"https:\/\/www.gwynt.eu\/de\/#website\",\"url\":\"https:\/\/www.gwynt.eu\/de\/\",\"name\":\"Gwynt\",\"description\":\"Echte doorbraken bereik je samen\",\"publisher\":{\"@id\":\"https:\/\/www.gwynt.eu\/de\/#organization\"},\"potentialAction\":[{\"@type\":\"SearchAction\",\"target\":{\"@type\":\"EntryPoint\",\"urlTemplate\":\"https:\/\/www.gwynt.eu\/de\/?s={search_term_string}\"},\"query-input\":{\"@type\":\"PropertyValueSpecification\",\"valueRequired\":true,\"valueName\":\"search_term_string\"}}],\"inLanguage\":\"de\"},{\"@type\":\"Organization\",\"@id\":\"https:\/\/www.gwynt.eu\/de\/#organization\",\"name\":\"Gwynt\",\"url\":\"https:\/\/www.gwynt.eu\/de\/\",\"logo\":{\"@type\":\"ImageObject\",\"inLanguage\":\"de\",\"@id\":\"https:\/\/www.gwynt.eu\/de\/#\/schema\/logo\/image\/\",\"url\":\"https:\/\/www.gwynt.eu\/wp-content\/uploads\/GWYNT_LOGO_RGB.png\",\"contentUrl\":\"https:\/\/www.gwynt.eu\/wp-content\/uploads\/GWYNT_LOGO_RGB.png\",\"width\":363,\"height\":431,\"caption\":\"Gwynt\"},\"image\":{\"@id\":\"https:\/\/www.gwynt.eu\/de\/#\/schema\/logo\/image\/\"},\"sameAs\":[\"https:\/\/www.linkedin.com\/company\/gwynt\/mycompany\/\"]}]}<\/script>\n<!-- \/ Yoast SEO plugin. -->","yoast_head_json":{"title":"Optimierung des Portfolios - Gwynt","robots":{"index":"index","follow":"follow","max-snippet":"max-snippet:-1","max-image-preview":"max-image-preview:large","max-video-preview":"max-video-preview:-1"},"canonical":"https:\/\/www.gwynt.eu\/de\/loesungen\/optimierung-des-portfolios\/","og_locale":"de_DE","og_type":"article","og_title":"Optimierung des Portfolios - Gwynt","og_description":"Strategie &amp; InnovationOptimierung des Portfolios Erzielen Sie das richtige Gleichgewicht zwischen Unverwechselbarkeit und Rentabilit\u00e4t Portfolio-Optimierung: Optimalen Kundennutzen erzielenInnovation ist entscheidend, um an der Spitze zu bleiben. Also suchen Sie st\u00e4ndig nach neuen Konzepten und Vorschl\u00e4gen. Dies erfordert eine solide Portfoliostrategie, die Raum f\u00fcr Innovationen l\u00e4sst und gleichzeitig unn\u00f6tige Komplexit\u00e4t ausschlie\u00dft. Gwynt hilft Ihnen, das richtige [&hellip;]","og_url":"https:\/\/www.gwynt.eu\/de\/loesungen\/optimierung-des-portfolios\/","og_site_name":"Gwynt","article_modified_time":"2025-08-05T14:20:27+00:00","twitter_card":"summary_large_image","twitter_misc":{"Gesch\u00e4tzte Lesezeit":"8\u00a0Minuten"},"schema":{"@context":"https:\/\/schema.org","@graph":[{"@type":"WebPage","@id":"https:\/\/www.gwynt.eu\/de\/loesungen\/optimierung-des-portfolios\/","url":"https:\/\/www.gwynt.eu\/de\/loesungen\/optimierung-des-portfolios\/","name":"Optimierung des Portfolios - Gwynt","isPartOf":{"@id":"https:\/\/www.gwynt.eu\/de\/#website"},"datePublished":"2024-03-21T12:17:16+00:00","dateModified":"2025-08-05T14:20:27+00:00","breadcrumb":{"@id":"https:\/\/www.gwynt.eu\/de\/loesungen\/optimierung-des-portfolios\/#breadcrumb"},"inLanguage":"de","potentialAction":[{"@type":"ReadAction","target":["https:\/\/www.gwynt.eu\/de\/loesungen\/optimierung-des-portfolios\/"]}]},{"@type":"BreadcrumbList","@id":"https:\/\/www.gwynt.eu\/de\/loesungen\/optimierung-des-portfolios\/#breadcrumb","itemListElement":[{"@type":"ListItem","position":1,"name":"Startseite","item":"https:\/\/www.gwynt.eu\/de\/saubere-homepage\/"},{"@type":"ListItem","position":2,"name":"L\u00f6sungen","item":"https:\/\/www.gwynt.eu\/de\/loesungen\/"},{"@type":"ListItem","position":3,"name":"Optimierung des Portfolios"}]},{"@type":"WebSite","@id":"https:\/\/www.gwynt.eu\/de\/#website","url":"https:\/\/www.gwynt.eu\/de\/","name":"Gwynt","description":"Echte doorbraken bereik je samen","publisher":{"@id":"https:\/\/www.gwynt.eu\/de\/#organization"},"potentialAction":[{"@type":"SearchAction","target":{"@type":"EntryPoint","urlTemplate":"https:\/\/www.gwynt.eu\/de\/?s={search_term_string}"},"query-input":{"@type":"PropertyValueSpecification","valueRequired":true,"valueName":"search_term_string"}}],"inLanguage":"de"},{"@type":"Organization","@id":"https:\/\/www.gwynt.eu\/de\/#organization","name":"Gwynt","url":"https:\/\/www.gwynt.eu\/de\/","logo":{"@type":"ImageObject","inLanguage":"de","@id":"https:\/\/www.gwynt.eu\/de\/#\/schema\/logo\/image\/","url":"https:\/\/www.gwynt.eu\/wp-content\/uploads\/GWYNT_LOGO_RGB.png","contentUrl":"https:\/\/www.gwynt.eu\/wp-content\/uploads\/GWYNT_LOGO_RGB.png","width":363,"height":431,"caption":"Gwynt"},"image":{"@id":"https:\/\/www.gwynt.eu\/de\/#\/schema\/logo\/image\/"},"sameAs":["https:\/\/www.linkedin.com\/company\/gwynt\/mycompany\/"]}]}},"_links":{"self":[{"href":"https:\/\/www.gwynt.eu\/de\/wp-json\/wp\/v2\/pages\/246875","targetHints":{"allow":["GET"]}}],"collection":[{"href":"https:\/\/www.gwynt.eu\/de\/wp-json\/wp\/v2\/pages"}],"about":[{"href":"https:\/\/www.gwynt.eu\/de\/wp-json\/wp\/v2\/types\/page"}],"author":[{"embeddable":true,"href":"https:\/\/www.gwynt.eu\/de\/wp-json\/wp\/v2\/users\/1"}],"replies":[{"embeddable":true,"href":"https:\/\/www.gwynt.eu\/de\/wp-json\/wp\/v2\/comments?post=246875"}],"version-history":[{"count":2,"href":"https:\/\/www.gwynt.eu\/de\/wp-json\/wp\/v2\/pages\/246875\/revisions"}],"predecessor-version":[{"id":246877,"href":"https:\/\/www.gwynt.eu\/de\/wp-json\/wp\/v2\/pages\/246875\/revisions\/246877"}],"up":[{"embeddable":true,"href":"https:\/\/www.gwynt.eu\/de\/wp-json\/wp\/v2\/pages\/246869"}],"wp:attachment":[{"href":"https:\/\/www.gwynt.eu\/de\/wp-json\/wp\/v2\/media?parent=246875"}],"curies":[{"name":"wp","href":"https:\/\/api.w.org\/{rel}","templated":true}]}}