{"id":246863,"date":"2024-03-08T16:17:57","date_gmt":"2024-03-08T15:17:57","guid":{"rendered":"https:\/\/www.gwynt.eu\/lebensmittel-agri\/"},"modified":"2026-01-19T10:36:48","modified_gmt":"2026-01-19T09:36:48","slug":"lebensmittel-agri","status":"publish","type":"page","link":"https:\/\/www.gwynt.eu\/de\/sektoren\/lebensmittel-agri\/","title":{"rendered":"Lebensmittel &amp; Agri"},"content":{"rendered":"<p>[et_pb_section fb_built=&#8220;1&#8243; _builder_version=&#8220;4.24.2&#8243; _module_preset=&#8220;default&#8220; use_background_color_gradient=&#8220;on&#8220; background_color_gradient_direction=&#8220;90deg&#8220; background_color_gradient_stops=&#8220;#28367b 0%|#006fb9 100%&#8220; global_colors_info=&#8220;{}&#8220;][et_pb_row _builder_version=&#8220;4.24.2&#8243; _module_preset=&#8220;default&#8220; global_colors_info=&#8220;{}&#8220;][et_pb_column type=&#8220;4_4&#8243; _builder_version=&#8220;4.24.2&#8243; _module_preset=&#8220;default&#8220; pac_dcm_carousel_specific_module_num=&#8220;0&#8243; global_colors_info=&#8220;{}&#8220;][et_pb_text _builder_version=&#8220;4.24.2&#8243; _module_preset=&#8220;default&#8220; background_layout=&#8220;dark&#8220; global_colors_info=&#8220;{}&#8220;]<\/p>\n<h1>Lebensmittel &amp; Agri<\/h1>\n<h2>Erfolgreich wirtschaften in einer sich ver\u00e4ndernden Nahrungskette<\/h2>\n<p>Das derzeitige Lebensmittelsystem ger\u00e4t \u00f6kologisch, sozial und wirtschaftlich immer mehr aus den Fugen. Die Folgen sind in der gesamten Kette zu sp\u00fcren. Der Bedarf an Ver\u00e4nderungen ist gro\u00df und wird durch immer neue Innovationen und Wettbewerber angetrieben.  <\/p>\n<p>[\/et_pb_text][\/et_pb_column][\/et_pb_row][\/et_pb_section][et_pb_section fb_built=&#8220;1&#8243; _builder_version=&#8220;4.24.2&#8243; _module_preset=&#8220;default&#8220; global_colors_info=&#8220;{}&#8220;][et_pb_row column_structure=&#8220;1_2,1_2&#8243; _builder_version=&#8220;4.25.0&#8243; _module_preset=&#8220;default&#8220; global_colors_info=&#8220;{}&#8220;][et_pb_column type=&#8220;1_2&#8243; _builder_version=&#8220;4.25.0&#8243; _module_preset=&#8220;default&#8220; pac_dcm_carousel_specific_module_num=&#8220;0&#8243; global_colors_info=&#8220;{}&#8220;][et_pb_text _builder_version=&#8220;4.24.2&#8243; _module_preset=&#8220;default&#8220; global_colors_info=&#8220;{}&#8220;]<\/p>\n<p>Wir helfen Lebensmittelunternehmen, innerhalb dieser Komplexit\u00e4t zukunftssicher zu werden. Das bedeutet, dass wir Pl\u00e4ne machen und Durchbr\u00fcche erzielen, um auf bestehende und neue Herausforderungen zu reagieren: <\/p>\n<ul>\n<li>Der zunehmende Druck auf die Margen, der durch die Verknappung von Rohstoffen, Energie und Arbeitskr\u00e4ften beeinflusst wird, stellt neue Anforderungen an die operative Exzellenz.<\/li>\n<li>Das Aufkommen neuer Technologien mit neuen M\u00f6glichkeiten der Automatisierung und Robotisierung erfordert eine scharfe Vision von Netzwerk und Betrieb.<\/li>\n<li>Die wachsende Komplexit\u00e4t aufgrund von Kundennachfrage, Gesetzen und Vorschriften sowie Nachhaltigkeit erfordert eine scharfe Auswahl des Portfolios und der Aktivit\u00e4ten.<\/li>\n<li>Abh\u00e4ngigkeiten und Ungewissheiten innerhalb der Kette machen die Lieferkettenstrategie wieder zu einem wichtigen Thema.<\/li>\n<li>Vor allem aber ist es wichtig, weiter innovativ zu sein: schneller, intelligenter und mit allen Kettenpartnern. Wie man das macht und sicherstellt, dass es auch zu Ertragskraft f\u00fchrt. <\/li>\n<\/ul>\n<p>Typische Herausforderungen, bei denen Unternehmertum und Professionalisierung zusammenkommen. Dabei sind wir der Partner, der mit inhaltlicher Expertise, Branchenkenntnis und Umsetzungsst\u00e4rke den Unterschied macht. <\/p>\n<p>[\/et_pb_text][\/et_pb_column][et_pb_column type=&#8220;1_2&#8243; _builder_version=&#8220;4.25.0&#8243; _module_preset=&#8220;default&#8220; pac_dcm_carousel_specific_module_num=&#8220;0&#8243; global_colors_info=&#8220;{}&#8220;][et_pb_image src=&#8220;https:\/\/www.gwynt.eu\/wp-content\/uploads\/GoodlifeFoods_Boxtel-41.jpg&#8220; title_text=&#8220;GoodlifeFoods_Boxtel-41&#8243; _builder_version=&#8220;4.24.2&#8243; _module_preset=&#8220;default&#8220; global_colors_info=&#8220;{}&#8220;][\/et_pb_image][et_pb_text _builder_version=&#8220;4.24.3&#8243; _module_preset=&#8220;default&#8220; custom_margin=&#8220;||1px|||&#8220; global_colors_info=&#8220;{}&#8220;]<\/p>\n<h3>Unsere L\u00f6sungen f\u00fcr Food &amp; Agri<\/h3>\n<p>[\/et_pb_text][dipl_button inline_buttons=&#8220;on&#8220; _builder_version=&#8220;4.25.1&#8243; _module_preset=&#8220;default&#8220; global_colors_info=&#8220;{}&#8220;][dipl_button_item button_type=&#8220;conversion&#8220; button_text=&#8220;Markt- en klantonderzoek&#8220; button_url=&#8220;@ET-DC@eyJkeW5hbWljIjp0cnVlLCJjb250ZW50IjoicG9zdF9saW5rX3VybF9wYWdlIiwic2V0dGluZ3MiOnsicG9zdF9pZCI6IjIyMzAyOCIsImVuYWJsZV9odG1sIjoib2ZmIn19@&#8220; button_use_icon=&#8220;off&#8220; _builder_version=&#8220;4.25.1&#8243; _dynamic_attributes=&#8220;button_url&#8220; _module_preset=&#8220;default&#8220;][\/dipl_button_item][dipl_button_item button_type=&#8220;conversion&#8220; button_text=&#8220;Portfolio optimalisatie&#8220; button_url=&#8220;@ET-DC@eyJkeW5hbWljIjp0cnVlLCJjb250ZW50IjoicG9zdF9saW5rX3VybF9wYWdlIiwic2V0dGluZ3MiOnsicG9zdF9pZCI6IjIyMzAzMCIsImVuYWJsZV9odG1sIjoib2ZmIn19@&#8220; button_use_icon=&#8220;off&#8220; _builder_version=&#8220;4.25.1&#8243; _dynamic_attributes=&#8220;button_url&#8220; _module_preset=&#8220;default&#8220;][\/dipl_button_item][dipl_button_item button_type=&#8220;conversion&#8220; button_text=&#8220;Verduurzaming&#8220; button_url=&#8220;@ET-DC@eyJkeW5hbWljIjp0cnVlLCJjb250ZW50IjoicG9zdF9saW5rX3VybF9wYWdlIiwic2V0dGluZ3MiOnsicG9zdF9pZCI6IjIyMzAzMiIsImVuYWJsZV9odG1sIjoib2ZmIn19@&#8220; button_use_icon=&#8220;off&#8220; _builder_version=&#8220;4.25.0&#8243; _dynamic_attributes=&#8220;button_url&#8220; _module_preset=&#8220;default&#8220;][\/dipl_button_item][dipl_button_item button_type=&#8220;conversion&#8220; button_text=&#8220;Supply chain&#8220; button_url=&#8220;@ET-DC@eyJkeW5hbWljIjp0cnVlLCJjb250ZW50IjoicG9zdF9saW5rX3VybF9wYWdlIiwic2V0dGluZ3MiOnsicG9zdF9pZCI6IjIyMzA0NiIsImVuYWJsZV9odG1sIjoib2ZmIn19@&#8220; button_use_icon=&#8220;off&#8220; _builder_version=&#8220;4.25.0&#8243; _dynamic_attributes=&#8220;button_url&#8220; _module_preset=&#8220;default&#8220;][\/dipl_button_item][dipl_button_item button_type=&#8220;conversion&#8220; button_text=&#8220;Organisatie, leiderschap en eigenaarschap&#8220; button_url=&#8220;@ET-DC@eyJkeW5hbWljIjp0cnVlLCJjb250ZW50IjoicG9zdF9saW5rX3VybF9wYWdlIiwic2V0dGluZ3MiOnsicG9zdF9pZCI6IjI0MTgwOCIsImVuYWJsZV9odG1sIjoib2ZmIn19@&#8220; button_use_icon=&#8220;off&#8220; _builder_version=&#8220;4.25.0&#8243; _dynamic_attributes=&#8220;button_url&#8220; _module_preset=&#8220;default&#8220;][\/dipl_button_item][dipl_button_item button_type=&#8220;conversion&#8220; button_text=&#8220;Programma &#038; change management&#8220; button_url=&#8220;@ET-DC@eyJkeW5hbWljIjp0cnVlLCJjb250ZW50IjoicG9zdF9saW5rX3VybF9wYWdlIiwic2V0dGluZ3MiOnsicG9zdF9pZCI6IjIyMzA1MCIsImVuYWJsZV9odG1sIjoib2ZmIn19@&#8220; button_use_icon=&#8220;off&#8220; _builder_version=&#8220;4.25.0&#8243; _dynamic_attributes=&#8220;button_url&#8220; _module_preset=&#8220;default&#8220;][\/dipl_button_item][dipl_button_item button_type=&#8220;conversion&#8220; button_text=&#8220;Culture of excellence&#8220; button_url=&#8220;@ET-DC@eyJkeW5hbWljIjp0cnVlLCJjb250ZW50IjoicG9zdF9saW5rX3VybF9wYWdlIiwic2V0dGluZ3MiOnsicG9zdF9pZCI6IjIyMzA1MiIsImVuYWJsZV9odG1sIjoib2ZmIn19@&#8220; button_use_icon=&#8220;off&#8220; _builder_version=&#8220;4.25.0&#8243; _dynamic_attributes=&#8220;button_url&#8220; _module_preset=&#8220;default&#8220;][\/dipl_button_item][dipl_button_item button_type=&#8220;conversion&#8220; button_text=&#8220;Strategieontwikkeling&#8220; button_url=&#8220;@ET-DC@eyJkeW5hbWljIjp0cnVlLCJjb250ZW50IjoicG9zdF9saW5rX3VybF9wYWdlIiwic2V0dGluZ3MiOnsicG9zdF9pZCI6IjIyMzAyNiIsImVuYWJsZV9odG1sIjoib2ZmIn19@&#8220; button_use_icon=&#8220;off&#8220; _builder_version=&#8220;4.25.1&#8243; _dynamic_attributes=&#8220;button_url&#8220; _module_preset=&#8220;default&#8220;][\/dipl_button_item][\/dipl_button][\/et_pb_column][\/et_pb_row][\/et_pb_section][et_pb_section fb_built=&#8220;1&#8243; _builder_version=&#8220;4.24.2&#8243; _module_preset=&#8220;default&#8220; background_color=&#8220;#ECECEC&#8220; border_width_bottom=&#8220;3px&#8220; border_color_bottom=&#8220;#ffffff&#8220; global_colors_info=&#8220;{}&#8220;][et_pb_row column_structure=&#8220;1_3,1_3,1_3&#8243; _builder_version=&#8220;4.24.2&#8243; _module_preset=&#8220;default&#8220; global_colors_info=&#8220;{}&#8220;][et_pb_column type=&#8220;1_3&#8243; _builder_version=&#8220;4.25.0&#8243; _module_preset=&#8220;default&#8220; pac_dcm_carousel_specific_module_num=&#8220;0&#8243; global_colors_info=&#8220;{}&#8220;][et_pb_image src=&#8220;https:\/\/www.gwynt.eu\/wp-content\/uploads\/GCiF-Website.png&#8220; title_text=&#8220;GCiF Website&#8220; url=&#8220;https:\/\/www.gwynt.eu\/gamechangerz-in-food\/&#8220; _builder_version=&#8220;4.25.0&#8243; _module_preset=&#8220;default&#8220; global_colors_info=&#8220;{}&#8220;][\/et_pb_image][\/et_pb_column][et_pb_column type=&#8220;1_3&#8243; _builder_version=&#8220;4.24.2&#8243; _module_preset=&#8220;default&#8220; pac_dcm_carousel_specific_module_num=&#8220;0&#8243; global_colors_info=&#8220;{}&#8220;][et_pb_text _builder_version=&#8220;4.25.0&#8243; _module_preset=&#8220;default&#8220; custom_margin=&#8220;||11px|||&#8220; global_colors_info=&#8220;{}&#8220;]<\/p>\n<p>Gwynt organisiert regelm\u00e4\u00dfig Gamechangerz in Food-Veranstaltungen, die sich mit aktuellen Themen im Lebensmittelbereich befassen. Bei diesen Treffen <span>bieten wir den Teilnehmern die M\u00f6glichkeit, neue Erkenntnisse zu gewinnen, sich zu vernetzen und voneinander aus der Praxis zu lernen.<\/span> <\/p>\n<p>[\/et_pb_text][et_pb_button button_url=&#8220;@ET-DC@eyJkeW5hbWljIjp0cnVlLCJjb250ZW50IjoicG9zdF9saW5rX3VybF9wYWdlIiwic2V0dGluZ3MiOnsicG9zdF9pZCI6IjI0MjM3NyIsImVuYWJsZV9odG1sIjoib2ZmIn19@&#8220; button_text=&#8220;Mehr Gamechangerz in Essen&#8220; _builder_version=&#8220;4.25.1&#8243; _dynamic_attributes=&#8220;button_url&#8220; _module_preset=&#8220;default&#8220; button_bg_color=&#8220;#FFFFFF&#8220; global_colors_info=&#8220;{}&#8220;][\/et_pb_button][\/et_pb_column][et_pb_column type=&#8220;1_3&#8243; _builder_version=&#8220;4.24.2&#8243; _module_preset=&#8220;default&#8220; pac_dcm_carousel_specific_module_num=&#8220;0&#8243; global_colors_info=&#8220;{}&#8220;][et_pb_image src=&#8220;https:\/\/www.gwynt.eu\/wp-content\/uploads\/Kopie-van-Convenience-2.024-1000-x-700-px.png&#8220; title_text=&#8220;Kopie von Convenience 2.024 (1000 x 700 px)&#8220; url=&#8220;https:\/\/www.gwynt.eu\/gamechangerz-in-food\/&#8220; _builder_version=&#8220;4.25.2&#8243; _module_preset=&#8220;default&#8220; global_colors_info=&#8220;{}&#8220;][\/et_pb_image][\/et_pb_column][\/et_pb_row][\/et_pb_section][et_pb_section fb_built=&#8220;1&#8243; _builder_version=&#8220;4.24.2&#8243; _module_preset=&#8220;default&#8220; global_colors_info=&#8220;{}&#8220;][et_pb_row _builder_version=&#8220;4.24.2&#8243; _module_preset=&#8220;default&#8220; custom_padding=&#8220;||0px|||&#8220; global_colors_info=&#8220;{}&#8220;][et_pb_column type=&#8220;4_4&#8243; _builder_version=&#8220;4.24.2&#8243; _module_preset=&#8220;default&#8220; pac_dcm_carousel_specific_module_num=&#8220;0&#8243; global_colors_info=&#8220;{}&#8220;][et_pb_text _builder_version=&#8220;4.24.2&#8243; _module_preset=&#8220;default&#8220; global_colors_info=&#8220;{}&#8220;]<\/p>\n<h2 style=\"text-align: center;\">Beispiele f\u00fcr Themen, bei denen wir helfen k\u00f6nnen<\/h2>\n<p>[\/et_pb_text][\/et_pb_column][\/et_pb_row][et_pb_row column_structure=&#8220;1_2,1_2&#8243; _builder_version=&#8220;4.24.2&#8243; _module_preset=&#8220;default&#8220; global_colors_info=&#8220;{}&#8220;][et_pb_column type=&#8220;1_2&#8243; _builder_version=&#8220;4.24.2&#8243; _module_preset=&#8220;default&#8220; pac_dcm_carousel_specific_module_num=&#8220;0&#8243; global_colors_info=&#8220;{}&#8220;][et_pb_text _builder_version=&#8220;4.24.2&#8243; _module_preset=&#8220;default&#8220; global_colors_info=&#8220;{}&#8220;]<\/p>\n<ul>\n<li>Wie k\u00f6nnen wir unsere Kompetenzen in einem sich wandelnden Lebensmittelsystem nutzen?<\/li>\n<li>Was ist die kl\u00fcgste Portfoliostrategie f\u00fcr Renditen, jetzt und sp\u00e4ter?<\/li>\n<li>Wie bereiten wir uns auf neue Spielregeln, Technologien und Kundenanforderungen vor?<\/li>\n<li>Effektivere und effizientere Innovationen, was ist daf\u00fcr erforderlich und wo fange ich an?<\/li>\n<li>Wie k\u00f6nnen wir unsere Ambitionen in F\u00fchrung und Organisation umsetzen?<\/li>\n<\/ul>\n<p>[\/et_pb_text][\/et_pb_column][et_pb_column type=&#8220;1_2&#8243; _builder_version=&#8220;4.24.2&#8243; _module_preset=&#8220;default&#8220; pac_dcm_carousel_specific_module_num=&#8220;0&#8243; global_colors_info=&#8220;{}&#8220;][et_pb_text _builder_version=&#8220;4.24.2&#8243; _module_preset=&#8220;default&#8220; global_colors_info=&#8220;{}&#8220;]<\/p>\n<ul>\n<li>Wie k\u00f6nnen wir unseren Produktionsprozess nachhaltiger, sauberer und effizienter gestalten?<\/li>\n<li>Wie erreiche ich eine Kultur der Exzellenz in Betrieb und Handel?<\/li>\n<li>Was sind f\u00fcr uns die wesentlichen Themen der Nachhaltigkeit?<\/li>\n<li>Eine zukunftssichere Lieferkette, wie sieht sie f\u00fcr uns aus?<\/li>\n<li>Welche Rolle spielen Partnerschaften beim Aufbau weiterer Gr\u00f6\u00dfenordnungen?<\/li>\n<\/ul>\n<p>Sehen Sie sich unsere F\u00e4lle, Veranstaltungen und aktuellen Themen an. Oder kontaktieren Sie uns direkt. <\/p>\n<p>[\/et_pb_text][\/et_pb_column][\/et_pb_row][\/et_pb_section][et_pb_section fb_built=&#8220;1&#8243; _builder_version=&#8220;4.24.2&#8243; _module_preset=&#8220;default&#8220; background_color=&#8220;#ECECEC&#8220; border_width_bottom=&#8220;3px&#8220; border_color_bottom=&#8220;#ffffff&#8220; global_colors_info=&#8220;{}&#8220;][et_pb_row _builder_version=&#8220;4.24.2&#8243; _module_preset=&#8220;default&#8220; global_colors_info=&#8220;{}&#8220;][et_pb_column type=&#8220;4_4&#8243; _builder_version=&#8220;4.24.2&#8243; _module_preset=&#8220;default&#8220; pac_dcm_carousel_specific_module_num=&#8220;0&#8243; global_colors_info=&#8220;{}&#8220;][et_pb_text _builder_version=&#8220;4.25.0&#8243; _module_preset=&#8220;default&#8220; global_colors_info=&#8220;{}&#8220;]<\/p>\n<h2 style=\"text-align: center;\">Unsere neuesten Food &amp; Agri F\u00e4lle, Veranstaltungen und Trendthemen<\/h2>\n<p style=\"text-align: center;\">Oder kontaktieren Sie <a href=\"https:\/\/www.gwynt.eu\/de\/kontakt\/\">uns<\/a> direkt.<\/p>\n<p>[\/et_pb_text][et_pb_blog_extras posts_number=&#8220;3&#8243; include_categories=&#8220;93&#8243; blog_layout=&#8220;masonry&#8220; column_spacing=&#8220;60px&#8220; excerpt_length=&#8220;0&#8243; read_more_text=&#8220;Mehr lesen&#8220; show_author=&#8220;off&#8220; show_date=&#8220;off&#8220; show_categories=&#8220;off&#8220; show_comments=&#8220;off&#8220; no_results_text=&#8220;Probeer op andere term te zoeken&#8220; module_class=&#8220;blog-3-2&#8243; masonry_columns_tablet=&#8220;&#8220; masonry_columns_phone=&#8220;1&#8243; masonry_columns_last_edited=&#8220;on|phone&#8220; _builder_version=&#8220;4.27.4&#8243; _module_preset=&#8220;default&#8220; filterable_category_font=&#8220;|700|||||||&#8220; filterable_category_font_size=&#8220;16px&#8220; active_filterable_category_font=&#8220;Calibri Bold||||||||&#8220; active_filterable_category_text_color=&#8220;#FFFFFF&#8220; active_filterable_category_font_size=&#8220;16px&#8220; header_level=&#8220;h3&#8243; meta_text_color=&#8220;#666666&#8243; ajax_pagination_icon=&#8220;&#x35;||divi||400&#8243; ajax_pagination_on_hover=&#8220;off&#8220; custom_margin=&#8220;||0px|||&#8220; hover_enabled=&#8220;0&#8243; locked=&#8220;off&#8220; global_colors_info=&#8220;{}&#8220; ajax_pagination_text_color__hover_enabled=&#8220;on|desktop&#8220; ajax_pagination_text_color__hover=&#8220;#F39200&#8243; sticky_enabled=&#8220;0&#8243;][\/et_pb_blog_extras][et_pb_button button_url=&#8220;@ET-DC@eyJkeW5hbWljIjp0cnVlLCJjb250ZW50IjoicG9zdF9saW5rX3VybF9wYWdlIiwic2V0dGluZ3MiOnsicG9zdF9pZCI6IjIyMjY2NyIsImVuYWJsZV9odG1sIjoib2ZmIn19@&#8220; button_text=&#8220;Mehr Inspiration&#8220; button_alignment=&#8220;center&#8220; _builder_version=&#8220;4.25.1&#8243; _dynamic_attributes=&#8220;button_url&#8220; _module_preset=&#8220;default&#8220; button_bg_color=&#8220;#FFFFFF&#8220; global_colors_info=&#8220;{}&#8220;][\/et_pb_button][\/et_pb_column][\/et_pb_row][\/et_pb_section][et_pb_section fb_built=&#8220;1&#8243; _builder_version=&#8220;4.24.3&#8243; _module_preset=&#8220;default&#8220; background_color=&#8220;RGBA(255,255,255,0)&#8220; global_colors_info=&#8220;{}&#8220;][et_pb_row column_structure=&#8220;1_4,3_4&#8243; _builder_version=&#8220;4.24.2&#8243; _module_preset=&#8220;default&#8220; global_colors_info=&#8220;{}&#8220;][et_pb_column type=&#8220;1_4&#8243; _builder_version=&#8220;4.24.2&#8243; _module_preset=&#8220;default&#8220; pac_dcm_carousel_specific_module_num=&#8220;0&#8243; global_colors_info=&#8220;{}&#8220;][et_pb_image src=&#8220;https:\/\/www.gwynt.eu\/wp-content\/uploads\/Gwynt_Kantoor-53-Bas-van-Eekelen.jpg&#8220; title_text=&#8220;Gwynt_Office-53-Bas-von-Eekelen&#8220; _builder_version=&#8220;4.25.0&#8243; _module_preset=&#8220;default&#8220; global_colors_info=&#8220;{}&#8220;][\/et_pb_image][\/et_pb_column][et_pb_column type=&#8220;3_4&#8243; _builder_version=&#8220;4.24.2&#8243; _module_preset=&#8220;default&#8220; pac_dcm_carousel_specific_module_num=&#8220;0&#8243; global_colors_info=&#8220;{}&#8220;][et_pb_text _builder_version=&#8220;4.24.2&#8243; _module_preset=&#8220;default&#8220; custom_padding=&#8220;||0px|||&#8220; global_colors_info=&#8220;{}&#8220;]<\/p>\n<h3>M\u00f6chten Sie unsere Lebensmittel- und Agrarexperten kennenlernen?<\/h3>\n<p>Kontaktieren Sie Bas van Eekelen, Partner bei Gwynt.<\/p>\n<p><a href=\"mailto:b.vaneekelen@gwynt.eu\">b.vaneekelen@gwynt.eu<\/a><\/p>\n<p>[\/et_pb_text][et_pb_button button_url=&#8220;https:\/\/meetings.hubspot.com\/bas-van-eekelen&#8220; url_new_window=&#8220;on&#8220; button_text=&#8220;Jetzt einen Termin vereinbaren&#8220; _builder_version=&#8220;4.27.0&#8243; _module_preset=&#8220;default&#8220; global_colors_info=&#8220;{}&#8220;][\/et_pb_button][\/et_pb_column][\/et_pb_row][\/et_pb_section]<\/p>\n","protected":false},"excerpt":{"rendered":"<p>Lebensmittel &amp; Agri Erfolgreich wirtschaften in einer sich ver\u00e4ndernden Nahrungskette Das derzeitige Lebensmittelsystem ger\u00e4t \u00f6kologisch, sozial und wirtschaftlich immer mehr aus den Fugen. Die Folgen sind in der gesamten Kette zu sp\u00fcren. Der Bedarf an Ver\u00e4nderungen ist gro\u00df und wird durch immer neue Innovationen und Wettbewerber angetrieben. Wir helfen Lebensmittelunternehmen, innerhalb dieser Komplexit\u00e4t zukunftssicher zu [&hellip;]<\/p>\n","protected":false},"author":1,"featured_media":0,"parent":246910,"menu_order":0,"comment_status":"closed","ping_status":"closed","template":"","meta":{"_et_pb_use_builder":"on","_et_pb_old_content":"","_et_gb_content_width":"","content-type":"","inline_featured_image":false,"footnotes":""},"class_list":["post-246863","page","type-page","status-publish","hentry"],"yoast_head":"<!-- This site is optimized with the Yoast SEO plugin v26.7 - https:\/\/yoast.com\/wordpress\/plugins\/seo\/ -->\n<title>Lebensmittel &amp; Agri - Gwynt<\/title>\n<meta name=\"robots\" content=\"index, follow, max-snippet:-1, max-image-preview:large, max-video-preview:-1\" \/>\n<link rel=\"canonical\" href=\"https:\/\/www.gwynt.eu\/de\/sektoren\/lebensmittel-agri\/\" \/>\n<meta property=\"og:locale\" content=\"de_DE\" \/>\n<meta property=\"og:type\" content=\"article\" \/>\n<meta property=\"og:title\" content=\"Lebensmittel &amp; Agri - Gwynt\" \/>\n<meta property=\"og:description\" content=\"Lebensmittel &amp; Agri Erfolgreich wirtschaften in einer sich ver\u00e4ndernden Nahrungskette Das derzeitige Lebensmittelsystem ger\u00e4t \u00f6kologisch, sozial und wirtschaftlich immer mehr aus den Fugen. Die Folgen sind in der gesamten Kette zu sp\u00fcren. Der Bedarf an Ver\u00e4nderungen ist gro\u00df und wird durch immer neue Innovationen und Wettbewerber angetrieben. Wir helfen Lebensmittelunternehmen, innerhalb dieser Komplexit\u00e4t zukunftssicher zu [&hellip;]\" \/>\n<meta property=\"og:url\" content=\"https:\/\/www.gwynt.eu\/de\/sektoren\/lebensmittel-agri\/\" \/>\n<meta property=\"og:site_name\" content=\"Gwynt\" \/>\n<meta property=\"article:modified_time\" content=\"2026-01-19T09:36:48+00:00\" \/>\n<meta name=\"twitter:card\" content=\"summary_large_image\" \/>\n<meta name=\"twitter:label1\" content=\"Gesch\u00e4tzte Lesezeit\" \/>\n\t<meta name=\"twitter:data1\" content=\"9\u00a0Minuten\" \/>\n<script type=\"application\/ld+json\" class=\"yoast-schema-graph\">{\"@context\":\"https:\/\/schema.org\",\"@graph\":[{\"@type\":\"WebPage\",\"@id\":\"https:\/\/www.gwynt.eu\/de\/sektoren\/lebensmittel-agri\/\",\"url\":\"https:\/\/www.gwynt.eu\/de\/sektoren\/lebensmittel-agri\/\",\"name\":\"Lebensmittel &amp; Agri - Gwynt\",\"isPartOf\":{\"@id\":\"https:\/\/www.gwynt.eu\/de\/#website\"},\"datePublished\":\"2024-03-08T15:17:57+00:00\",\"dateModified\":\"2026-01-19T09:36:48+00:00\",\"breadcrumb\":{\"@id\":\"https:\/\/www.gwynt.eu\/de\/sektoren\/lebensmittel-agri\/#breadcrumb\"},\"inLanguage\":\"de\",\"potentialAction\":[{\"@type\":\"ReadAction\",\"target\":[\"https:\/\/www.gwynt.eu\/de\/sektoren\/lebensmittel-agri\/\"]}]},{\"@type\":\"BreadcrumbList\",\"@id\":\"https:\/\/www.gwynt.eu\/de\/sektoren\/lebensmittel-agri\/#breadcrumb\",\"itemListElement\":[{\"@type\":\"ListItem\",\"position\":1,\"name\":\"Startseite\",\"item\":\"https:\/\/www.gwynt.eu\/de\/saubere-homepage\/\"},{\"@type\":\"ListItem\",\"position\":2,\"name\":\"Sektoren\",\"item\":\"https:\/\/www.gwynt.eu\/de\/sektoren\/\"},{\"@type\":\"ListItem\",\"position\":3,\"name\":\"Lebensmittel &amp; Agri\"}]},{\"@type\":\"WebSite\",\"@id\":\"https:\/\/www.gwynt.eu\/de\/#website\",\"url\":\"https:\/\/www.gwynt.eu\/de\/\",\"name\":\"Gwynt\",\"description\":\"Echte doorbraken bereik je samen\",\"publisher\":{\"@id\":\"https:\/\/www.gwynt.eu\/de\/#organization\"},\"potentialAction\":[{\"@type\":\"SearchAction\",\"target\":{\"@type\":\"EntryPoint\",\"urlTemplate\":\"https:\/\/www.gwynt.eu\/de\/?s={search_term_string}\"},\"query-input\":{\"@type\":\"PropertyValueSpecification\",\"valueRequired\":true,\"valueName\":\"search_term_string\"}}],\"inLanguage\":\"de\"},{\"@type\":\"Organization\",\"@id\":\"https:\/\/www.gwynt.eu\/de\/#organization\",\"name\":\"Gwynt\",\"url\":\"https:\/\/www.gwynt.eu\/de\/\",\"logo\":{\"@type\":\"ImageObject\",\"inLanguage\":\"de\",\"@id\":\"https:\/\/www.gwynt.eu\/de\/#\/schema\/logo\/image\/\",\"url\":\"https:\/\/www.gwynt.eu\/wp-content\/uploads\/GWYNT_LOGO_RGB.png\",\"contentUrl\":\"https:\/\/www.gwynt.eu\/wp-content\/uploads\/GWYNT_LOGO_RGB.png\",\"width\":363,\"height\":431,\"caption\":\"Gwynt\"},\"image\":{\"@id\":\"https:\/\/www.gwynt.eu\/de\/#\/schema\/logo\/image\/\"},\"sameAs\":[\"https:\/\/www.linkedin.com\/company\/gwynt\/mycompany\/\"]}]}<\/script>\n<!-- \/ Yoast SEO plugin. -->","yoast_head_json":{"title":"Lebensmittel &amp; Agri - Gwynt","robots":{"index":"index","follow":"follow","max-snippet":"max-snippet:-1","max-image-preview":"max-image-preview:large","max-video-preview":"max-video-preview:-1"},"canonical":"https:\/\/www.gwynt.eu\/de\/sektoren\/lebensmittel-agri\/","og_locale":"de_DE","og_type":"article","og_title":"Lebensmittel &amp; Agri - Gwynt","og_description":"Lebensmittel &amp; Agri Erfolgreich wirtschaften in einer sich ver\u00e4ndernden Nahrungskette Das derzeitige Lebensmittelsystem ger\u00e4t \u00f6kologisch, sozial und wirtschaftlich immer mehr aus den Fugen. Die Folgen sind in der gesamten Kette zu sp\u00fcren. Der Bedarf an Ver\u00e4nderungen ist gro\u00df und wird durch immer neue Innovationen und Wettbewerber angetrieben. Wir helfen Lebensmittelunternehmen, innerhalb dieser Komplexit\u00e4t zukunftssicher zu [&hellip;]","og_url":"https:\/\/www.gwynt.eu\/de\/sektoren\/lebensmittel-agri\/","og_site_name":"Gwynt","article_modified_time":"2026-01-19T09:36:48+00:00","twitter_card":"summary_large_image","twitter_misc":{"Gesch\u00e4tzte Lesezeit":"9\u00a0Minuten"},"schema":{"@context":"https:\/\/schema.org","@graph":[{"@type":"WebPage","@id":"https:\/\/www.gwynt.eu\/de\/sektoren\/lebensmittel-agri\/","url":"https:\/\/www.gwynt.eu\/de\/sektoren\/lebensmittel-agri\/","name":"Lebensmittel &amp; Agri - Gwynt","isPartOf":{"@id":"https:\/\/www.gwynt.eu\/de\/#website"},"datePublished":"2024-03-08T15:17:57+00:00","dateModified":"2026-01-19T09:36:48+00:00","breadcrumb":{"@id":"https:\/\/www.gwynt.eu\/de\/sektoren\/lebensmittel-agri\/#breadcrumb"},"inLanguage":"de","potentialAction":[{"@type":"ReadAction","target":["https:\/\/www.gwynt.eu\/de\/sektoren\/lebensmittel-agri\/"]}]},{"@type":"BreadcrumbList","@id":"https:\/\/www.gwynt.eu\/de\/sektoren\/lebensmittel-agri\/#breadcrumb","itemListElement":[{"@type":"ListItem","position":1,"name":"Startseite","item":"https:\/\/www.gwynt.eu\/de\/saubere-homepage\/"},{"@type":"ListItem","position":2,"name":"Sektoren","item":"https:\/\/www.gwynt.eu\/de\/sektoren\/"},{"@type":"ListItem","position":3,"name":"Lebensmittel &amp; Agri"}]},{"@type":"WebSite","@id":"https:\/\/www.gwynt.eu\/de\/#website","url":"https:\/\/www.gwynt.eu\/de\/","name":"Gwynt","description":"Echte doorbraken bereik je samen","publisher":{"@id":"https:\/\/www.gwynt.eu\/de\/#organization"},"potentialAction":[{"@type":"SearchAction","target":{"@type":"EntryPoint","urlTemplate":"https:\/\/www.gwynt.eu\/de\/?s={search_term_string}"},"query-input":{"@type":"PropertyValueSpecification","valueRequired":true,"valueName":"search_term_string"}}],"inLanguage":"de"},{"@type":"Organization","@id":"https:\/\/www.gwynt.eu\/de\/#organization","name":"Gwynt","url":"https:\/\/www.gwynt.eu\/de\/","logo":{"@type":"ImageObject","inLanguage":"de","@id":"https:\/\/www.gwynt.eu\/de\/#\/schema\/logo\/image\/","url":"https:\/\/www.gwynt.eu\/wp-content\/uploads\/GWYNT_LOGO_RGB.png","contentUrl":"https:\/\/www.gwynt.eu\/wp-content\/uploads\/GWYNT_LOGO_RGB.png","width":363,"height":431,"caption":"Gwynt"},"image":{"@id":"https:\/\/www.gwynt.eu\/de\/#\/schema\/logo\/image\/"},"sameAs":["https:\/\/www.linkedin.com\/company\/gwynt\/mycompany\/"]}]}},"_links":{"self":[{"href":"https:\/\/www.gwynt.eu\/de\/wp-json\/wp\/v2\/pages\/246863","targetHints":{"allow":["GET"]}}],"collection":[{"href":"https:\/\/www.gwynt.eu\/de\/wp-json\/wp\/v2\/pages"}],"about":[{"href":"https:\/\/www.gwynt.eu\/de\/wp-json\/wp\/v2\/types\/page"}],"author":[{"embeddable":true,"href":"https:\/\/www.gwynt.eu\/de\/wp-json\/wp\/v2\/users\/1"}],"replies":[{"embeddable":true,"href":"https:\/\/www.gwynt.eu\/de\/wp-json\/wp\/v2\/comments?post=246863"}],"version-history":[{"count":3,"href":"https:\/\/www.gwynt.eu\/de\/wp-json\/wp\/v2\/pages\/246863\/revisions"}],"predecessor-version":[{"id":248575,"href":"https:\/\/www.gwynt.eu\/de\/wp-json\/wp\/v2\/pages\/246863\/revisions\/248575"}],"up":[{"embeddable":true,"href":"https:\/\/www.gwynt.eu\/de\/wp-json\/wp\/v2\/pages\/246910"}],"wp:attachment":[{"href":"https:\/\/www.gwynt.eu\/de\/wp-json\/wp\/v2\/media?parent=246863"}],"curies":[{"name":"wp","href":"https:\/\/api.w.org\/{rel}","templated":true}]}}