{"id":246839,"date":"2024-04-25T12:00:36","date_gmt":"2024-04-25T12:00:36","guid":{"rendered":"https:\/\/www.gwynt.eu\/gamechangerz-in-lebensmittel\/"},"modified":"2025-10-30T10:45:47","modified_gmt":"2025-10-30T10:45:47","slug":"gamechangerz-in-lebensmittel","status":"publish","type":"page","link":"https:\/\/www.gwynt.eu\/de\/gamechangerz-in-lebensmittel\/","title":{"rendered":"Gamechangerz in Lebensmittel"},"content":{"rendered":"<p>[et_pb_section fb_built=\"1&#8243; fullwidth=\"on\" _builder_version=\"4.24.2&#8243; _module_preset=\"default\" global_colors_info=\"{}\"][et_pb_fullwidth_slider show_pagination=\"off\" module_class=\"ds-slider-left\" _builder_version=\"4.25.1&#8243; _module_preset=\"default\" custom_button=\"on\" button_bg_use_color_gradient=\"on\" button_bg_color_gradient_direction=\"45deg\" button_bg_color_gradient_stops=\"#cb5128 0%|#db8e28 99%\" button_border_width=\"0px\" button_alignment=\"right\" button_custom_margin=\"0px|25px|||false|false\" width_tablet=\"\" width_phone=\"\" width_last_edited=\"on|tablet\" custom_padding=\"150px||||false|false\" custom_padding_tablet=\"150px||||false|false\" custom_padding_phone=\"150px||||false|false\" custom_padding_last_edited=\"on|desktop\" auto=\"on\" auto_speed=\"5000&#8243; body_font_size_phone=\"18px\" body_font_size_last_edited=\"off|phone\" text_orientation_tablet=\"left\" text_orientation_last_edited=\"off|phone\" global_colors_info=\"{}\"][et_pb_slide heading=\"Gamechangerz in Lebensmittel\" button_link=\"@ET-DC@eyJkeW5hbWljIjp0cnVlLCJjb250ZW50IjoicG9zdF9saW5rX3VybF9wYWdlIiwic2V0dGluZ3MiOnsicG9zdF9pZCI6IjIyMjY3MyIsImVuYWJsZV9odG1sIjoib2ZmIn19@\" use_text_overlay=\"on\" text_overlay_color=\"rgba(40,54,123,0.9)\" _builder_version=\"4.25.1&#8243; _dynamic_attributes=\"button_link\" _module_preset=\"default\" header_font=\"Calibri Bold||||||||\" header_text_align=\"left\" header_line_height=\"0.9em\" background_color=\"RGBA(255,255,255,0)\" background_enable_color=\"on\" background_image=\"https:\/\/www.gwynt.eu\/wp-content\/uploads\/Gamechangerz-in-Food-Disruptie-scaled-1.jpg\" background_enable_image=\"on\" custom_button=\"on\" button_bg_use_color_gradient=\"on\" button_bg_color_gradient_direction=\"90deg\" button_bg_color_gradient_stops=\"#e14e12 0%|#f39200 99%\" text_orientation=\"left\" width=\"60%\" width_tablet=\"60%\" width_phone=\"90%\" width_last_edited=\"on|phone\" max_width_tablet=\"\" max_width_phone=\"\" max_width_last_edited=\"on|desktop\" header_text_align_tablet=\"left\" header_text_align_last_edited=\"off|phone\" header_font_size_tablet=\"\" header_font_size_phone=\"\" header_font_size_last_edited=\"on|phone\" body_font_size_tablet=\"\" body_font_size_phone=\"18px\" body_font_size_last_edited=\"on|phone\" global_colors_info=\"{}\" sticky_transition=\"on\"]<\/p>\n<p>Unter dem Namen Gamechangerz organisiert Gwynt regelm\u00e4\u00dfig Veranstaltungen und Workshops zu aktuellen Themen. Mit interessanten Beitr\u00e4gen von Unternehmen aus der Branche. <\/p>\n<p>[\/et_pb_slide][\/et_pb_fullwidth_slider][\/et_pb_section][et_pb_section fb_built=\"1&#8243; _builder_version=\"4.24.2&#8243; _module_preset=\"default\" custom_padding=\"35px||0px|||\" global_colors_info=\"{}\"][et_pb_row column_structure=\"1_2,1_2&#8243; _builder_version=\"4.24.2&#8243; _module_preset=\"default\" global_colors_info=\"{}\"][et_pb_column type=\"1_2&#8243; _builder_version=\"4.24.2&#8243; _module_preset=\"default\" pac_dcm_carousel_specific_module_num=\"0&#8243; global_colors_info=\"{}\"][et_pb_image src=\"https:\/\/www.gwynt.eu\/wp-content\/uploads\/GCiF-Website.png\" title_text=\"GCiF Website\" _builder_version=\"4.27.4&#8243; _module_preset=\"default\" global_colors_info=\"{}\"][\/et_pb_image][\/et_pb_column][et_pb_column type=\"1_2&#8243; _builder_version=\"4.24.2&#8243; _module_preset=\"default\" pac_dcm_carousel_specific_module_num=\"0&#8243; global_colors_info=\"{}\"][et_pb_text _builder_version=\"4.27.4&#8243; _module_preset=\"default\" global_colors_info=\"{}\"]<\/p>\n<p><span>Unter dem Namen Gamechangerz organisiert Gwynt regelm\u00e4\u00dfig Veranstaltungen und Workshops zu aktuellen Themen. Mit interessanten Beitr\u00e4gen von Unternehmen aus der Branche. Und viel Gelegenheit zum Networking. Also immer lehrreich und inspirierend.   <\/span><\/p>\n<p>Die kommenden Gamechangerz-Veranstaltungen behandeln die folgenden Themen:<\/p>\n<ul>\n<li>M&amp;A<\/li>\n<li>Familien &amp; Essen<\/li>\n<li>Bequemlichkeit auf Tour<\/li>\n<\/ul>\n<p>Weitere Informationen werden bald folgen.<\/p>\n<p>M\u00f6chten Sie auf dem Laufenden gehalten werden oder eine Einladung erhalten? Dann kontaktieren Sie uns unter <a href=\"mailto:gamechangerz@gwynt.eu\">gamechangerz@gwynt.eu <\/a>oder Ihren regul\u00e4ren Ansprechpartner. <\/p>\n<p>&nbsp;<\/p>\n<p>[\/et_pb_text][\/et_pb_column][\/et_pb_row][\/et_pb_section][et_pb_section fb_built=\"1&#8243; _builder_version=\"4.27.4&#8243; _module_preset=\"default\" background_color=\"#ECECEC\" global_colors_info=\"{}\"][et_pb_row _builder_version=\"4.25.0&#8243; _module_preset=\"default\" global_colors_info=\"{}\"][et_pb_column type=\"4_4&#8243; _builder_version=\"4.25.0&#8243; _module_preset=\"default\" pac_dcm_carousel_specific_module_num=\"0&#8243; global_colors_info=\"{}\"][et_pb_text _builder_version=\"4.25.0&#8243; _module_preset=\"default\" global_colors_info=\"{}\"]<\/p>\n<h2>Vorherige Gamechangerz-Ausgaben<\/h2>\n<p>[\/et_pb_text][et_pb_blog_extras posts_number=\"6&#8243; include_categories=\"98&#8243; blog_layout=\"masonry\" excerpt_length=\"0&#8243; read_more_text=\"Lees meer\" show_author=\"off\" show_date=\"off\" category_color=\"#666666&#8243; show_comments=\"off\" no_results_text=\"Geen resultaten gevonden.\" show_load_more=\"on\" load_more_text=\"Toon meer\" show_less_text=\"Toon minder\" module_class=\"blog-3-2&#8243; _builder_version=\"4.25.1&#8243; _module_preset=\"default\" header_level=\"h3&#8243; custom_ajax_pagination=\"on\" ajax_pagination_text_size=\"18px\" ajax_pagination_text_color=\"#28367B\" ajax_pagination_bg_color=\"#FFFFFF\" ajax_pagination_font=\"-et_global_body_font|||on|||||\" ajax_pagination_icon=\"&#x35;||divi||400&#8243; ajax_pagination_on_hover=\"off\" global_colors_info=\"{}\" ajax_pagination_text_color__hover_enabled=\"on|hover\" ajax_pagination_text_color__hover=\"#F39200&#8243;][\/et_pb_blog_extras][\/et_pb_column][\/et_pb_row][\/et_pb_section]<\/p>\n","protected":false},"excerpt":{"rendered":"<p>Unter dem Namen Gamechangerz organisiert Gwynt regelm\u00e4\u00dfig Veranstaltungen und Workshops zu aktuellen Themen. Mit interessanten Beitr\u00e4gen von Unternehmen aus der Branche. Unter dem Namen Gamechangerz organisiert Gwynt regelm\u00e4\u00dfig Veranstaltungen und Workshops zu aktuellen Themen. Mit interessanten Beitr\u00e4gen von Unternehmen aus der Branche. Und viel Gelegenheit zum Networking. Also immer lehrreich und inspirierend. Die kommenden Gamechangerz-Veranstaltungen [&hellip;]<\/p>\n","protected":false},"author":1,"featured_media":0,"parent":0,"menu_order":0,"comment_status":"closed","ping_status":"closed","template":"","meta":{"_et_pb_use_builder":"on","_et_pb_old_content":"","_et_gb_content_width":"","content-type":"","inline_featured_image":false,"footnotes":""},"class_list":["post-246839","page","type-page","status-publish","hentry"],"yoast_head":"<!-- This site is optimized with the Yoast SEO plugin v26.7 - https:\/\/yoast.com\/wordpress\/plugins\/seo\/ -->\n<title>Gamechangerz in Lebensmittel - Gwynt<\/title>\n<meta name=\"description\" content=\"Mit Gamechangerz organisiert Gwynt regelm\u00e4\u00dfig Veranstaltungen zu aktuellen Themen mit interessanten Beitr\u00e4gen von Lebensmittelunternehmen aus der Branche.\" \/>\n<meta name=\"robots\" content=\"index, follow, max-snippet:-1, max-image-preview:large, max-video-preview:-1\" \/>\n<link rel=\"canonical\" href=\"https:\/\/www.gwynt.eu\/de\/gamechangerz-in-lebensmittel\/\" \/>\n<meta property=\"og:locale\" content=\"de_DE\" \/>\n<meta property=\"og:type\" content=\"article\" \/>\n<meta property=\"og:title\" content=\"Gamechangerz in Lebensmittel - Gwynt\" \/>\n<meta property=\"og:description\" content=\"Mit Gamechangerz organisiert Gwynt regelm\u00e4\u00dfig Veranstaltungen zu aktuellen Themen mit interessanten Beitr\u00e4gen von Lebensmittelunternehmen aus der Branche.\" \/>\n<meta property=\"og:url\" content=\"https:\/\/www.gwynt.eu\/de\/gamechangerz-in-lebensmittel\/\" \/>\n<meta property=\"og:site_name\" content=\"Gwynt\" \/>\n<meta property=\"article:modified_time\" content=\"2025-10-30T10:45:47+00:00\" \/>\n<meta name=\"twitter:card\" content=\"summary_large_image\" \/>\n<meta name=\"twitter:label1\" content=\"Gesch\u00e4tzte Lesezeit\" \/>\n\t<meta name=\"twitter:data1\" content=\"4\u00a0Minute\" \/>\n<script type=\"application\/ld+json\" class=\"yoast-schema-graph\">{\"@context\":\"https:\/\/schema.org\",\"@graph\":[{\"@type\":\"WebPage\",\"@id\":\"https:\/\/www.gwynt.eu\/de\/gamechangerz-in-lebensmittel\/\",\"url\":\"https:\/\/www.gwynt.eu\/de\/gamechangerz-in-lebensmittel\/\",\"name\":\"Gamechangerz in Lebensmittel - Gwynt\",\"isPartOf\":{\"@id\":\"https:\/\/www.gwynt.eu\/de\/#website\"},\"datePublished\":\"2024-04-25T12:00:36+00:00\",\"dateModified\":\"2025-10-30T10:45:47+00:00\",\"description\":\"Mit Gamechangerz organisiert Gwynt regelm\u00e4\u00dfig Veranstaltungen zu aktuellen Themen mit interessanten Beitr\u00e4gen von Lebensmittelunternehmen aus der Branche.\",\"breadcrumb\":{\"@id\":\"https:\/\/www.gwynt.eu\/de\/gamechangerz-in-lebensmittel\/#breadcrumb\"},\"inLanguage\":\"de\",\"potentialAction\":[{\"@type\":\"ReadAction\",\"target\":[\"https:\/\/www.gwynt.eu\/de\/gamechangerz-in-lebensmittel\/\"]}]},{\"@type\":\"BreadcrumbList\",\"@id\":\"https:\/\/www.gwynt.eu\/de\/gamechangerz-in-lebensmittel\/#breadcrumb\",\"itemListElement\":[{\"@type\":\"ListItem\",\"position\":1,\"name\":\"Startseite\",\"item\":\"https:\/\/www.gwynt.eu\/de\/saubere-homepage\/\"},{\"@type\":\"ListItem\",\"position\":2,\"name\":\"Gamechangerz in Lebensmittel\"}]},{\"@type\":\"WebSite\",\"@id\":\"https:\/\/www.gwynt.eu\/de\/#website\",\"url\":\"https:\/\/www.gwynt.eu\/de\/\",\"name\":\"Gwynt\",\"description\":\"Echte doorbraken bereik je samen\",\"publisher\":{\"@id\":\"https:\/\/www.gwynt.eu\/de\/#organization\"},\"potentialAction\":[{\"@type\":\"SearchAction\",\"target\":{\"@type\":\"EntryPoint\",\"urlTemplate\":\"https:\/\/www.gwynt.eu\/de\/?s={search_term_string}\"},\"query-input\":{\"@type\":\"PropertyValueSpecification\",\"valueRequired\":true,\"valueName\":\"search_term_string\"}}],\"inLanguage\":\"de\"},{\"@type\":\"Organization\",\"@id\":\"https:\/\/www.gwynt.eu\/de\/#organization\",\"name\":\"Gwynt\",\"url\":\"https:\/\/www.gwynt.eu\/de\/\",\"logo\":{\"@type\":\"ImageObject\",\"inLanguage\":\"de\",\"@id\":\"https:\/\/www.gwynt.eu\/de\/#\/schema\/logo\/image\/\",\"url\":\"https:\/\/www.gwynt.eu\/wp-content\/uploads\/GWYNT_LOGO_RGB.png\",\"contentUrl\":\"https:\/\/www.gwynt.eu\/wp-content\/uploads\/GWYNT_LOGO_RGB.png\",\"width\":363,\"height\":431,\"caption\":\"Gwynt\"},\"image\":{\"@id\":\"https:\/\/www.gwynt.eu\/de\/#\/schema\/logo\/image\/\"},\"sameAs\":[\"https:\/\/www.linkedin.com\/company\/gwynt\/mycompany\/\"]}]}<\/script>\n<!-- \/ Yoast SEO plugin. -->","yoast_head_json":{"title":"Gamechangerz in Lebensmittel - Gwynt","description":"Mit Gamechangerz organisiert Gwynt regelm\u00e4\u00dfig Veranstaltungen zu aktuellen Themen mit interessanten Beitr\u00e4gen von Lebensmittelunternehmen aus der Branche.","robots":{"index":"index","follow":"follow","max-snippet":"max-snippet:-1","max-image-preview":"max-image-preview:large","max-video-preview":"max-video-preview:-1"},"canonical":"https:\/\/www.gwynt.eu\/de\/gamechangerz-in-lebensmittel\/","og_locale":"de_DE","og_type":"article","og_title":"Gamechangerz in Lebensmittel - Gwynt","og_description":"Mit Gamechangerz organisiert Gwynt regelm\u00e4\u00dfig Veranstaltungen zu aktuellen Themen mit interessanten Beitr\u00e4gen von Lebensmittelunternehmen aus der Branche.","og_url":"https:\/\/www.gwynt.eu\/de\/gamechangerz-in-lebensmittel\/","og_site_name":"Gwynt","article_modified_time":"2025-10-30T10:45:47+00:00","twitter_card":"summary_large_image","twitter_misc":{"Gesch\u00e4tzte Lesezeit":"4\u00a0Minute"},"schema":{"@context":"https:\/\/schema.org","@graph":[{"@type":"WebPage","@id":"https:\/\/www.gwynt.eu\/de\/gamechangerz-in-lebensmittel\/","url":"https:\/\/www.gwynt.eu\/de\/gamechangerz-in-lebensmittel\/","name":"Gamechangerz in Lebensmittel - Gwynt","isPartOf":{"@id":"https:\/\/www.gwynt.eu\/de\/#website"},"datePublished":"2024-04-25T12:00:36+00:00","dateModified":"2025-10-30T10:45:47+00:00","description":"Mit Gamechangerz organisiert Gwynt regelm\u00e4\u00dfig Veranstaltungen zu aktuellen Themen mit interessanten Beitr\u00e4gen von Lebensmittelunternehmen aus der Branche.","breadcrumb":{"@id":"https:\/\/www.gwynt.eu\/de\/gamechangerz-in-lebensmittel\/#breadcrumb"},"inLanguage":"de","potentialAction":[{"@type":"ReadAction","target":["https:\/\/www.gwynt.eu\/de\/gamechangerz-in-lebensmittel\/"]}]},{"@type":"BreadcrumbList","@id":"https:\/\/www.gwynt.eu\/de\/gamechangerz-in-lebensmittel\/#breadcrumb","itemListElement":[{"@type":"ListItem","position":1,"name":"Startseite","item":"https:\/\/www.gwynt.eu\/de\/saubere-homepage\/"},{"@type":"ListItem","position":2,"name":"Gamechangerz in Lebensmittel"}]},{"@type":"WebSite","@id":"https:\/\/www.gwynt.eu\/de\/#website","url":"https:\/\/www.gwynt.eu\/de\/","name":"Gwynt","description":"Echte doorbraken bereik je samen","publisher":{"@id":"https:\/\/www.gwynt.eu\/de\/#organization"},"potentialAction":[{"@type":"SearchAction","target":{"@type":"EntryPoint","urlTemplate":"https:\/\/www.gwynt.eu\/de\/?s={search_term_string}"},"query-input":{"@type":"PropertyValueSpecification","valueRequired":true,"valueName":"search_term_string"}}],"inLanguage":"de"},{"@type":"Organization","@id":"https:\/\/www.gwynt.eu\/de\/#organization","name":"Gwynt","url":"https:\/\/www.gwynt.eu\/de\/","logo":{"@type":"ImageObject","inLanguage":"de","@id":"https:\/\/www.gwynt.eu\/de\/#\/schema\/logo\/image\/","url":"https:\/\/www.gwynt.eu\/wp-content\/uploads\/GWYNT_LOGO_RGB.png","contentUrl":"https:\/\/www.gwynt.eu\/wp-content\/uploads\/GWYNT_LOGO_RGB.png","width":363,"height":431,"caption":"Gwynt"},"image":{"@id":"https:\/\/www.gwynt.eu\/de\/#\/schema\/logo\/image\/"},"sameAs":["https:\/\/www.linkedin.com\/company\/gwynt\/mycompany\/"]}]}},"_links":{"self":[{"href":"https:\/\/www.gwynt.eu\/de\/wp-json\/wp\/v2\/pages\/246839","targetHints":{"allow":["GET"]}}],"collection":[{"href":"https:\/\/www.gwynt.eu\/de\/wp-json\/wp\/v2\/pages"}],"about":[{"href":"https:\/\/www.gwynt.eu\/de\/wp-json\/wp\/v2\/types\/page"}],"author":[{"embeddable":true,"href":"https:\/\/www.gwynt.eu\/de\/wp-json\/wp\/v2\/users\/1"}],"replies":[{"embeddable":true,"href":"https:\/\/www.gwynt.eu\/de\/wp-json\/wp\/v2\/comments?post=246839"}],"version-history":[{"count":4,"href":"https:\/\/www.gwynt.eu\/de\/wp-json\/wp\/v2\/pages\/246839\/revisions"}],"predecessor-version":[{"id":248846,"href":"https:\/\/www.gwynt.eu\/de\/wp-json\/wp\/v2\/pages\/246839\/revisions\/248846"}],"wp:attachment":[{"href":"https:\/\/www.gwynt.eu\/de\/wp-json\/wp\/v2\/media?parent=246839"}],"curies":[{"name":"wp","href":"https:\/\/api.w.org\/{rel}","templated":true}]}}