{"id":246806,"date":"2024-09-12T09:34:04","date_gmt":"2024-09-12T09:34:04","guid":{"rendered":"https:\/\/www.gwynt.eu\/medior-business-associate-fertigung\/"},"modified":"2025-08-05T14:17:51","modified_gmt":"2025-08-05T14:17:51","slug":"medior-business-associate-fertigung","status":"publish","type":"page","link":"https:\/\/www.gwynt.eu\/de\/medior-business-associate-fertigung\/","title":{"rendered":"Medior Business Associate Fertigung"},"content":{"rendered":"<p>[et_pb_section fb_built=\"1&#8243; _builder_version=\"4.25.0&#8243; _module_preset=\"default\" use_background_color_gradient=\"on\" background_color_gradient_direction=\"90deg\" background_color_gradient_stops=\"#28367b 0%|#006fb9 100%\" global_colors_info=\"{}\"][et_pb_row _builder_version=\"4.24.2&#8243; _module_preset=\"default\" global_colors_info=\"{}\"][et_pb_column type=\"4_4&#8243; _builder_version=\"4.24.2&#8243; _module_preset=\"default\" pac_dcm_carousel_specific_module_num=\"0&#8243; global_colors_info=\"{}\"][et_pb_text _builder_version=\"4.27.0&#8243; _module_preset=\"default\" background_layout=\"dark\" hover_enabled=\"0&#8243; global_colors_info=\"{}\" sticky_enabled=\"0&#8243;]<\/p>\n<h1>Medior Business Associate Fertigung<\/h1>\n<h3><\/h3>\n<p>[\/et_pb_text][\/et_pb_column][\/et_pb_row][\/et_pb_section][et_pb_section fb_built=\"1&#8243; _builder_version=\"4.24.2&#8243; _module_preset=\"default\" global_colors_info=\"{}\"][et_pb_row column_structure=\"2_5,3_5&#8243; _builder_version=\"4.25.0&#8243; _module_preset=\"default\" global_colors_info=\"{}\"][et_pb_column type=\"2_5&#8243; _builder_version=\"4.24.2&#8243; _module_preset=\"default\" pac_dcm_carousel_specific_module_num=\"0&#8243; global_colors_info=\"{}\"][et_pb_image src=\"https:\/\/www.gwynt.eu\/wp-content\/uploads\/Discrete-manufacturing.jpg\" title_text=\"Diskrete Fertigung\" _builder_version=\"4.27.0&#8243; _module_preset=\"default\" hover_enabled=\"0&#8243; global_colors_info=\"{}\" sticky_enabled=\"0&#8243;][\/et_pb_image][\/et_pb_column][et_pb_column type=\"3_5&#8243; _builder_version=\"4.24.2&#8243; _module_preset=\"default\" pac_dcm_carousel_specific_module_num=\"0&#8243; global_colors_info=\"{}\"][et_pb_text _builder_version=\"4.25.2&#8243; _module_preset=\"default\" global_colors_info=\"{}\"]<\/p>\n<p>Gwynt ist die Beratungsfirma f\u00fcr gr\u00f6\u00dfere unternehmerische (Familien-)Betriebe im Einzelhandel, Gro\u00dfhandel, in der Lebensmittelindustrie und in der Fertigung. Wir sind der strategische Sparringspartner, wenn es um den Durchbruch geht. <\/p>\n<p>Die Kombination aus harten (Strategie, Prozesse, Inhalte, Projektmanagement) und weichen Faktoren (Verhalten, Management, Change Management) macht uns einzigartig. Unser Ansatz ist pragmatisch und beschr\u00e4nkt sich nicht darauf, nur Ratschl\u00e4ge zu erteilen; das Erzielen von Ergebnissen steht immer an erster Stelle.<\/p>\n<p>[\/et_pb_text][et_pb_text _builder_version=\"4.25.2&#8243; _module_preset=\"default\" module_alignment=\"center\" global_colors_info=\"{}\"]<\/p>\n<a href=\"javascript:void(0)\" class=\"hustle_module_shortcode_trigger hustle_module_1 \" data-id=\"1\" data-type=\"popup\">Bewerben Sie sich sofort!<\/a>\n<p>[\/et_pb_text][\/et_pb_column][\/et_pb_row][\/et_pb_section][et_pb_section fb_built=\"1&#8243; _builder_version=\"4.24.3&#8243; _module_preset=\"default\" background_color=\"#ECECEC\" custom_padding=\"||50px|||\" global_colors_info=\"{}\"][et_pb_row column_structure=\"3_4,1_4&#8243; _builder_version=\"4.25.0&#8243; _module_preset=\"default\" custom_padding=\"||0px|||\" global_colors_info=\"{}\"][et_pb_column type=\"3_4&#8243; _builder_version=\"4.25.2&#8243; _module_preset=\"default\" pac_dcm_carousel_specific_module_num=\"0&#8243; global_colors_info=\"{}\"][et_pb_text _builder_version=\"4.25.2&#8243; _module_preset=\"default\" global_colors_info=\"{}\"]<\/p>\n<h3>Ihre Rolle bei Gwynt<\/h3>\n<p>[\/et_pb_text][et_pb_text _builder_version=\"4.25.2&#8243; _module_preset=\"default\" global_colors_info=\"{}\"]<\/p>\n<p style=\"font-weight: 400;\">Sie spielen eine wichtige Rolle bei wirkungsvollen Transformationsprojekten, die Sie gemeinsam mit Ihren Kollegen bei unseren Kunden in der (Hightech-)Industrie durchf\u00fchren. Sie helfen bei der Entwicklung einer neuen Strategie und setzen diese in konkrete Pl\u00e4ne f\u00fcr das Unternehmen um. Sie nehmen an komplexen Projekten teil und spielen eine wichtige (wachsende) Rolle im Projekt-, Programm- und \u00c4nderungsmanagement.  <\/p>\n<p style=\"font-weight: 400;\">Transformationsprojekte beginnen oft mit einem schnellen Scan und in dieser Phase ist es wichtig, schnell zum Kern der Sache vorzudringen. Ihre pragmatischen Analysen sind in dieser Phase entscheidend. Sie stellen auch den Kontakt zum Management und den Mitarbeitern unserer Kunden her. Gemeinsam mit Ihren Kollegen erstellen Sie ein ma\u00dfgeschneidertes Ver\u00e4nderungsprogramm und arbeiten damit einige Monate lang beim Kunden.   <\/p>\n<p style=\"font-weight: 400;\">Sie arbeiten in einem oder mehreren Arbeitsbereichen (z.B. Strategie, Neue Produktentwicklung &amp; Technologie, Betrieb, Lieferkette, Lieferantenmanagement oder Portfoliomanagement) und sorgen daf\u00fcr, dass die Pl\u00e4ne beim Kunden tats\u00e4chlich umgesetzt werden.<\/p>\n<p>[\/et_pb_text][\/et_pb_column][et_pb_column type=\"1_4&#8243; _builder_version=\"4.25.2&#8243; _module_preset=\"default\" pac_dcm_carousel_specific_module_num=\"0&#8243; global_colors_info=\"{}\"][et_pb_text _builder_version=\"4.25.2&#8243; _module_preset=\"default\" text_text_color=\"#ECECEC\" ul_text_align=\"center\" header_text_color=\"#ECECEC\" header_2_text_align=\"center\" header_2_text_color=\"#ECECEC\" background_color=\"#28367B\" global_colors_info=\"{}\"]<\/p>\n<h2 style=\"text-align: center;\"><\/h2>\n<h2 style=\"text-align: center;\"><\/h2>\n<h2 style=\"text-align: center;\"><\/h2>\n<h2 style=\"text-align: center;\"><\/h2>\n<h2 style=\"text-align: center;\">Wir sind GWYNT<\/h2>\n<p style=\"text-align: center;\">N\u00fcchtern<\/p>\n<p style=\"text-align: center;\">Selbstbewusstsein<\/p>\n<p style=\"text-align: center;\">Entscheidend<\/p>\n<p style=\"text-align: center;\">Engmaschiges Team<\/p>\n<p style=\"text-align: center;\">Herausfordernd<\/p>\n<p style=\"text-align: center;\">Verr\u00fcckt nach Brabant<br \/>\nWurstsemmeln<\/p>\n<p>[\/et_pb_text][\/et_pb_column][\/et_pb_row][\/et_pb_section][et_pb_section fb_built=\"1&#8243; _builder_version=\"4.27.0&#8243; _module_preset=\"default\" global_colors_info=\"{}\"][et_pb_row _builder_version=\"4.27.0&#8243; _module_preset=\"default\" global_colors_info=\"{}\"][et_pb_column type=\"4_4&#8243; _builder_version=\"4.27.0&#8243; _module_preset=\"default\" pac_dcm_carousel_specific_module_num=\"0&#8243; global_colors_info=\"{}\"][et_pb_text _builder_version=\"4.27.0&#8243; _module_preset=\"default\" global_colors_info=\"{}\"]<\/p>\n<h3>Wie sieht Ihr Arbeitstag aus?<\/h3>\n<p>[\/et_pb_text][et_pb_text _builder_version=\"4.27.0&#8243; _module_preset=\"default\" global_colors_info=\"{}\"]<\/p>\n<p style=\"font-weight: 400;\">Kein Tag ist wie der andere. An einem Tag arbeiten Sie mit den Teams in der Produktion zusammen, um eine Kultur der operativen Exzellenz zu verwirklichen, am n\u00e4chsten Tag tauchen Sie in Power BI ein, um tiefgreifende Analysen von Kundendaten durchzuf\u00fchren. Alles, um nachhaltige Ergebnisse und eine Kultur der kontinuierlichen Verbesserung bei unserem Kunden zu erreichen.  <\/p>\n<p>[\/et_pb_text][\/et_pb_column][\/et_pb_row][\/et_pb_section][et_pb_section fb_built=\"1&#8243; _builder_version=\"4.27.0&#8243; _module_preset=\"default\" background_color=\"#ECECEC\" custom_padding=\"||50px|||\" global_colors_info=\"{}\"][et_pb_row column_structure=\"1_2,1_2&#8243; _builder_version=\"4.24.2&#8243; _module_preset=\"default\" custom_padding=\"||0px|||\" global_colors_info=\"{}\"][et_pb_column type=\"1_2&#8243; _builder_version=\"4.24.2&#8243; _module_preset=\"default\" pac_dcm_carousel_specific_module_num=\"0&#8243; global_colors_info=\"{}\"][et_pb_text _builder_version=\"4.25.2&#8243; _module_preset=\"default\" global_colors_info=\"{}\"]<\/p>\n<section id=\"content\" style=\"width: 100%;\">\n<div id=\"post-3582\" class=\"post-3582 cpt_vacatures type-cpt_vacatures status-publish has-post-thumbnail hentry\">\n<div class=\"post-content\">\n<div class=\"fusion-fullwidth fullwidth-box fusion-builder-row-7 fusion-flex-container nonhundred-percent-fullwidth non-hundred-percent-height-scrolling\" style=\"--awb-border-radius-top-left: 0px; --awb-border-radius-top-right: 0px; --awb-border-radius-bottom-right: 0px; --awb-border-radius-bottom-left: 0px; --awb-flex-wrap: wrap;\">\n<div class=\"fusion-builder-row fusion-row fusion-flex-align-items-flex-start fusion-flex-content-wrap\" style=\"max-width: 1248px; margin-left: calc(-4% \/ 2 ); margin-right: calc(-4% \/ 2 );\">\n<div class=\"fusion-layout-column fusion_builder_column fusion-builder-column-8 fusion_builder_column_1_1 1_1 fusion-flex-column\" style=\"--awb-bg-size: cover; --awb-width-large: 100%; --awb-margin-top-large: 0px; --awb-spacing-right-large: 1.92%; --awb-margin-bottom-large: 0px; --awb-spacing-left-large: 1.92%; --awb-width-medium: 100%; --awb-order-medium: 0; --awb-spacing-right-medium: 1.92%; --awb-spacing-left-medium: 1.92%; --awb-width-small: 100%; --awb-order-small: 0; --awb-spacing-right-small: 1.92%; --awb-spacing-left-small: 1.92%;\">\n<div class=\"fusion-column-wrapper fusion-column-has-shadow fusion-flex-justify-content-flex-start fusion-content-layout-column\">\n<div class=\"fusion-content-tb fusion-content-tb-1\">\n<div class=\"fusion-title title fusion-title-4 fusion-sep-none fusion-title-text fusion-title-size-two\" style=\"--awb-margin-bottom: 10px;\">\n<h2 class=\"fusion-title-heading title-heading-left\" style=\"margin: 0px; text-align: left;\">Sie haben:<\/h2>\n<\/div>\n<\/div>\n<\/div>\n<\/div>\n<\/div>\n<\/div>\n<\/div>\n<\/div>\n<\/section>\n<p>[\/et_pb_text][et_pb_text _builder_version=\"4.27.0&#8243; _module_preset=\"default\" hover_enabled=\"0&#8243; global_colors_info=\"{}\" sticky_enabled=\"0&#8243;]<\/p>\n<ul>\n<li>etwa 3-5 Jahre Erfahrung in den Bereichen Fertigung, Lieferkettenmanagement, Lieferantenmanagement und\/oder Technologie &amp; Innovation<\/li>\n<li>Erfahrung in der Unterst\u00fctzung komplexer strategischer Prozesse in der Fertigungsindustrie<\/li>\n<li>umfangreiche Erfahrung mit Datenanalyse, Berichterstattung und Datenvisualisierung und es ist von Vorteil, wenn Sie Erfahrung mit Datenmodellierung und Algorithmen (Data Science) haben<\/li>\n<li>vielleicht haben Sie bereits Erfahrung in der Beratung oder Sie haben Ambitionen, Ihre Beratungskompetenz auszubauen<\/li>\n<li>\n<div>Hochschulabschluss; vorzugsweise (technische) Betriebswirtschaftslehre, Maschinenbau oder andere relevante (technische) Studieng\u00e4nge<\/div>\n<\/li>\n<li style=\"list-style-type: none;\">\n<\/li>\n<\/ul>\n<p>[\/et_pb_text][\/et_pb_column][et_pb_column type=\"1_2&#8243; _builder_version=\"4.24.2&#8243; _module_preset=\"default\" pac_dcm_carousel_specific_module_num=\"0&#8243; global_colors_info=\"{}\"][et_pb_text _builder_version=\"4.25.2&#8243; _module_preset=\"default\" global_colors_info=\"{}\"]<\/p>\n<section id=\"content\" style=\"width: 100%;\">\n<div id=\"post-3582\" class=\"post-3582 cpt_vacatures type-cpt_vacatures status-publish has-post-thumbnail hentry\">\n<div class=\"post-content\">\n<div class=\"fusion-fullwidth fullwidth-box fusion-builder-row-7 fusion-flex-container nonhundred-percent-fullwidth non-hundred-percent-height-scrolling\" style=\"--awb-border-radius-top-left: 0px; --awb-border-radius-top-right: 0px; --awb-border-radius-bottom-right: 0px; --awb-border-radius-bottom-left: 0px; --awb-flex-wrap: wrap;\">\n<div class=\"fusion-builder-row fusion-row fusion-flex-align-items-flex-start fusion-flex-content-wrap\" style=\"max-width: 1248px; margin-left: calc(-4% \/ 2 ); margin-right: calc(-4% \/ 2 );\">\n<div class=\"fusion-layout-column fusion_builder_column fusion-builder-column-8 fusion_builder_column_1_1 1_1 fusion-flex-column\" style=\"--awb-bg-size: cover; --awb-width-large: 100%; --awb-margin-top-large: 0px; --awb-spacing-right-large: 1.92%; --awb-margin-bottom-large: 0px; --awb-spacing-left-large: 1.92%; --awb-width-medium: 100%; --awb-order-medium: 0; --awb-spacing-right-medium: 1.92%; --awb-spacing-left-medium: 1.92%; --awb-width-small: 100%; --awb-order-small: 0; --awb-spacing-right-small: 1.92%; --awb-spacing-left-small: 1.92%;\">\n<div class=\"fusion-column-wrapper fusion-column-has-shadow fusion-flex-justify-content-flex-start fusion-content-layout-column\">\n<div class=\"fusion-content-tb fusion-content-tb-1\">\n<div class=\"fusion-title title fusion-title-4 fusion-sep-none fusion-title-text fusion-title-size-two\" style=\"--awb-margin-bottom: 10px;\">\n<h2 class=\"fusion-title-heading title-heading-left\" style=\"margin: 0px; text-align: left;\">Ihr Charakter:<\/h2>\n<\/div>\n<\/div>\n<\/div>\n<\/div>\n<\/div>\n<\/div>\n<\/div>\n<\/div>\n<\/section>\n<p>[\/et_pb_text][et_pb_text _builder_version=\"4.27.0&#8243; _module_preset=\"default\" hover_enabled=\"0&#8243; global_colors_info=\"{}\" sticky_enabled=\"0&#8243;]<\/p>\n<ul>\n<li>Sie sind neugierig, engagiert und ergebnisorientiert<\/li>\n<li>Sie sind analytisch stark<\/li>\n<li>Sie k\u00f6nnen gut mit Widerstand umgehen<\/li>\n<li>Sie genie\u00dfen es, Teil eines eng verbundenen und engagierten Teams zu sein<\/li>\n<\/ul>\n<p>[\/et_pb_text][\/et_pb_column][\/et_pb_row][\/et_pb_section][et_pb_section fb_built=\"1&#8243; _builder_version=\"4.25.0&#8243; _module_preset=\"default\" use_background_color_gradient=\"on\" background_color_gradient_direction=\"90deg\" background_color_gradient_stops=\"#28367b 0%|#006fb9 100%\" global_colors_info=\"{}\"][et_pb_row _builder_version=\"4.24.3&#8243; _module_preset=\"default\" global_colors_info=\"{}\"][et_pb_column type=\"4_4&#8243; _builder_version=\"4.24.3&#8243; _module_preset=\"default\" pac_dcm_carousel_specific_module_num=\"0&#8243; global_colors_info=\"{}\"][et_pb_text _builder_version=\"4.25.2&#8243; _module_preset=\"default\" background_layout=\"dark\" global_colors_info=\"{}\"]<\/p>\n<p style=\"font-weight: 400;\">Sie k\u00f6nnen auf ein enges Team von Kollegen z\u00e4hlen, die f\u00fcreinander da sind und ihr Wissen und ihre Erfahrungen teilen. Es herrscht eine offene Kultur mit viel Raum f\u00fcr Unternehmertum und Selbstentfaltung. Wir bieten ein lehrreiches Arbeitsumfeld mit ausgezeichneten Karrierem\u00f6glichkeiten und einem wettbewerbsf\u00e4higen Leistungspaket, einschlie\u00dflich eines Leasingfahrzeugs. Ein Jahresgehalt zwischen \u20ac55.000 und \u20ac70.000 brutto einschlie\u00dflich Urlaubsgeld und einem variablen Bonus. Nat\u00fcrlich k\u00f6nnen Sie sich innerhalb von Gwynt bis zu einer leitenden Position weiterentwickeln.     <\/p>\n<p style=\"font-weight: 400;\">Auch unsere Mitarbeiter sind eng in die weitere Entwicklung und das Wachstum von Gwynt eingebunden. Gemeinsam bestimmen wir Ihre Zukunft bei Gwynt: Wollen Sie sich als Fertigungsexperte weiterentwickeln oder entscheiden Sie sich daf\u00fcr, Ihre Beratungskompetenz zu erweitern? Alles ist m\u00f6glich!  <\/p>\n<p>[\/et_pb_text][\/et_pb_column][\/et_pb_row][\/et_pb_section][et_pb_section fb_built=\"1&#8243; _builder_version=\"4.24.3&#8243; _module_preset=\"default\" background_color=\"RGBA(255,255,255,0)\" global_colors_info=\"{}\"][et_pb_row column_structure=\"1_4,3_4&#8243; _builder_version=\"4.24.2&#8243; _module_preset=\"default\" global_colors_info=\"{}\"][et_pb_column type=\"1_4&#8243; _builder_version=\"4.24.2&#8243; _module_preset=\"default\" pac_dcm_carousel_specific_module_num=\"0&#8243; global_colors_info=\"{}\"][et_pb_image src=\"https:\/\/www.gwynt.eu\/wp-content\/uploads\/2022-Gwynt-Joost-Aarts.jpg\" title_text=\"2022-Gwynt-Joost-Aarts\" _builder_version=\"4.25.0&#8243; _module_preset=\"default\" global_colors_info=\"{}\"][\/et_pb_image][\/et_pb_column][et_pb_column type=\"3_4&#8243; _builder_version=\"4.24.2&#8243; _module_preset=\"default\" pac_dcm_carousel_specific_module_num=\"0&#8243; global_colors_info=\"{}\"][et_pb_text _builder_version=\"4.25.2&#8243; _module_preset=\"default\" global_colors_info=\"{}\"]<\/p>\n<h3 class=\"fusion-title-heading title-heading-left\" style=\"margin: 0;\">Haben Sie auch Einfluss auf unternehmerische Unternehmen?<\/h3>\n<p>M\u00f6chten Sie mehr \u00fcber Gwynt oder die Stelle erfahren? Kontaktieren Sie <a href=\"https:\/\/www.gwynt.eu\/team\/joost-aarts\/\">Joost Aarts<\/a> unter + 31 (0)6 13 584 561. <\/p>\n<p>Erkennen Sie sich in dem obigen Profil wieder und sind Sie bereit f\u00fcr eine (neue) Herausforderung?<\/p>\n<p>&nbsp;<\/p>\n<a href=\"javascript:void(0)\" class=\"hustle_module_shortcode_trigger hustle_module_1 \" data-id=\"1\" data-type=\"popup\">Bewerben Sie sich sofort!<\/a>\n<p>[\/et_pb_text][\/et_pb_column][\/et_pb_row][\/et_pb_section]<\/p>\n","protected":false},"excerpt":{"rendered":"<p>Medior Business Associate Fertigung Gwynt ist die Beratungsfirma f\u00fcr gr\u00f6\u00dfere unternehmerische (Familien-)Betriebe im Einzelhandel, Gro\u00dfhandel, in der Lebensmittelindustrie und in der Fertigung. Wir sind der strategische Sparringspartner, wenn es um den Durchbruch geht. Die Kombination aus harten (Strategie, Prozesse, Inhalte, Projektmanagement) und weichen Faktoren (Verhalten, Management, Change Management) macht uns einzigartig. Unser Ansatz ist pragmatisch [&hellip;]<\/p>\n","protected":false},"author":1,"featured_media":0,"parent":0,"menu_order":0,"comment_status":"closed","ping_status":"closed","template":"","meta":{"_et_pb_use_builder":"on","_et_pb_old_content":"","_et_gb_content_width":"","content-type":"","inline_featured_image":false,"footnotes":""},"class_list":["post-246806","page","type-page","status-publish","hentry"],"yoast_head":"<!-- This site is optimized with the Yoast SEO plugin v26.7 - https:\/\/yoast.com\/wordpress\/plugins\/seo\/ -->\n<title>Medior Business Associate Fertigung - Gwynt<\/title>\n<meta name=\"robots\" content=\"index, follow, max-snippet:-1, max-image-preview:large, max-video-preview:-1\" \/>\n<link rel=\"canonical\" href=\"https:\/\/www.gwynt.eu\/de\/medior-business-associate-fertigung\/\" \/>\n<meta property=\"og:locale\" content=\"de_DE\" \/>\n<meta property=\"og:type\" content=\"article\" \/>\n<meta property=\"og:title\" content=\"Medior Business Associate Fertigung - Gwynt\" \/>\n<meta property=\"og:description\" content=\"Medior Business Associate Fertigung Gwynt ist die Beratungsfirma f\u00fcr gr\u00f6\u00dfere unternehmerische (Familien-)Betriebe im Einzelhandel, Gro\u00dfhandel, in der Lebensmittelindustrie und in der Fertigung. Wir sind der strategische Sparringspartner, wenn es um den Durchbruch geht. Die Kombination aus harten (Strategie, Prozesse, Inhalte, Projektmanagement) und weichen Faktoren (Verhalten, Management, Change Management) macht uns einzigartig. Unser Ansatz ist pragmatisch [&hellip;]\" \/>\n<meta property=\"og:url\" content=\"https:\/\/www.gwynt.eu\/de\/medior-business-associate-fertigung\/\" \/>\n<meta property=\"og:site_name\" content=\"Gwynt\" \/>\n<meta property=\"article:modified_time\" content=\"2025-08-05T14:17:51+00:00\" \/>\n<meta name=\"twitter:card\" content=\"summary_large_image\" \/>\n<meta name=\"twitter:label1\" content=\"Gesch\u00e4tzte Lesezeit\" \/>\n\t<meta name=\"twitter:data1\" content=\"7\u00a0Minute\" \/>\n<script type=\"application\/ld+json\" class=\"yoast-schema-graph\">{\"@context\":\"https:\/\/schema.org\",\"@graph\":[{\"@type\":\"WebPage\",\"@id\":\"https:\/\/www.gwynt.eu\/de\/medior-business-associate-fertigung\/\",\"url\":\"https:\/\/www.gwynt.eu\/de\/medior-business-associate-fertigung\/\",\"name\":\"Medior Business Associate Fertigung - Gwynt\",\"isPartOf\":{\"@id\":\"https:\/\/www.gwynt.eu\/de\/#website\"},\"datePublished\":\"2024-09-12T09:34:04+00:00\",\"dateModified\":\"2025-08-05T14:17:51+00:00\",\"breadcrumb\":{\"@id\":\"https:\/\/www.gwynt.eu\/de\/medior-business-associate-fertigung\/#breadcrumb\"},\"inLanguage\":\"de\",\"potentialAction\":[{\"@type\":\"ReadAction\",\"target\":[\"https:\/\/www.gwynt.eu\/de\/medior-business-associate-fertigung\/\"]}]},{\"@type\":\"BreadcrumbList\",\"@id\":\"https:\/\/www.gwynt.eu\/de\/medior-business-associate-fertigung\/#breadcrumb\",\"itemListElement\":[{\"@type\":\"ListItem\",\"position\":1,\"name\":\"Startseite\",\"item\":\"https:\/\/www.gwynt.eu\/de\/saubere-homepage\/\"},{\"@type\":\"ListItem\",\"position\":2,\"name\":\"Medior Business Associate Fertigung\"}]},{\"@type\":\"WebSite\",\"@id\":\"https:\/\/www.gwynt.eu\/de\/#website\",\"url\":\"https:\/\/www.gwynt.eu\/de\/\",\"name\":\"Gwynt\",\"description\":\"Echte doorbraken bereik je samen\",\"publisher\":{\"@id\":\"https:\/\/www.gwynt.eu\/de\/#organization\"},\"potentialAction\":[{\"@type\":\"SearchAction\",\"target\":{\"@type\":\"EntryPoint\",\"urlTemplate\":\"https:\/\/www.gwynt.eu\/de\/?s={search_term_string}\"},\"query-input\":{\"@type\":\"PropertyValueSpecification\",\"valueRequired\":true,\"valueName\":\"search_term_string\"}}],\"inLanguage\":\"de\"},{\"@type\":\"Organization\",\"@id\":\"https:\/\/www.gwynt.eu\/de\/#organization\",\"name\":\"Gwynt\",\"url\":\"https:\/\/www.gwynt.eu\/de\/\",\"logo\":{\"@type\":\"ImageObject\",\"inLanguage\":\"de\",\"@id\":\"https:\/\/www.gwynt.eu\/de\/#\/schema\/logo\/image\/\",\"url\":\"https:\/\/www.gwynt.eu\/wp-content\/uploads\/GWYNT_LOGO_RGB.png\",\"contentUrl\":\"https:\/\/www.gwynt.eu\/wp-content\/uploads\/GWYNT_LOGO_RGB.png\",\"width\":363,\"height\":431,\"caption\":\"Gwynt\"},\"image\":{\"@id\":\"https:\/\/www.gwynt.eu\/de\/#\/schema\/logo\/image\/\"},\"sameAs\":[\"https:\/\/www.linkedin.com\/company\/gwynt\/mycompany\/\"]}]}<\/script>\n<!-- \/ Yoast SEO plugin. -->","yoast_head_json":{"title":"Medior Business Associate Fertigung - Gwynt","robots":{"index":"index","follow":"follow","max-snippet":"max-snippet:-1","max-image-preview":"max-image-preview:large","max-video-preview":"max-video-preview:-1"},"canonical":"https:\/\/www.gwynt.eu\/de\/medior-business-associate-fertigung\/","og_locale":"de_DE","og_type":"article","og_title":"Medior Business Associate Fertigung - Gwynt","og_description":"Medior Business Associate Fertigung Gwynt ist die Beratungsfirma f\u00fcr gr\u00f6\u00dfere unternehmerische (Familien-)Betriebe im Einzelhandel, Gro\u00dfhandel, in der Lebensmittelindustrie und in der Fertigung. Wir sind der strategische Sparringspartner, wenn es um den Durchbruch geht. Die Kombination aus harten (Strategie, Prozesse, Inhalte, Projektmanagement) und weichen Faktoren (Verhalten, Management, Change Management) macht uns einzigartig. Unser Ansatz ist pragmatisch [&hellip;]","og_url":"https:\/\/www.gwynt.eu\/de\/medior-business-associate-fertigung\/","og_site_name":"Gwynt","article_modified_time":"2025-08-05T14:17:51+00:00","twitter_card":"summary_large_image","twitter_misc":{"Gesch\u00e4tzte Lesezeit":"7\u00a0Minute"},"schema":{"@context":"https:\/\/schema.org","@graph":[{"@type":"WebPage","@id":"https:\/\/www.gwynt.eu\/de\/medior-business-associate-fertigung\/","url":"https:\/\/www.gwynt.eu\/de\/medior-business-associate-fertigung\/","name":"Medior Business Associate Fertigung - Gwynt","isPartOf":{"@id":"https:\/\/www.gwynt.eu\/de\/#website"},"datePublished":"2024-09-12T09:34:04+00:00","dateModified":"2025-08-05T14:17:51+00:00","breadcrumb":{"@id":"https:\/\/www.gwynt.eu\/de\/medior-business-associate-fertigung\/#breadcrumb"},"inLanguage":"de","potentialAction":[{"@type":"ReadAction","target":["https:\/\/www.gwynt.eu\/de\/medior-business-associate-fertigung\/"]}]},{"@type":"BreadcrumbList","@id":"https:\/\/www.gwynt.eu\/de\/medior-business-associate-fertigung\/#breadcrumb","itemListElement":[{"@type":"ListItem","position":1,"name":"Startseite","item":"https:\/\/www.gwynt.eu\/de\/saubere-homepage\/"},{"@type":"ListItem","position":2,"name":"Medior Business Associate Fertigung"}]},{"@type":"WebSite","@id":"https:\/\/www.gwynt.eu\/de\/#website","url":"https:\/\/www.gwynt.eu\/de\/","name":"Gwynt","description":"Echte doorbraken bereik je samen","publisher":{"@id":"https:\/\/www.gwynt.eu\/de\/#organization"},"potentialAction":[{"@type":"SearchAction","target":{"@type":"EntryPoint","urlTemplate":"https:\/\/www.gwynt.eu\/de\/?s={search_term_string}"},"query-input":{"@type":"PropertyValueSpecification","valueRequired":true,"valueName":"search_term_string"}}],"inLanguage":"de"},{"@type":"Organization","@id":"https:\/\/www.gwynt.eu\/de\/#organization","name":"Gwynt","url":"https:\/\/www.gwynt.eu\/de\/","logo":{"@type":"ImageObject","inLanguage":"de","@id":"https:\/\/www.gwynt.eu\/de\/#\/schema\/logo\/image\/","url":"https:\/\/www.gwynt.eu\/wp-content\/uploads\/GWYNT_LOGO_RGB.png","contentUrl":"https:\/\/www.gwynt.eu\/wp-content\/uploads\/GWYNT_LOGO_RGB.png","width":363,"height":431,"caption":"Gwynt"},"image":{"@id":"https:\/\/www.gwynt.eu\/de\/#\/schema\/logo\/image\/"},"sameAs":["https:\/\/www.linkedin.com\/company\/gwynt\/mycompany\/"]}]}},"_links":{"self":[{"href":"https:\/\/www.gwynt.eu\/de\/wp-json\/wp\/v2\/pages\/246806","targetHints":{"allow":["GET"]}}],"collection":[{"href":"https:\/\/www.gwynt.eu\/de\/wp-json\/wp\/v2\/pages"}],"about":[{"href":"https:\/\/www.gwynt.eu\/de\/wp-json\/wp\/v2\/types\/page"}],"author":[{"embeddable":true,"href":"https:\/\/www.gwynt.eu\/de\/wp-json\/wp\/v2\/users\/1"}],"replies":[{"embeddable":true,"href":"https:\/\/www.gwynt.eu\/de\/wp-json\/wp\/v2\/comments?post=246806"}],"version-history":[{"count":2,"href":"https:\/\/www.gwynt.eu\/de\/wp-json\/wp\/v2\/pages\/246806\/revisions"}],"predecessor-version":[{"id":246808,"href":"https:\/\/www.gwynt.eu\/de\/wp-json\/wp\/v2\/pages\/246806\/revisions\/246808"}],"wp:attachment":[{"href":"https:\/\/www.gwynt.eu\/de\/wp-json\/wp\/v2\/media?parent=246806"}],"curies":[{"name":"wp","href":"https:\/\/api.w.org\/{rel}","templated":true}]}}