{"id":246802,"date":"2024-04-10T09:27:24","date_gmt":"2024-04-10T09:27:24","guid":{"rendered":"https:\/\/www.gwynt.eu\/erklaerung-zum-datenschutz\/"},"modified":"2025-08-05T14:17:37","modified_gmt":"2025-08-05T14:17:37","slug":"erklaerung-zum-datenschutz","status":"publish","type":"page","link":"https:\/\/www.gwynt.eu\/de\/erklaerung-zum-datenschutz\/","title":{"rendered":"Erkl\u00e4rung zum Datenschutz"},"content":{"rendered":"<p>[et_pb_section fb_built=&#8220;1&#8243; _builder_version=&#8220;4.24.2&#8243; _module_preset=&#8220;default&#8220; use_background_color_gradient=&#8220;on&#8220; background_color_gradient_direction=&#8220;90deg&#8220; background_color_gradient_stops=&#8220;#28367b 0%|#006fb9 99%&#8220; global_colors_info=&#8220;{}&#8220;][et_pb_row _builder_version=&#8220;4.24.2&#8243; _module_preset=&#8220;default&#8220; global_colors_info=&#8220;{}&#8220;][et_pb_column type=&#8220;4_4&#8243; _builder_version=&#8220;4.24.2&#8243; _module_preset=&#8220;default&#8220; pac_dcm_carousel_specific_module_num=&#8220;0&#8243; global_colors_info=&#8220;{}&#8220;][et_pb_text _builder_version=&#8220;4.24.2&#8243; _module_preset=&#8220;default&#8220; background_layout=&#8220;dark&#8220; global_colors_info=&#8220;{}&#8220;]<\/p>\n<h1>Erkl\u00e4rung zum Datenschutz<\/h1>\n<h2><o:p><\/o:p><o:p><\/o:p><\/h2>\n<p>[\/et_pb_text][\/et_pb_column][\/et_pb_row][\/et_pb_section][et_pb_section fb_built=&#8220;1&#8243; _builder_version=&#8220;4.24.2&#8243; _module_preset=&#8220;default&#8220; global_colors_info=&#8220;{}&#8220;][et_pb_row _builder_version=&#8220;4.24.2&#8243; _module_preset=&#8220;default&#8220; global_colors_info=&#8220;{}&#8220;][et_pb_column type=&#8220;4_4&#8243; _builder_version=&#8220;4.24.2&#8243; _module_preset=&#8220;default&#8220; pac_dcm_carousel_specific_module_num=&#8220;0&#8243; global_colors_info=&#8220;{}&#8220;][et_pb_text _builder_version=&#8220;4.24.3&#8243; _module_preset=&#8220;default&#8220; hover_enabled=&#8220;0&#8243; global_colors_info=&#8220;{}&#8220; sticky_enabled=&#8220;0&#8243;]<\/p>\n<p>Diese Datenschutzerkl\u00e4rung gilt f\u00fcr die Website www.gwynt.eu, die von Gwynt BV mit Sitz in Esch, eingetragen bei der Handelskammer unter der Nummer 17205501, betrieben wird.<\/p>\n<p>Wir sind gesetzlich verpflichtet, Sie dar\u00fcber zu informieren, welche pers\u00f6nlichen Daten Gwynt durch die Nutzung dieser Website erhebt und verarbeitet und f\u00fcr welche Zwecke wir diese Daten verwenden. Wir sind auch verpflichtet, Sie als Besucher \u00fcber unsere Cookie-Richtlinie zu informieren. <\/p>\n<h3>Datenschutzbestimmungen<\/h3>\n<p>Gwynt respektiert die Privatsph\u00e4re aller Besucher seiner Website, seiner (potenziellen) Kunden und (potenziellen) Gesch\u00e4ftspartner. Gwynt sammelt und verarbeitet keine personenbezogenen Daten, es sei denn, Sie haben uns diese wissentlich \u00fcber die Website, per E-Mail, m\u00fcndlich oder anderweitig zur Verf\u00fcgung gestellt oder wir erhalten sie \u00fcber die analytischen Cookies, die wir auf Ihrem Ger\u00e4t (anonymisiert) ablegen. Sie k\u00f6nnen unsere Website also anonym besuchen (ohne Gwynt personenbezogene Daten zur Verf\u00fcgung zu stellen).  <\/p>\n<p>Die pers\u00f6nlichen Daten, die Sie Gwynt mitteilen, werden vertraulich behandelt, rechtm\u00e4\u00dfig verarbeitet und ordnungsgem\u00e4\u00df gesichert. Die Daten werden nicht verkauft, gehandelt oder an Parteien weitergegeben, die nichts mit den Dienstleistungen von Gwynt zu tun haben. Die Verarbeitung personenbezogener Daten erfolgt in \u00dcbereinstimmung mit den Anforderungen der Allgemeinen Datenschutzverordnung (in Kraft getreten am 25. Mai 2018).  <\/p>\n<h3>Verwendung von pers\u00f6nlichen Daten<\/h3>\n<p>Gwynt verarbeitet nur personenbezogene Daten, die Sie uns selbst zur Verf\u00fcgung stellen oder die von uns durch die von uns platzierten analytischen Cookies gesammelt werden. Wenn Sie mit Gwynt Kontakt aufnehmen, speichert Gwynt die von Ihnen angegebenen Daten. <\/p>\n<p>Wir verwenden Ihre Daten f\u00fcr die folgenden Zwecke:<\/p>\n<ul>\n<li>Einen Newsletter verschicken<\/li>\n<li>Um Sie als Antwort auf eine Anfrage oder Kontaktanfrage zu kontaktieren<\/li>\n<li>Um Sie \u00fcber \u00c4nderungen an unseren Dienstleistungen zu informieren<\/li>\n<li>Um Sie \u00fcber Treffen und Veranstaltungen zu informieren<\/li>\n<li>Um eine Vereinbarung\/Dienstleistung zu erf\u00fcllen<\/li>\n<\/ul>\n<p>Wir verarbeiten die personenbezogenen Daten, die Sie uns zur Verf\u00fcgung stellen, nicht f\u00fcr andere Zwecke als die in dieser Datenschutzerkl\u00e4rung genannten. Gwynt wird Ihre Daten nicht l\u00e4nger aufbewahren, als es unbedingt notwendig ist, um die Zwecke, f\u00fcr die die Daten verarbeitet werden, zu erreichen. <\/p>\n<h3>Newsletter<\/h3>\n<p>Um Ihnen unseren regelm\u00e4\u00dfigen Newsletter zuzusenden, bitten wir Sie, einige Angaben zu machen. Die von Ihnen angegebenen pers\u00f6nlichen Daten (Name, Organisation und E-Mail-Adresse) werden nach Ihrer Zustimmung in unsere Mailingliste bei Mailchimp (mit Sitz in Atlanta, USA) aufgenommen. Wir haben mit Mailchimp ein &#8218;Customer EU Data Processing Addendum&#8216; abgeschlossen, in dem Mailchimp erkl\u00e4rt, die geltenden europ\u00e4ischen Datenschutzgesetze (AVG) einzuhalten. Mailchimp behandelt die pers\u00f6nlichen Daten in der Mailingliste vertraulich. Weitere Informationen \u00fcber die Cookies von Mailchimp finden Sie in der Datenschutzrichtlinie von Mailchimp.    <\/p>\n<p>Sie k\u00f6nnen sich jederzeit aus unserer Mailingliste austragen. In der Fu\u00dfzeile unseres Newsletters finden Sie immer einen Link zum Abbestellen und einen Link zu Ihrem Profil, wo Sie Ihre pers\u00f6nlichen Daten einsehen, aktualisieren, \u00e4ndern und l\u00f6schen k\u00f6nnen. Im Prinzip speichert Gwynt Ihre pers\u00f6nlichen Daten in der oben genannten Mailingliste, solange wir Newsletter versenden.  <\/p>\n<h3>Dritte Parteien<\/h3>\n<p>Gwynt gibt personenbezogene Daten nur unter sehr strengen Bedingungen an Dritte weiter. Wir geben Ihre personenbezogenen Daten nur an Dritte weiter, die die Daten in unserem Auftrag verarbeiten. Mit diesen Dritten schlie\u00dfen wir eine Verarbeitungsvereinbarung ab, die der aktuellen Gesetzgebung (AVG) entspricht. Dar\u00fcber hinaus geben wir personenbezogene Daten nur dann an Dritte weiter, wenn dies im Rahmen der Erf\u00fcllung eines Vertrags zwischen Ihnen und Gwynt erforderlich ist oder wenn Gwynt gesetzlich dazu verpflichtet ist.   <\/p>\n<h3>Sicherheit<\/h3>\n<p>Gwynt hat angemessene technische und organisatorische Ma\u00dfnahmen ergriffen, um den Verlust oder die unrechtm\u00e4\u00dfige Verarbeitung von personenbezogenen Daten zu verhindern. Wir streben daher ein angemessenes Sicherheitsniveau an. Nur autorisierte Mitarbeiter \/ Dritte haben Zugang zu Ihren pers\u00f6nlichen Daten.  <\/p>\n<p>Gwynt schlie\u00dft Verarbeitungsvertr\u00e4ge mit Dritten ab, die Ihre personenbezogenen Daten in unserem Auftrag verarbeiten.<\/p>\n<h3>Cookie-Richtlinie<\/h3>\n<p>Auf dieser Website verwenden wir in begrenztem Umfang Cookies. Dabei handelt es sich um funktionale, analytische und Tracking-Cookies. <\/p>\n<h3>Ihre Rechte<\/h3>\n<p>Gwynt erm\u00f6glicht Ihnen den Zugang zu Ihren pers\u00f6nlichen Daten, nachdem Ihre Identit\u00e4t \u00fcberpr\u00fcft wurde. Sie k\u00f6nnen bei uns einen Antrag auf Einsicht, Berichtigung oder L\u00f6schung Ihrer personenbezogenen Daten stellen. Im letzteren Fall wird sich Gwynt bem\u00fchen, Ihrer Bitte nachzukommen, es sei denn, die personenbezogenen Daten m\u00fcssen aufgrund gesetzlicher Vorschriften oder f\u00fcr legitime Gesch\u00e4ftszwecke aufbewahrt werden.  <\/p>\n<p>Sie haben auch das Recht, Ihre Zustimmung zur Verarbeitung Ihrer personenbezogenen Daten zur\u00fcckzuziehen oder zu widerrufen. In einigen F\u00e4llen haben Sie auch das Recht auf Daten\u00fcbertragbarkeit. Das bedeutet, dass Ihre personenbezogenen Daten an Sie oder an einen von Ihnen bestimmten Dritten \u00fcbertragen werden k\u00f6nnen.  <\/p>\n<p>Sie k\u00f6nnen uns per E-Mail einen Antrag auf Zugriff, Berichtigung, L\u00f6schung oder \u00dcbertragung Ihrer personenbezogenen Daten, einen Antrag auf Widerruf Ihrer Einwilligung oder einen Widerspruch gegen die Verarbeitung Ihrer personenbezogenen Daten senden. Bevor wir Ihrem Antrag nachkommen k\u00f6nnen, m\u00fcssen wir Ihre Identit\u00e4t \u00fcberpr\u00fcfen. Wir bitten Sie daher, eine Kopie eines g\u00fcltigen Ausweises an die E-Mail anzuh\u00e4ngen. In dieser Kopie maskieren Sie bitte Ihr Passfoto und schw\u00e4rzen die Passnummer, Ihre BSN und den Zahlenstreifen am unteren Rand (dieser enth\u00e4lt auch Ihre BSN). Diese Angaben sind datenschutzrelevant und Sie m\u00fcssen sie nicht an uns weitergeben. Wir werden Ihre Anfrage so schnell wie m\u00f6glich, sp\u00e4testens jedoch innerhalb von vier Wochen, beantworten.     <\/p>\n<p>Nat\u00fcrlich k\u00f6nnen Sie uns auch anrufen oder eine E-Mail schreiben, wenn Sie mit unserem Umgang mit Ihren pers\u00f6nlichen Daten nicht zufrieden sind. Sie haben auch die M\u00f6glichkeit, eine Beschwerde bei der Aufsichtsbeh\u00f6rde, der Personal Data Authority, einzureichen. <\/p>\n<h3>\u00c4nderungen<\/h3>\n<p>Die Bedingungen in dieser Datenschutzerkl\u00e4rung k\u00f6nnen unangek\u00fcndigt ge\u00e4ndert werden. \u00c4nderungen werden wirksam, sobald sie auf dieser Seite ver\u00f6ffentlicht werden. Wir empfehlen Ihnen daher, diese Erkl\u00e4rung regelm\u00e4\u00dfig zu \u00fcberpr\u00fcfen.  <\/p>\n<h3>Kontakt aufnehmen<\/h3>\n<p>Wenn Sie Fragen, Beschwerden oder W\u00fcnsche haben, kontaktieren Sie uns bitte unter der Telefonnummer +31 (0)411 602 778 und der E-Mail-Adresse info@gwynt.eu.<\/p>\n<p>[\/et_pb_text][\/et_pb_column][\/et_pb_row][\/et_pb_section]<\/p>\n","protected":false},"excerpt":{"rendered":"<p>Erkl\u00e4rung zum Datenschutz Diese Datenschutzerkl\u00e4rung gilt f\u00fcr die Website www.gwynt.eu, die von Gwynt BV mit Sitz in Esch, eingetragen bei der Handelskammer unter der Nummer 17205501, betrieben wird. Wir sind gesetzlich verpflichtet, Sie dar\u00fcber zu informieren, welche pers\u00f6nlichen Daten Gwynt durch die Nutzung dieser Website erhebt und verarbeitet und f\u00fcr welche Zwecke wir diese Daten [&hellip;]<\/p>\n","protected":false},"author":1,"featured_media":0,"parent":0,"menu_order":0,"comment_status":"closed","ping_status":"closed","template":"","meta":{"_et_pb_use_builder":"on","_et_pb_old_content":"","_et_gb_content_width":"","content-type":"","inline_featured_image":false,"footnotes":""},"class_list":["post-246802","page","type-page","status-publish","hentry"],"yoast_head":"<!-- This site is optimized with the Yoast SEO plugin v26.7 - https:\/\/yoast.com\/wordpress\/plugins\/seo\/ -->\n<title>Erkl\u00e4rung zum Datenschutz - Gwynt<\/title>\n<meta name=\"robots\" content=\"index, follow, max-snippet:-1, max-image-preview:large, max-video-preview:-1\" \/>\n<link rel=\"canonical\" href=\"https:\/\/www.gwynt.eu\/de\/erklaerung-zum-datenschutz\/\" \/>\n<meta property=\"og:locale\" content=\"de_DE\" \/>\n<meta property=\"og:type\" content=\"article\" \/>\n<meta property=\"og:title\" content=\"Erkl\u00e4rung zum Datenschutz - Gwynt\" \/>\n<meta property=\"og:description\" content=\"Erkl\u00e4rung zum Datenschutz Diese Datenschutzerkl\u00e4rung gilt f\u00fcr die Website www.gwynt.eu, die von Gwynt BV mit Sitz in Esch, eingetragen bei der Handelskammer unter der Nummer 17205501, betrieben wird. Wir sind gesetzlich verpflichtet, Sie dar\u00fcber zu informieren, welche pers\u00f6nlichen Daten Gwynt durch die Nutzung dieser Website erhebt und verarbeitet und f\u00fcr welche Zwecke wir diese Daten [&hellip;]\" \/>\n<meta property=\"og:url\" content=\"https:\/\/www.gwynt.eu\/de\/erklaerung-zum-datenschutz\/\" \/>\n<meta property=\"og:site_name\" content=\"Gwynt\" \/>\n<meta property=\"article:modified_time\" content=\"2025-08-05T14:17:37+00:00\" \/>\n<meta name=\"twitter:card\" content=\"summary_large_image\" \/>\n<meta name=\"twitter:label1\" content=\"Gesch\u00e4tzte Lesezeit\" \/>\n\t<meta name=\"twitter:data1\" content=\"6\u00a0Minuten\" \/>\n<script type=\"application\/ld+json\" class=\"yoast-schema-graph\">{\"@context\":\"https:\/\/schema.org\",\"@graph\":[{\"@type\":\"WebPage\",\"@id\":\"https:\/\/www.gwynt.eu\/de\/erklaerung-zum-datenschutz\/\",\"url\":\"https:\/\/www.gwynt.eu\/de\/erklaerung-zum-datenschutz\/\",\"name\":\"Erkl\u00e4rung zum Datenschutz - Gwynt\",\"isPartOf\":{\"@id\":\"https:\/\/www.gwynt.eu\/de\/#website\"},\"datePublished\":\"2024-04-10T09:27:24+00:00\",\"dateModified\":\"2025-08-05T14:17:37+00:00\",\"breadcrumb\":{\"@id\":\"https:\/\/www.gwynt.eu\/de\/erklaerung-zum-datenschutz\/#breadcrumb\"},\"inLanguage\":\"de\",\"potentialAction\":[{\"@type\":\"ReadAction\",\"target\":[\"https:\/\/www.gwynt.eu\/de\/erklaerung-zum-datenschutz\/\"]}]},{\"@type\":\"BreadcrumbList\",\"@id\":\"https:\/\/www.gwynt.eu\/de\/erklaerung-zum-datenschutz\/#breadcrumb\",\"itemListElement\":[{\"@type\":\"ListItem\",\"position\":1,\"name\":\"Startseite\",\"item\":\"https:\/\/www.gwynt.eu\/de\/saubere-homepage\/\"},{\"@type\":\"ListItem\",\"position\":2,\"name\":\"Erkl\u00e4rung zum Datenschutz\"}]},{\"@type\":\"WebSite\",\"@id\":\"https:\/\/www.gwynt.eu\/de\/#website\",\"url\":\"https:\/\/www.gwynt.eu\/de\/\",\"name\":\"Gwynt\",\"description\":\"Echte doorbraken bereik je samen\",\"publisher\":{\"@id\":\"https:\/\/www.gwynt.eu\/de\/#organization\"},\"potentialAction\":[{\"@type\":\"SearchAction\",\"target\":{\"@type\":\"EntryPoint\",\"urlTemplate\":\"https:\/\/www.gwynt.eu\/de\/?s={search_term_string}\"},\"query-input\":{\"@type\":\"PropertyValueSpecification\",\"valueRequired\":true,\"valueName\":\"search_term_string\"}}],\"inLanguage\":\"de\"},{\"@type\":\"Organization\",\"@id\":\"https:\/\/www.gwynt.eu\/de\/#organization\",\"name\":\"Gwynt\",\"url\":\"https:\/\/www.gwynt.eu\/de\/\",\"logo\":{\"@type\":\"ImageObject\",\"inLanguage\":\"de\",\"@id\":\"https:\/\/www.gwynt.eu\/de\/#\/schema\/logo\/image\/\",\"url\":\"https:\/\/www.gwynt.eu\/wp-content\/uploads\/GWYNT_LOGO_RGB.png\",\"contentUrl\":\"https:\/\/www.gwynt.eu\/wp-content\/uploads\/GWYNT_LOGO_RGB.png\",\"width\":363,\"height\":431,\"caption\":\"Gwynt\"},\"image\":{\"@id\":\"https:\/\/www.gwynt.eu\/de\/#\/schema\/logo\/image\/\"},\"sameAs\":[\"https:\/\/www.linkedin.com\/company\/gwynt\/mycompany\/\"]}]}<\/script>\n<!-- \/ Yoast SEO plugin. -->","yoast_head_json":{"title":"Erkl\u00e4rung zum Datenschutz - Gwynt","robots":{"index":"index","follow":"follow","max-snippet":"max-snippet:-1","max-image-preview":"max-image-preview:large","max-video-preview":"max-video-preview:-1"},"canonical":"https:\/\/www.gwynt.eu\/de\/erklaerung-zum-datenschutz\/","og_locale":"de_DE","og_type":"article","og_title":"Erkl\u00e4rung zum Datenschutz - Gwynt","og_description":"Erkl\u00e4rung zum Datenschutz Diese Datenschutzerkl\u00e4rung gilt f\u00fcr die Website www.gwynt.eu, die von Gwynt BV mit Sitz in Esch, eingetragen bei der Handelskammer unter der Nummer 17205501, betrieben wird. Wir sind gesetzlich verpflichtet, Sie dar\u00fcber zu informieren, welche pers\u00f6nlichen Daten Gwynt durch die Nutzung dieser Website erhebt und verarbeitet und f\u00fcr welche Zwecke wir diese Daten [&hellip;]","og_url":"https:\/\/www.gwynt.eu\/de\/erklaerung-zum-datenschutz\/","og_site_name":"Gwynt","article_modified_time":"2025-08-05T14:17:37+00:00","twitter_card":"summary_large_image","twitter_misc":{"Gesch\u00e4tzte Lesezeit":"6\u00a0Minuten"},"schema":{"@context":"https:\/\/schema.org","@graph":[{"@type":"WebPage","@id":"https:\/\/www.gwynt.eu\/de\/erklaerung-zum-datenschutz\/","url":"https:\/\/www.gwynt.eu\/de\/erklaerung-zum-datenschutz\/","name":"Erkl\u00e4rung zum Datenschutz - Gwynt","isPartOf":{"@id":"https:\/\/www.gwynt.eu\/de\/#website"},"datePublished":"2024-04-10T09:27:24+00:00","dateModified":"2025-08-05T14:17:37+00:00","breadcrumb":{"@id":"https:\/\/www.gwynt.eu\/de\/erklaerung-zum-datenschutz\/#breadcrumb"},"inLanguage":"de","potentialAction":[{"@type":"ReadAction","target":["https:\/\/www.gwynt.eu\/de\/erklaerung-zum-datenschutz\/"]}]},{"@type":"BreadcrumbList","@id":"https:\/\/www.gwynt.eu\/de\/erklaerung-zum-datenschutz\/#breadcrumb","itemListElement":[{"@type":"ListItem","position":1,"name":"Startseite","item":"https:\/\/www.gwynt.eu\/de\/saubere-homepage\/"},{"@type":"ListItem","position":2,"name":"Erkl\u00e4rung zum Datenschutz"}]},{"@type":"WebSite","@id":"https:\/\/www.gwynt.eu\/de\/#website","url":"https:\/\/www.gwynt.eu\/de\/","name":"Gwynt","description":"Echte doorbraken bereik je samen","publisher":{"@id":"https:\/\/www.gwynt.eu\/de\/#organization"},"potentialAction":[{"@type":"SearchAction","target":{"@type":"EntryPoint","urlTemplate":"https:\/\/www.gwynt.eu\/de\/?s={search_term_string}"},"query-input":{"@type":"PropertyValueSpecification","valueRequired":true,"valueName":"search_term_string"}}],"inLanguage":"de"},{"@type":"Organization","@id":"https:\/\/www.gwynt.eu\/de\/#organization","name":"Gwynt","url":"https:\/\/www.gwynt.eu\/de\/","logo":{"@type":"ImageObject","inLanguage":"de","@id":"https:\/\/www.gwynt.eu\/de\/#\/schema\/logo\/image\/","url":"https:\/\/www.gwynt.eu\/wp-content\/uploads\/GWYNT_LOGO_RGB.png","contentUrl":"https:\/\/www.gwynt.eu\/wp-content\/uploads\/GWYNT_LOGO_RGB.png","width":363,"height":431,"caption":"Gwynt"},"image":{"@id":"https:\/\/www.gwynt.eu\/de\/#\/schema\/logo\/image\/"},"sameAs":["https:\/\/www.linkedin.com\/company\/gwynt\/mycompany\/"]}]}},"_links":{"self":[{"href":"https:\/\/www.gwynt.eu\/de\/wp-json\/wp\/v2\/pages\/246802","targetHints":{"allow":["GET"]}}],"collection":[{"href":"https:\/\/www.gwynt.eu\/de\/wp-json\/wp\/v2\/pages"}],"about":[{"href":"https:\/\/www.gwynt.eu\/de\/wp-json\/wp\/v2\/types\/page"}],"author":[{"embeddable":true,"href":"https:\/\/www.gwynt.eu\/de\/wp-json\/wp\/v2\/users\/1"}],"replies":[{"embeddable":true,"href":"https:\/\/www.gwynt.eu\/de\/wp-json\/wp\/v2\/comments?post=246802"}],"version-history":[{"count":2,"href":"https:\/\/www.gwynt.eu\/de\/wp-json\/wp\/v2\/pages\/246802\/revisions"}],"predecessor-version":[{"id":246804,"href":"https:\/\/www.gwynt.eu\/de\/wp-json\/wp\/v2\/pages\/246802\/revisions\/246804"}],"wp:attachment":[{"href":"https:\/\/www.gwynt.eu\/de\/wp-json\/wp\/v2\/media?parent=246802"}],"curies":[{"name":"wp","href":"https:\/\/api.w.org\/{rel}","templated":true}]}}